{"id":63,"date":"2025-08-23T06:44:16","date_gmt":"2025-08-23T04:44:16","guid":{"rendered":"https:\/\/alizel.de\/shop\/widerrufsbelehrung\/"},"modified":"2025-09-04T07:22:05","modified_gmt":"2025-09-04T05:22:05","slug":"widerrufsbelehrung","status":"publish","type":"page","link":"https:\/\/alizel.de\/online\/widerrufsbelehrung\/","title":{"rendered":"Widerrufsbelehrung"},"content":{"rendered":"\n<h2 class=\"wp-block-heading\" id=\"widerrufsrecht-fuer-verbraucher\">Widerrufsrecht f\u00fcr Verbraucher<\/h2>\n\n\n\n<p>Verbraucher im Sinne dieser Widerrufsbelehrung ist jede nat\u00fcrliche Person, die ein Rechtsgesch\u00e4ft zu Zwecken abschlie\u00dft, der \u00fcberwiegend weder ihrer gewerblichen noch ihrer selbstst\u00e4ndigen beruflichen T\u00e4tigkeit zugerechnet werden k\u00f6nnen.<\/p>\n\n\n\n<p>Der Verbraucher hat das Recht, binnen vierzehn Tagen ohne Angabe von Gr\u00fcnden geschlossene Vertr\u00e4ge zu widerrufen. Die Widerrufsfrist betr\u00e4gt vierzehn Tage ab dem Tag, an dem der Verbraucher oder ein von ihm benannter Dritter, der nicht der Bef\u00f6rderer ist, die Waren in Besitz genommen haben bzw. hat. Um sein Widerrufsrecht auszu\u00fcben, muss der Verbraucher der ALIZEL, Untere Dorfstra\u00dfe 8, 79843 L\u00f6ffingen mittels einer eindeutigen Erkl\u00e4rung (z.B. ein mit der Post versandter Brief oder \u00fcber diese E-Mail: info@alizel.de) \u00fcber seinen Entschluss, diesen Vertrag zu widerrufen, informieren. Der Verbraucher kann daf\u00fcr das beigef\u00fcgte Muster-Widerrufsformular verwenden, das jedoch nicht vorgeschrieben ist.<\/p>\n\n\n\n<p>Zur Wahrung der Widerrufsfrist reicht es aus, dass der Verbraucher die Mitteilung \u00fcber die Aus\u00fcbung des Widerrufsrechts vor Ablauf der Widerrufsfrist absendet.<\/p>\n\n\n\n<h3 class=\"wp-block-heading\" id=\"folgen-des-widerrufs\">Folgen des Widerrufs<\/h3>\n\n\n\n<p>Wenn der Verbraucher einen Vertrag widerruft, werden alle Zahlungen, die wir von diesem Verbraucher erhalten haben, einschlie\u00dflich der evtl. Lieferkosten (mit Ausnahme der zus\u00e4tzlichen Kosten, die sich daraus ergeben, dass der Verbraucher eine andere Art der Lieferung als die von uns angebotene, g\u00fcnstigste Standardlieferung gew\u00e4hlt hat), unverz\u00fcglich und sp\u00e4testens binnen vierzehn Tagen ab dem Tag erstattet, an dem die Mitteilung \u00fcber den Widerruf dieses Vertrages bei uns eingegangen ist. F\u00fcr diese R\u00fcckzahlung verwenden wir dasselbe Zahlungsmittel, das der Verbraucher bei der urspr\u00fcnglichen Transaktion eingesetzt hat, es sei denn, es wurde ausdr\u00fccklich etwas anderes vereinbart; in keinem Fall werden dem Verbraucher wegen dieser R\u00fcckzahlung Entgelte berechnet. Wir k\u00f6nnen die R\u00fcckzahlung verweigern, bis evtl. Waren wieder zur\u00fcckerstattet wurden oder bis der Verbraucher den Nachweis erbracht hat, dass er die Waren zur\u00fcckgesandt hat, je nachdem, welches der fr\u00fchere Zeitpunkt ist.<\/p>\n\n\n\n<p>Der Verbraucher hat die Waren unverz\u00fcglich und in jedem Fall, sp\u00e4testens binnen vierzehn Tagen ab dem Tag, an dem er und \u00fcber den Widerruf dieses Vertrags unterrichtet, an uns zur\u00fcckzusenden oder zu \u00fcbergeben. Die Frist ist gewahrt, wenn der Verbraucher die Waren vor Ablauf der Frist von vierzehn Tagen absendet. Der Verbraucher tr\u00e4gt die unmittelbaren Kosten der <a href=\"https:\/\/alizel.de\/online\/rueckerstattung_rueckgaben\/\">R\u00fccksendung<\/a> der Waren.<\/p>\n\n\n\n<p>Der Verbraucher muss f\u00fcr einen etwaigen Wertverlust der Waren nur aufkommen, wenn dieser Wertverlust auf einen zur Pr\u00fcfung der Beschaffenheit, Eigenschaften und Funktionsweise der Waren nicht notwendigen Umgang zur\u00fcckzuf\u00fchren ist.<\/p>\n\n\n\n<h3 class=\"wp-block-heading\" id=\"musterwiderrufsformular\">Muster-Widerrufsformular<\/h3>\n\n\n\n<p>Wenn Sie den Vertrag widerrufen wollen, dann f\u00fcllen Sie bitte dieses Formular aus und senden Sie es zur\u00fcck. An: ALIZEL, Untere Dorfstra\u00dfe 8, 79843 L\u00f6ffingen, oder an E-Mail: info@alizel.de<\/p>\n\n\n\n<p>Hiermit widerrufe(n) ich\/wir (*) den von mir\/uns (*) abgeschlossenen Vertrag \u00fcber den Kauf der folgenden Waren (*)\/ die Erbringung der folgenden Dienstleistung (*) ____________________________________________________________<br>Bestellt am (*)\/erhalten am (*) ______________________________<br>Name des\/der Verbraucher(s) ______________________________<br>Anschrift des\/der Verbraucher(s) __________________________________________________<br>Unterschrift des\/der Verbraucher(s) (nur bei Mitteilung auf Papier) ________________________<br>Datum: ________________<br>(*) Unzutreffendes bitte streichen.<\/p>\n\n\n\n<h3 class=\"wp-block-heading\" id=\"ausschluss-des-widerrufsrechtes\">Ausschluss des Widerrufsrechtes<\/h3>\n\n\n\n<p>Das Widerrufsrecht besteht, soweit die Parteien nichts anderes vereinbart haben, nicht bei folgenden Vertr\u00e4gen:<\/p>\n\n\n\n<ol class=\"wp-block-list\">\n<li>Vertr\u00e4ge zur Lieferung von Waren, die nicht vorgefertigt sind und f\u00fcr deren Herstellung eine individuelle Auswahl oder Bestimmung durch den Verbraucher ma\u00dfgeblich ist oder die eindeutig auf die pers\u00f6nlichen Bed\u00fcrfnisse des Verbrauchers zugeschnitten sind,<\/li>\n\n\n\n<li>Vertr\u00e4ge zur Lieferung versiegelter Waren, die aus Gr\u00fcnden des Gesundheitsschutzes oder der Hygiene nicht zur R\u00fcckgabe geeignet sind, wenn ihre Versiegelung nach der Lieferung entfernt wurde,<\/li>\n\n\n\n<li>Vertr\u00e4ge zur Lieferung von Waren, wenn diese nach der Lieferung auf Grund ihrer Beschaffenheit untrennbar mit anderen G\u00fctern vermischt wurden,<\/li>\n\n\n\n<li>Vertr\u00e4ge zur Lieferung von Ton- oder Videoaufnahmen oder Computersoftware in einer versiegelten Packung, wenn die Versiegelung nach der Lieferung entfernt wurde.<\/li>\n<\/ol>\n\n\n\n<h3 class=\"wp-block-heading\" id=\"vorzeitiges-erloeschen-des-widerrufsrechts\">Vorzeitiges Erl\u00f6schen des Widerrufsrechts<\/h3>\n\n\n\n<p>Das Widerrufsrecht erlischt vorzeitig, wenn der Betreiber die vertraglich vereinbarte Dienstleistung vollst\u00e4ndig erbracht hat und mit der Ausf\u00fchrung erst begonnen hat, nachdem der Benutzer (Verbraucher) hierzu seine ausdr\u00fcckliche Zustimmung gegeben hat und best\u00e4tigt hat, dass er wei\u00df, dass das Widerrufsrecht bei vollst\u00e4ndiger Vertragserf\u00fcllung vorzeitig erlischt.<\/p>\n\n\n\n<p>Beim Kauf von digitalen Inhalten erlischt das Widerrufsrecht vorzeitig, wenn der Betreiber mit der Ausf\u00fchrung der Vertragserf\u00fcllung begonnen hat, nachdem der Benutzer (Verbraucher) ausdr\u00fccklich seine Zustimmung erteilt hat, dass der Betreiber mit der Vertragsausf\u00fchrung vor Ablauf der Widerrufsfrist beginnen darf und er die Kenntnis davon hat, dass er dadurch sein Widerrufsrecht verliert.<\/p>\n","protected":false},"excerpt":{"rendered":"<p>Widerrufsrecht f\u00fcr Verbraucher Verbraucher im Sinne dieser Widerrufsbelehrung ist jede nat\u00fcrliche Person, die ein Rechtsgesch\u00e4ft zu Zwecken abschlie\u00dft, der \u00fcberwiegend weder ihrer gewerblichen noch ihrer selbstst\u00e4ndigen beruflichen T\u00e4tigkeit zugerechnet werden k\u00f6nnen. Der Verbraucher hat das Recht, binnen vierzehn Tagen ohne Angabe von Gr\u00fcnden geschlossene Vertr\u00e4ge zu widerrufen. Die Widerrufsfrist betr\u00e4gt vierzehn Tage ab dem Tag,&#8230;<\/p>\n","protected":false},"author":1,"featured_media":0,"parent":0,"menu_order":0,"comment_status":"closed","ping_status":"closed","template":"","meta":{"_kad_blocks_custom_css":"","_kad_blocks_head_custom_js":"","_kad_blocks_body_custom_js":"","_kad_blocks_footer_custom_js":"","_kad_post_transparent":"","_kad_post_title":"","_kad_post_layout":"left","_kad_post_sidebar_id":"sidebar-secondary","_kad_post_content_style":"","_kad_post_vertical_padding":"show","_kad_post_feature":"","_kad_post_feature_position":"","_kad_post_header":false,"_kad_post_footer":false,"_kad_post_classname":"","footnotes":""},"class_list":["post-63","page","type-page","status-publish","hentry"],"yoast_head":"<!-- This site is optimized with the Yoast SEO plugin v27.4 - https:\/\/yoast.com\/product\/yoast-seo-wordpress\/ -->\n<title>Widerrufsbelehrung - ALIZEL Online-Shop<\/title>\n<meta name=\"robots\" content=\"index, follow, max-snippet:-1, max-image-preview:large, max-video-preview:-1\" \/>\n<link rel=\"canonical\" href=\"https:\/\/alizel.de\/online\/widerrufsbelehrung\/\" \/>\n<meta property=\"og:locale\" content=\"de_DE\" \/>\n<meta property=\"og:type\" content=\"article\" \/>\n<meta property=\"og:title\" content=\"Widerrufsbelehrung - ALIZEL Online-Shop\" \/>\n<meta property=\"og:description\" content=\"Widerrufsrecht f\u00fcr Verbraucher Verbraucher im Sinne dieser Widerrufsbelehrung ist jede nat\u00fcrliche Person, die ein Rechtsgesch\u00e4ft zu Zwecken abschlie\u00dft, der \u00fcberwiegend weder ihrer gewerblichen noch ihrer selbstst\u00e4ndigen beruflichen T\u00e4tigkeit zugerechnet werden k\u00f6nnen. Der Verbraucher hat das Recht, binnen vierzehn Tagen ohne Angabe von Gr\u00fcnden geschlossene Vertr\u00e4ge zu widerrufen. Die Widerrufsfrist betr\u00e4gt vierzehn Tage ab dem Tag,...\" \/>\n<meta property=\"og:url\" content=\"https:\/\/alizel.de\/online\/widerrufsbelehrung\/\" \/>\n<meta property=\"og:site_name\" content=\"ALIZEL Online-Shop\" \/>\n<meta property=\"article:modified_time\" content=\"2025-09-04T05:22:05+00:00\" \/>\n<meta name=\"twitter:card\" content=\"summary_large_image\" \/>\n<meta name=\"twitter:label1\" content=\"Gesch\u00e4tzte Lesezeit\" \/>\n\t<meta name=\"twitter:data1\" content=\"4\u00a0Minuten\" \/>\n<script type=\"application\/ld+json\" class=\"yoast-schema-graph\">{\"@context\":\"https:\\\/\\\/schema.org\",\"@graph\":[{\"@type\":\"WebPage\",\"@id\":\"https:\\\/\\\/alizel.de\\\/online\\\/widerrufsbelehrung\\\/\",\"url\":\"https:\\\/\\\/alizel.de\\\/online\\\/widerrufsbelehrung\\\/\",\"name\":\"Widerrufsbelehrung - ALIZEL Online-Shop\",\"isPartOf\":{\"@id\":\"https:\\\/\\\/alizel.de\\\/online\\\/#website\"},\"datePublished\":\"2025-08-23T04:44:16+00:00\",\"dateModified\":\"2025-09-04T05:22:05+00:00\",\"breadcrumb\":{\"@id\":\"https:\\\/\\\/alizel.de\\\/online\\\/widerrufsbelehrung\\\/#breadcrumb\"},\"inLanguage\":\"de\",\"potentialAction\":[{\"@type\":\"ReadAction\",\"target\":[\"https:\\\/\\\/alizel.de\\\/online\\\/widerrufsbelehrung\\\/\"]}]},{\"@type\":\"BreadcrumbList\",\"@id\":\"https:\\\/\\\/alizel.de\\\/online\\\/widerrufsbelehrung\\\/#breadcrumb\",\"itemListElement\":[{\"@type\":\"ListItem\",\"position\":1,\"name\":\"Startseite\",\"item\":\"https:\\\/\\\/alizel.de\\\/online\\\/\"},{\"@type\":\"ListItem\",\"position\":2,\"name\":\"Widerrufsbelehrung\"}]},{\"@type\":\"WebSite\",\"@id\":\"https:\\\/\\\/alizel.de\\\/online\\\/#website\",\"url\":\"https:\\\/\\\/alizel.de\\\/online\\\/\",\"name\":\"ALIZEL Shop\",\"description\":\"Online-Shop der ALIZEL Gruppe\",\"publisher\":{\"@id\":\"https:\\\/\\\/alizel.de\\\/online\\\/#organization\"},\"potentialAction\":[{\"@type\":\"SearchAction\",\"target\":{\"@type\":\"EntryPoint\",\"urlTemplate\":\"https:\\\/\\\/alizel.de\\\/online\\\/?s={search_term_string}\"},\"query-input\":{\"@type\":\"PropertyValueSpecification\",\"valueRequired\":true,\"valueName\":\"search_term_string\"}}],\"inLanguage\":\"de\"},{\"@type\":\"Organization\",\"@id\":\"https:\\\/\\\/alizel.de\\\/online\\\/#organization\",\"name\":\"ALIZEL Shop\",\"url\":\"https:\\\/\\\/alizel.de\\\/online\\\/\",\"logo\":{\"@type\":\"ImageObject\",\"inLanguage\":\"de\",\"@id\":\"https:\\\/\\\/alizel.de\\\/online\\\/#\\\/schema\\\/logo\\\/image\\\/\",\"url\":\"https:\\\/\\\/alizel.de\\\/shop\\\/wp-content\\\/uploads\\\/sites\\\/2\\\/2025\\\/08\\\/alizel100.jpg\",\"contentUrl\":\"https:\\\/\\\/alizel.de\\\/shop\\\/wp-content\\\/uploads\\\/sites\\\/2\\\/2025\\\/08\\\/alizel100.jpg\",\"width\":1069,\"height\":600,\"caption\":\"ALIZEL Shop\"},\"image\":{\"@id\":\"https:\\\/\\\/alizel.de\\\/online\\\/#\\\/schema\\\/logo\\\/image\\\/\"}}]}<\/script>\n<!-- \/ Yoast SEO plugin. -->","yoast_head_json":{"title":"Widerrufsbelehrung - ALIZEL Online-Shop","robots":{"index":"index","follow":"follow","max-snippet":"max-snippet:-1","max-image-preview":"max-image-preview:large","max-video-preview":"max-video-preview:-1"},"canonical":"https:\/\/alizel.de\/online\/widerrufsbelehrung\/","og_locale":"de_DE","og_type":"article","og_title":"Widerrufsbelehrung - ALIZEL Online-Shop","og_description":"Widerrufsrecht f\u00fcr Verbraucher Verbraucher im Sinne dieser Widerrufsbelehrung ist jede nat\u00fcrliche Person, die ein Rechtsgesch\u00e4ft zu Zwecken abschlie\u00dft, der \u00fcberwiegend weder ihrer gewerblichen noch ihrer selbstst\u00e4ndigen beruflichen T\u00e4tigkeit zugerechnet werden k\u00f6nnen. Der Verbraucher hat das Recht, binnen vierzehn Tagen ohne Angabe von Gr\u00fcnden geschlossene Vertr\u00e4ge zu widerrufen. Die Widerrufsfrist betr\u00e4gt vierzehn Tage ab dem Tag,...","og_url":"https:\/\/alizel.de\/online\/widerrufsbelehrung\/","og_site_name":"ALIZEL Online-Shop","article_modified_time":"2025-09-04T05:22:05+00:00","twitter_card":"summary_large_image","twitter_misc":{"Gesch\u00e4tzte Lesezeit":"4\u00a0Minuten"},"schema":{"@context":"https:\/\/schema.org","@graph":[{"@type":"WebPage","@id":"https:\/\/alizel.de\/online\/widerrufsbelehrung\/","url":"https:\/\/alizel.de\/online\/widerrufsbelehrung\/","name":"Widerrufsbelehrung - ALIZEL Online-Shop","isPartOf":{"@id":"https:\/\/alizel.de\/online\/#website"},"datePublished":"2025-08-23T04:44:16+00:00","dateModified":"2025-09-04T05:22:05+00:00","breadcrumb":{"@id":"https:\/\/alizel.de\/online\/widerrufsbelehrung\/#breadcrumb"},"inLanguage":"de","potentialAction":[{"@type":"ReadAction","target":["https:\/\/alizel.de\/online\/widerrufsbelehrung\/"]}]},{"@type":"BreadcrumbList","@id":"https:\/\/alizel.de\/online\/widerrufsbelehrung\/#breadcrumb","itemListElement":[{"@type":"ListItem","position":1,"name":"Startseite","item":"https:\/\/alizel.de\/online\/"},{"@type":"ListItem","position":2,"name":"Widerrufsbelehrung"}]},{"@type":"WebSite","@id":"https:\/\/alizel.de\/online\/#website","url":"https:\/\/alizel.de\/online\/","name":"ALIZEL Shop","description":"Online-Shop der ALIZEL Gruppe","publisher":{"@id":"https:\/\/alizel.de\/online\/#organization"},"potentialAction":[{"@type":"SearchAction","target":{"@type":"EntryPoint","urlTemplate":"https:\/\/alizel.de\/online\/?s={search_term_string}"},"query-input":{"@type":"PropertyValueSpecification","valueRequired":true,"valueName":"search_term_string"}}],"inLanguage":"de"},{"@type":"Organization","@id":"https:\/\/alizel.de\/online\/#organization","name":"ALIZEL Shop","url":"https:\/\/alizel.de\/online\/","logo":{"@type":"ImageObject","inLanguage":"de","@id":"https:\/\/alizel.de\/online\/#\/schema\/logo\/image\/","url":"https:\/\/alizel.de\/shop\/wp-content\/uploads\/sites\/2\/2025\/08\/alizel100.jpg","contentUrl":"https:\/\/alizel.de\/shop\/wp-content\/uploads\/sites\/2\/2025\/08\/alizel100.jpg","width":1069,"height":600,"caption":"ALIZEL Shop"},"image":{"@id":"https:\/\/alizel.de\/online\/#\/schema\/logo\/image\/"}}]}},"taxonomy_info":[],"featured_image_src_large":false,"author_info":{"display_name":"Zeljko","author_link":"https:\/\/alizel.de\/online\/author\/zeljko\/"},"comment_info":0,"_links":{"self":[{"href":"https:\/\/alizel.de\/online\/wp-json\/wp\/v2\/pages\/63","targetHints":{"allow":["GET"]}}],"collection":[{"href":"https:\/\/alizel.de\/online\/wp-json\/wp\/v2\/pages"}],"about":[{"href":"https:\/\/alizel.de\/online\/wp-json\/wp\/v2\/types\/page"}],"author":[{"embeddable":true,"href":"https:\/\/alizel.de\/online\/wp-json\/wp\/v2\/users\/1"}],"replies":[{"embeddable":true,"href":"https:\/\/alizel.de\/online\/wp-json\/wp\/v2\/comments?post=63"}],"version-history":[{"count":1,"href":"https:\/\/alizel.de\/online\/wp-json\/wp\/v2\/pages\/63\/revisions"}],"predecessor-version":[{"id":431,"href":"https:\/\/alizel.de\/online\/wp-json\/wp\/v2\/pages\/63\/revisions\/431"}],"wp:attachment":[{"href":"https:\/\/alizel.de\/online\/wp-json\/wp\/v2\/media?parent=63"}],"curies":[{"name":"wp","href":"https:\/\/api.w.org\/{rel}","templated":true}]}}