{"id":64,"date":"2025-08-23T06:44:16","date_gmt":"2025-08-23T04:44:16","guid":{"rendered":"https:\/\/alizel.de\/shop\/versandarten\/"},"modified":"2025-11-08T06:46:14","modified_gmt":"2025-11-08T05:46:14","slug":"versand","status":"publish","type":"page","link":"https:\/\/alizel.de\/online\/versand\/","title":{"rendered":"Versandarten &amp; Versandkosten"},"content":{"rendered":"\n<h2 class=\"wp-block-heading\">Verkauf und Versand<\/h2>\n\n\n\n<p>Das Angebot auf ALIZEL.de richtet sich ausschlie\u00dflich an Verbraucher, die ihren Wohnsitz in Deutschland haben. Ausnahmen sind m\u00f6glich &#8211; sie bed\u00fcrfen einer gesonderten Anfrage und Vereinbarung mit dem Betreiber.<\/p>\n\n\n\n<h2 class=\"wp-block-heading\">Standard-Lieferung Deutschland<\/h2>\n\n\n\n<p>Die Lieferzeit wird in jedem Produkt vor dem Warenkorb-Button individuell angezeigt. Wenn nicht anders angegeben, betr\u00e4gt unsere Standard-Lieferzeit innerhalb Deutschlands, f\u00fcr vorr\u00e4tige Ware 2-3 Werktage ab Zahlungseingang.<\/p>\n\n\n\n<h3 class=\"wp-block-heading\">Verf\u00fcgbar bei Nachbestellung<\/h3>\n\n\n\n<p>Aktuell in unserem Lager nicht vorr\u00e4tige aber erh\u00e4ltliche Ware ist mit \u201e<strong>Verf\u00fcgbar bei Nachbestellung<\/strong>\u201c gekennzeichnet. Die Ware befindet sich in der Produktion oder sie ist bei unserem Hersteller bzw. Lieferanten bereits bestellt aber noch nicht geliefert. In diesem Fall kann die Lieferzeit, je nach Ware, etwas l\u00e4nger dauern.<\/p>\n\n\n\n<h3 class=\"wp-block-heading\">Liefer- &amp; Versandkosten<\/h3>\n\n\n\n<p>Die Liefer- und Versandkosten k\u00f6nnen variieren. Sie werden dir im Bestellprozess angezeigt. Wenn nicht anders angegeben, wird je nach Ware und Versandmethode, eine feste Versandpauschale erhoben.<\/p>\n\n\n\n<ul class=\"wp-block-list\">\n<li>F\u00fcr Briefsendungen 1,90 \u20ac inkl. MwSt.<\/li>\n\n\n\n<li>F\u00fcr kleine Paketsendungen 6,90 \u20ac inkl. MwSt.<\/li>\n<\/ul>\n\n\n\n<p>Hierdurch werden die anfallenden Kosten f\u00fcr Porto und Verpackung nur teilweise abgedeckt, die restlichen Kosten \u00fcbernehmen wir.<\/p>\n\n\n\n<h2 class=\"wp-block-heading\">Express-Lieferung Deutschland<\/h2>\n\n\n\n<p>Diese Versandmethode wird z.Z. nicht angeboten.<\/p>\n\n\n\n<h2 class=\"wp-block-heading\">Lieferung Europa<\/h2>\n\n\n\n<p>Wir arbeiten daran unsere Produkte Europaweit anzubieten. Leider sind aktuell Bestellungen und Lieferungen nur innerhalb Deutschlands m\u00f6glich. <\/p>\n\n\n\n<p>Verkauf und Lieferung in andere L\u00e4nder gerne auf\u00a0Anfrage\u00a0m\u00f6glich.<\/p>\n\n\n\n<h2 class=\"wp-block-heading\">Lieferbedingungen<\/h2>\n\n\n\n<p>Bis zur vollst\u00e4ndigen Bezahlung bleibt die Ware Eigentum der ALIZEL. F\u00fcr Widerruf, R\u00fcckgabe und Erstattung gelten ausschlie\u00dflich unsere Gesch\u00e4ftsbedingungen sowie die gesetzlichen Regelungen.<\/p>\n","protected":false},"excerpt":{"rendered":"<p>Verkauf und Versand Das Angebot auf ALIZEL.de richtet sich ausschlie\u00dflich an Verbraucher, die ihren Wohnsitz in Deutschland haben. Ausnahmen sind m\u00f6glich &#8211; sie bed\u00fcrfen einer gesonderten Anfrage und Vereinbarung mit dem Betreiber. Standard-Lieferung Deutschland Die Lieferzeit wird in jedem Produkt vor dem Warenkorb-Button individuell angezeigt. Wenn nicht anders angegeben, betr\u00e4gt unsere Standard-Lieferzeit innerhalb Deutschlands, f\u00fcr&#8230;<\/p>\n","protected":false},"author":1,"featured_media":0,"parent":0,"menu_order":0,"comment_status":"closed","ping_status":"closed","template":"","meta":{"_kad_blocks_custom_css":"","_kad_blocks_head_custom_js":"","_kad_blocks_body_custom_js":"","_kad_blocks_footer_custom_js":"","_kad_post_transparent":"","_kad_post_title":"","_kad_post_layout":"left","_kad_post_sidebar_id":"sidebar-secondary","_kad_post_content_style":"","_kad_post_vertical_padding":"show","_kad_post_feature":"","_kad_post_feature_position":"","_kad_post_header":false,"_kad_post_footer":false,"_kad_post_classname":"","footnotes":""},"class_list":["post-64","page","type-page","status-publish","hentry"],"yoast_head":"<!-- This site is optimized with the Yoast SEO plugin v27.4 - https:\/\/yoast.com\/product\/yoast-seo-wordpress\/ -->\n<title>Versandarten &amp; Versandkosten - ALIZEL Online-Shop<\/title>\n<meta name=\"robots\" content=\"index, follow, max-snippet:-1, max-image-preview:large, max-video-preview:-1\" \/>\n<link rel=\"canonical\" href=\"https:\/\/alizel.de\/online\/versand\/\" \/>\n<meta property=\"og:locale\" content=\"de_DE\" \/>\n<meta property=\"og:type\" content=\"article\" \/>\n<meta property=\"og:title\" content=\"Versandarten &amp; Versandkosten - ALIZEL Online-Shop\" \/>\n<meta property=\"og:description\" content=\"Verkauf und Versand Das Angebot auf ALIZEL.de richtet sich ausschlie\u00dflich an Verbraucher, die ihren Wohnsitz in Deutschland haben. Ausnahmen sind m\u00f6glich &#8211; sie bed\u00fcrfen einer gesonderten Anfrage und Vereinbarung mit dem Betreiber. Standard-Lieferung Deutschland Die Lieferzeit wird in jedem Produkt vor dem Warenkorb-Button individuell angezeigt. Wenn nicht anders angegeben, betr\u00e4gt unsere Standard-Lieferzeit innerhalb Deutschlands, f\u00fcr...\" \/>\n<meta property=\"og:url\" content=\"https:\/\/alizel.de\/online\/versand\/\" \/>\n<meta property=\"og:site_name\" content=\"ALIZEL Online-Shop\" \/>\n<meta property=\"article:modified_time\" content=\"2025-11-08T05:46:14+00:00\" \/>\n<meta name=\"twitter:card\" content=\"summary_large_image\" \/>\n<meta name=\"twitter:label1\" content=\"Gesch\u00e4tzte Lesezeit\" \/>\n\t<meta name=\"twitter:data1\" content=\"2\u00a0Minuten\" \/>\n<script type=\"application\/ld+json\" class=\"yoast-schema-graph\">{\"@context\":\"https:\\\/\\\/schema.org\",\"@graph\":[{\"@type\":\"WebPage\",\"@id\":\"https:\\\/\\\/alizel.de\\\/online\\\/versand\\\/\",\"url\":\"https:\\\/\\\/alizel.de\\\/online\\\/versand\\\/\",\"name\":\"Versandarten &amp; Versandkosten - ALIZEL Online-Shop\",\"isPartOf\":{\"@id\":\"https:\\\/\\\/alizel.de\\\/online\\\/#website\"},\"datePublished\":\"2025-08-23T04:44:16+00:00\",\"dateModified\":\"2025-11-08T05:46:14+00:00\",\"breadcrumb\":{\"@id\":\"https:\\\/\\\/alizel.de\\\/online\\\/versand\\\/#breadcrumb\"},\"inLanguage\":\"de\",\"potentialAction\":[{\"@type\":\"ReadAction\",\"target\":[\"https:\\\/\\\/alizel.de\\\/online\\\/versand\\\/\"]}]},{\"@type\":\"BreadcrumbList\",\"@id\":\"https:\\\/\\\/alizel.de\\\/online\\\/versand\\\/#breadcrumb\",\"itemListElement\":[{\"@type\":\"ListItem\",\"position\":1,\"name\":\"Startseite\",\"item\":\"https:\\\/\\\/alizel.de\\\/online\\\/\"},{\"@type\":\"ListItem\",\"position\":2,\"name\":\"Versandarten &amp; Versandkosten\"}]},{\"@type\":\"WebSite\",\"@id\":\"https:\\\/\\\/alizel.de\\\/online\\\/#website\",\"url\":\"https:\\\/\\\/alizel.de\\\/online\\\/\",\"name\":\"ALIZEL Shop\",\"description\":\"Online-Shop der ALIZEL Gruppe\",\"publisher\":{\"@id\":\"https:\\\/\\\/alizel.de\\\/online\\\/#organization\"},\"potentialAction\":[{\"@type\":\"SearchAction\",\"target\":{\"@type\":\"EntryPoint\",\"urlTemplate\":\"https:\\\/\\\/alizel.de\\\/online\\\/?s={search_term_string}\"},\"query-input\":{\"@type\":\"PropertyValueSpecification\",\"valueRequired\":true,\"valueName\":\"search_term_string\"}}],\"inLanguage\":\"de\"},{\"@type\":\"Organization\",\"@id\":\"https:\\\/\\\/alizel.de\\\/online\\\/#organization\",\"name\":\"ALIZEL Shop\",\"url\":\"https:\\\/\\\/alizel.de\\\/online\\\/\",\"logo\":{\"@type\":\"ImageObject\",\"inLanguage\":\"de\",\"@id\":\"https:\\\/\\\/alizel.de\\\/online\\\/#\\\/schema\\\/logo\\\/image\\\/\",\"url\":\"https:\\\/\\\/alizel.de\\\/shop\\\/wp-content\\\/uploads\\\/sites\\\/2\\\/2025\\\/08\\\/alizel100.jpg\",\"contentUrl\":\"https:\\\/\\\/alizel.de\\\/shop\\\/wp-content\\\/uploads\\\/sites\\\/2\\\/2025\\\/08\\\/alizel100.jpg\",\"width\":1069,\"height\":600,\"caption\":\"ALIZEL Shop\"},\"image\":{\"@id\":\"https:\\\/\\\/alizel.de\\\/online\\\/#\\\/schema\\\/logo\\\/image\\\/\"}}]}<\/script>\n<!-- \/ Yoast SEO plugin. -->","yoast_head_json":{"title":"Versandarten &amp; Versandkosten - ALIZEL Online-Shop","robots":{"index":"index","follow":"follow","max-snippet":"max-snippet:-1","max-image-preview":"max-image-preview:large","max-video-preview":"max-video-preview:-1"},"canonical":"https:\/\/alizel.de\/online\/versand\/","og_locale":"de_DE","og_type":"article","og_title":"Versandarten &amp; Versandkosten - ALIZEL Online-Shop","og_description":"Verkauf und Versand Das Angebot auf ALIZEL.de richtet sich ausschlie\u00dflich an Verbraucher, die ihren Wohnsitz in Deutschland haben. Ausnahmen sind m\u00f6glich &#8211; sie bed\u00fcrfen einer gesonderten Anfrage und Vereinbarung mit dem Betreiber. Standard-Lieferung Deutschland Die Lieferzeit wird in jedem Produkt vor dem Warenkorb-Button individuell angezeigt. Wenn nicht anders angegeben, betr\u00e4gt unsere Standard-Lieferzeit innerhalb Deutschlands, f\u00fcr...","og_url":"https:\/\/alizel.de\/online\/versand\/","og_site_name":"ALIZEL Online-Shop","article_modified_time":"2025-11-08T05:46:14+00:00","twitter_card":"summary_large_image","twitter_misc":{"Gesch\u00e4tzte Lesezeit":"2\u00a0Minuten"},"schema":{"@context":"https:\/\/schema.org","@graph":[{"@type":"WebPage","@id":"https:\/\/alizel.de\/online\/versand\/","url":"https:\/\/alizel.de\/online\/versand\/","name":"Versandarten &amp; Versandkosten - ALIZEL Online-Shop","isPartOf":{"@id":"https:\/\/alizel.de\/online\/#website"},"datePublished":"2025-08-23T04:44:16+00:00","dateModified":"2025-11-08T05:46:14+00:00","breadcrumb":{"@id":"https:\/\/alizel.de\/online\/versand\/#breadcrumb"},"inLanguage":"de","potentialAction":[{"@type":"ReadAction","target":["https:\/\/alizel.de\/online\/versand\/"]}]},{"@type":"BreadcrumbList","@id":"https:\/\/alizel.de\/online\/versand\/#breadcrumb","itemListElement":[{"@type":"ListItem","position":1,"name":"Startseite","item":"https:\/\/alizel.de\/online\/"},{"@type":"ListItem","position":2,"name":"Versandarten &amp; Versandkosten"}]},{"@type":"WebSite","@id":"https:\/\/alizel.de\/online\/#website","url":"https:\/\/alizel.de\/online\/","name":"ALIZEL Shop","description":"Online-Shop der ALIZEL Gruppe","publisher":{"@id":"https:\/\/alizel.de\/online\/#organization"},"potentialAction":[{"@type":"SearchAction","target":{"@type":"EntryPoint","urlTemplate":"https:\/\/alizel.de\/online\/?s={search_term_string}"},"query-input":{"@type":"PropertyValueSpecification","valueRequired":true,"valueName":"search_term_string"}}],"inLanguage":"de"},{"@type":"Organization","@id":"https:\/\/alizel.de\/online\/#organization","name":"ALIZEL Shop","url":"https:\/\/alizel.de\/online\/","logo":{"@type":"ImageObject","inLanguage":"de","@id":"https:\/\/alizel.de\/online\/#\/schema\/logo\/image\/","url":"https:\/\/alizel.de\/shop\/wp-content\/uploads\/sites\/2\/2025\/08\/alizel100.jpg","contentUrl":"https:\/\/alizel.de\/shop\/wp-content\/uploads\/sites\/2\/2025\/08\/alizel100.jpg","width":1069,"height":600,"caption":"ALIZEL Shop"},"image":{"@id":"https:\/\/alizel.de\/online\/#\/schema\/logo\/image\/"}}]}},"taxonomy_info":[],"featured_image_src_large":false,"author_info":{"display_name":"Zeljko","author_link":"https:\/\/alizel.de\/online\/author\/zeljko\/"},"comment_info":0,"_links":{"self":[{"href":"https:\/\/alizel.de\/online\/wp-json\/wp\/v2\/pages\/64","targetHints":{"allow":["GET"]}}],"collection":[{"href":"https:\/\/alizel.de\/online\/wp-json\/wp\/v2\/pages"}],"about":[{"href":"https:\/\/alizel.de\/online\/wp-json\/wp\/v2\/types\/page"}],"author":[{"embeddable":true,"href":"https:\/\/alizel.de\/online\/wp-json\/wp\/v2\/users\/1"}],"replies":[{"embeddable":true,"href":"https:\/\/alizel.de\/online\/wp-json\/wp\/v2\/comments?post=64"}],"version-history":[{"count":1,"href":"https:\/\/alizel.de\/online\/wp-json\/wp\/v2\/pages\/64\/revisions"}],"predecessor-version":[{"id":1007,"href":"https:\/\/alizel.de\/online\/wp-json\/wp\/v2\/pages\/64\/revisions\/1007"}],"wp:attachment":[{"href":"https:\/\/alizel.de\/online\/wp-json\/wp\/v2\/media?parent=64"}],"curies":[{"name":"wp","href":"https:\/\/api.w.org\/{rel}","templated":true}]}}