{"id":65,"date":"2025-08-23T06:44:16","date_gmt":"2025-08-23T04:44:16","guid":{"rendered":"https:\/\/alizel.de\/shop\/bezahlmoeglichkeiten\/"},"modified":"2025-11-08T06:48:49","modified_gmt":"2025-11-08T05:48:49","slug":"bezahlmoeglichkeiten","status":"publish","type":"page","link":"https:\/\/alizel.de\/online\/bezahlmoeglichkeiten\/","title":{"rendered":"Zahlungsarten"},"content":{"rendered":"\n<h2 class=\"wp-block-heading\">Zahlung und Abwicklung<\/h2>\n\n\n\n<p>Der zu zahlende Gesamtbetrag einer Bestellung, setzt sich aus dem Warenwert, evtl. anfallenden Versandkosten und der gesetzlichen MwSt. zusammen. Alle Zahlungen sind in \u20ac (Euro) zu t\u00e4tigen.<\/p>\n\n\n\n<p>Deine Zahlungen erfolgen immer direkt an den Betreiber. Die Bankverbindung und Verwendungszweck (Bestellnummer) werden dir im Kaufprozess mitgeteilt.<\/p>\n\n\n\n<p>Ordnungsgem\u00e4\u00dfe Rechnungen, \u00fcber die jeweilige Bestellung beim Anbieter, werden grunds\u00e4tzlich durch den Anbieter ausgestellt und dem Kunden, sp\u00e4testens mit der Lieferung der Ware oder Erbringung der Dienstleistung zugestellt.<\/p>\n\n\n\n<h2 class=\"wp-block-heading\">Wichtiger Hinweis<\/h2>\n\n\n\n<p>Wir behalten uns vor, das Angebot der genannten Zahlungsarten individuell, je nach Dienst, Produkt und Services, auf die Nutzung einer bestimmten Zahlungsart zu beschr\u00e4nken.<\/p>\n\n\n\n<p>Je nach Benutzer, Dienstleistung, Produkt oder Services stehen folgende Zahlungsarten zur Verf\u00fcgung:<\/p>\n\n\n\n<h2 class=\"wp-block-heading\">Bezahlung auf Rechnung<\/h2>\n\n\n\n<p>Diese Zahlungsart steht ab der zweiten Bestellung registrierten Nutzern mit einem Kunden-Konto zu Verf\u00fcgung (Bonit\u00e4t vorausgesetzt). Beim Kauf auf Rechnung hast du nach Erhalt der Ware 5 Tage Zeit bis zur Zahlung. Bezahle dann einfach und bequem per \u00dcberweisung.<\/p>\n\n\n\n<h2 class=\"wp-block-heading\">Bezahlung per Bank\u00fcberweisung<\/h2>\n\n\n\n<p>Bei Bezahlung mit Vorkasse \u00fcberweist du den Gesamtbetrag nach der Bestellung an unser Konto. Die bestellte Ware ist f\u00fcr dich max. 7 Tage reserviert. Die Bearbeitung und der Versand deiner Bestellung erfolgt umgehend nach Zahlungseingang.<\/p>\n\n\n\n<h2 class=\"wp-block-heading\">Bezahlung \u00fcber PayPal<\/h2>\n\n\n\n<p>Mit PayPal zahlst du schnell, einfach und sicher \u2013 entweder mit deinem PayPal-Guthaben, Bankeinzug oder Kreditkarte. Du bezahlst an der Kasse mit deiner E-Mail-Adresse und Passwort. Deine Bestellung wird sofort bearbeitet. Bei einer R\u00fcckerstattung, wird der entsprechende Wert deinem PayPal-Konto gut geschrieben.<\/p>\n\n\n\n<h2 class=\"wp-block-heading\">Gutschein anwenden<\/h2>\n\n\n\n<p>Der Betrag deiner Bestellung wird automatisch um den Gutschein-Wert reduziert. Du kannst einen Gutschein im Warenkorb oder sp\u00e4ter an der Kasse einl\u00f6sen.<\/p>\n","protected":false},"excerpt":{"rendered":"<p>Zahlung und Abwicklung Der zu zahlende Gesamtbetrag einer Bestellung, setzt sich aus dem Warenwert, evtl. anfallenden Versandkosten und der gesetzlichen MwSt. zusammen. Alle Zahlungen sind in \u20ac (Euro) zu t\u00e4tigen. Deine Zahlungen erfolgen immer direkt an den Betreiber. Die Bankverbindung und Verwendungszweck (Bestellnummer) werden dir im Kaufprozess mitgeteilt. Ordnungsgem\u00e4\u00dfe Rechnungen, \u00fcber die jeweilige Bestellung beim&#8230;<\/p>\n","protected":false},"author":1,"featured_media":0,"parent":0,"menu_order":0,"comment_status":"closed","ping_status":"closed","template":"","meta":{"_kad_blocks_custom_css":"","_kad_blocks_head_custom_js":"","_kad_blocks_body_custom_js":"","_kad_blocks_footer_custom_js":"","_kad_post_transparent":"","_kad_post_title":"","_kad_post_layout":"left","_kad_post_sidebar_id":"sidebar-secondary","_kad_post_content_style":"","_kad_post_vertical_padding":"show","_kad_post_feature":"","_kad_post_feature_position":"","_kad_post_header":false,"_kad_post_footer":false,"_kad_post_classname":"","footnotes":""},"class_list":["post-65","page","type-page","status-publish","hentry"],"yoast_head":"<!-- This site is optimized with the Yoast SEO plugin v27.4 - https:\/\/yoast.com\/product\/yoast-seo-wordpress\/ -->\n<title>Zahlungsarten - ALIZEL Online-Shop<\/title>\n<meta name=\"robots\" content=\"index, follow, max-snippet:-1, max-image-preview:large, max-video-preview:-1\" \/>\n<link rel=\"canonical\" href=\"https:\/\/alizel.de\/online\/bezahlmoeglichkeiten\/\" \/>\n<meta property=\"og:locale\" content=\"de_DE\" \/>\n<meta property=\"og:type\" content=\"article\" \/>\n<meta property=\"og:title\" content=\"Zahlungsarten - ALIZEL Online-Shop\" \/>\n<meta property=\"og:description\" content=\"Zahlung und Abwicklung Der zu zahlende Gesamtbetrag einer Bestellung, setzt sich aus dem Warenwert, evtl. anfallenden Versandkosten und der gesetzlichen MwSt. zusammen. Alle Zahlungen sind in \u20ac (Euro) zu t\u00e4tigen. Deine Zahlungen erfolgen immer direkt an den Betreiber. Die Bankverbindung und Verwendungszweck (Bestellnummer) werden dir im Kaufprozess mitgeteilt. Ordnungsgem\u00e4\u00dfe Rechnungen, \u00fcber die jeweilige Bestellung beim...\" \/>\n<meta property=\"og:url\" content=\"https:\/\/alizel.de\/online\/bezahlmoeglichkeiten\/\" \/>\n<meta property=\"og:site_name\" content=\"ALIZEL Online-Shop\" \/>\n<meta property=\"article:modified_time\" content=\"2025-11-08T05:48:49+00:00\" \/>\n<meta name=\"twitter:card\" content=\"summary_large_image\" \/>\n<meta name=\"twitter:label1\" content=\"Gesch\u00e4tzte Lesezeit\" \/>\n\t<meta name=\"twitter:data1\" content=\"2\u00a0Minuten\" \/>\n<script type=\"application\/ld+json\" class=\"yoast-schema-graph\">{\"@context\":\"https:\\\/\\\/schema.org\",\"@graph\":[{\"@type\":\"WebPage\",\"@id\":\"https:\\\/\\\/alizel.de\\\/online\\\/bezahlmoeglichkeiten\\\/\",\"url\":\"https:\\\/\\\/alizel.de\\\/online\\\/bezahlmoeglichkeiten\\\/\",\"name\":\"Zahlungsarten - ALIZEL Online-Shop\",\"isPartOf\":{\"@id\":\"https:\\\/\\\/alizel.de\\\/online\\\/#website\"},\"datePublished\":\"2025-08-23T04:44:16+00:00\",\"dateModified\":\"2025-11-08T05:48:49+00:00\",\"breadcrumb\":{\"@id\":\"https:\\\/\\\/alizel.de\\\/online\\\/bezahlmoeglichkeiten\\\/#breadcrumb\"},\"inLanguage\":\"de\",\"potentialAction\":[{\"@type\":\"ReadAction\",\"target\":[\"https:\\\/\\\/alizel.de\\\/online\\\/bezahlmoeglichkeiten\\\/\"]}]},{\"@type\":\"BreadcrumbList\",\"@id\":\"https:\\\/\\\/alizel.de\\\/online\\\/bezahlmoeglichkeiten\\\/#breadcrumb\",\"itemListElement\":[{\"@type\":\"ListItem\",\"position\":1,\"name\":\"Startseite\",\"item\":\"https:\\\/\\\/alizel.de\\\/online\\\/\"},{\"@type\":\"ListItem\",\"position\":2,\"name\":\"Zahlungsarten\"}]},{\"@type\":\"WebSite\",\"@id\":\"https:\\\/\\\/alizel.de\\\/online\\\/#website\",\"url\":\"https:\\\/\\\/alizel.de\\\/online\\\/\",\"name\":\"ALIZEL Shop\",\"description\":\"Online-Shop der ALIZEL Gruppe\",\"publisher\":{\"@id\":\"https:\\\/\\\/alizel.de\\\/online\\\/#organization\"},\"potentialAction\":[{\"@type\":\"SearchAction\",\"target\":{\"@type\":\"EntryPoint\",\"urlTemplate\":\"https:\\\/\\\/alizel.de\\\/online\\\/?s={search_term_string}\"},\"query-input\":{\"@type\":\"PropertyValueSpecification\",\"valueRequired\":true,\"valueName\":\"search_term_string\"}}],\"inLanguage\":\"de\"},{\"@type\":\"Organization\",\"@id\":\"https:\\\/\\\/alizel.de\\\/online\\\/#organization\",\"name\":\"ALIZEL Shop\",\"url\":\"https:\\\/\\\/alizel.de\\\/online\\\/\",\"logo\":{\"@type\":\"ImageObject\",\"inLanguage\":\"de\",\"@id\":\"https:\\\/\\\/alizel.de\\\/online\\\/#\\\/schema\\\/logo\\\/image\\\/\",\"url\":\"https:\\\/\\\/alizel.de\\\/shop\\\/wp-content\\\/uploads\\\/sites\\\/2\\\/2025\\\/08\\\/alizel100.jpg\",\"contentUrl\":\"https:\\\/\\\/alizel.de\\\/shop\\\/wp-content\\\/uploads\\\/sites\\\/2\\\/2025\\\/08\\\/alizel100.jpg\",\"width\":1069,\"height\":600,\"caption\":\"ALIZEL Shop\"},\"image\":{\"@id\":\"https:\\\/\\\/alizel.de\\\/online\\\/#\\\/schema\\\/logo\\\/image\\\/\"}}]}<\/script>\n<!-- \/ Yoast SEO plugin. -->","yoast_head_json":{"title":"Zahlungsarten - ALIZEL Online-Shop","robots":{"index":"index","follow":"follow","max-snippet":"max-snippet:-1","max-image-preview":"max-image-preview:large","max-video-preview":"max-video-preview:-1"},"canonical":"https:\/\/alizel.de\/online\/bezahlmoeglichkeiten\/","og_locale":"de_DE","og_type":"article","og_title":"Zahlungsarten - ALIZEL Online-Shop","og_description":"Zahlung und Abwicklung Der zu zahlende Gesamtbetrag einer Bestellung, setzt sich aus dem Warenwert, evtl. anfallenden Versandkosten und der gesetzlichen MwSt. zusammen. Alle Zahlungen sind in \u20ac (Euro) zu t\u00e4tigen. Deine Zahlungen erfolgen immer direkt an den Betreiber. Die Bankverbindung und Verwendungszweck (Bestellnummer) werden dir im Kaufprozess mitgeteilt. Ordnungsgem\u00e4\u00dfe Rechnungen, \u00fcber die jeweilige Bestellung beim...","og_url":"https:\/\/alizel.de\/online\/bezahlmoeglichkeiten\/","og_site_name":"ALIZEL Online-Shop","article_modified_time":"2025-11-08T05:48:49+00:00","twitter_card":"summary_large_image","twitter_misc":{"Gesch\u00e4tzte Lesezeit":"2\u00a0Minuten"},"schema":{"@context":"https:\/\/schema.org","@graph":[{"@type":"WebPage","@id":"https:\/\/alizel.de\/online\/bezahlmoeglichkeiten\/","url":"https:\/\/alizel.de\/online\/bezahlmoeglichkeiten\/","name":"Zahlungsarten - ALIZEL Online-Shop","isPartOf":{"@id":"https:\/\/alizel.de\/online\/#website"},"datePublished":"2025-08-23T04:44:16+00:00","dateModified":"2025-11-08T05:48:49+00:00","breadcrumb":{"@id":"https:\/\/alizel.de\/online\/bezahlmoeglichkeiten\/#breadcrumb"},"inLanguage":"de","potentialAction":[{"@type":"ReadAction","target":["https:\/\/alizel.de\/online\/bezahlmoeglichkeiten\/"]}]},{"@type":"BreadcrumbList","@id":"https:\/\/alizel.de\/online\/bezahlmoeglichkeiten\/#breadcrumb","itemListElement":[{"@type":"ListItem","position":1,"name":"Startseite","item":"https:\/\/alizel.de\/online\/"},{"@type":"ListItem","position":2,"name":"Zahlungsarten"}]},{"@type":"WebSite","@id":"https:\/\/alizel.de\/online\/#website","url":"https:\/\/alizel.de\/online\/","name":"ALIZEL Shop","description":"Online-Shop der ALIZEL Gruppe","publisher":{"@id":"https:\/\/alizel.de\/online\/#organization"},"potentialAction":[{"@type":"SearchAction","target":{"@type":"EntryPoint","urlTemplate":"https:\/\/alizel.de\/online\/?s={search_term_string}"},"query-input":{"@type":"PropertyValueSpecification","valueRequired":true,"valueName":"search_term_string"}}],"inLanguage":"de"},{"@type":"Organization","@id":"https:\/\/alizel.de\/online\/#organization","name":"ALIZEL Shop","url":"https:\/\/alizel.de\/online\/","logo":{"@type":"ImageObject","inLanguage":"de","@id":"https:\/\/alizel.de\/online\/#\/schema\/logo\/image\/","url":"https:\/\/alizel.de\/shop\/wp-content\/uploads\/sites\/2\/2025\/08\/alizel100.jpg","contentUrl":"https:\/\/alizel.de\/shop\/wp-content\/uploads\/sites\/2\/2025\/08\/alizel100.jpg","width":1069,"height":600,"caption":"ALIZEL Shop"},"image":{"@id":"https:\/\/alizel.de\/online\/#\/schema\/logo\/image\/"}}]}},"taxonomy_info":[],"featured_image_src_large":false,"author_info":{"display_name":"Zeljko","author_link":"https:\/\/alizel.de\/online\/author\/zeljko\/"},"comment_info":0,"_links":{"self":[{"href":"https:\/\/alizel.de\/online\/wp-json\/wp\/v2\/pages\/65","targetHints":{"allow":["GET"]}}],"collection":[{"href":"https:\/\/alizel.de\/online\/wp-json\/wp\/v2\/pages"}],"about":[{"href":"https:\/\/alizel.de\/online\/wp-json\/wp\/v2\/types\/page"}],"author":[{"embeddable":true,"href":"https:\/\/alizel.de\/online\/wp-json\/wp\/v2\/users\/1"}],"replies":[{"embeddable":true,"href":"https:\/\/alizel.de\/online\/wp-json\/wp\/v2\/comments?post=65"}],"version-history":[{"count":1,"href":"https:\/\/alizel.de\/online\/wp-json\/wp\/v2\/pages\/65\/revisions"}],"predecessor-version":[{"id":1009,"href":"https:\/\/alizel.de\/online\/wp-json\/wp\/v2\/pages\/65\/revisions\/1009"}],"wp:attachment":[{"href":"https:\/\/alizel.de\/online\/wp-json\/wp\/v2\/media?parent=65"}],"curies":[{"name":"wp","href":"https:\/\/api.w.org\/{rel}","templated":true}]}}