{"id":67,"date":"2025-08-23T06:44:16","date_gmt":"2025-08-23T04:44:16","guid":{"rendered":"https:\/\/alizel.de\/shop\/echtheit-von-bewertungen\/"},"modified":"2025-09-04T07:30:10","modified_gmt":"2025-09-04T05:30:10","slug":"echtheit-von-bewertungen","status":"publish","type":"page","link":"https:\/\/alizel.de\/online\/echtheit-von-bewertungen\/","title":{"rendered":"Echtheit von Bewertungen"},"content":{"rendered":"\n<h2 class=\"wp-block-heading\">Echtheit von Bewertungen<\/h2>\n\n\n\n<p>Wie geht ALIZEL mit Bewertungen um?<\/p>\n\n\n\n<h3 class=\"wp-block-heading\">Bewertungen &amp; Bewertungsrichtlinien<\/h3>\n\n\n\n<p>Bewertungen auf unserer Website k\u00f6nnen nur von Kunden mit registriertem Nutzer-Konto abgegeben werden und dies auch nur f\u00fcr Produkte und Dienstleistungen, die sie tats\u00e4chlich \u00fcber ALIZEL.de erworben haben. Die Bewertungsfunktion wird also erst nach einem erfolgten Kauf freigeschaltet.<\/p>\n\n\n\n<h3 class=\"wp-block-heading\">Wir verwenden manuelle Pr\u00fcfmechanismen<\/h3>\n\n\n\n<ul class=\"wp-block-list\">\n<li>Jede eingehende Bewertung wird bei uns manuell gesichtet und \u00fcberpr\u00fcft. Hierbei \u00fcberpr\u00fcfen wir den Inhalt der Bewertung u. a. nach logischen Widerspr\u00fcchen und anderen Auff\u00e4lligkeiten.<\/li>\n\n\n\n<li>Alle Bewertungen werden von unserem Team einer generellen Pausibilit\u00e4tskontrolle unterzogen. Hierbei \u00fcberpr\u00fcfen wir, ob Erwerb und Bewertung des Produkts in zeitlichem und r\u00e4umlichem Verh\u00e4ltnis zueinander stehen und ob inhaltliche Widerspr\u00fcche bestehen. Dadurch gehen wir der Frage nach, ob der Kunde das Produkt tats\u00e4chlich genutzt hat.<\/li>\n\n\n\n<li>Jeder Besucher unserer Internetseite hat die M\u00f6glichkeit, uns auff\u00e4llige Bewertungen unter optionaler Nennung von Gr\u00fcnden zu melden.<\/li>\n<\/ul>\n\n\n\n<p>Mit den Verfassern von auff\u00e4lligen Bewertungen treten wir in Kontakt, um die Aussagen in deren Bewertung gegebenenfalls verifizieren zu k\u00f6nnen. Kl\u00e4ren sich die Umst\u00e4nde auf, wird die Bewertung dementsprechend angepasst. Bleiben die Umst\u00e4nde f\u00fcr die Abgabe einer Bewertungs zu vage und unklar, bleibt die entsprechende Bewertung herausgefiltert. Sie wird nicht weiter angezeigt oder gar nicht erst ver\u00f6ffentlicht. Alle auf diese Art und Weise herausgefilterten Bewertungen flie\u00dfen nicht in die jeweilige Gesamtwertung ein.<\/p>\n\n\n\n<p>Eine strengere Filterung negativer oder Bevorzugung von positiven Bewertungen findet nicht statt. Solange eine Bewertung den oben genannten Kriterien entspricht, wird sie ungeachtet dessen, ob sie wohlwollend, kritisch oder gar abwertend formuliert ist, gleichwertig ver\u00f6ffentlicht.<\/p>\n\n\n\n<h3 class=\"wp-block-heading\">Bewertungsrichtlinien<\/h3>\n\n\n\n<p>Wir freuen uns sehr, wenn du Produkte oder Dienstleistungen bewerten m\u00f6chtest. Damit deine Bewertung ver\u00f6ffentlicht werden kann, bitten wir dich, bei Abgabe der Bewertung folgende Richtlinien zu beachten:<\/p>\n\n\n\n<ul class=\"wp-block-list\">\n<li>Die Bewertung darf selbstverst\u00e4ndlich deine Meinung und ggf. Kritik enthalten. Jegliche Form von Diskriminierung und Beleidigungen werden dagegen nicht toleriert.<\/li>\n\n\n\n<li>Es ist nicht erlaubt, Werbung f\u00fcr andere Produkte in Bewertungen zu hinterlassen.<\/li>\n\n\n\n<li>Wir erlauben keine Bewertungen von sog. Produkt-Testern.<\/li>\n\n\n\n<li>Du darfst f\u00fcr die Bewertung keine finanzielle Gegenleistungen von Dritten erhalten.<\/li>\n\n\n\n<li>Bewertungen m\u00fcssen auf ihren Erfahrungen mit dem Produkt beruhen und der Wahrheit entsprechen. Jegliche Form von unwahren Behauptungen und Manipulationsversuchen werden nicht geduldet.<\/li>\n<\/ul>\n\n\n\n<p>Bei Verst\u00f6\u00dfen gegen unsere Bewertungsrichtlinien behalten wir uns vor, Nutzer-Konten sowie von diesen abgegebene Bewertungen vor\u00fcbergehend oder dauerhaft zu sperren.<\/p>\n","protected":false},"excerpt":{"rendered":"<p>Echtheit von Bewertungen Wie geht ALIZEL mit Bewertungen um? Bewertungen &amp; Bewertungsrichtlinien Bewertungen auf unserer Website k\u00f6nnen nur von Kunden mit registriertem Nutzer-Konto abgegeben werden und dies auch nur f\u00fcr Produkte und Dienstleistungen, die sie tats\u00e4chlich \u00fcber ALIZEL.de erworben haben. Die Bewertungsfunktion wird also erst nach einem erfolgten Kauf freigeschaltet. Wir verwenden manuelle Pr\u00fcfmechanismen Mit&#8230;<\/p>\n","protected":false},"author":1,"featured_media":0,"parent":0,"menu_order":0,"comment_status":"closed","ping_status":"closed","template":"","meta":{"_kad_blocks_custom_css":"","_kad_blocks_head_custom_js":"","_kad_blocks_body_custom_js":"","_kad_blocks_footer_custom_js":"","_kad_post_transparent":"","_kad_post_title":"","_kad_post_layout":"left","_kad_post_sidebar_id":"sidebar-secondary","_kad_post_content_style":"","_kad_post_vertical_padding":"show","_kad_post_feature":"","_kad_post_feature_position":"","_kad_post_header":false,"_kad_post_footer":false,"_kad_post_classname":"","footnotes":""},"class_list":["post-67","page","type-page","status-publish","hentry"],"yoast_head":"<!-- This site is optimized with the Yoast SEO plugin v27.4 - https:\/\/yoast.com\/product\/yoast-seo-wordpress\/ -->\n<title>Echtheit von Bewertungen - ALIZEL Online-Shop<\/title>\n<meta name=\"robots\" content=\"index, follow, max-snippet:-1, max-image-preview:large, max-video-preview:-1\" \/>\n<link rel=\"canonical\" href=\"https:\/\/alizel.de\/online\/echtheit-von-bewertungen\/\" \/>\n<meta property=\"og:locale\" content=\"de_DE\" \/>\n<meta property=\"og:type\" content=\"article\" \/>\n<meta property=\"og:title\" content=\"Echtheit von Bewertungen - ALIZEL Online-Shop\" \/>\n<meta property=\"og:description\" content=\"Echtheit von Bewertungen Wie geht ALIZEL mit Bewertungen um? Bewertungen &amp; Bewertungsrichtlinien Bewertungen auf unserer Website k\u00f6nnen nur von Kunden mit registriertem Nutzer-Konto abgegeben werden und dies auch nur f\u00fcr Produkte und Dienstleistungen, die sie tats\u00e4chlich \u00fcber ALIZEL.de erworben haben. Die Bewertungsfunktion wird also erst nach einem erfolgten Kauf freigeschaltet. Wir verwenden manuelle Pr\u00fcfmechanismen Mit...\" \/>\n<meta property=\"og:url\" content=\"https:\/\/alizel.de\/online\/echtheit-von-bewertungen\/\" \/>\n<meta property=\"og:site_name\" content=\"ALIZEL Online-Shop\" \/>\n<meta property=\"article:modified_time\" content=\"2025-09-04T05:30:10+00:00\" \/>\n<meta name=\"twitter:card\" content=\"summary_large_image\" \/>\n<meta name=\"twitter:label1\" content=\"Gesch\u00e4tzte Lesezeit\" \/>\n\t<meta name=\"twitter:data1\" content=\"3\u00a0Minuten\" \/>\n<script type=\"application\/ld+json\" class=\"yoast-schema-graph\">{\"@context\":\"https:\\\/\\\/schema.org\",\"@graph\":[{\"@type\":\"WebPage\",\"@id\":\"https:\\\/\\\/alizel.de\\\/online\\\/echtheit-von-bewertungen\\\/\",\"url\":\"https:\\\/\\\/alizel.de\\\/online\\\/echtheit-von-bewertungen\\\/\",\"name\":\"Echtheit von Bewertungen - ALIZEL Online-Shop\",\"isPartOf\":{\"@id\":\"https:\\\/\\\/alizel.de\\\/online\\\/#website\"},\"datePublished\":\"2025-08-23T04:44:16+00:00\",\"dateModified\":\"2025-09-04T05:30:10+00:00\",\"breadcrumb\":{\"@id\":\"https:\\\/\\\/alizel.de\\\/online\\\/echtheit-von-bewertungen\\\/#breadcrumb\"},\"inLanguage\":\"de\",\"potentialAction\":[{\"@type\":\"ReadAction\",\"target\":[\"https:\\\/\\\/alizel.de\\\/online\\\/echtheit-von-bewertungen\\\/\"]}]},{\"@type\":\"BreadcrumbList\",\"@id\":\"https:\\\/\\\/alizel.de\\\/online\\\/echtheit-von-bewertungen\\\/#breadcrumb\",\"itemListElement\":[{\"@type\":\"ListItem\",\"position\":1,\"name\":\"Startseite\",\"item\":\"https:\\\/\\\/alizel.de\\\/online\\\/\"},{\"@type\":\"ListItem\",\"position\":2,\"name\":\"Echtheit von Bewertungen\"}]},{\"@type\":\"WebSite\",\"@id\":\"https:\\\/\\\/alizel.de\\\/online\\\/#website\",\"url\":\"https:\\\/\\\/alizel.de\\\/online\\\/\",\"name\":\"ALIZEL Shop\",\"description\":\"Online-Shop der ALIZEL Gruppe\",\"publisher\":{\"@id\":\"https:\\\/\\\/alizel.de\\\/online\\\/#organization\"},\"potentialAction\":[{\"@type\":\"SearchAction\",\"target\":{\"@type\":\"EntryPoint\",\"urlTemplate\":\"https:\\\/\\\/alizel.de\\\/online\\\/?s={search_term_string}\"},\"query-input\":{\"@type\":\"PropertyValueSpecification\",\"valueRequired\":true,\"valueName\":\"search_term_string\"}}],\"inLanguage\":\"de\"},{\"@type\":\"Organization\",\"@id\":\"https:\\\/\\\/alizel.de\\\/online\\\/#organization\",\"name\":\"ALIZEL Shop\",\"url\":\"https:\\\/\\\/alizel.de\\\/online\\\/\",\"logo\":{\"@type\":\"ImageObject\",\"inLanguage\":\"de\",\"@id\":\"https:\\\/\\\/alizel.de\\\/online\\\/#\\\/schema\\\/logo\\\/image\\\/\",\"url\":\"https:\\\/\\\/alizel.de\\\/shop\\\/wp-content\\\/uploads\\\/sites\\\/2\\\/2025\\\/08\\\/alizel100.jpg\",\"contentUrl\":\"https:\\\/\\\/alizel.de\\\/shop\\\/wp-content\\\/uploads\\\/sites\\\/2\\\/2025\\\/08\\\/alizel100.jpg\",\"width\":1069,\"height\":600,\"caption\":\"ALIZEL Shop\"},\"image\":{\"@id\":\"https:\\\/\\\/alizel.de\\\/online\\\/#\\\/schema\\\/logo\\\/image\\\/\"}}]}<\/script>\n<!-- \/ Yoast SEO plugin. -->","yoast_head_json":{"title":"Echtheit von Bewertungen - ALIZEL Online-Shop","robots":{"index":"index","follow":"follow","max-snippet":"max-snippet:-1","max-image-preview":"max-image-preview:large","max-video-preview":"max-video-preview:-1"},"canonical":"https:\/\/alizel.de\/online\/echtheit-von-bewertungen\/","og_locale":"de_DE","og_type":"article","og_title":"Echtheit von Bewertungen - ALIZEL Online-Shop","og_description":"Echtheit von Bewertungen Wie geht ALIZEL mit Bewertungen um? Bewertungen &amp; Bewertungsrichtlinien Bewertungen auf unserer Website k\u00f6nnen nur von Kunden mit registriertem Nutzer-Konto abgegeben werden und dies auch nur f\u00fcr Produkte und Dienstleistungen, die sie tats\u00e4chlich \u00fcber ALIZEL.de erworben haben. Die Bewertungsfunktion wird also erst nach einem erfolgten Kauf freigeschaltet. Wir verwenden manuelle Pr\u00fcfmechanismen Mit...","og_url":"https:\/\/alizel.de\/online\/echtheit-von-bewertungen\/","og_site_name":"ALIZEL Online-Shop","article_modified_time":"2025-09-04T05:30:10+00:00","twitter_card":"summary_large_image","twitter_misc":{"Gesch\u00e4tzte Lesezeit":"3\u00a0Minuten"},"schema":{"@context":"https:\/\/schema.org","@graph":[{"@type":"WebPage","@id":"https:\/\/alizel.de\/online\/echtheit-von-bewertungen\/","url":"https:\/\/alizel.de\/online\/echtheit-von-bewertungen\/","name":"Echtheit von Bewertungen - ALIZEL Online-Shop","isPartOf":{"@id":"https:\/\/alizel.de\/online\/#website"},"datePublished":"2025-08-23T04:44:16+00:00","dateModified":"2025-09-04T05:30:10+00:00","breadcrumb":{"@id":"https:\/\/alizel.de\/online\/echtheit-von-bewertungen\/#breadcrumb"},"inLanguage":"de","potentialAction":[{"@type":"ReadAction","target":["https:\/\/alizel.de\/online\/echtheit-von-bewertungen\/"]}]},{"@type":"BreadcrumbList","@id":"https:\/\/alizel.de\/online\/echtheit-von-bewertungen\/#breadcrumb","itemListElement":[{"@type":"ListItem","position":1,"name":"Startseite","item":"https:\/\/alizel.de\/online\/"},{"@type":"ListItem","position":2,"name":"Echtheit von Bewertungen"}]},{"@type":"WebSite","@id":"https:\/\/alizel.de\/online\/#website","url":"https:\/\/alizel.de\/online\/","name":"ALIZEL Shop","description":"Online-Shop der ALIZEL Gruppe","publisher":{"@id":"https:\/\/alizel.de\/online\/#organization"},"potentialAction":[{"@type":"SearchAction","target":{"@type":"EntryPoint","urlTemplate":"https:\/\/alizel.de\/online\/?s={search_term_string}"},"query-input":{"@type":"PropertyValueSpecification","valueRequired":true,"valueName":"search_term_string"}}],"inLanguage":"de"},{"@type":"Organization","@id":"https:\/\/alizel.de\/online\/#organization","name":"ALIZEL Shop","url":"https:\/\/alizel.de\/online\/","logo":{"@type":"ImageObject","inLanguage":"de","@id":"https:\/\/alizel.de\/online\/#\/schema\/logo\/image\/","url":"https:\/\/alizel.de\/shop\/wp-content\/uploads\/sites\/2\/2025\/08\/alizel100.jpg","contentUrl":"https:\/\/alizel.de\/shop\/wp-content\/uploads\/sites\/2\/2025\/08\/alizel100.jpg","width":1069,"height":600,"caption":"ALIZEL Shop"},"image":{"@id":"https:\/\/alizel.de\/online\/#\/schema\/logo\/image\/"}}]}},"taxonomy_info":[],"featured_image_src_large":false,"author_info":{"display_name":"Zeljko","author_link":"https:\/\/alizel.de\/online\/author\/zeljko\/"},"comment_info":0,"_links":{"self":[{"href":"https:\/\/alizel.de\/online\/wp-json\/wp\/v2\/pages\/67","targetHints":{"allow":["GET"]}}],"collection":[{"href":"https:\/\/alizel.de\/online\/wp-json\/wp\/v2\/pages"}],"about":[{"href":"https:\/\/alizel.de\/online\/wp-json\/wp\/v2\/types\/page"}],"author":[{"embeddable":true,"href":"https:\/\/alizel.de\/online\/wp-json\/wp\/v2\/users\/1"}],"replies":[{"embeddable":true,"href":"https:\/\/alizel.de\/online\/wp-json\/wp\/v2\/comments?post=67"}],"version-history":[{"count":1,"href":"https:\/\/alizel.de\/online\/wp-json\/wp\/v2\/pages\/67\/revisions"}],"predecessor-version":[{"id":434,"href":"https:\/\/alizel.de\/online\/wp-json\/wp\/v2\/pages\/67\/revisions\/434"}],"wp:attachment":[{"href":"https:\/\/alizel.de\/online\/wp-json\/wp\/v2\/media?parent=67"}],"curies":[{"name":"wp","href":"https:\/\/api.w.org\/{rel}","templated":true}]}}