{"id":9,"date":"2025-08-23T08:28:29","date_gmt":"2025-08-23T06:28:29","guid":{"rendered":"https:\/\/alizel.de\/shop\/?page_id=9"},"modified":"2025-09-04T07:29:11","modified_gmt":"2025-09-04T05:29:11","slug":"rueckerstattung_rueckgaben","status":"publish","type":"page","link":"https:\/\/alizel.de\/online\/rueckerstattung_rueckgaben\/","title":{"rendered":"R\u00fcckerstattungen und R\u00fcckgaben"},"content":{"rendered":"\n<h2 class=\"wp-block-heading\">Erstattungs- und R\u00fcckgabebestimmungen<\/h2>\n\n\n\n<p>Unser R\u00fcckerstattungs- und R\u00fcckgaberecht betr\u00e4gt 14 Tage ab Warenerhalt. Wenn seit deinem Kauf 14 Tage oder mehr vergangen sind, k\u00f6nnen wir keine vollst\u00e4ndige R\u00fcckerstattung oder keinen Umtausch mehr anbieten.<\/p>\n\n\n\n<p>Um f\u00fcr eine R\u00fcckgabe in Frage zu kommen, muss die betreffende Ware unbenutzt sein und sich in demselben Zustand befinden, in dem du sie erhalten hast. Au\u00dferdem muss sich diese in der Originalverpackung befinden.<\/p>\n\n\n\n<p>Um deine R\u00fccksendung zu bearbeiten und abzuschlie\u00dfen, ben\u00f6tigen wir von dir die dazugeh\u00f6rende Rechnung. Warenr\u00fccksendungen mit der Rechnung schickst du bitte an die Adresse: ALIZEL, Untere Dorfstra\u00dfe 8, 79843 L\u00f6ffingen. Diese findest du auch auf der Verpackung der Lieferung.<\/p>\n\n\n\n<p>Grunds\u00e4tzlich muss der K\u00e4ufer die Kosten f\u00fcr die R\u00fccksendung tragen.<\/p>\n\n\n\n<h3 class=\"wp-block-heading\">Von der R\u00fcckgabe ausgeschlossen<\/h3>\n\n\n\n<p>Von der R\u00fcckgabe ausgeschlossen sind verderbliche Waren wie Lebensmittel und Blumen sowie Zeitungen, Zeitschriften, Geschenk-Karten, Gutscheine, Kosmetik, Unterw\u00e4sche, Bademoden sowie Intim- und Hygieneartikel.<\/p>\n\n\n\n<p>Das R\u00fcckgaberecht erlischt vorzeitig bei Vertr\u00e4gen \u00fcber die Lieferung versiegelter Waren, die aus Gr\u00fcnden des Gesundheitsschutzes oder der Hygiene nicht zur R\u00fcckgabe geeignet sind, wenn ihre Versiegelung nach der Lieferung entfernt wurde. Das R\u00fcckgaberecht erlischt vorzeitig mit der Ausf\u00fchrung bei Vertr\u00e4gen \u00fcber die Lieferung digitaler Produkte und\/oder Ausf\u00fchrung von Dienstleistungen.<\/p>\n\n\n\n<p>Waren mit offensichtlichen Gebrauchsspuren und\/oder Besch\u00e4digungen die nicht auf unseren Fehler zur\u00fcckzuf\u00fchren sind sowie unvollst\u00e4ndige Waren sind von der R\u00fcckerstattung ausgeschlossen. In solchen F\u00e4llen k\u00f6nnen nur Teil-R\u00fcckerstattungen gew\u00e4hrt werden.<\/p>\n\n\n\n<p>Das R\u00fcckgaberecht besteht nicht bei Vertr\u00e4gen zur Lieferung von Waren, die vorgefertigt sind und f\u00fcr deren Herstellung eine individuelle Auswahl oder Bestimmung durch den Verbraucher ma\u00dfgeblich ist oder die eindeutig auf die pers\u00f6nlichen Bed\u00fcrfnisse des Verbrauchers zugeschnitten sind.<\/p>\n\n\n\n<p>Die Garantie- und Gew\u00e4hrleistungspflichten des Verk\u00e4ufers bleiben hiervon unber\u00fchrt.<\/p>\n\n\n\n<h3 class=\"wp-block-heading\">Ist die gelieferte Ware besch\u00e4digt oder mangelhaft?<\/h3>\n\n\n\n<p>Ist eine Ware zum Zeitpunkt der \u00dcbergabe an den Kunden besch\u00e4digt oder mangelhaft, hat der Kunde das Recht auf einen Umtausch gegen fehlerfreie Ware oder auf eine Reparatur. Erst wenn das nicht m\u00f6glich ist, wird der Kaufpreis zur\u00fcckerstattet. In diesem Fall geht die R\u00fccksendungen zu kosten des Anbieters.<\/p>\n\n\n\n<p>Die Waren f\u00fcr eine R\u00fccksendung m\u00fcssen unbenutzt und in demselben Zustand sein, in dem du sie erhalten hast. Die Ware muss in der Originalverpackung ggf. inklusive aller dazu geh\u00f6render Unterlagen zur\u00fcckgeschickt werden.<\/p>\n\n\n\n<h3 class=\"wp-block-heading\">R\u00fcckerstattung<\/h3>\n\n\n\n<p>Sobald wir deine R\u00fccksendung erhalten und gepr\u00fcft haben, wird dir eine E-Mail gesendet, um dich \u00fcber die Genehmigung oder Ablehnung deiner R\u00fcckerstattung zu informieren.<\/p>\n\n\n\n<p>Im Falle einer Genehmigung wird deine R\u00fcckerstattung bearbeitet und innerhalb von 14 Tagen automatisch auf deine urspr\u00fcngliche Zahlungsmethode zur\u00fcck gebucht.<\/p>\n\n\n\n<h3 class=\"wp-block-heading\">Retouren sind umweltsch\u00e4dlich und teuer<\/h3>\n\n\n\n<p>Retouren sind nicht umsonst, sie verursachen Kosten, f\u00fcr dich, f\u00fcr uns und sie sind sowas von Umweltsch\u00e4dlich. Bedenke das bei deinem Einkauf. Im Zweifelsfall frage lieber bei uns nach. Lese dazu auch den Beitrag \u201c<a href=\"https:\/\/alizel.de\/online\/retouren-im-online-handel\/\">Retouren im Online-Handel<\/a>\u201c.<\/p>\n","protected":false},"excerpt":{"rendered":"<p>Erstattungs- und R\u00fcckgabebestimmungen Unser R\u00fcckerstattungs- und R\u00fcckgaberecht betr\u00e4gt 14 Tage ab Warenerhalt. Wenn seit deinem Kauf 14 Tage oder mehr vergangen sind, k\u00f6nnen wir keine vollst\u00e4ndige R\u00fcckerstattung oder keinen Umtausch mehr anbieten. Um f\u00fcr eine R\u00fcckgabe in Frage zu kommen, muss die betreffende Ware unbenutzt sein und sich in demselben Zustand befinden, in dem du&#8230;<\/p>\n","protected":false},"author":1,"featured_media":0,"parent":0,"menu_order":0,"comment_status":"closed","ping_status":"closed","template":"","meta":{"_kad_blocks_custom_css":"","_kad_blocks_head_custom_js":"","_kad_blocks_body_custom_js":"","_kad_blocks_footer_custom_js":"","_kad_post_transparent":"","_kad_post_title":"","_kad_post_layout":"left","_kad_post_sidebar_id":"sidebar-secondary","_kad_post_content_style":"","_kad_post_vertical_padding":"show","_kad_post_feature":"","_kad_post_feature_position":"","_kad_post_header":false,"_kad_post_footer":false,"_kad_post_classname":"","footnotes":""},"class_list":["post-9","page","type-page","status-publish","hentry"],"yoast_head":"<!-- This site is optimized with the Yoast SEO plugin v27.4 - https:\/\/yoast.com\/product\/yoast-seo-wordpress\/ -->\n<title>R\u00fcckerstattungen und R\u00fcckgaben - ALIZEL Online-Shop<\/title>\n<meta name=\"robots\" content=\"index, follow, max-snippet:-1, max-image-preview:large, max-video-preview:-1\" \/>\n<link rel=\"canonical\" href=\"https:\/\/alizel.de\/online\/rueckerstattung_rueckgaben\/\" \/>\n<meta property=\"og:locale\" content=\"de_DE\" \/>\n<meta property=\"og:type\" content=\"article\" \/>\n<meta property=\"og:title\" content=\"R\u00fcckerstattungen und R\u00fcckgaben - ALIZEL Online-Shop\" \/>\n<meta property=\"og:description\" content=\"Erstattungs- und R\u00fcckgabebestimmungen Unser R\u00fcckerstattungs- und R\u00fcckgaberecht betr\u00e4gt 14 Tage ab Warenerhalt. Wenn seit deinem Kauf 14 Tage oder mehr vergangen sind, k\u00f6nnen wir keine vollst\u00e4ndige R\u00fcckerstattung oder keinen Umtausch mehr anbieten. Um f\u00fcr eine R\u00fcckgabe in Frage zu kommen, muss die betreffende Ware unbenutzt sein und sich in demselben Zustand befinden, in dem du...\" \/>\n<meta property=\"og:url\" content=\"https:\/\/alizel.de\/online\/rueckerstattung_rueckgaben\/\" \/>\n<meta property=\"og:site_name\" content=\"ALIZEL Online-Shop\" \/>\n<meta property=\"article:modified_time\" content=\"2025-09-04T05:29:11+00:00\" \/>\n<meta name=\"twitter:card\" content=\"summary_large_image\" \/>\n<meta name=\"twitter:label1\" content=\"Gesch\u00e4tzte Lesezeit\" \/>\n\t<meta name=\"twitter:data1\" content=\"3\u00a0Minuten\" \/>\n<script type=\"application\/ld+json\" class=\"yoast-schema-graph\">{\"@context\":\"https:\\\/\\\/schema.org\",\"@graph\":[{\"@type\":\"WebPage\",\"@id\":\"https:\\\/\\\/alizel.de\\\/online\\\/rueckerstattung_rueckgaben\\\/\",\"url\":\"https:\\\/\\\/alizel.de\\\/online\\\/rueckerstattung_rueckgaben\\\/\",\"name\":\"R\u00fcckerstattungen und R\u00fcckgaben - ALIZEL Online-Shop\",\"isPartOf\":{\"@id\":\"https:\\\/\\\/alizel.de\\\/online\\\/#website\"},\"datePublished\":\"2025-08-23T06:28:29+00:00\",\"dateModified\":\"2025-09-04T05:29:11+00:00\",\"breadcrumb\":{\"@id\":\"https:\\\/\\\/alizel.de\\\/online\\\/rueckerstattung_rueckgaben\\\/#breadcrumb\"},\"inLanguage\":\"de\",\"potentialAction\":[{\"@type\":\"ReadAction\",\"target\":[\"https:\\\/\\\/alizel.de\\\/online\\\/rueckerstattung_rueckgaben\\\/\"]}]},{\"@type\":\"BreadcrumbList\",\"@id\":\"https:\\\/\\\/alizel.de\\\/online\\\/rueckerstattung_rueckgaben\\\/#breadcrumb\",\"itemListElement\":[{\"@type\":\"ListItem\",\"position\":1,\"name\":\"Startseite\",\"item\":\"https:\\\/\\\/alizel.de\\\/online\\\/\"},{\"@type\":\"ListItem\",\"position\":2,\"name\":\"R\u00fcckerstattungen und R\u00fcckgaben\"}]},{\"@type\":\"WebSite\",\"@id\":\"https:\\\/\\\/alizel.de\\\/online\\\/#website\",\"url\":\"https:\\\/\\\/alizel.de\\\/online\\\/\",\"name\":\"ALIZEL Shop\",\"description\":\"Online-Shop der ALIZEL Gruppe\",\"publisher\":{\"@id\":\"https:\\\/\\\/alizel.de\\\/online\\\/#organization\"},\"potentialAction\":[{\"@type\":\"SearchAction\",\"target\":{\"@type\":\"EntryPoint\",\"urlTemplate\":\"https:\\\/\\\/alizel.de\\\/online\\\/?s={search_term_string}\"},\"query-input\":{\"@type\":\"PropertyValueSpecification\",\"valueRequired\":true,\"valueName\":\"search_term_string\"}}],\"inLanguage\":\"de\"},{\"@type\":\"Organization\",\"@id\":\"https:\\\/\\\/alizel.de\\\/online\\\/#organization\",\"name\":\"ALIZEL Shop\",\"url\":\"https:\\\/\\\/alizel.de\\\/online\\\/\",\"logo\":{\"@type\":\"ImageObject\",\"inLanguage\":\"de\",\"@id\":\"https:\\\/\\\/alizel.de\\\/online\\\/#\\\/schema\\\/logo\\\/image\\\/\",\"url\":\"https:\\\/\\\/alizel.de\\\/shop\\\/wp-content\\\/uploads\\\/sites\\\/2\\\/2025\\\/08\\\/alizel100.jpg\",\"contentUrl\":\"https:\\\/\\\/alizel.de\\\/shop\\\/wp-content\\\/uploads\\\/sites\\\/2\\\/2025\\\/08\\\/alizel100.jpg\",\"width\":1069,\"height\":600,\"caption\":\"ALIZEL Shop\"},\"image\":{\"@id\":\"https:\\\/\\\/alizel.de\\\/online\\\/#\\\/schema\\\/logo\\\/image\\\/\"}}]}<\/script>\n<!-- \/ Yoast SEO plugin. -->","yoast_head_json":{"title":"R\u00fcckerstattungen und R\u00fcckgaben - ALIZEL Online-Shop","robots":{"index":"index","follow":"follow","max-snippet":"max-snippet:-1","max-image-preview":"max-image-preview:large","max-video-preview":"max-video-preview:-1"},"canonical":"https:\/\/alizel.de\/online\/rueckerstattung_rueckgaben\/","og_locale":"de_DE","og_type":"article","og_title":"R\u00fcckerstattungen und R\u00fcckgaben - ALIZEL Online-Shop","og_description":"Erstattungs- und R\u00fcckgabebestimmungen Unser R\u00fcckerstattungs- und R\u00fcckgaberecht betr\u00e4gt 14 Tage ab Warenerhalt. Wenn seit deinem Kauf 14 Tage oder mehr vergangen sind, k\u00f6nnen wir keine vollst\u00e4ndige R\u00fcckerstattung oder keinen Umtausch mehr anbieten. Um f\u00fcr eine R\u00fcckgabe in Frage zu kommen, muss die betreffende Ware unbenutzt sein und sich in demselben Zustand befinden, in dem du...","og_url":"https:\/\/alizel.de\/online\/rueckerstattung_rueckgaben\/","og_site_name":"ALIZEL Online-Shop","article_modified_time":"2025-09-04T05:29:11+00:00","twitter_card":"summary_large_image","twitter_misc":{"Gesch\u00e4tzte Lesezeit":"3\u00a0Minuten"},"schema":{"@context":"https:\/\/schema.org","@graph":[{"@type":"WebPage","@id":"https:\/\/alizel.de\/online\/rueckerstattung_rueckgaben\/","url":"https:\/\/alizel.de\/online\/rueckerstattung_rueckgaben\/","name":"R\u00fcckerstattungen und R\u00fcckgaben - ALIZEL Online-Shop","isPartOf":{"@id":"https:\/\/alizel.de\/online\/#website"},"datePublished":"2025-08-23T06:28:29+00:00","dateModified":"2025-09-04T05:29:11+00:00","breadcrumb":{"@id":"https:\/\/alizel.de\/online\/rueckerstattung_rueckgaben\/#breadcrumb"},"inLanguage":"de","potentialAction":[{"@type":"ReadAction","target":["https:\/\/alizel.de\/online\/rueckerstattung_rueckgaben\/"]}]},{"@type":"BreadcrumbList","@id":"https:\/\/alizel.de\/online\/rueckerstattung_rueckgaben\/#breadcrumb","itemListElement":[{"@type":"ListItem","position":1,"name":"Startseite","item":"https:\/\/alizel.de\/online\/"},{"@type":"ListItem","position":2,"name":"R\u00fcckerstattungen und R\u00fcckgaben"}]},{"@type":"WebSite","@id":"https:\/\/alizel.de\/online\/#website","url":"https:\/\/alizel.de\/online\/","name":"ALIZEL Shop","description":"Online-Shop der ALIZEL Gruppe","publisher":{"@id":"https:\/\/alizel.de\/online\/#organization"},"potentialAction":[{"@type":"SearchAction","target":{"@type":"EntryPoint","urlTemplate":"https:\/\/alizel.de\/online\/?s={search_term_string}"},"query-input":{"@type":"PropertyValueSpecification","valueRequired":true,"valueName":"search_term_string"}}],"inLanguage":"de"},{"@type":"Organization","@id":"https:\/\/alizel.de\/online\/#organization","name":"ALIZEL Shop","url":"https:\/\/alizel.de\/online\/","logo":{"@type":"ImageObject","inLanguage":"de","@id":"https:\/\/alizel.de\/online\/#\/schema\/logo\/image\/","url":"https:\/\/alizel.de\/shop\/wp-content\/uploads\/sites\/2\/2025\/08\/alizel100.jpg","contentUrl":"https:\/\/alizel.de\/shop\/wp-content\/uploads\/sites\/2\/2025\/08\/alizel100.jpg","width":1069,"height":600,"caption":"ALIZEL Shop"},"image":{"@id":"https:\/\/alizel.de\/online\/#\/schema\/logo\/image\/"}}]}},"taxonomy_info":[],"featured_image_src_large":false,"author_info":{"display_name":"Zeljko","author_link":"https:\/\/alizel.de\/online\/author\/zeljko\/"},"comment_info":0,"_links":{"self":[{"href":"https:\/\/alizel.de\/online\/wp-json\/wp\/v2\/pages\/9","targetHints":{"allow":["GET"]}}],"collection":[{"href":"https:\/\/alizel.de\/online\/wp-json\/wp\/v2\/pages"}],"about":[{"href":"https:\/\/alizel.de\/online\/wp-json\/wp\/v2\/types\/page"}],"author":[{"embeddable":true,"href":"https:\/\/alizel.de\/online\/wp-json\/wp\/v2\/users\/1"}],"replies":[{"embeddable":true,"href":"https:\/\/alizel.de\/online\/wp-json\/wp\/v2\/comments?post=9"}],"version-history":[{"count":1,"href":"https:\/\/alizel.de\/online\/wp-json\/wp\/v2\/pages\/9\/revisions"}],"predecessor-version":[{"id":433,"href":"https:\/\/alizel.de\/online\/wp-json\/wp\/v2\/pages\/9\/revisions\/433"}],"wp:attachment":[{"href":"https:\/\/alizel.de\/online\/wp-json\/wp\/v2\/media?parent=9"}],"curies":[{"name":"wp","href":"https:\/\/api.w.org\/{rel}","templated":true}]}}