{"id":1037,"date":"2025-11-17T09:51:01","date_gmt":"2025-11-17T08:51:01","guid":{"rendered":"https:\/\/alizel.de\/online\/?post_type=product&#038;p=1037"},"modified":"2025-11-17T10:06:20","modified_gmt":"2025-11-17T09:06:20","slug":"zuziehbeutel-mini-aus-baumwolle-10-x-14-cm","status":"publish","type":"product","link":"https:\/\/alizel.de\/online\/produkt\/zuziehbeutel-mini-aus-baumwolle-10-x-14-cm\/","title":{"rendered":"Zuziehbeutel Mini aus Baumwolle 10 x 14 cm"},"content":{"rendered":"\n<h2 class=\"wp-block-heading\">Zuziehbeutel Mini aus Baumwolle 10 x 14 cm<\/h2>\n\n\n\n<p>Der Zuziehbeutel Mini aus Baumwolle 10 x 14 cm ist ein kleiner Beutel aus naturbelassener Baumwolle, mit doppeltem Kordelzug ebenfalls aus reiner Baumwolle.<\/p>\n\n\n\n<p>Eine nachhaltige und praktische Verpackung f\u00fcr kleine Geschenke, Mitbringsel oder Selbstgebasteltes. Auch ideal zum Aufbewahren von Kr\u00e4utern, Seife, Schmuck und kleinen Accessoires.<\/p>\n\n\n\n<ul class=\"wp-block-list\">\n<li>Gr\u00f6\u00dfe: ca. 10 x 14 cm<\/li>\n\n\n\n<li>Grammatur: 140 g\/m\u00b2<\/li>\n\n\n\n<li>Farbe: Naturell<\/li>\n\n\n\n<li>Material: 100% Baumwolle<\/li>\n\n\n\n<li>Zertifizierung: Faire Arbeitsbedingungen, Oeko-Tex\u00ae Standard 100<\/li>\n\n\n\n<li>Pflegehinweise: nicht waschbar<\/li>\n\n\n\n<li>Lieferung: ohne Inhalt\/Deko<\/li>\n<\/ul>\n\n\n\n<p>Artikel-Nr.: XT007<br>Tags: Baumwollbeutel, Baumwolltasche, Dufts\u00e4ckchen, Gew\u00fcrzs\u00e4ckchen, Kr\u00e4uterbeutel, Gew\u00fcrzbeutel, Kr\u00e4uters\u00e4ckchen<\/p>\n","protected":false},"excerpt":{"rendered":"<p>Beutel mit doppeltem Kordelzug aus reiner Baumwolle.<\/p>\n","protected":false},"featured_media":1038,"comment_status":"closed","ping_status":"closed","template":"","meta":{"_kad_blocks_custom_css":"","_kad_blocks_head_custom_js":"","_kad_blocks_body_custom_js":"","_kad_blocks_footer_custom_js":"","_kad_post_transparent":"","_kad_post_title":"","_kad_post_layout":"","_kad_post_sidebar_id":"","_kad_post_content_style":"","_kad_post_vertical_padding":"","_kad_post_feature":"","_kad_post_feature_position":"","_kad_post_header":false,"_kad_post_footer":false,"_kad_post_classname":""},"product_brand":[],"product_cat":[221,206],"product_tag":[224,222,223],"product_brands":[],"class_list":{"0":"post-1037","1":"product","2":"type-product","3":"status-publish","4":"has-post-thumbnail","6":"product_cat-alltagshelfer","7":"product_cat-hilfsmittel-zubehoer","8":"product_tag-aufbewahrung","9":"product_tag-beutel","10":"product_tag-taschen","11":"product_shipping_class-waren-bis-50-g","13":"first","14":"instock","15":"taxable","16":"shipping-taxable","17":"purchasable","18":"product-type-simple","19":"entry","20":"content-bg","21":"loop-entry"},"yoast_head":"<!-- This site is optimized with the Yoast SEO plugin v27.4 - https:\/\/yoast.com\/product\/yoast-seo-wordpress\/ -->\n<title>Zuziehbeutel Mini aus Baumwolle 10 x 14 cm - ALIZEL Online-Shop<\/title>\n<meta name=\"description\" content=\"Der Zuziehbeutel Midi aus reiner Baumwolle ist ein kleiner Beutel in der Gr\u00f6\u00dfe ca. 17 x 20 cm aus naturbelassener Baumwolle, mit doppeltem Kordelzug.\" \/>\n<meta name=\"robots\" content=\"index, follow, max-snippet:-1, max-image-preview:large, max-video-preview:-1\" \/>\n<link rel=\"canonical\" href=\"https:\/\/alizel.de\/online\/produkt\/zuziehbeutel-mini-aus-baumwolle-10-x-14-cm\/\" \/>\n<meta property=\"og:locale\" content=\"de_DE\" \/>\n<meta property=\"og:type\" content=\"article\" \/>\n<meta property=\"og:title\" content=\"Zuziehbeutel Mini aus Baumwolle 10 x 14 cm - ALIZEL Online-Shop\" \/>\n<meta property=\"og:description\" content=\"Der Zuziehbeutel Midi aus reiner Baumwolle ist ein kleiner Beutel in der Gr\u00f6\u00dfe ca. 17 x 20 cm aus naturbelassener Baumwolle, mit doppeltem Kordelzug.\" \/>\n<meta property=\"og:url\" content=\"https:\/\/alizel.de\/online\/produkt\/zuziehbeutel-mini-aus-baumwolle-10-x-14-cm\/\" \/>\n<meta property=\"og:site_name\" content=\"ALIZEL Online-Shop\" \/>\n<meta property=\"article:modified_time\" content=\"2025-11-17T09:06:20+00:00\" \/>\n<meta property=\"og:image\" content=\"https:\/\/alizel.de\/online\/wp-content\/uploads\/sites\/2\/2025\/11\/XT007a.jpg\" \/>\n\t<meta property=\"og:image:width\" content=\"800\" \/>\n\t<meta property=\"og:image:height\" content=\"800\" \/>\n\t<meta property=\"og:image:type\" content=\"image\/jpeg\" \/>\n<meta name=\"twitter:card\" content=\"summary_large_image\" \/>\n<meta name=\"twitter:label1\" content=\"Gesch\u00e4tzte Lesezeit\" \/>\n\t<meta name=\"twitter:data1\" content=\"1\u00a0Minute\" \/>\n<script type=\"application\/ld+json\" class=\"yoast-schema-graph\">{\"@context\":\"https:\\\/\\\/schema.org\",\"@graph\":[{\"@type\":\"WebPage\",\"@id\":\"https:\\\/\\\/alizel.de\\\/online\\\/produkt\\\/zuziehbeutel-mini-aus-baumwolle-10-x-14-cm\\\/\",\"url\":\"https:\\\/\\\/alizel.de\\\/online\\\/produkt\\\/zuziehbeutel-mini-aus-baumwolle-10-x-14-cm\\\/\",\"name\":\"Zuziehbeutel Mini aus Baumwolle 10 x 14 cm - ALIZEL Online-Shop\",\"isPartOf\":{\"@id\":\"https:\\\/\\\/alizel.de\\\/online\\\/#website\"},\"primaryImageOfPage\":{\"@id\":\"https:\\\/\\\/alizel.de\\\/online\\\/produkt\\\/zuziehbeutel-mini-aus-baumwolle-10-x-14-cm\\\/#primaryimage\"},\"image\":{\"@id\":\"https:\\\/\\\/alizel.de\\\/online\\\/produkt\\\/zuziehbeutel-mini-aus-baumwolle-10-x-14-cm\\\/#primaryimage\"},\"thumbnailUrl\":\"https:\\\/\\\/alizel.de\\\/online\\\/wp-content\\\/uploads\\\/sites\\\/2\\\/2025\\\/11\\\/XT007a.jpg\",\"datePublished\":\"2025-11-17T08:51:01+00:00\",\"dateModified\":\"2025-11-17T09:06:20+00:00\",\"description\":\"Der Zuziehbeutel Midi aus reiner Baumwolle ist ein kleiner Beutel in der Gr\u00f6\u00dfe ca. 17 x 20 cm aus naturbelassener Baumwolle, mit doppeltem Kordelzug.\",\"breadcrumb\":{\"@id\":\"https:\\\/\\\/alizel.de\\\/online\\\/produkt\\\/zuziehbeutel-mini-aus-baumwolle-10-x-14-cm\\\/#breadcrumb\"},\"inLanguage\":\"de\",\"potentialAction\":[{\"@type\":\"ReadAction\",\"target\":[\"https:\\\/\\\/alizel.de\\\/online\\\/produkt\\\/zuziehbeutel-mini-aus-baumwolle-10-x-14-cm\\\/\"]}]},{\"@type\":\"ImageObject\",\"inLanguage\":\"de\",\"@id\":\"https:\\\/\\\/alizel.de\\\/online\\\/produkt\\\/zuziehbeutel-mini-aus-baumwolle-10-x-14-cm\\\/#primaryimage\",\"url\":\"https:\\\/\\\/alizel.de\\\/online\\\/wp-content\\\/uploads\\\/sites\\\/2\\\/2025\\\/11\\\/XT007a.jpg\",\"contentUrl\":\"https:\\\/\\\/alizel.de\\\/online\\\/wp-content\\\/uploads\\\/sites\\\/2\\\/2025\\\/11\\\/XT007a.jpg\",\"width\":800,\"height\":800},{\"@type\":\"BreadcrumbList\",\"@id\":\"https:\\\/\\\/alizel.de\\\/online\\\/produkt\\\/zuziehbeutel-mini-aus-baumwolle-10-x-14-cm\\\/#breadcrumb\",\"itemListElement\":[{\"@type\":\"ListItem\",\"position\":1,\"name\":\"Startseite\",\"item\":\"https:\\\/\\\/alizel.de\\\/online\\\/\"},{\"@type\":\"ListItem\",\"position\":2,\"name\":\"Shop\",\"item\":\"https:\\\/\\\/alizel.de\\\/online\\\/shop\\\/\"},{\"@type\":\"ListItem\",\"position\":3,\"name\":\"Zuziehbeutel Mini aus Baumwolle 10 x 14 cm\"}]},{\"@type\":\"WebSite\",\"@id\":\"https:\\\/\\\/alizel.de\\\/online\\\/#website\",\"url\":\"https:\\\/\\\/alizel.de\\\/online\\\/\",\"name\":\"ALIZEL Shop\",\"description\":\"Online-Shop der ALIZEL Gruppe\",\"publisher\":{\"@id\":\"https:\\\/\\\/alizel.de\\\/online\\\/#organization\"},\"potentialAction\":[{\"@type\":\"SearchAction\",\"target\":{\"@type\":\"EntryPoint\",\"urlTemplate\":\"https:\\\/\\\/alizel.de\\\/online\\\/?s={search_term_string}\"},\"query-input\":{\"@type\":\"PropertyValueSpecification\",\"valueRequired\":true,\"valueName\":\"search_term_string\"}}],\"inLanguage\":\"de\"},{\"@type\":\"Organization\",\"@id\":\"https:\\\/\\\/alizel.de\\\/online\\\/#organization\",\"name\":\"ALIZEL Shop\",\"url\":\"https:\\\/\\\/alizel.de\\\/online\\\/\",\"logo\":{\"@type\":\"ImageObject\",\"inLanguage\":\"de\",\"@id\":\"https:\\\/\\\/alizel.de\\\/online\\\/#\\\/schema\\\/logo\\\/image\\\/\",\"url\":\"https:\\\/\\\/alizel.de\\\/shop\\\/wp-content\\\/uploads\\\/sites\\\/2\\\/2025\\\/08\\\/alizel100.jpg\",\"contentUrl\":\"https:\\\/\\\/alizel.de\\\/shop\\\/wp-content\\\/uploads\\\/sites\\\/2\\\/2025\\\/08\\\/alizel100.jpg\",\"width\":1069,\"height\":600,\"caption\":\"ALIZEL Shop\"},\"image\":{\"@id\":\"https:\\\/\\\/alizel.de\\\/online\\\/#\\\/schema\\\/logo\\\/image\\\/\"}}]}<\/script>\n<!-- \/ Yoast SEO plugin. -->","yoast_head_json":{"title":"Zuziehbeutel Mini aus Baumwolle 10 x 14 cm - ALIZEL Online-Shop","description":"Der Zuziehbeutel Midi aus reiner Baumwolle ist ein kleiner Beutel in der Gr\u00f6\u00dfe ca. 17 x 20 cm aus naturbelassener Baumwolle, mit doppeltem Kordelzug.","robots":{"index":"index","follow":"follow","max-snippet":"max-snippet:-1","max-image-preview":"max-image-preview:large","max-video-preview":"max-video-preview:-1"},"canonical":"https:\/\/alizel.de\/online\/produkt\/zuziehbeutel-mini-aus-baumwolle-10-x-14-cm\/","og_locale":"de_DE","og_type":"article","og_title":"Zuziehbeutel Mini aus Baumwolle 10 x 14 cm - ALIZEL Online-Shop","og_description":"Der Zuziehbeutel Midi aus reiner Baumwolle ist ein kleiner Beutel in der Gr\u00f6\u00dfe ca. 17 x 20 cm aus naturbelassener Baumwolle, mit doppeltem Kordelzug.","og_url":"https:\/\/alizel.de\/online\/produkt\/zuziehbeutel-mini-aus-baumwolle-10-x-14-cm\/","og_site_name":"ALIZEL Online-Shop","article_modified_time":"2025-11-17T09:06:20+00:00","og_image":[{"width":800,"height":800,"url":"https:\/\/alizel.de\/online\/wp-content\/uploads\/sites\/2\/2025\/11\/XT007a.jpg","type":"image\/jpeg"}],"twitter_card":"summary_large_image","twitter_misc":{"Gesch\u00e4tzte Lesezeit":"1\u00a0Minute"},"schema":{"@context":"https:\/\/schema.org","@graph":[{"@type":"WebPage","@id":"https:\/\/alizel.de\/online\/produkt\/zuziehbeutel-mini-aus-baumwolle-10-x-14-cm\/","url":"https:\/\/alizel.de\/online\/produkt\/zuziehbeutel-mini-aus-baumwolle-10-x-14-cm\/","name":"Zuziehbeutel Mini aus Baumwolle 10 x 14 cm - ALIZEL Online-Shop","isPartOf":{"@id":"https:\/\/alizel.de\/online\/#website"},"primaryImageOfPage":{"@id":"https:\/\/alizel.de\/online\/produkt\/zuziehbeutel-mini-aus-baumwolle-10-x-14-cm\/#primaryimage"},"image":{"@id":"https:\/\/alizel.de\/online\/produkt\/zuziehbeutel-mini-aus-baumwolle-10-x-14-cm\/#primaryimage"},"thumbnailUrl":"https:\/\/alizel.de\/online\/wp-content\/uploads\/sites\/2\/2025\/11\/XT007a.jpg","datePublished":"2025-11-17T08:51:01+00:00","dateModified":"2025-11-17T09:06:20+00:00","description":"Der Zuziehbeutel Midi aus reiner Baumwolle ist ein kleiner Beutel in der Gr\u00f6\u00dfe ca. 17 x 20 cm aus naturbelassener Baumwolle, mit doppeltem Kordelzug.","breadcrumb":{"@id":"https:\/\/alizel.de\/online\/produkt\/zuziehbeutel-mini-aus-baumwolle-10-x-14-cm\/#breadcrumb"},"inLanguage":"de","potentialAction":[{"@type":"ReadAction","target":["https:\/\/alizel.de\/online\/produkt\/zuziehbeutel-mini-aus-baumwolle-10-x-14-cm\/"]}]},{"@type":"ImageObject","inLanguage":"de","@id":"https:\/\/alizel.de\/online\/produkt\/zuziehbeutel-mini-aus-baumwolle-10-x-14-cm\/#primaryimage","url":"https:\/\/alizel.de\/online\/wp-content\/uploads\/sites\/2\/2025\/11\/XT007a.jpg","contentUrl":"https:\/\/alizel.de\/online\/wp-content\/uploads\/sites\/2\/2025\/11\/XT007a.jpg","width":800,"height":800},{"@type":"BreadcrumbList","@id":"https:\/\/alizel.de\/online\/produkt\/zuziehbeutel-mini-aus-baumwolle-10-x-14-cm\/#breadcrumb","itemListElement":[{"@type":"ListItem","position":1,"name":"Startseite","item":"https:\/\/alizel.de\/online\/"},{"@type":"ListItem","position":2,"name":"Shop","item":"https:\/\/alizel.de\/online\/shop\/"},{"@type":"ListItem","position":3,"name":"Zuziehbeutel Mini aus Baumwolle 10 x 14 cm"}]},{"@type":"WebSite","@id":"https:\/\/alizel.de\/online\/#website","url":"https:\/\/alizel.de\/online\/","name":"ALIZEL Shop","description":"Online-Shop der ALIZEL Gruppe","publisher":{"@id":"https:\/\/alizel.de\/online\/#organization"},"potentialAction":[{"@type":"SearchAction","target":{"@type":"EntryPoint","urlTemplate":"https:\/\/alizel.de\/online\/?s={search_term_string}"},"query-input":{"@type":"PropertyValueSpecification","valueRequired":true,"valueName":"search_term_string"}}],"inLanguage":"de"},{"@type":"Organization","@id":"https:\/\/alizel.de\/online\/#organization","name":"ALIZEL Shop","url":"https:\/\/alizel.de\/online\/","logo":{"@type":"ImageObject","inLanguage":"de","@id":"https:\/\/alizel.de\/online\/#\/schema\/logo\/image\/","url":"https:\/\/alizel.de\/shop\/wp-content\/uploads\/sites\/2\/2025\/08\/alizel100.jpg","contentUrl":"https:\/\/alizel.de\/shop\/wp-content\/uploads\/sites\/2\/2025\/08\/alizel100.jpg","width":1069,"height":600,"caption":"ALIZEL Shop"},"image":{"@id":"https:\/\/alizel.de\/online\/#\/schema\/logo\/image\/"}}]}},"taxonomy_info":{"product_cat":[{"value":221,"label":"Alltagshelfer"},{"value":206,"label":"Hilfsmittel &amp; Zubeh\u00f6r"}],"product_tag":[{"value":224,"label":"Aufbewahrung"},{"value":222,"label":"Beutel"},{"value":223,"label":"Taschen"}]},"featured_image_src_large":["https:\/\/alizel.de\/online\/wp-content\/uploads\/sites\/2\/2025\/11\/XT007a.jpg",800,800,false],"author_info":[],"comment_info":0,"_links":{"self":[{"href":"https:\/\/alizel.de\/online\/wp-json\/wp\/v2\/product\/1037","targetHints":{"allow":["GET"]}}],"collection":[{"href":"https:\/\/alizel.de\/online\/wp-json\/wp\/v2\/product"}],"about":[{"href":"https:\/\/alizel.de\/online\/wp-json\/wp\/v2\/types\/product"}],"replies":[{"embeddable":true,"href":"https:\/\/alizel.de\/online\/wp-json\/wp\/v2\/comments?post=1037"}],"wp:featuredmedia":[{"embeddable":true,"href":"https:\/\/alizel.de\/online\/wp-json\/wp\/v2\/media\/1038"}],"wp:attachment":[{"href":"https:\/\/alizel.de\/online\/wp-json\/wp\/v2\/media?parent=1037"}],"wp:term":[{"taxonomy":"product_brand","embeddable":true,"href":"https:\/\/alizel.de\/online\/wp-json\/wp\/v2\/product_brand?post=1037"},{"taxonomy":"product_cat","embeddable":true,"href":"https:\/\/alizel.de\/online\/wp-json\/wp\/v2\/product_cat?post=1037"},{"taxonomy":"product_tag","embeddable":true,"href":"https:\/\/alizel.de\/online\/wp-json\/wp\/v2\/product_tag?post=1037"},{"taxonomy":"product_brands","embeddable":true,"href":"https:\/\/alizel.de\/online\/wp-json\/wp\/v2\/product_brands?post=1037"}],"curies":[{"name":"wp","href":"https:\/\/api.w.org\/{rel}","templated":true}]}}