{"id":1043,"date":"2025-12-15T10:37:10","date_gmt":"2025-12-15T09:37:10","guid":{"rendered":"https:\/\/alizel.de\/online\/?post_type=product&#038;p=1043"},"modified":"2025-12-15T11:31:49","modified_gmt":"2025-12-15T10:31:49","slug":"in-balance-duftmischung-primavera-5-ml","status":"publish","type":"product","link":"https:\/\/alizel.de\/online\/produkt\/in-balance-duftmischung-primavera-5-ml\/","title":{"rendered":"In Balance Duftmischung PRIMAVERA\u00ae, 5 ml"},"content":{"rendered":"\n<h2 class=\"wp-block-heading\">In Balance Duftmischung PRIMAVERA\u00ae 5 ml<\/h2>\n\n\n\n<p>In Balance Duftmischung von PRIMAVERA\u00ae &#8211; Sich selbst Achtsamkeit schenken, in sich hineinh\u00f6ren, das Innerste ins Gleichgewicht bringen und Harmonie mit anderen erleben. Daf\u00fcr ist die Duftmischung In Balance komponiert. Rose und Orange sind eine sinnliche Mischung &#8211; blumig und weich. Eine wundervolle M\u00f6glichkeit, sich selbst Gutes zu tun. Der blumig-weiche Duft wirkt ausgleichend und bringt Harmonie und Zufriedenheit in dein Zuhause.<\/p>\n\n\n\n<ul class=\"wp-block-list\">\n<li>Orange: ausgleichend<\/li>\n\n\n\n<li>Rose: harmonisierend<\/li>\n\n\n\n<li>Rosengeranie: sinnlich<\/li>\n<\/ul>\n\n\n\n<h3 class=\"wp-block-heading\">Details In Balance Duftmischung<\/h3>\n\n\n\n<ul class=\"wp-block-list\">\n<li>Duftprofil: blumig, s\u00fc\u00df<\/li>\n\n\n\n<li>Duftwirkung: harmonisierend<\/li>\n\n\n\n<li>Qualit\u00e4t: vegan, Leaping Bunny<\/li>\n\n\n\n<li>Anwendung: Einige Tropfen der Duftmischung auf einen Dufttr\u00e4ger, z.B. Duftstein o. \u00c4. geben.<\/li>\n\n\n\n<li>Botanische Bezeichnung: Lavandula Angustifolia<\/li>\n\n\n\n<li>Inhaltsstoffe: Enth\u00e4lt Orangen\u00f6l, Geranium\u00f6l (Rosengeranie), Palmarosa\u00f6l, Copaivabalsam, Bergamotte\u00f6l, Styrax Benzoin Extrakt (Benzoe Siam), Rosen\u00f6l, Vanilleextrakt, Sandelholz\u00f6l.<\/li>\n<\/ul>\n\n\n\n<p>Alle Angaben lt. Hersteller.<\/p>\n\n\n\n<p>Unsere Art.-Nr: IP18511<\/p>\n","protected":false},"excerpt":{"rendered":"<p>Der sinnliche-harmonisierende Duft bringt das Innerste ins Gleichgewicht.<\/p>\n","protected":false},"featured_media":1044,"comment_status":"closed","ping_status":"closed","template":"","meta":{"_kad_blocks_custom_css":"","_kad_blocks_head_custom_js":"","_kad_blocks_body_custom_js":"","_kad_blocks_footer_custom_js":"","_kad_post_transparent":"","_kad_post_title":"","_kad_post_layout":"","_kad_post_sidebar_id":"","_kad_post_content_style":"","_kad_post_vertical_padding":"","_kad_post_feature":"","_kad_post_feature_position":"","_kad_post_header":false,"_kad_post_footer":false,"_kad_post_classname":""},"product_brand":[123],"product_cat":[221,81],"product_tag":[226,225,72,227,148,36,85],"product_brands":[],"class_list":{"0":"post-1043","1":"product","2":"type-product","3":"status-publish","4":"has-post-thumbnail","6":"product_brand-primavera","7":"product_cat-alltagshelfer","8":"product_cat-wohlfuehl-natur","9":"product_tag-achtsamkeit","10":"product_tag-aetherische-oele","11":"product_tag-balance","12":"product_tag-duftmischung","13":"product_tag-entspannung","14":"product_tag-harmonie","15":"product_tag-raumduft","16":"product_shipping_class-paeckchen-bis-2-kg","18":"first","19":"instock","20":"taxable","21":"shipping-taxable","22":"purchasable","23":"product-type-simple","24":"entry","25":"content-bg","26":"loop-entry"},"yoast_head":"<!-- This site is optimized with the Yoast SEO plugin v27.4 - https:\/\/yoast.com\/product\/yoast-seo-wordpress\/ -->\n<title>In Balance Duftmischung PRIMAVERA\u00ae, 5 ml - ALIZEL Online-Shop<\/title>\n<meta name=\"description\" content=\"Sich selbst Achtsamkeit schenken, das Innerste ins Gleichgewicht bringen und Harmonie mit anderen erleben. Mit In Balance Duftmischung von PRIMAVERA\u00ae\" \/>\n<meta name=\"robots\" content=\"index, follow, max-snippet:-1, max-image-preview:large, max-video-preview:-1\" \/>\n<link rel=\"canonical\" href=\"https:\/\/alizel.de\/online\/produkt\/in-balance-duftmischung-primavera-5-ml\/\" \/>\n<meta property=\"og:locale\" content=\"de_DE\" \/>\n<meta property=\"og:type\" content=\"article\" \/>\n<meta property=\"og:title\" content=\"In Balance Duftmischung PRIMAVERA\u00ae, 5 ml - ALIZEL Online-Shop\" \/>\n<meta property=\"og:description\" content=\"Sich selbst Achtsamkeit schenken, das Innerste ins Gleichgewicht bringen und Harmonie mit anderen erleben. Mit In Balance Duftmischung von PRIMAVERA\u00ae\" \/>\n<meta property=\"og:url\" content=\"https:\/\/alizel.de\/online\/produkt\/in-balance-duftmischung-primavera-5-ml\/\" \/>\n<meta property=\"og:site_name\" content=\"ALIZEL Online-Shop\" \/>\n<meta property=\"article:modified_time\" content=\"2025-12-15T10:31:49+00:00\" \/>\n<meta property=\"og:image\" content=\"https:\/\/alizel.de\/online\/wp-content\/uploads\/sites\/2\/2025\/12\/duftmischung18511-8001.webp\" \/>\n\t<meta property=\"og:image:width\" content=\"800\" \/>\n\t<meta property=\"og:image:height\" content=\"800\" \/>\n\t<meta property=\"og:image:type\" content=\"image\/webp\" \/>\n<meta name=\"twitter:card\" content=\"summary_large_image\" \/>\n<meta name=\"twitter:label1\" content=\"Gesch\u00e4tzte Lesezeit\" \/>\n\t<meta name=\"twitter:data1\" content=\"1\u00a0Minute\" \/>\n<script type=\"application\/ld+json\" class=\"yoast-schema-graph\">{\"@context\":\"https:\\\/\\\/schema.org\",\"@graph\":[{\"@type\":\"WebPage\",\"@id\":\"https:\\\/\\\/alizel.de\\\/online\\\/produkt\\\/in-balance-duftmischung-primavera-5-ml\\\/\",\"url\":\"https:\\\/\\\/alizel.de\\\/online\\\/produkt\\\/in-balance-duftmischung-primavera-5-ml\\\/\",\"name\":\"In Balance Duftmischung PRIMAVERA\u00ae, 5 ml - ALIZEL Online-Shop\",\"isPartOf\":{\"@id\":\"https:\\\/\\\/alizel.de\\\/online\\\/#website\"},\"primaryImageOfPage\":{\"@id\":\"https:\\\/\\\/alizel.de\\\/online\\\/produkt\\\/in-balance-duftmischung-primavera-5-ml\\\/#primaryimage\"},\"image\":{\"@id\":\"https:\\\/\\\/alizel.de\\\/online\\\/produkt\\\/in-balance-duftmischung-primavera-5-ml\\\/#primaryimage\"},\"thumbnailUrl\":\"https:\\\/\\\/alizel.de\\\/online\\\/wp-content\\\/uploads\\\/sites\\\/2\\\/2025\\\/12\\\/duftmischung18511-8001.webp\",\"datePublished\":\"2025-12-15T09:37:10+00:00\",\"dateModified\":\"2025-12-15T10:31:49+00:00\",\"description\":\"Sich selbst Achtsamkeit schenken, das Innerste ins Gleichgewicht bringen und Harmonie mit anderen erleben. Mit In Balance Duftmischung von PRIMAVERA\u00ae\",\"breadcrumb\":{\"@id\":\"https:\\\/\\\/alizel.de\\\/online\\\/produkt\\\/in-balance-duftmischung-primavera-5-ml\\\/#breadcrumb\"},\"inLanguage\":\"de\",\"potentialAction\":[{\"@type\":\"ReadAction\",\"target\":[\"https:\\\/\\\/alizel.de\\\/online\\\/produkt\\\/in-balance-duftmischung-primavera-5-ml\\\/\"]}]},{\"@type\":\"ImageObject\",\"inLanguage\":\"de\",\"@id\":\"https:\\\/\\\/alizel.de\\\/online\\\/produkt\\\/in-balance-duftmischung-primavera-5-ml\\\/#primaryimage\",\"url\":\"https:\\\/\\\/alizel.de\\\/online\\\/wp-content\\\/uploads\\\/sites\\\/2\\\/2025\\\/12\\\/duftmischung18511-8001.webp\",\"contentUrl\":\"https:\\\/\\\/alizel.de\\\/online\\\/wp-content\\\/uploads\\\/sites\\\/2\\\/2025\\\/12\\\/duftmischung18511-8001.webp\",\"width\":800,\"height\":800,\"caption\":\"In Balance Duftmischung\"},{\"@type\":\"BreadcrumbList\",\"@id\":\"https:\\\/\\\/alizel.de\\\/online\\\/produkt\\\/in-balance-duftmischung-primavera-5-ml\\\/#breadcrumb\",\"itemListElement\":[{\"@type\":\"ListItem\",\"position\":1,\"name\":\"Startseite\",\"item\":\"https:\\\/\\\/alizel.de\\\/online\\\/\"},{\"@type\":\"ListItem\",\"position\":2,\"name\":\"Shop\",\"item\":\"https:\\\/\\\/alizel.de\\\/online\\\/shop\\\/\"},{\"@type\":\"ListItem\",\"position\":3,\"name\":\"In Balance Duftmischung PRIMAVERA\u00ae, 5 ml\"}]},{\"@type\":\"WebSite\",\"@id\":\"https:\\\/\\\/alizel.de\\\/online\\\/#website\",\"url\":\"https:\\\/\\\/alizel.de\\\/online\\\/\",\"name\":\"ALIZEL Shop\",\"description\":\"Online-Shop der ALIZEL Gruppe\",\"publisher\":{\"@id\":\"https:\\\/\\\/alizel.de\\\/online\\\/#organization\"},\"potentialAction\":[{\"@type\":\"SearchAction\",\"target\":{\"@type\":\"EntryPoint\",\"urlTemplate\":\"https:\\\/\\\/alizel.de\\\/online\\\/?s={search_term_string}\"},\"query-input\":{\"@type\":\"PropertyValueSpecification\",\"valueRequired\":true,\"valueName\":\"search_term_string\"}}],\"inLanguage\":\"de\"},{\"@type\":\"Organization\",\"@id\":\"https:\\\/\\\/alizel.de\\\/online\\\/#organization\",\"name\":\"ALIZEL Shop\",\"url\":\"https:\\\/\\\/alizel.de\\\/online\\\/\",\"logo\":{\"@type\":\"ImageObject\",\"inLanguage\":\"de\",\"@id\":\"https:\\\/\\\/alizel.de\\\/online\\\/#\\\/schema\\\/logo\\\/image\\\/\",\"url\":\"https:\\\/\\\/alizel.de\\\/shop\\\/wp-content\\\/uploads\\\/sites\\\/2\\\/2025\\\/08\\\/alizel100.jpg\",\"contentUrl\":\"https:\\\/\\\/alizel.de\\\/shop\\\/wp-content\\\/uploads\\\/sites\\\/2\\\/2025\\\/08\\\/alizel100.jpg\",\"width\":1069,\"height\":600,\"caption\":\"ALIZEL Shop\"},\"image\":{\"@id\":\"https:\\\/\\\/alizel.de\\\/online\\\/#\\\/schema\\\/logo\\\/image\\\/\"}}]}<\/script>\n<!-- \/ Yoast SEO plugin. -->","yoast_head_json":{"title":"In Balance Duftmischung PRIMAVERA\u00ae, 5 ml - ALIZEL Online-Shop","description":"Sich selbst Achtsamkeit schenken, das Innerste ins Gleichgewicht bringen und Harmonie mit anderen erleben. Mit In Balance Duftmischung von PRIMAVERA\u00ae","robots":{"index":"index","follow":"follow","max-snippet":"max-snippet:-1","max-image-preview":"max-image-preview:large","max-video-preview":"max-video-preview:-1"},"canonical":"https:\/\/alizel.de\/online\/produkt\/in-balance-duftmischung-primavera-5-ml\/","og_locale":"de_DE","og_type":"article","og_title":"In Balance Duftmischung PRIMAVERA\u00ae, 5 ml - ALIZEL Online-Shop","og_description":"Sich selbst Achtsamkeit schenken, das Innerste ins Gleichgewicht bringen und Harmonie mit anderen erleben. Mit In Balance Duftmischung von PRIMAVERA\u00ae","og_url":"https:\/\/alizel.de\/online\/produkt\/in-balance-duftmischung-primavera-5-ml\/","og_site_name":"ALIZEL Online-Shop","article_modified_time":"2025-12-15T10:31:49+00:00","og_image":[{"width":800,"height":800,"url":"https:\/\/alizel.de\/online\/wp-content\/uploads\/sites\/2\/2025\/12\/duftmischung18511-8001.webp","type":"image\/webp"}],"twitter_card":"summary_large_image","twitter_misc":{"Gesch\u00e4tzte Lesezeit":"1\u00a0Minute"},"schema":{"@context":"https:\/\/schema.org","@graph":[{"@type":"WebPage","@id":"https:\/\/alizel.de\/online\/produkt\/in-balance-duftmischung-primavera-5-ml\/","url":"https:\/\/alizel.de\/online\/produkt\/in-balance-duftmischung-primavera-5-ml\/","name":"In Balance Duftmischung PRIMAVERA\u00ae, 5 ml - ALIZEL Online-Shop","isPartOf":{"@id":"https:\/\/alizel.de\/online\/#website"},"primaryImageOfPage":{"@id":"https:\/\/alizel.de\/online\/produkt\/in-balance-duftmischung-primavera-5-ml\/#primaryimage"},"image":{"@id":"https:\/\/alizel.de\/online\/produkt\/in-balance-duftmischung-primavera-5-ml\/#primaryimage"},"thumbnailUrl":"https:\/\/alizel.de\/online\/wp-content\/uploads\/sites\/2\/2025\/12\/duftmischung18511-8001.webp","datePublished":"2025-12-15T09:37:10+00:00","dateModified":"2025-12-15T10:31:49+00:00","description":"Sich selbst Achtsamkeit schenken, das Innerste ins Gleichgewicht bringen und Harmonie mit anderen erleben. Mit In Balance Duftmischung von PRIMAVERA\u00ae","breadcrumb":{"@id":"https:\/\/alizel.de\/online\/produkt\/in-balance-duftmischung-primavera-5-ml\/#breadcrumb"},"inLanguage":"de","potentialAction":[{"@type":"ReadAction","target":["https:\/\/alizel.de\/online\/produkt\/in-balance-duftmischung-primavera-5-ml\/"]}]},{"@type":"ImageObject","inLanguage":"de","@id":"https:\/\/alizel.de\/online\/produkt\/in-balance-duftmischung-primavera-5-ml\/#primaryimage","url":"https:\/\/alizel.de\/online\/wp-content\/uploads\/sites\/2\/2025\/12\/duftmischung18511-8001.webp","contentUrl":"https:\/\/alizel.de\/online\/wp-content\/uploads\/sites\/2\/2025\/12\/duftmischung18511-8001.webp","width":800,"height":800,"caption":"In Balance Duftmischung"},{"@type":"BreadcrumbList","@id":"https:\/\/alizel.de\/online\/produkt\/in-balance-duftmischung-primavera-5-ml\/#breadcrumb","itemListElement":[{"@type":"ListItem","position":1,"name":"Startseite","item":"https:\/\/alizel.de\/online\/"},{"@type":"ListItem","position":2,"name":"Shop","item":"https:\/\/alizel.de\/online\/shop\/"},{"@type":"ListItem","position":3,"name":"In Balance Duftmischung PRIMAVERA\u00ae, 5 ml"}]},{"@type":"WebSite","@id":"https:\/\/alizel.de\/online\/#website","url":"https:\/\/alizel.de\/online\/","name":"ALIZEL Shop","description":"Online-Shop der ALIZEL Gruppe","publisher":{"@id":"https:\/\/alizel.de\/online\/#organization"},"potentialAction":[{"@type":"SearchAction","target":{"@type":"EntryPoint","urlTemplate":"https:\/\/alizel.de\/online\/?s={search_term_string}"},"query-input":{"@type":"PropertyValueSpecification","valueRequired":true,"valueName":"search_term_string"}}],"inLanguage":"de"},{"@type":"Organization","@id":"https:\/\/alizel.de\/online\/#organization","name":"ALIZEL Shop","url":"https:\/\/alizel.de\/online\/","logo":{"@type":"ImageObject","inLanguage":"de","@id":"https:\/\/alizel.de\/online\/#\/schema\/logo\/image\/","url":"https:\/\/alizel.de\/shop\/wp-content\/uploads\/sites\/2\/2025\/08\/alizel100.jpg","contentUrl":"https:\/\/alizel.de\/shop\/wp-content\/uploads\/sites\/2\/2025\/08\/alizel100.jpg","width":1069,"height":600,"caption":"ALIZEL Shop"},"image":{"@id":"https:\/\/alizel.de\/online\/#\/schema\/logo\/image\/"}}]}},"taxonomy_info":{"product_brand":[{"value":123,"label":"PRIMAVERA\u00ae"}],"product_cat":[{"value":221,"label":"Alltagshelfer"},{"value":81,"label":"Wohlf\u00fchl-Natur"}],"product_tag":[{"value":226,"label":"Achtsamkeit"},{"value":225,"label":"\u00c4therische \u00d6le"},{"value":72,"label":"Balance"},{"value":227,"label":"Duftmischung"},{"value":148,"label":"Entspannung"},{"value":36,"label":"Harmonie"},{"value":85,"label":"Raumduft"}]},"featured_image_src_large":["https:\/\/alizel.de\/online\/wp-content\/uploads\/sites\/2\/2025\/12\/duftmischung18511-8001.webp",800,800,false],"author_info":[],"comment_info":0,"_links":{"self":[{"href":"https:\/\/alizel.de\/online\/wp-json\/wp\/v2\/product\/1043","targetHints":{"allow":["GET"]}}],"collection":[{"href":"https:\/\/alizel.de\/online\/wp-json\/wp\/v2\/product"}],"about":[{"href":"https:\/\/alizel.de\/online\/wp-json\/wp\/v2\/types\/product"}],"replies":[{"embeddable":true,"href":"https:\/\/alizel.de\/online\/wp-json\/wp\/v2\/comments?post=1043"}],"wp:featuredmedia":[{"embeddable":true,"href":"https:\/\/alizel.de\/online\/wp-json\/wp\/v2\/media\/1044"}],"wp:attachment":[{"href":"https:\/\/alizel.de\/online\/wp-json\/wp\/v2\/media?parent=1043"}],"wp:term":[{"taxonomy":"product_brand","embeddable":true,"href":"https:\/\/alizel.de\/online\/wp-json\/wp\/v2\/product_brand?post=1043"},{"taxonomy":"product_cat","embeddable":true,"href":"https:\/\/alizel.de\/online\/wp-json\/wp\/v2\/product_cat?post=1043"},{"taxonomy":"product_tag","embeddable":true,"href":"https:\/\/alizel.de\/online\/wp-json\/wp\/v2\/product_tag?post=1043"},{"taxonomy":"product_brands","embeddable":true,"href":"https:\/\/alizel.de\/online\/wp-json\/wp\/v2\/product_brands?post=1043"}],"curies":[{"name":"wp","href":"https:\/\/api.w.org\/{rel}","templated":true}]}}