{"id":1045,"date":"2025-12-15T11:57:21","date_gmt":"2025-12-15T10:57:21","guid":{"rendered":"https:\/\/alizel.de\/online\/?post_type=product&#038;p=1045"},"modified":"2026-03-29T05:24:57","modified_gmt":"2026-03-29T03:24:57","slug":"aroma-duftstein-ornament","status":"publish","type":"product","link":"https:\/\/alizel.de\/online\/produkt\/aroma-duftstein-ornament\/","title":{"rendered":"Aroma Duftstein Ornament"},"content":{"rendered":"\n<p>Der dekorative Aroma Duftstein Ornament bereichert deinen Alltag mit kostbaren Gl\u00fccksmomenten voll duftender Lebensfreude. Seine kompakte Gr\u00f6\u00dfe macht den hochwertigen Keramikstein zum idealen Duftbegleiter f\u00fcr zuhause oder unterwegs. Durch sein feines Design mit rundem <a href=\"https:\/\/beledama.de\/blog\/mandala-ornament-bedeutung-ursprung-und-wirkung\/\" target=\"_blank\" rel=\"noreferrer noopener\">Mandala-Ornament<\/a> wird er zum \u00e4sthetischen Deko-Element f\u00fcr deine Wohnr\u00e4ume. Mit einer Duftreichweite von rund 2 m\u00b2 bietet sich der Duftstein zur Anwendung im kleinen Radius an, wie beispielsweise am Schreibtisch, auf dem Nachttisch oder in Bad, Eingangsbereich oder Hotelzimmer.<\/p>\n\n\n\n<p>Der Stein besteht aus wei\u00dfer, unglasierter Keramik, wodurch er sich als optimaler Dufttr\u00e4ger f\u00fcr 100 % naturreine \u00e4therische \u00d6le und Duftmischungen anbietet. Zum Schutz der Auflagefl\u00e4che ist die Unterseite mit transparenter Glasur versiegelt. Zur Anwendung gibst du einfach 3 bis 5 Tropfen deines Lieblings\u00f6ls auf die unglasierte Oberfl\u00e4che des Duftsteins. Der Ton nimmt das \u00e4therische \u00d6l in sich auf und gibt den Duft durch nat\u00fcrliche Kaltverdunstung dezent in die Raumluft ab. In nur wenigen Augenblicken entsteht so ein duftendes Ambiente zum Wohlf\u00fchlen dein duftender Gl\u00fccksmoment.<\/p>\n\n\n\n<p>Dieser Keramik-Duftstein wird in feiner Handarbeit in Europa hergestellt, wodurch jedes Exemplar ein Unikat ist. Kleine Farbabweichungen und Unregelm\u00e4\u00dfigkeiten sind somit ein Zeichen f\u00fcr hochwertige, handgearbeitete Qualit\u00e4t.<\/p>\n\n\n\n<ul class=\"wp-block-list\">\n<li>Abmessungen: H 1,4 cm, B 5,5 cm, T 5,5 cm<\/li>\n\n\n\n<li>Material: hochwertige teilglasierte Keramik<\/li>\n\n\n\n<li>Beduftungsbereich: ca. 2 m\u00b2<\/li>\n\n\n\n<li>Dosierung: 3-5 Tropfen, Duftstein nur auf der Oberseite betr\u00e4ufeln. Die Unterseite ist glasiert.<\/li>\n\n\n\n<li>Geeignet f\u00fcr: Wohnzimmer, Schlafzimmer, Hotel, Auto, Bad<\/li>\n<\/ul>\n\n\n\n<p><strong>Tipp<\/strong>: Dein Aroma Duftstein aus Keramik l\u00e4sst sich ganz einfach reinigen, um alte \u00d6lr\u00fcckst\u00e4nde weitestgehend zu entfernen. Daf\u00fcr legst du ihn f\u00fcr 10-15 Minuten in warmes Sp\u00fclwasser, reinigst ihn w\u00e4hrenddessen mehrmals mit einem weichen Schwamm oder einer weichen B\u00fcrste und l\u00e4sst ihn dann vollst\u00e4ndig trocknen<\/p>\n\n\n\n<p>Alle Angaben lt. Hersteller.<\/p>\n\n\n\n<p>Unsere Art.-Nr: IP60113<\/p>\n","protected":false},"excerpt":{"rendered":"<p>F\u00fcr duftende Gl\u00fccksmomente.<\/p>\n","protected":false},"featured_media":1046,"comment_status":"closed","ping_status":"closed","template":"","meta":{"_kad_blocks_custom_css":"","_kad_blocks_head_custom_js":"","_kad_blocks_body_custom_js":"","_kad_blocks_footer_custom_js":"","_kad_post_transparent":"","_kad_post_title":"","_kad_post_layout":"","_kad_post_sidebar_id":"","_kad_post_content_style":"","_kad_post_vertical_padding":"","_kad_post_feature":"","_kad_post_feature_position":"","_kad_post_header":false,"_kad_post_footer":false,"_kad_post_classname":""},"product_brand":[123],"product_cat":[221,74],"product_tag":[225,72,148,36,85],"product_brands":[],"class_list":{"0":"post-1045","1":"product","2":"type-product","3":"status-publish","4":"has-post-thumbnail","6":"product_brand-primavera","7":"product_cat-alltagshelfer","8":"product_cat-wohlfuehl-accessoires","9":"product_tag-aetherische-oele","10":"product_tag-balance","11":"product_tag-entspannung","12":"product_tag-harmonie","13":"product_tag-raumduft","14":"product_shipping_class-paeckchen-bis-2-kg","16":"first","17":"instock","18":"taxable","19":"shipping-taxable","20":"purchasable","21":"product-type-simple","22":"entry","23":"content-bg","24":"loop-entry"},"yoast_head":"<!-- This site is optimized with the Yoast SEO plugin v27.4 - https:\/\/yoast.com\/product\/yoast-seo-wordpress\/ -->\n<title>Aroma Duftstein Ornament - ALIZEL Online-Shop<\/title>\n<meta name=\"description\" content=\"Aroma Duftstein Ornament\" \/>\n<meta name=\"robots\" content=\"index, follow, max-snippet:-1, max-image-preview:large, max-video-preview:-1\" \/>\n<link rel=\"canonical\" href=\"https:\/\/alizel.de\/online\/produkt\/aroma-duftstein-ornament\/\" \/>\n<meta property=\"og:locale\" content=\"de_DE\" \/>\n<meta property=\"og:type\" content=\"article\" \/>\n<meta property=\"og:title\" content=\"Aroma Duftstein Ornament - ALIZEL Online-Shop\" \/>\n<meta property=\"og:description\" content=\"Aroma Duftstein Ornament\" \/>\n<meta property=\"og:url\" content=\"https:\/\/alizel.de\/online\/produkt\/aroma-duftstein-ornament\/\" \/>\n<meta property=\"og:site_name\" content=\"ALIZEL Online-Shop\" \/>\n<meta property=\"article:modified_time\" content=\"2026-03-29T03:24:57+00:00\" \/>\n<meta property=\"og:image\" content=\"https:\/\/alizel.de\/online\/wp-content\/uploads\/sites\/2\/2025\/12\/duftstein60113-8001.webp\" \/>\n\t<meta property=\"og:image:width\" content=\"800\" \/>\n\t<meta property=\"og:image:height\" content=\"800\" \/>\n\t<meta property=\"og:image:type\" content=\"image\/webp\" \/>\n<meta name=\"twitter:card\" content=\"summary_large_image\" \/>\n<meta name=\"twitter:label1\" content=\"Gesch\u00e4tzte Lesezeit\" \/>\n\t<meta name=\"twitter:data1\" content=\"2\u00a0Minuten\" \/>\n<script type=\"application\/ld+json\" class=\"yoast-schema-graph\">{\"@context\":\"https:\\\/\\\/schema.org\",\"@graph\":[{\"@type\":\"WebPage\",\"@id\":\"https:\\\/\\\/alizel.de\\\/online\\\/produkt\\\/aroma-duftstein-ornament\\\/\",\"url\":\"https:\\\/\\\/alizel.de\\\/online\\\/produkt\\\/aroma-duftstein-ornament\\\/\",\"name\":\"Aroma Duftstein Ornament - ALIZEL Online-Shop\",\"isPartOf\":{\"@id\":\"https:\\\/\\\/alizel.de\\\/online\\\/#website\"},\"primaryImageOfPage\":{\"@id\":\"https:\\\/\\\/alizel.de\\\/online\\\/produkt\\\/aroma-duftstein-ornament\\\/#primaryimage\"},\"image\":{\"@id\":\"https:\\\/\\\/alizel.de\\\/online\\\/produkt\\\/aroma-duftstein-ornament\\\/#primaryimage\"},\"thumbnailUrl\":\"https:\\\/\\\/alizel.de\\\/online\\\/wp-content\\\/uploads\\\/sites\\\/2\\\/2025\\\/12\\\/duftstein60113-8001.webp\",\"datePublished\":\"2025-12-15T10:57:21+00:00\",\"dateModified\":\"2026-03-29T03:24:57+00:00\",\"description\":\"Aroma Duftstein Ornament\",\"breadcrumb\":{\"@id\":\"https:\\\/\\\/alizel.de\\\/online\\\/produkt\\\/aroma-duftstein-ornament\\\/#breadcrumb\"},\"inLanguage\":\"de\",\"potentialAction\":[{\"@type\":\"ReadAction\",\"target\":[\"https:\\\/\\\/alizel.de\\\/online\\\/produkt\\\/aroma-duftstein-ornament\\\/\"]}]},{\"@type\":\"ImageObject\",\"inLanguage\":\"de\",\"@id\":\"https:\\\/\\\/alizel.de\\\/online\\\/produkt\\\/aroma-duftstein-ornament\\\/#primaryimage\",\"url\":\"https:\\\/\\\/alizel.de\\\/online\\\/wp-content\\\/uploads\\\/sites\\\/2\\\/2025\\\/12\\\/duftstein60113-8001.webp\",\"contentUrl\":\"https:\\\/\\\/alizel.de\\\/online\\\/wp-content\\\/uploads\\\/sites\\\/2\\\/2025\\\/12\\\/duftstein60113-8001.webp\",\"width\":800,\"height\":800,\"caption\":\"Aroma Duftstein Ornament\"},{\"@type\":\"BreadcrumbList\",\"@id\":\"https:\\\/\\\/alizel.de\\\/online\\\/produkt\\\/aroma-duftstein-ornament\\\/#breadcrumb\",\"itemListElement\":[{\"@type\":\"ListItem\",\"position\":1,\"name\":\"Startseite\",\"item\":\"https:\\\/\\\/alizel.de\\\/online\\\/\"},{\"@type\":\"ListItem\",\"position\":2,\"name\":\"Shop\",\"item\":\"https:\\\/\\\/alizel.de\\\/online\\\/shop\\\/\"},{\"@type\":\"ListItem\",\"position\":3,\"name\":\"Aroma Duftstein Ornament\"}]},{\"@type\":\"WebSite\",\"@id\":\"https:\\\/\\\/alizel.de\\\/online\\\/#website\",\"url\":\"https:\\\/\\\/alizel.de\\\/online\\\/\",\"name\":\"ALIZEL Shop\",\"description\":\"Online-Shop der ALIZEL Gruppe\",\"publisher\":{\"@id\":\"https:\\\/\\\/alizel.de\\\/online\\\/#organization\"},\"potentialAction\":[{\"@type\":\"SearchAction\",\"target\":{\"@type\":\"EntryPoint\",\"urlTemplate\":\"https:\\\/\\\/alizel.de\\\/online\\\/?s={search_term_string}\"},\"query-input\":{\"@type\":\"PropertyValueSpecification\",\"valueRequired\":true,\"valueName\":\"search_term_string\"}}],\"inLanguage\":\"de\"},{\"@type\":\"Organization\",\"@id\":\"https:\\\/\\\/alizel.de\\\/online\\\/#organization\",\"name\":\"ALIZEL Shop\",\"url\":\"https:\\\/\\\/alizel.de\\\/online\\\/\",\"logo\":{\"@type\":\"ImageObject\",\"inLanguage\":\"de\",\"@id\":\"https:\\\/\\\/alizel.de\\\/online\\\/#\\\/schema\\\/logo\\\/image\\\/\",\"url\":\"https:\\\/\\\/alizel.de\\\/shop\\\/wp-content\\\/uploads\\\/sites\\\/2\\\/2025\\\/08\\\/alizel100.jpg\",\"contentUrl\":\"https:\\\/\\\/alizel.de\\\/shop\\\/wp-content\\\/uploads\\\/sites\\\/2\\\/2025\\\/08\\\/alizel100.jpg\",\"width\":1069,\"height\":600,\"caption\":\"ALIZEL Shop\"},\"image\":{\"@id\":\"https:\\\/\\\/alizel.de\\\/online\\\/#\\\/schema\\\/logo\\\/image\\\/\"}}]}<\/script>\n<!-- \/ Yoast SEO plugin. -->","yoast_head_json":{"title":"Aroma Duftstein Ornament - ALIZEL Online-Shop","description":"Aroma Duftstein Ornament","robots":{"index":"index","follow":"follow","max-snippet":"max-snippet:-1","max-image-preview":"max-image-preview:large","max-video-preview":"max-video-preview:-1"},"canonical":"https:\/\/alizel.de\/online\/produkt\/aroma-duftstein-ornament\/","og_locale":"de_DE","og_type":"article","og_title":"Aroma Duftstein Ornament - ALIZEL Online-Shop","og_description":"Aroma Duftstein Ornament","og_url":"https:\/\/alizel.de\/online\/produkt\/aroma-duftstein-ornament\/","og_site_name":"ALIZEL Online-Shop","article_modified_time":"2026-03-29T03:24:57+00:00","og_image":[{"width":800,"height":800,"url":"https:\/\/alizel.de\/online\/wp-content\/uploads\/sites\/2\/2025\/12\/duftstein60113-8001.webp","type":"image\/webp"}],"twitter_card":"summary_large_image","twitter_misc":{"Gesch\u00e4tzte Lesezeit":"2\u00a0Minuten"},"schema":{"@context":"https:\/\/schema.org","@graph":[{"@type":"WebPage","@id":"https:\/\/alizel.de\/online\/produkt\/aroma-duftstein-ornament\/","url":"https:\/\/alizel.de\/online\/produkt\/aroma-duftstein-ornament\/","name":"Aroma Duftstein Ornament - ALIZEL Online-Shop","isPartOf":{"@id":"https:\/\/alizel.de\/online\/#website"},"primaryImageOfPage":{"@id":"https:\/\/alizel.de\/online\/produkt\/aroma-duftstein-ornament\/#primaryimage"},"image":{"@id":"https:\/\/alizel.de\/online\/produkt\/aroma-duftstein-ornament\/#primaryimage"},"thumbnailUrl":"https:\/\/alizel.de\/online\/wp-content\/uploads\/sites\/2\/2025\/12\/duftstein60113-8001.webp","datePublished":"2025-12-15T10:57:21+00:00","dateModified":"2026-03-29T03:24:57+00:00","description":"Aroma Duftstein Ornament","breadcrumb":{"@id":"https:\/\/alizel.de\/online\/produkt\/aroma-duftstein-ornament\/#breadcrumb"},"inLanguage":"de","potentialAction":[{"@type":"ReadAction","target":["https:\/\/alizel.de\/online\/produkt\/aroma-duftstein-ornament\/"]}]},{"@type":"ImageObject","inLanguage":"de","@id":"https:\/\/alizel.de\/online\/produkt\/aroma-duftstein-ornament\/#primaryimage","url":"https:\/\/alizel.de\/online\/wp-content\/uploads\/sites\/2\/2025\/12\/duftstein60113-8001.webp","contentUrl":"https:\/\/alizel.de\/online\/wp-content\/uploads\/sites\/2\/2025\/12\/duftstein60113-8001.webp","width":800,"height":800,"caption":"Aroma Duftstein Ornament"},{"@type":"BreadcrumbList","@id":"https:\/\/alizel.de\/online\/produkt\/aroma-duftstein-ornament\/#breadcrumb","itemListElement":[{"@type":"ListItem","position":1,"name":"Startseite","item":"https:\/\/alizel.de\/online\/"},{"@type":"ListItem","position":2,"name":"Shop","item":"https:\/\/alizel.de\/online\/shop\/"},{"@type":"ListItem","position":3,"name":"Aroma Duftstein Ornament"}]},{"@type":"WebSite","@id":"https:\/\/alizel.de\/online\/#website","url":"https:\/\/alizel.de\/online\/","name":"ALIZEL Shop","description":"Online-Shop der ALIZEL Gruppe","publisher":{"@id":"https:\/\/alizel.de\/online\/#organization"},"potentialAction":[{"@type":"SearchAction","target":{"@type":"EntryPoint","urlTemplate":"https:\/\/alizel.de\/online\/?s={search_term_string}"},"query-input":{"@type":"PropertyValueSpecification","valueRequired":true,"valueName":"search_term_string"}}],"inLanguage":"de"},{"@type":"Organization","@id":"https:\/\/alizel.de\/online\/#organization","name":"ALIZEL Shop","url":"https:\/\/alizel.de\/online\/","logo":{"@type":"ImageObject","inLanguage":"de","@id":"https:\/\/alizel.de\/online\/#\/schema\/logo\/image\/","url":"https:\/\/alizel.de\/shop\/wp-content\/uploads\/sites\/2\/2025\/08\/alizel100.jpg","contentUrl":"https:\/\/alizel.de\/shop\/wp-content\/uploads\/sites\/2\/2025\/08\/alizel100.jpg","width":1069,"height":600,"caption":"ALIZEL Shop"},"image":{"@id":"https:\/\/alizel.de\/online\/#\/schema\/logo\/image\/"}}]}},"taxonomy_info":{"product_brand":[{"value":123,"label":"PRIMAVERA\u00ae"}],"product_cat":[{"value":221,"label":"Alltagshelfer"},{"value":74,"label":"Wohlf\u00fchl-Accessoires"}],"product_tag":[{"value":225,"label":"\u00c4therische \u00d6le"},{"value":72,"label":"Balance"},{"value":148,"label":"Entspannung"},{"value":36,"label":"Harmonie"},{"value":85,"label":"Raumduft"}]},"featured_image_src_large":["https:\/\/alizel.de\/online\/wp-content\/uploads\/sites\/2\/2025\/12\/duftstein60113-8001.webp",800,800,false],"author_info":[],"comment_info":0,"_links":{"self":[{"href":"https:\/\/alizel.de\/online\/wp-json\/wp\/v2\/product\/1045","targetHints":{"allow":["GET"]}}],"collection":[{"href":"https:\/\/alizel.de\/online\/wp-json\/wp\/v2\/product"}],"about":[{"href":"https:\/\/alizel.de\/online\/wp-json\/wp\/v2\/types\/product"}],"replies":[{"embeddable":true,"href":"https:\/\/alizel.de\/online\/wp-json\/wp\/v2\/comments?post=1045"}],"wp:featuredmedia":[{"embeddable":true,"href":"https:\/\/alizel.de\/online\/wp-json\/wp\/v2\/media\/1046"}],"wp:attachment":[{"href":"https:\/\/alizel.de\/online\/wp-json\/wp\/v2\/media?parent=1045"}],"wp:term":[{"taxonomy":"product_brand","embeddable":true,"href":"https:\/\/alizel.de\/online\/wp-json\/wp\/v2\/product_brand?post=1045"},{"taxonomy":"product_cat","embeddable":true,"href":"https:\/\/alizel.de\/online\/wp-json\/wp\/v2\/product_cat?post=1045"},{"taxonomy":"product_tag","embeddable":true,"href":"https:\/\/alizel.de\/online\/wp-json\/wp\/v2\/product_tag?post=1045"},{"taxonomy":"product_brands","embeddable":true,"href":"https:\/\/alizel.de\/online\/wp-json\/wp\/v2\/product_brands?post=1045"}],"curies":[{"name":"wp","href":"https:\/\/api.w.org\/{rel}","templated":true}]}}