{"id":1063,"date":"2025-12-23T08:06:35","date_gmt":"2025-12-23T07:06:35","guid":{"rendered":"https:\/\/alizel.de\/online\/?post_type=product&#038;p=1063"},"modified":"2026-03-29T05:23:57","modified_gmt":"2026-03-29T03:23:57","slug":"litsea-bio-primavera-5ml","status":"publish","type":"product","link":"https:\/\/alizel.de\/online\/produkt\/litsea-bio-primavera-5ml\/","title":{"rendered":"Litsea Bio PRIMAVERA\u00ae, 5ml"},"content":{"rendered":"\n<h2 class=\"wp-block-heading\">Litsea Bio PRIMAVERA\u00ae, 5ml<\/h2>\n\n\n\n<p>Litsea ist ein immergr\u00fcner tropischer Baum mit wei\u00dfen Bl\u00fcten und l\u00e4nglichen Bl\u00e4ttern, die Fr\u00fcchte gleichen kleinen Pfefferschoten. Litsea cubeba kann bis zu 12 Meter hoch werden. In der Naturheilkunde wird es bei Haut- und Verdauungsproblemen eingesetzt.<\/p>\n\n\n\n<h3 class=\"wp-block-heading\">Details Litsea Bio<\/h3>\n\n\n\n<ul class=\"wp-block-list\">\n<li>Inhalt: 5 ml<\/li>\n\n\n\n<li>Qualit\u00e4t: Bio, NATRUE Biokosmetik, vegan, Leaping Bunny<\/li>\n\n\n\n<li>Botanische Bezeichnung: Litsea cubeba<\/li>\n\n\n\n<li>Duftnote: Kopfnote<\/li>\n\n\n\n<li>Duftprofil: frisch, s\u00fc\u00df<\/li>\n\n\n\n<li>Herkunft: China<\/li>\n\n\n\n<li>Pflanzenteil: Frucht<\/li>\n\n\n\n<li>Gewinnung: Wasserdampfdestillation<\/li>\n\n\n\n<li>Bed\u00fcrfnis\/Anwendung: entz\u00fcndungshemmend, antibakteriell, konzentrationsf\u00f6rdernd, stimmungsaufhellend<\/li>\n\n\n\n<li>Anwendung: Nicht pur auf die Haut auftragen &#8211; \u00e4therisches \u00d6l zur Aromapflege der Haut. Max. 9 Tropfen in 50 ml PRIMAVERA Mandel\u00f6l bio.<\/li>\n\n\n\n<li>Inhaltsstoffe: Litsea Cubeba Fruit Oil* Org, Citral, Geraniol**, Limonene, Linalool**<\/li>\n<\/ul>\n\n\n\n<p>*aus kontrolliert biologischem Anbau<br>**nat\u00fcrliche Bestandteile des \u00e4therischen \u00d6ls<\/p>\n\n\n\n<p>Verpackung: Braunglasflasche, Deckel aus PP\/HDPE, M\u00fcndungseinsatz aus LDPE. Glasflasche besteht aus mind. 50 % Recyclingmaterial (ohne Verschluss). F\u00fcr optimales Recycling Glasflasche im Altglas, Deckel und M\u00fcndungseinsatz in der Gelben Tonne entsorgen.<\/p>\n\n\n\n<p>Alle Angaben lt. Hersteller.<br>Hersteller: PRIMAVERA LIFE GmbH, DE-87466 Oy-Mittelberg<\/p>\n\n\n\n<p>Unsere Artikel-Nr.: IP10549<\/p>\n","protected":false},"excerpt":{"rendered":"<p>\u00c4therisches \u00d6l von der Litsea.<\/p>\n","protected":false},"featured_media":1064,"comment_status":"closed","ping_status":"closed","template":"","meta":{"_kad_blocks_custom_css":"","_kad_blocks_head_custom_js":"","_kad_blocks_body_custom_js":"","_kad_blocks_footer_custom_js":"","_kad_post_transparent":"","_kad_post_title":"","_kad_post_layout":"","_kad_post_sidebar_id":"","_kad_post_content_style":"","_kad_post_vertical_padding":"","_kad_post_feature":"","_kad_post_feature_position":"","_kad_post_header":false,"_kad_post_footer":false,"_kad_post_classname":""},"product_brand":[123],"product_cat":[81],"product_tag":[225,82,233],"product_brands":[],"class_list":{"0":"post-1063","1":"product","2":"type-product","3":"status-publish","4":"has-post-thumbnail","6":"product_brand-primavera","7":"product_cat-wohlfuehl-natur","8":"product_tag-aetherische-oele","9":"product_tag-hautpflege","10":"product_tag-uebelkeit","11":"product_shipping_class-waren-bis-50-g","13":"first","14":"instock","15":"taxable","16":"shipping-taxable","17":"purchasable","18":"product-type-simple","19":"entry","20":"content-bg","21":"loop-entry"},"yoast_head":"<!-- This site is optimized with the Yoast SEO plugin v27.4 - https:\/\/yoast.com\/product\/yoast-seo-wordpress\/ -->\n<title>Litsea Bio PRIMAVERA\u00ae, 5ml - ALIZEL Online-Shop<\/title>\n<meta name=\"description\" content=\"Aus der Kraft der Natur: \u00c4therisches \u00d6l Litsea Bio von PRIMAVERA\u00ae\" \/>\n<meta name=\"robots\" content=\"index, follow, max-snippet:-1, max-image-preview:large, max-video-preview:-1\" \/>\n<link rel=\"canonical\" href=\"https:\/\/alizel.de\/online\/produkt\/litsea-bio-primavera-5ml\/\" \/>\n<meta property=\"og:locale\" content=\"de_DE\" \/>\n<meta property=\"og:type\" content=\"article\" \/>\n<meta property=\"og:title\" content=\"Litsea Bio PRIMAVERA\u00ae, 5ml - ALIZEL Online-Shop\" \/>\n<meta property=\"og:description\" content=\"Aus der Kraft der Natur: \u00c4therisches \u00d6l Litsea Bio von PRIMAVERA\u00ae\" \/>\n<meta property=\"og:url\" content=\"https:\/\/alizel.de\/online\/produkt\/litsea-bio-primavera-5ml\/\" \/>\n<meta property=\"og:site_name\" content=\"ALIZEL Online-Shop\" \/>\n<meta property=\"article:modified_time\" content=\"2026-03-29T03:23:57+00:00\" \/>\n<meta property=\"og:image\" content=\"https:\/\/alizel.de\/online\/wp-content\/uploads\/sites\/2\/2025\/12\/litsea10549-8001.webp\" \/>\n\t<meta property=\"og:image:width\" content=\"800\" \/>\n\t<meta property=\"og:image:height\" content=\"800\" \/>\n\t<meta property=\"og:image:type\" content=\"image\/webp\" \/>\n<meta name=\"twitter:card\" content=\"summary_large_image\" \/>\n<meta name=\"twitter:label1\" content=\"Gesch\u00e4tzte Lesezeit\" \/>\n\t<meta name=\"twitter:data1\" content=\"2\u00a0Minuten\" \/>\n<script type=\"application\/ld+json\" class=\"yoast-schema-graph\">{\"@context\":\"https:\\\/\\\/schema.org\",\"@graph\":[{\"@type\":\"WebPage\",\"@id\":\"https:\\\/\\\/alizel.de\\\/online\\\/produkt\\\/litsea-bio-primavera-5ml\\\/\",\"url\":\"https:\\\/\\\/alizel.de\\\/online\\\/produkt\\\/litsea-bio-primavera-5ml\\\/\",\"name\":\"Litsea Bio PRIMAVERA\u00ae, 5ml - ALIZEL Online-Shop\",\"isPartOf\":{\"@id\":\"https:\\\/\\\/alizel.de\\\/online\\\/#website\"},\"primaryImageOfPage\":{\"@id\":\"https:\\\/\\\/alizel.de\\\/online\\\/produkt\\\/litsea-bio-primavera-5ml\\\/#primaryimage\"},\"image\":{\"@id\":\"https:\\\/\\\/alizel.de\\\/online\\\/produkt\\\/litsea-bio-primavera-5ml\\\/#primaryimage\"},\"thumbnailUrl\":\"https:\\\/\\\/alizel.de\\\/online\\\/wp-content\\\/uploads\\\/sites\\\/2\\\/2025\\\/12\\\/litsea10549-8001.webp\",\"datePublished\":\"2025-12-23T07:06:35+00:00\",\"dateModified\":\"2026-03-29T03:23:57+00:00\",\"description\":\"Aus der Kraft der Natur: \u00c4therisches \u00d6l Litsea Bio von PRIMAVERA\u00ae\",\"breadcrumb\":{\"@id\":\"https:\\\/\\\/alizel.de\\\/online\\\/produkt\\\/litsea-bio-primavera-5ml\\\/#breadcrumb\"},\"inLanguage\":\"de\",\"potentialAction\":[{\"@type\":\"ReadAction\",\"target\":[\"https:\\\/\\\/alizel.de\\\/online\\\/produkt\\\/litsea-bio-primavera-5ml\\\/\"]}]},{\"@type\":\"ImageObject\",\"inLanguage\":\"de\",\"@id\":\"https:\\\/\\\/alizel.de\\\/online\\\/produkt\\\/litsea-bio-primavera-5ml\\\/#primaryimage\",\"url\":\"https:\\\/\\\/alizel.de\\\/online\\\/wp-content\\\/uploads\\\/sites\\\/2\\\/2025\\\/12\\\/litsea10549-8001.webp\",\"contentUrl\":\"https:\\\/\\\/alizel.de\\\/online\\\/wp-content\\\/uploads\\\/sites\\\/2\\\/2025\\\/12\\\/litsea10549-8001.webp\",\"width\":800,\"height\":800,\"caption\":\"Litsea bio von PRIMAVERA\"},{\"@type\":\"BreadcrumbList\",\"@id\":\"https:\\\/\\\/alizel.de\\\/online\\\/produkt\\\/litsea-bio-primavera-5ml\\\/#breadcrumb\",\"itemListElement\":[{\"@type\":\"ListItem\",\"position\":1,\"name\":\"Startseite\",\"item\":\"https:\\\/\\\/alizel.de\\\/online\\\/\"},{\"@type\":\"ListItem\",\"position\":2,\"name\":\"Shop\",\"item\":\"https:\\\/\\\/alizel.de\\\/online\\\/shop\\\/\"},{\"@type\":\"ListItem\",\"position\":3,\"name\":\"Litsea Bio PRIMAVERA\u00ae, 5ml\"}]},{\"@type\":\"WebSite\",\"@id\":\"https:\\\/\\\/alizel.de\\\/online\\\/#website\",\"url\":\"https:\\\/\\\/alizel.de\\\/online\\\/\",\"name\":\"ALIZEL Shop\",\"description\":\"Online-Shop der ALIZEL Gruppe\",\"publisher\":{\"@id\":\"https:\\\/\\\/alizel.de\\\/online\\\/#organization\"},\"potentialAction\":[{\"@type\":\"SearchAction\",\"target\":{\"@type\":\"EntryPoint\",\"urlTemplate\":\"https:\\\/\\\/alizel.de\\\/online\\\/?s={search_term_string}\"},\"query-input\":{\"@type\":\"PropertyValueSpecification\",\"valueRequired\":true,\"valueName\":\"search_term_string\"}}],\"inLanguage\":\"de\"},{\"@type\":\"Organization\",\"@id\":\"https:\\\/\\\/alizel.de\\\/online\\\/#organization\",\"name\":\"ALIZEL Shop\",\"url\":\"https:\\\/\\\/alizel.de\\\/online\\\/\",\"logo\":{\"@type\":\"ImageObject\",\"inLanguage\":\"de\",\"@id\":\"https:\\\/\\\/alizel.de\\\/online\\\/#\\\/schema\\\/logo\\\/image\\\/\",\"url\":\"https:\\\/\\\/alizel.de\\\/shop\\\/wp-content\\\/uploads\\\/sites\\\/2\\\/2025\\\/08\\\/alizel100.jpg\",\"contentUrl\":\"https:\\\/\\\/alizel.de\\\/shop\\\/wp-content\\\/uploads\\\/sites\\\/2\\\/2025\\\/08\\\/alizel100.jpg\",\"width\":1069,\"height\":600,\"caption\":\"ALIZEL Shop\"},\"image\":{\"@id\":\"https:\\\/\\\/alizel.de\\\/online\\\/#\\\/schema\\\/logo\\\/image\\\/\"}}]}<\/script>\n<!-- \/ Yoast SEO plugin. -->","yoast_head_json":{"title":"Litsea Bio PRIMAVERA\u00ae, 5ml - ALIZEL Online-Shop","description":"Aus der Kraft der Natur: \u00c4therisches \u00d6l Litsea Bio von PRIMAVERA\u00ae","robots":{"index":"index","follow":"follow","max-snippet":"max-snippet:-1","max-image-preview":"max-image-preview:large","max-video-preview":"max-video-preview:-1"},"canonical":"https:\/\/alizel.de\/online\/produkt\/litsea-bio-primavera-5ml\/","og_locale":"de_DE","og_type":"article","og_title":"Litsea Bio PRIMAVERA\u00ae, 5ml - ALIZEL Online-Shop","og_description":"Aus der Kraft der Natur: \u00c4therisches \u00d6l Litsea Bio von PRIMAVERA\u00ae","og_url":"https:\/\/alizel.de\/online\/produkt\/litsea-bio-primavera-5ml\/","og_site_name":"ALIZEL Online-Shop","article_modified_time":"2026-03-29T03:23:57+00:00","og_image":[{"width":800,"height":800,"url":"https:\/\/alizel.de\/online\/wp-content\/uploads\/sites\/2\/2025\/12\/litsea10549-8001.webp","type":"image\/webp"}],"twitter_card":"summary_large_image","twitter_misc":{"Gesch\u00e4tzte Lesezeit":"2\u00a0Minuten"},"schema":{"@context":"https:\/\/schema.org","@graph":[{"@type":"WebPage","@id":"https:\/\/alizel.de\/online\/produkt\/litsea-bio-primavera-5ml\/","url":"https:\/\/alizel.de\/online\/produkt\/litsea-bio-primavera-5ml\/","name":"Litsea Bio PRIMAVERA\u00ae, 5ml - ALIZEL Online-Shop","isPartOf":{"@id":"https:\/\/alizel.de\/online\/#website"},"primaryImageOfPage":{"@id":"https:\/\/alizel.de\/online\/produkt\/litsea-bio-primavera-5ml\/#primaryimage"},"image":{"@id":"https:\/\/alizel.de\/online\/produkt\/litsea-bio-primavera-5ml\/#primaryimage"},"thumbnailUrl":"https:\/\/alizel.de\/online\/wp-content\/uploads\/sites\/2\/2025\/12\/litsea10549-8001.webp","datePublished":"2025-12-23T07:06:35+00:00","dateModified":"2026-03-29T03:23:57+00:00","description":"Aus der Kraft der Natur: \u00c4therisches \u00d6l Litsea Bio von PRIMAVERA\u00ae","breadcrumb":{"@id":"https:\/\/alizel.de\/online\/produkt\/litsea-bio-primavera-5ml\/#breadcrumb"},"inLanguage":"de","potentialAction":[{"@type":"ReadAction","target":["https:\/\/alizel.de\/online\/produkt\/litsea-bio-primavera-5ml\/"]}]},{"@type":"ImageObject","inLanguage":"de","@id":"https:\/\/alizel.de\/online\/produkt\/litsea-bio-primavera-5ml\/#primaryimage","url":"https:\/\/alizel.de\/online\/wp-content\/uploads\/sites\/2\/2025\/12\/litsea10549-8001.webp","contentUrl":"https:\/\/alizel.de\/online\/wp-content\/uploads\/sites\/2\/2025\/12\/litsea10549-8001.webp","width":800,"height":800,"caption":"Litsea bio von PRIMAVERA"},{"@type":"BreadcrumbList","@id":"https:\/\/alizel.de\/online\/produkt\/litsea-bio-primavera-5ml\/#breadcrumb","itemListElement":[{"@type":"ListItem","position":1,"name":"Startseite","item":"https:\/\/alizel.de\/online\/"},{"@type":"ListItem","position":2,"name":"Shop","item":"https:\/\/alizel.de\/online\/shop\/"},{"@type":"ListItem","position":3,"name":"Litsea Bio PRIMAVERA\u00ae, 5ml"}]},{"@type":"WebSite","@id":"https:\/\/alizel.de\/online\/#website","url":"https:\/\/alizel.de\/online\/","name":"ALIZEL Shop","description":"Online-Shop der ALIZEL Gruppe","publisher":{"@id":"https:\/\/alizel.de\/online\/#organization"},"potentialAction":[{"@type":"SearchAction","target":{"@type":"EntryPoint","urlTemplate":"https:\/\/alizel.de\/online\/?s={search_term_string}"},"query-input":{"@type":"PropertyValueSpecification","valueRequired":true,"valueName":"search_term_string"}}],"inLanguage":"de"},{"@type":"Organization","@id":"https:\/\/alizel.de\/online\/#organization","name":"ALIZEL Shop","url":"https:\/\/alizel.de\/online\/","logo":{"@type":"ImageObject","inLanguage":"de","@id":"https:\/\/alizel.de\/online\/#\/schema\/logo\/image\/","url":"https:\/\/alizel.de\/shop\/wp-content\/uploads\/sites\/2\/2025\/08\/alizel100.jpg","contentUrl":"https:\/\/alizel.de\/shop\/wp-content\/uploads\/sites\/2\/2025\/08\/alizel100.jpg","width":1069,"height":600,"caption":"ALIZEL Shop"},"image":{"@id":"https:\/\/alizel.de\/online\/#\/schema\/logo\/image\/"}}]}},"taxonomy_info":{"product_brand":[{"value":123,"label":"PRIMAVERA\u00ae"}],"product_cat":[{"value":81,"label":"Wohlf\u00fchl-Natur"}],"product_tag":[{"value":225,"label":"\u00c4therische \u00d6le"},{"value":82,"label":"Hautpflege"},{"value":233,"label":"\u00dcbelkeit"}]},"featured_image_src_large":["https:\/\/alizel.de\/online\/wp-content\/uploads\/sites\/2\/2025\/12\/litsea10549-8001.webp",800,800,false],"author_info":[],"comment_info":0,"_links":{"self":[{"href":"https:\/\/alizel.de\/online\/wp-json\/wp\/v2\/product\/1063","targetHints":{"allow":["GET"]}}],"collection":[{"href":"https:\/\/alizel.de\/online\/wp-json\/wp\/v2\/product"}],"about":[{"href":"https:\/\/alizel.de\/online\/wp-json\/wp\/v2\/types\/product"}],"replies":[{"embeddable":true,"href":"https:\/\/alizel.de\/online\/wp-json\/wp\/v2\/comments?post=1063"}],"wp:featuredmedia":[{"embeddable":true,"href":"https:\/\/alizel.de\/online\/wp-json\/wp\/v2\/media\/1064"}],"wp:attachment":[{"href":"https:\/\/alizel.de\/online\/wp-json\/wp\/v2\/media?parent=1063"}],"wp:term":[{"taxonomy":"product_brand","embeddable":true,"href":"https:\/\/alizel.de\/online\/wp-json\/wp\/v2\/product_brand?post=1063"},{"taxonomy":"product_cat","embeddable":true,"href":"https:\/\/alizel.de\/online\/wp-json\/wp\/v2\/product_cat?post=1063"},{"taxonomy":"product_tag","embeddable":true,"href":"https:\/\/alizel.de\/online\/wp-json\/wp\/v2\/product_tag?post=1063"},{"taxonomy":"product_brands","embeddable":true,"href":"https:\/\/alizel.de\/online\/wp-json\/wp\/v2\/product_brands?post=1063"}],"curies":[{"name":"wp","href":"https:\/\/api.w.org\/{rel}","templated":true}]}}