{"id":1065,"date":"2025-12-23T09:36:58","date_gmt":"2025-12-23T08:36:58","guid":{"rendered":"https:\/\/alizel.de\/online\/?post_type=product&#038;p=1065"},"modified":"2025-12-23T10:00:55","modified_gmt":"2025-12-23T09:00:55","slug":"myrte-anden-bio-primavera-5-ml","status":"publish","type":"product","link":"https:\/\/alizel.de\/online\/produkt\/myrte-anden-bio-primavera-5-ml\/","title":{"rendered":"Myrte Anden Bio PRIMAVERA\u00ae, 5 ml"},"content":{"rendered":"\n<h2 class=\"wp-block-heading\">Myrte Anden Bio PRIMAVERA\u00ae, 5 ml<\/h2>\n\n\n\n<p>Myrte Anden ist ein immergr\u00fcner Strauch, der in Peru beheimatet ist. Myrte Anden hat lanzettf\u00f6rmige kleine Bl\u00e4tter und wei\u00dfe Bl\u00fcten. In der Naturheilkunde wird sie bei Atemwegsbeschwerden und zur Raumluftverbesserung eingesetzt.<\/p>\n\n\n\n<h3 class=\"wp-block-heading\">Details Myrte Anden Bio<\/h3>\n\n\n\n<ul class=\"wp-block-list\">\n<li>Inhalt: 5 ml<\/li>\n\n\n\n<li>Qualit\u00e4t: Bio, NATRUE Biokosmetik, vegan, Leaping Bunny<\/li>\n\n\n\n<li>Duftnote: Kopf-Herz-Note<\/li>\n\n\n\n<li>Duftprofil: frisch<\/li>\n\n\n\n<li>Duftthema: vitalisierend<\/li>\n\n\n\n<li>Herkunft: Peru<\/li>\n\n\n\n<li>Pflanzenteil: Zweig<\/li>\n\n\n\n<li>Gewinnung : Wasserdampfdestillation<\/li>\n\n\n\n<li>Botanic Name: Myrtus communis<\/li>\n\n\n\n<li>Anwendungsgebiete: entkrampfend, Muskeln &amp; Gelenke, Kalte Jahreszeit, Ersch\u00f6pfung &amp; Stress, Blase &amp; Harnwege<\/li>\n\n\n\n<li>Anwendung: Kosmetikum zur Aromapflege der Haut. Max. 7 Tropfen in 50 ml PRIMAVERA Mandel\u00f6l bio.<\/li>\n\n\n\n<li>Inhaltsstoffe: Myrtus Communis Oil* Org, Geraniol, Limonene**, Linalool**<\/li>\n<\/ul>\n\n\n\n<p>* aus kontrolliert biologischem Anbau<br>** nat\u00fcrliche Bestandteile des \u00e4therischen \u00d6ls<\/p>\n\n\n\n<p>Unsere Art.-Nr.: IP10209<\/p>\n","protected":false},"excerpt":{"rendered":"<p>Naturreines \u00e4therisches \u00d6l vom Myrte Anden Strauch.<\/p>\n","protected":false},"featured_media":1066,"comment_status":"closed","ping_status":"closed","template":"","meta":{"_kad_blocks_custom_css":"","_kad_blocks_head_custom_js":"","_kad_blocks_body_custom_js":"","_kad_blocks_footer_custom_js":"","_kad_post_transparent":"","_kad_post_title":"","_kad_post_layout":"","_kad_post_sidebar_id":"","_kad_post_content_style":"","_kad_post_vertical_padding":"","_kad_post_feature":"","_kad_post_feature_position":"","_kad_post_header":false,"_kad_post_footer":false,"_kad_post_classname":""},"product_brand":[123],"product_cat":[81],"product_tag":[225,234,148,184,82,235,176,134,85,84],"product_brands":[],"class_list":{"0":"post-1065","1":"product","2":"type-product","3":"status-publish","4":"has-post-thumbnail","6":"product_brand-primavera","7":"product_cat-wohlfuehl-natur","8":"product_tag-aetherische-oele","9":"product_tag-blase","10":"product_tag-entspannung","11":"product_tag-gelenke","12":"product_tag-hautpflege","13":"product_tag-kalte-jahreszeit","14":"product_tag-massage","15":"product_tag-muskeln","16":"product_tag-raumduft","17":"product_tag-stressabbau","18":"product_shipping_class-waren-bis-50-g","20":"first","21":"instock","22":"taxable","23":"shipping-taxable","24":"purchasable","25":"product-type-simple","26":"entry","27":"content-bg","28":"loop-entry"},"yoast_head":"<!-- This site is optimized with the Yoast SEO plugin v27.4 - https:\/\/yoast.com\/product\/yoast-seo-wordpress\/ -->\n<title>Myrte Anden Bio PRIMAVERA\u00ae, 5 ml - ALIZEL Online-Shop<\/title>\n<meta name=\"description\" content=\"Naturreines \u00e4therisches \u00d6l Myrte Anden Bio von PRIMAVERA\u00ae - Anwendungsgebiete: Muskeln &amp; Gelenke, Kalte Jahreszeit, Ersch\u00f6pfung &amp; Stress, Blase &amp; Harnwege\" \/>\n<meta name=\"robots\" content=\"index, follow, max-snippet:-1, max-image-preview:large, max-video-preview:-1\" \/>\n<link rel=\"canonical\" href=\"https:\/\/alizel.de\/online\/produkt\/myrte-anden-bio-primavera-5-ml\/\" \/>\n<meta property=\"og:locale\" content=\"de_DE\" \/>\n<meta property=\"og:type\" content=\"article\" \/>\n<meta property=\"og:title\" content=\"Myrte Anden Bio PRIMAVERA\u00ae, 5 ml - ALIZEL Online-Shop\" \/>\n<meta property=\"og:description\" content=\"Naturreines \u00e4therisches \u00d6l Myrte Anden Bio von PRIMAVERA\u00ae - Anwendungsgebiete: Muskeln &amp; Gelenke, Kalte Jahreszeit, Ersch\u00f6pfung &amp; Stress, Blase &amp; Harnwege\" \/>\n<meta property=\"og:url\" content=\"https:\/\/alizel.de\/online\/produkt\/myrte-anden-bio-primavera-5-ml\/\" \/>\n<meta property=\"og:site_name\" content=\"ALIZEL Online-Shop\" \/>\n<meta property=\"article:modified_time\" content=\"2025-12-23T09:00:55+00:00\" \/>\n<meta property=\"og:image\" content=\"https:\/\/alizel.de\/online\/wp-content\/uploads\/sites\/2\/2025\/12\/myrte-anden10209-8001.webp\" \/>\n\t<meta property=\"og:image:width\" content=\"800\" \/>\n\t<meta property=\"og:image:height\" content=\"800\" \/>\n\t<meta property=\"og:image:type\" content=\"image\/webp\" \/>\n<meta name=\"twitter:card\" content=\"summary_large_image\" \/>\n<meta name=\"twitter:label1\" content=\"Gesch\u00e4tzte Lesezeit\" \/>\n\t<meta name=\"twitter:data1\" content=\"1\u00a0Minute\" \/>\n<script type=\"application\/ld+json\" class=\"yoast-schema-graph\">{\"@context\":\"https:\\\/\\\/schema.org\",\"@graph\":[{\"@type\":\"WebPage\",\"@id\":\"https:\\\/\\\/alizel.de\\\/online\\\/produkt\\\/myrte-anden-bio-primavera-5-ml\\\/\",\"url\":\"https:\\\/\\\/alizel.de\\\/online\\\/produkt\\\/myrte-anden-bio-primavera-5-ml\\\/\",\"name\":\"Myrte Anden Bio PRIMAVERA\u00ae, 5 ml - ALIZEL Online-Shop\",\"isPartOf\":{\"@id\":\"https:\\\/\\\/alizel.de\\\/online\\\/#website\"},\"primaryImageOfPage\":{\"@id\":\"https:\\\/\\\/alizel.de\\\/online\\\/produkt\\\/myrte-anden-bio-primavera-5-ml\\\/#primaryimage\"},\"image\":{\"@id\":\"https:\\\/\\\/alizel.de\\\/online\\\/produkt\\\/myrte-anden-bio-primavera-5-ml\\\/#primaryimage\"},\"thumbnailUrl\":\"https:\\\/\\\/alizel.de\\\/online\\\/wp-content\\\/uploads\\\/sites\\\/2\\\/2025\\\/12\\\/myrte-anden10209-8001.webp\",\"datePublished\":\"2025-12-23T08:36:58+00:00\",\"dateModified\":\"2025-12-23T09:00:55+00:00\",\"description\":\"Naturreines \u00e4therisches \u00d6l Myrte Anden Bio von PRIMAVERA\u00ae - Anwendungsgebiete: Muskeln & Gelenke, Kalte Jahreszeit, Ersch\u00f6pfung & Stress, Blase & Harnwege\",\"breadcrumb\":{\"@id\":\"https:\\\/\\\/alizel.de\\\/online\\\/produkt\\\/myrte-anden-bio-primavera-5-ml\\\/#breadcrumb\"},\"inLanguage\":\"de\",\"potentialAction\":[{\"@type\":\"ReadAction\",\"target\":[\"https:\\\/\\\/alizel.de\\\/online\\\/produkt\\\/myrte-anden-bio-primavera-5-ml\\\/\"]}]},{\"@type\":\"ImageObject\",\"inLanguage\":\"de\",\"@id\":\"https:\\\/\\\/alizel.de\\\/online\\\/produkt\\\/myrte-anden-bio-primavera-5-ml\\\/#primaryimage\",\"url\":\"https:\\\/\\\/alizel.de\\\/online\\\/wp-content\\\/uploads\\\/sites\\\/2\\\/2025\\\/12\\\/myrte-anden10209-8001.webp\",\"contentUrl\":\"https:\\\/\\\/alizel.de\\\/online\\\/wp-content\\\/uploads\\\/sites\\\/2\\\/2025\\\/12\\\/myrte-anden10209-8001.webp\",\"width\":800,\"height\":800,\"caption\":\"\u00c4therisches \u00d6l Myrte Anden Bio von PRIMAVERA.\"},{\"@type\":\"BreadcrumbList\",\"@id\":\"https:\\\/\\\/alizel.de\\\/online\\\/produkt\\\/myrte-anden-bio-primavera-5-ml\\\/#breadcrumb\",\"itemListElement\":[{\"@type\":\"ListItem\",\"position\":1,\"name\":\"Startseite\",\"item\":\"https:\\\/\\\/alizel.de\\\/online\\\/\"},{\"@type\":\"ListItem\",\"position\":2,\"name\":\"Shop\",\"item\":\"https:\\\/\\\/alizel.de\\\/online\\\/shop\\\/\"},{\"@type\":\"ListItem\",\"position\":3,\"name\":\"Myrte Anden Bio PRIMAVERA\u00ae, 5 ml\"}]},{\"@type\":\"WebSite\",\"@id\":\"https:\\\/\\\/alizel.de\\\/online\\\/#website\",\"url\":\"https:\\\/\\\/alizel.de\\\/online\\\/\",\"name\":\"ALIZEL Shop\",\"description\":\"Online-Shop der ALIZEL Gruppe\",\"publisher\":{\"@id\":\"https:\\\/\\\/alizel.de\\\/online\\\/#organization\"},\"potentialAction\":[{\"@type\":\"SearchAction\",\"target\":{\"@type\":\"EntryPoint\",\"urlTemplate\":\"https:\\\/\\\/alizel.de\\\/online\\\/?s={search_term_string}\"},\"query-input\":{\"@type\":\"PropertyValueSpecification\",\"valueRequired\":true,\"valueName\":\"search_term_string\"}}],\"inLanguage\":\"de\"},{\"@type\":\"Organization\",\"@id\":\"https:\\\/\\\/alizel.de\\\/online\\\/#organization\",\"name\":\"ALIZEL Shop\",\"url\":\"https:\\\/\\\/alizel.de\\\/online\\\/\",\"logo\":{\"@type\":\"ImageObject\",\"inLanguage\":\"de\",\"@id\":\"https:\\\/\\\/alizel.de\\\/online\\\/#\\\/schema\\\/logo\\\/image\\\/\",\"url\":\"https:\\\/\\\/alizel.de\\\/shop\\\/wp-content\\\/uploads\\\/sites\\\/2\\\/2025\\\/08\\\/alizel100.jpg\",\"contentUrl\":\"https:\\\/\\\/alizel.de\\\/shop\\\/wp-content\\\/uploads\\\/sites\\\/2\\\/2025\\\/08\\\/alizel100.jpg\",\"width\":1069,\"height\":600,\"caption\":\"ALIZEL Shop\"},\"image\":{\"@id\":\"https:\\\/\\\/alizel.de\\\/online\\\/#\\\/schema\\\/logo\\\/image\\\/\"}}]}<\/script>\n<!-- \/ Yoast SEO plugin. -->","yoast_head_json":{"title":"Myrte Anden Bio PRIMAVERA\u00ae, 5 ml - ALIZEL Online-Shop","description":"Naturreines \u00e4therisches \u00d6l Myrte Anden Bio von PRIMAVERA\u00ae - Anwendungsgebiete: Muskeln & Gelenke, Kalte Jahreszeit, Ersch\u00f6pfung & Stress, Blase & Harnwege","robots":{"index":"index","follow":"follow","max-snippet":"max-snippet:-1","max-image-preview":"max-image-preview:large","max-video-preview":"max-video-preview:-1"},"canonical":"https:\/\/alizel.de\/online\/produkt\/myrte-anden-bio-primavera-5-ml\/","og_locale":"de_DE","og_type":"article","og_title":"Myrte Anden Bio PRIMAVERA\u00ae, 5 ml - ALIZEL Online-Shop","og_description":"Naturreines \u00e4therisches \u00d6l Myrte Anden Bio von PRIMAVERA\u00ae - Anwendungsgebiete: Muskeln & Gelenke, Kalte Jahreszeit, Ersch\u00f6pfung & Stress, Blase & Harnwege","og_url":"https:\/\/alizel.de\/online\/produkt\/myrte-anden-bio-primavera-5-ml\/","og_site_name":"ALIZEL Online-Shop","article_modified_time":"2025-12-23T09:00:55+00:00","og_image":[{"width":800,"height":800,"url":"https:\/\/alizel.de\/online\/wp-content\/uploads\/sites\/2\/2025\/12\/myrte-anden10209-8001.webp","type":"image\/webp"}],"twitter_card":"summary_large_image","twitter_misc":{"Gesch\u00e4tzte Lesezeit":"1\u00a0Minute"},"schema":{"@context":"https:\/\/schema.org","@graph":[{"@type":"WebPage","@id":"https:\/\/alizel.de\/online\/produkt\/myrte-anden-bio-primavera-5-ml\/","url":"https:\/\/alizel.de\/online\/produkt\/myrte-anden-bio-primavera-5-ml\/","name":"Myrte Anden Bio PRIMAVERA\u00ae, 5 ml - ALIZEL Online-Shop","isPartOf":{"@id":"https:\/\/alizel.de\/online\/#website"},"primaryImageOfPage":{"@id":"https:\/\/alizel.de\/online\/produkt\/myrte-anden-bio-primavera-5-ml\/#primaryimage"},"image":{"@id":"https:\/\/alizel.de\/online\/produkt\/myrte-anden-bio-primavera-5-ml\/#primaryimage"},"thumbnailUrl":"https:\/\/alizel.de\/online\/wp-content\/uploads\/sites\/2\/2025\/12\/myrte-anden10209-8001.webp","datePublished":"2025-12-23T08:36:58+00:00","dateModified":"2025-12-23T09:00:55+00:00","description":"Naturreines \u00e4therisches \u00d6l Myrte Anden Bio von PRIMAVERA\u00ae - Anwendungsgebiete: Muskeln & Gelenke, Kalte Jahreszeit, Ersch\u00f6pfung & Stress, Blase & Harnwege","breadcrumb":{"@id":"https:\/\/alizel.de\/online\/produkt\/myrte-anden-bio-primavera-5-ml\/#breadcrumb"},"inLanguage":"de","potentialAction":[{"@type":"ReadAction","target":["https:\/\/alizel.de\/online\/produkt\/myrte-anden-bio-primavera-5-ml\/"]}]},{"@type":"ImageObject","inLanguage":"de","@id":"https:\/\/alizel.de\/online\/produkt\/myrte-anden-bio-primavera-5-ml\/#primaryimage","url":"https:\/\/alizel.de\/online\/wp-content\/uploads\/sites\/2\/2025\/12\/myrte-anden10209-8001.webp","contentUrl":"https:\/\/alizel.de\/online\/wp-content\/uploads\/sites\/2\/2025\/12\/myrte-anden10209-8001.webp","width":800,"height":800,"caption":"\u00c4therisches \u00d6l Myrte Anden Bio von PRIMAVERA."},{"@type":"BreadcrumbList","@id":"https:\/\/alizel.de\/online\/produkt\/myrte-anden-bio-primavera-5-ml\/#breadcrumb","itemListElement":[{"@type":"ListItem","position":1,"name":"Startseite","item":"https:\/\/alizel.de\/online\/"},{"@type":"ListItem","position":2,"name":"Shop","item":"https:\/\/alizel.de\/online\/shop\/"},{"@type":"ListItem","position":3,"name":"Myrte Anden Bio PRIMAVERA\u00ae, 5 ml"}]},{"@type":"WebSite","@id":"https:\/\/alizel.de\/online\/#website","url":"https:\/\/alizel.de\/online\/","name":"ALIZEL Shop","description":"Online-Shop der ALIZEL Gruppe","publisher":{"@id":"https:\/\/alizel.de\/online\/#organization"},"potentialAction":[{"@type":"SearchAction","target":{"@type":"EntryPoint","urlTemplate":"https:\/\/alizel.de\/online\/?s={search_term_string}"},"query-input":{"@type":"PropertyValueSpecification","valueRequired":true,"valueName":"search_term_string"}}],"inLanguage":"de"},{"@type":"Organization","@id":"https:\/\/alizel.de\/online\/#organization","name":"ALIZEL Shop","url":"https:\/\/alizel.de\/online\/","logo":{"@type":"ImageObject","inLanguage":"de","@id":"https:\/\/alizel.de\/online\/#\/schema\/logo\/image\/","url":"https:\/\/alizel.de\/shop\/wp-content\/uploads\/sites\/2\/2025\/08\/alizel100.jpg","contentUrl":"https:\/\/alizel.de\/shop\/wp-content\/uploads\/sites\/2\/2025\/08\/alizel100.jpg","width":1069,"height":600,"caption":"ALIZEL Shop"},"image":{"@id":"https:\/\/alizel.de\/online\/#\/schema\/logo\/image\/"}}]}},"taxonomy_info":{"product_brand":[{"value":123,"label":"PRIMAVERA\u00ae"}],"product_cat":[{"value":81,"label":"Wohlf\u00fchl-Natur"}],"product_tag":[{"value":225,"label":"\u00c4therische \u00d6le"},{"value":234,"label":"Blase"},{"value":148,"label":"Entspannung"},{"value":184,"label":"Gelenke"},{"value":82,"label":"Hautpflege"},{"value":235,"label":"Kalte Jahreszeit"},{"value":176,"label":"Massage"},{"value":134,"label":"Muskeln"},{"value":85,"label":"Raumduft"},{"value":84,"label":"Stressabbau"}]},"featured_image_src_large":["https:\/\/alizel.de\/online\/wp-content\/uploads\/sites\/2\/2025\/12\/myrte-anden10209-8001.webp",800,800,false],"author_info":[],"comment_info":0,"_links":{"self":[{"href":"https:\/\/alizel.de\/online\/wp-json\/wp\/v2\/product\/1065","targetHints":{"allow":["GET"]}}],"collection":[{"href":"https:\/\/alizel.de\/online\/wp-json\/wp\/v2\/product"}],"about":[{"href":"https:\/\/alizel.de\/online\/wp-json\/wp\/v2\/types\/product"}],"replies":[{"embeddable":true,"href":"https:\/\/alizel.de\/online\/wp-json\/wp\/v2\/comments?post=1065"}],"wp:featuredmedia":[{"embeddable":true,"href":"https:\/\/alizel.de\/online\/wp-json\/wp\/v2\/media\/1066"}],"wp:attachment":[{"href":"https:\/\/alizel.de\/online\/wp-json\/wp\/v2\/media?parent=1065"}],"wp:term":[{"taxonomy":"product_brand","embeddable":true,"href":"https:\/\/alizel.de\/online\/wp-json\/wp\/v2\/product_brand?post=1065"},{"taxonomy":"product_cat","embeddable":true,"href":"https:\/\/alizel.de\/online\/wp-json\/wp\/v2\/product_cat?post=1065"},{"taxonomy":"product_tag","embeddable":true,"href":"https:\/\/alizel.de\/online\/wp-json\/wp\/v2\/product_tag?post=1065"},{"taxonomy":"product_brands","embeddable":true,"href":"https:\/\/alizel.de\/online\/wp-json\/wp\/v2\/product_brands?post=1065"}],"curies":[{"name":"wp","href":"https:\/\/api.w.org\/{rel}","templated":true}]}}