{"id":1068,"date":"2025-12-23T10:04:53","date_gmt":"2025-12-23T09:04:53","guid":{"rendered":"https:\/\/alizel.de\/online\/?post_type=product&#038;p=1068"},"modified":"2026-03-29T05:24:33","modified_gmt":"2026-03-29T03:24:33","slug":"lemongrass-bio-primavera-5ml","status":"publish","type":"product","link":"https:\/\/alizel.de\/online\/produkt\/lemongrass-bio-primavera-5ml\/","title":{"rendered":"Lemongrass Bio PRIMAVERA\u00ae, 5ml"},"content":{"rendered":"\n<h2 class=\"wp-block-heading\">Lemongrass Bio PRIMAVERA\u00ae, 5ml<\/h2>\n\n\n\n<p>Lemongrass, auch Zitronengras genannt, ist ein mehrj\u00e4hriges, schilfartiges, aromatisches Gras, das in Asien und S\u00fcdamerika kultiviert wird. Lemongrass kann in dichten Horsten bis zu 3 Meter hoch werden. Die derben, schilfartigen Laubbl\u00e4tter duften stark, citrusartig und werden frisch als Gew\u00fcrz in der asiatischen und vietnamesischen K\u00fcche eingesetzt.<\/p>\n\n\n\n<p>Lemongrass findet in der Parf\u00fcmerie, Lebensmittel- und Pharmaindustrie Verwendung und ist ein traditionelles Mittel gegen Insekten. In der ayurvedischen Medizin wird es auch bei Infektionskrankheiten und Fieber eingesetzt. Lemongrass st\u00e4rkt das Immunsystem und eignet sich gut bei Grippe und Kopfschmerzen. <\/p>\n\n\n\n<p>Der frische, fruchtige Duft vertreibt M\u00fcdigkeit und schenkt neuen Schwung bei Lustlosigkeit. Er hat eine beruhigende Wirkung auf das Zentralnervensystem, da die Dopamin-Aussch\u00fcttung mit diesem Duft moduliert wird. In der K\u00f6rperpflege wird Lemongrass dank seiner adstringierenden und desodorierenden Wirkung gesch\u00e4tzt.<\/p>\n\n\n\n<h3 class=\"wp-block-heading\">Details Lemongrass Bio<\/h3>\n\n\n\n<ul class=\"wp-block-list\">\n<li>Inhalt: 5 ml<\/li>\n\n\n\n<li>Qualit\u00e4t: Bio, NATRUE Biokosmetik, vegan, Leaping Bunny<\/li>\n\n\n\n<li>Duftnote: Kopfnote<\/li>\n\n\n\n<li>Duftprofil: frisch, zitrusartig<\/li>\n\n\n\n<li>Duftthema: erheiternd<\/li>\n\n\n\n<li>Hautwirkung: \u00f6lige Haut, lindernd<\/li>\n\n\n\n<li>Herkunft: Bhutan, Indien, Nepal<\/li>\n\n\n\n<li>Pflanzenteil: Blatt<\/li>\n\n\n\n<li>Botanic Name: Cymbopogon flexuosus<\/li>\n\n\n\n<li>Gewinnung : Wasserdampfdestillation<\/li>\n\n\n\n<li>Anwendungsgebiete: Ersch\u00f6pfung &amp; Stress, Haus- &amp; Reiseapotheke, Insekten<\/li>\n\n\n\n<li>Anwendung: \u00e4therisches \u00d6l zur Aromapflege der Haut. Max. 7 Tropfen in 50 ml PRIMAVERA Mandel\u00f6l bio.<\/li>\n\n\n\n<li>Inhaltsstoffe: Cymbopogon Flexuosus Oil* Org, Citral**, Geraniol**, Citronellol**, Limonene**, Linalool**<\/li>\n<\/ul>\n\n\n\n<p>*aus kontrolliert biologischem Anbau<br>**nat\u00fcrliche Bestandteile des \u00e4therischen \u00d6ls<\/p>\n\n\n\n<p>Verpackung: Braunglasflasche, Deckel aus PP\/HDPE, M\u00fcndungseinsatz aus LDPE. Glasflasche besteht aus mind. 50 % Recyclingmaterial (ohne Verschluss). F\u00fcr optimales Recycling Glasflasche im Altglas, Deckel und M\u00fcndungseinsatz in der Gelben Tonne entsorgen.<\/p>\n\n\n\n<p>Alle Angaben lt. Hersteller.<br>Hersteller: PRIMAVERA LIFE GmbH, DE-87466 Oy-Mittelberg<\/p>\n\n\n\n<p>Unsere Artikel-Nr.: IP10249<\/p>\n","protected":false},"excerpt":{"rendered":"<p>Naturreines \u00e4therisches \u00d6l aus Lemongrass.<\/p>\n","protected":false},"featured_media":1069,"comment_status":"closed","ping_status":"closed","template":"","meta":{"_kad_blocks_custom_css":"","_kad_blocks_head_custom_js":"","_kad_blocks_body_custom_js":"","_kad_blocks_footer_custom_js":"","_kad_post_transparent":"","_kad_post_title":"","_kad_post_layout":"","_kad_post_sidebar_id":"","_kad_post_content_style":"","_kad_post_vertical_padding":"","_kad_post_feature":"","_kad_post_feature_position":"","_kad_post_header":false,"_kad_post_footer":false,"_kad_post_classname":""},"product_brand":[123],"product_cat":[81],"product_tag":[225,237,232,82,236,238,239,85,231,84],"product_brands":[],"class_list":{"0":"post-1068","1":"product","2":"type-product","3":"status-publish","4":"has-post-thumbnail","6":"product_brand-primavera","7":"product_cat-wohlfuehl-natur","8":"product_tag-aetherische-oele","9":"product_tag-grippe","10":"product_tag-hausapotheke","11":"product_tag-hautpflege","12":"product_tag-insekten","13":"product_tag-kopfschmerzen","14":"product_tag-muedigkeit","15":"product_tag-raumduft","16":"product_tag-reiseapotheke","17":"product_tag-stressabbau","18":"product_shipping_class-waren-bis-50-g","20":"first","21":"instock","22":"taxable","23":"shipping-taxable","24":"purchasable","25":"product-type-simple","26":"entry","27":"content-bg","28":"loop-entry"},"yoast_head":"<!-- This site is optimized with the Yoast SEO plugin v27.4 - https:\/\/yoast.com\/product\/yoast-seo-wordpress\/ -->\n<title>Lemongrass Bio PRIMAVERA\u00ae, 5ml - ALIZEL Online-Shop<\/title>\n<meta name=\"description\" content=\"Naturreines \u00e4therisches \u00d6l Lemongrass Bio von PRIMAVERA - Anwendungsgebiete: Ersch\u00f6pfung &amp; Stress, Haus- &amp; Reiseapotheke, Insekten\" \/>\n<meta name=\"robots\" content=\"index, follow, max-snippet:-1, max-image-preview:large, max-video-preview:-1\" \/>\n<link rel=\"canonical\" href=\"https:\/\/alizel.de\/online\/produkt\/lemongrass-bio-primavera-5ml\/\" \/>\n<meta property=\"og:locale\" content=\"de_DE\" \/>\n<meta property=\"og:type\" content=\"article\" \/>\n<meta property=\"og:title\" content=\"Lemongrass Bio PRIMAVERA\u00ae, 5ml - ALIZEL Online-Shop\" \/>\n<meta property=\"og:description\" content=\"Naturreines \u00e4therisches \u00d6l Lemongrass Bio von PRIMAVERA - Anwendungsgebiete: Ersch\u00f6pfung &amp; Stress, Haus- &amp; Reiseapotheke, Insekten\" \/>\n<meta property=\"og:url\" content=\"https:\/\/alizel.de\/online\/produkt\/lemongrass-bio-primavera-5ml\/\" \/>\n<meta property=\"og:site_name\" content=\"ALIZEL Online-Shop\" \/>\n<meta property=\"article:modified_time\" content=\"2026-03-29T03:24:33+00:00\" \/>\n<meta property=\"og:image\" content=\"https:\/\/alizel.de\/online\/wp-content\/uploads\/sites\/2\/2025\/12\/lemongrass10249-8001.webp\" \/>\n\t<meta property=\"og:image:width\" content=\"800\" \/>\n\t<meta property=\"og:image:height\" content=\"800\" \/>\n\t<meta property=\"og:image:type\" content=\"image\/webp\" \/>\n<meta name=\"twitter:card\" content=\"summary_large_image\" \/>\n<meta name=\"twitter:label1\" content=\"Gesch\u00e4tzte Lesezeit\" \/>\n\t<meta name=\"twitter:data1\" content=\"2\u00a0Minuten\" \/>\n<script type=\"application\/ld+json\" class=\"yoast-schema-graph\">{\"@context\":\"https:\\\/\\\/schema.org\",\"@graph\":[{\"@type\":\"WebPage\",\"@id\":\"https:\\\/\\\/alizel.de\\\/online\\\/produkt\\\/lemongrass-bio-primavera-5ml\\\/\",\"url\":\"https:\\\/\\\/alizel.de\\\/online\\\/produkt\\\/lemongrass-bio-primavera-5ml\\\/\",\"name\":\"Lemongrass Bio PRIMAVERA\u00ae, 5ml - ALIZEL Online-Shop\",\"isPartOf\":{\"@id\":\"https:\\\/\\\/alizel.de\\\/online\\\/#website\"},\"primaryImageOfPage\":{\"@id\":\"https:\\\/\\\/alizel.de\\\/online\\\/produkt\\\/lemongrass-bio-primavera-5ml\\\/#primaryimage\"},\"image\":{\"@id\":\"https:\\\/\\\/alizel.de\\\/online\\\/produkt\\\/lemongrass-bio-primavera-5ml\\\/#primaryimage\"},\"thumbnailUrl\":\"https:\\\/\\\/alizel.de\\\/online\\\/wp-content\\\/uploads\\\/sites\\\/2\\\/2025\\\/12\\\/lemongrass10249-8001.webp\",\"datePublished\":\"2025-12-23T09:04:53+00:00\",\"dateModified\":\"2026-03-29T03:24:33+00:00\",\"description\":\"Naturreines \u00e4therisches \u00d6l Lemongrass Bio von PRIMAVERA - Anwendungsgebiete: Ersch\u00f6pfung & Stress, Haus- & Reiseapotheke, Insekten\",\"breadcrumb\":{\"@id\":\"https:\\\/\\\/alizel.de\\\/online\\\/produkt\\\/lemongrass-bio-primavera-5ml\\\/#breadcrumb\"},\"inLanguage\":\"de\",\"potentialAction\":[{\"@type\":\"ReadAction\",\"target\":[\"https:\\\/\\\/alizel.de\\\/online\\\/produkt\\\/lemongrass-bio-primavera-5ml\\\/\"]}]},{\"@type\":\"ImageObject\",\"inLanguage\":\"de\",\"@id\":\"https:\\\/\\\/alizel.de\\\/online\\\/produkt\\\/lemongrass-bio-primavera-5ml\\\/#primaryimage\",\"url\":\"https:\\\/\\\/alizel.de\\\/online\\\/wp-content\\\/uploads\\\/sites\\\/2\\\/2025\\\/12\\\/lemongrass10249-8001.webp\",\"contentUrl\":\"https:\\\/\\\/alizel.de\\\/online\\\/wp-content\\\/uploads\\\/sites\\\/2\\\/2025\\\/12\\\/lemongrass10249-8001.webp\",\"width\":800,\"height\":800,\"caption\":\"Naturreines \u00e4therisches \u00d6l Lemongrass Bio von PRIMAVERA\u00ae\"},{\"@type\":\"BreadcrumbList\",\"@id\":\"https:\\\/\\\/alizel.de\\\/online\\\/produkt\\\/lemongrass-bio-primavera-5ml\\\/#breadcrumb\",\"itemListElement\":[{\"@type\":\"ListItem\",\"position\":1,\"name\":\"Startseite\",\"item\":\"https:\\\/\\\/alizel.de\\\/online\\\/\"},{\"@type\":\"ListItem\",\"position\":2,\"name\":\"Shop\",\"item\":\"https:\\\/\\\/alizel.de\\\/online\\\/shop\\\/\"},{\"@type\":\"ListItem\",\"position\":3,\"name\":\"Lemongrass Bio PRIMAVERA\u00ae, 5ml\"}]},{\"@type\":\"WebSite\",\"@id\":\"https:\\\/\\\/alizel.de\\\/online\\\/#website\",\"url\":\"https:\\\/\\\/alizel.de\\\/online\\\/\",\"name\":\"ALIZEL Shop\",\"description\":\"Online-Shop der ALIZEL Gruppe\",\"publisher\":{\"@id\":\"https:\\\/\\\/alizel.de\\\/online\\\/#organization\"},\"potentialAction\":[{\"@type\":\"SearchAction\",\"target\":{\"@type\":\"EntryPoint\",\"urlTemplate\":\"https:\\\/\\\/alizel.de\\\/online\\\/?s={search_term_string}\"},\"query-input\":{\"@type\":\"PropertyValueSpecification\",\"valueRequired\":true,\"valueName\":\"search_term_string\"}}],\"inLanguage\":\"de\"},{\"@type\":\"Organization\",\"@id\":\"https:\\\/\\\/alizel.de\\\/online\\\/#organization\",\"name\":\"ALIZEL Shop\",\"url\":\"https:\\\/\\\/alizel.de\\\/online\\\/\",\"logo\":{\"@type\":\"ImageObject\",\"inLanguage\":\"de\",\"@id\":\"https:\\\/\\\/alizel.de\\\/online\\\/#\\\/schema\\\/logo\\\/image\\\/\",\"url\":\"https:\\\/\\\/alizel.de\\\/shop\\\/wp-content\\\/uploads\\\/sites\\\/2\\\/2025\\\/08\\\/alizel100.jpg\",\"contentUrl\":\"https:\\\/\\\/alizel.de\\\/shop\\\/wp-content\\\/uploads\\\/sites\\\/2\\\/2025\\\/08\\\/alizel100.jpg\",\"width\":1069,\"height\":600,\"caption\":\"ALIZEL Shop\"},\"image\":{\"@id\":\"https:\\\/\\\/alizel.de\\\/online\\\/#\\\/schema\\\/logo\\\/image\\\/\"}}]}<\/script>\n<!-- \/ Yoast SEO plugin. -->","yoast_head_json":{"title":"Lemongrass Bio PRIMAVERA\u00ae, 5ml - ALIZEL Online-Shop","description":"Naturreines \u00e4therisches \u00d6l Lemongrass Bio von PRIMAVERA - Anwendungsgebiete: Ersch\u00f6pfung & Stress, Haus- & Reiseapotheke, Insekten","robots":{"index":"index","follow":"follow","max-snippet":"max-snippet:-1","max-image-preview":"max-image-preview:large","max-video-preview":"max-video-preview:-1"},"canonical":"https:\/\/alizel.de\/online\/produkt\/lemongrass-bio-primavera-5ml\/","og_locale":"de_DE","og_type":"article","og_title":"Lemongrass Bio PRIMAVERA\u00ae, 5ml - ALIZEL Online-Shop","og_description":"Naturreines \u00e4therisches \u00d6l Lemongrass Bio von PRIMAVERA - Anwendungsgebiete: Ersch\u00f6pfung & Stress, Haus- & Reiseapotheke, Insekten","og_url":"https:\/\/alizel.de\/online\/produkt\/lemongrass-bio-primavera-5ml\/","og_site_name":"ALIZEL Online-Shop","article_modified_time":"2026-03-29T03:24:33+00:00","og_image":[{"width":800,"height":800,"url":"https:\/\/alizel.de\/online\/wp-content\/uploads\/sites\/2\/2025\/12\/lemongrass10249-8001.webp","type":"image\/webp"}],"twitter_card":"summary_large_image","twitter_misc":{"Gesch\u00e4tzte Lesezeit":"2\u00a0Minuten"},"schema":{"@context":"https:\/\/schema.org","@graph":[{"@type":"WebPage","@id":"https:\/\/alizel.de\/online\/produkt\/lemongrass-bio-primavera-5ml\/","url":"https:\/\/alizel.de\/online\/produkt\/lemongrass-bio-primavera-5ml\/","name":"Lemongrass Bio PRIMAVERA\u00ae, 5ml - ALIZEL Online-Shop","isPartOf":{"@id":"https:\/\/alizel.de\/online\/#website"},"primaryImageOfPage":{"@id":"https:\/\/alizel.de\/online\/produkt\/lemongrass-bio-primavera-5ml\/#primaryimage"},"image":{"@id":"https:\/\/alizel.de\/online\/produkt\/lemongrass-bio-primavera-5ml\/#primaryimage"},"thumbnailUrl":"https:\/\/alizel.de\/online\/wp-content\/uploads\/sites\/2\/2025\/12\/lemongrass10249-8001.webp","datePublished":"2025-12-23T09:04:53+00:00","dateModified":"2026-03-29T03:24:33+00:00","description":"Naturreines \u00e4therisches \u00d6l Lemongrass Bio von PRIMAVERA - Anwendungsgebiete: Ersch\u00f6pfung & Stress, Haus- & Reiseapotheke, Insekten","breadcrumb":{"@id":"https:\/\/alizel.de\/online\/produkt\/lemongrass-bio-primavera-5ml\/#breadcrumb"},"inLanguage":"de","potentialAction":[{"@type":"ReadAction","target":["https:\/\/alizel.de\/online\/produkt\/lemongrass-bio-primavera-5ml\/"]}]},{"@type":"ImageObject","inLanguage":"de","@id":"https:\/\/alizel.de\/online\/produkt\/lemongrass-bio-primavera-5ml\/#primaryimage","url":"https:\/\/alizel.de\/online\/wp-content\/uploads\/sites\/2\/2025\/12\/lemongrass10249-8001.webp","contentUrl":"https:\/\/alizel.de\/online\/wp-content\/uploads\/sites\/2\/2025\/12\/lemongrass10249-8001.webp","width":800,"height":800,"caption":"Naturreines \u00e4therisches \u00d6l Lemongrass Bio von PRIMAVERA\u00ae"},{"@type":"BreadcrumbList","@id":"https:\/\/alizel.de\/online\/produkt\/lemongrass-bio-primavera-5ml\/#breadcrumb","itemListElement":[{"@type":"ListItem","position":1,"name":"Startseite","item":"https:\/\/alizel.de\/online\/"},{"@type":"ListItem","position":2,"name":"Shop","item":"https:\/\/alizel.de\/online\/shop\/"},{"@type":"ListItem","position":3,"name":"Lemongrass Bio PRIMAVERA\u00ae, 5ml"}]},{"@type":"WebSite","@id":"https:\/\/alizel.de\/online\/#website","url":"https:\/\/alizel.de\/online\/","name":"ALIZEL Shop","description":"Online-Shop der ALIZEL Gruppe","publisher":{"@id":"https:\/\/alizel.de\/online\/#organization"},"potentialAction":[{"@type":"SearchAction","target":{"@type":"EntryPoint","urlTemplate":"https:\/\/alizel.de\/online\/?s={search_term_string}"},"query-input":{"@type":"PropertyValueSpecification","valueRequired":true,"valueName":"search_term_string"}}],"inLanguage":"de"},{"@type":"Organization","@id":"https:\/\/alizel.de\/online\/#organization","name":"ALIZEL Shop","url":"https:\/\/alizel.de\/online\/","logo":{"@type":"ImageObject","inLanguage":"de","@id":"https:\/\/alizel.de\/online\/#\/schema\/logo\/image\/","url":"https:\/\/alizel.de\/shop\/wp-content\/uploads\/sites\/2\/2025\/08\/alizel100.jpg","contentUrl":"https:\/\/alizel.de\/shop\/wp-content\/uploads\/sites\/2\/2025\/08\/alizel100.jpg","width":1069,"height":600,"caption":"ALIZEL Shop"},"image":{"@id":"https:\/\/alizel.de\/online\/#\/schema\/logo\/image\/"}}]}},"taxonomy_info":{"product_brand":[{"value":123,"label":"PRIMAVERA\u00ae"}],"product_cat":[{"value":81,"label":"Wohlf\u00fchl-Natur"}],"product_tag":[{"value":225,"label":"\u00c4therische \u00d6le"},{"value":237,"label":"Grippe"},{"value":232,"label":"Hausapotheke"},{"value":82,"label":"Hautpflege"},{"value":236,"label":"Insekten"},{"value":238,"label":"Kopfschmerzen"},{"value":239,"label":"M\u00fcdigkeit"},{"value":85,"label":"Raumduft"},{"value":231,"label":"Reiseapotheke"},{"value":84,"label":"Stressabbau"}]},"featured_image_src_large":["https:\/\/alizel.de\/online\/wp-content\/uploads\/sites\/2\/2025\/12\/lemongrass10249-8001.webp",800,800,false],"author_info":[],"comment_info":0,"_links":{"self":[{"href":"https:\/\/alizel.de\/online\/wp-json\/wp\/v2\/product\/1068","targetHints":{"allow":["GET"]}}],"collection":[{"href":"https:\/\/alizel.de\/online\/wp-json\/wp\/v2\/product"}],"about":[{"href":"https:\/\/alizel.de\/online\/wp-json\/wp\/v2\/types\/product"}],"replies":[{"embeddable":true,"href":"https:\/\/alizel.de\/online\/wp-json\/wp\/v2\/comments?post=1068"}],"wp:featuredmedia":[{"embeddable":true,"href":"https:\/\/alizel.de\/online\/wp-json\/wp\/v2\/media\/1069"}],"wp:attachment":[{"href":"https:\/\/alizel.de\/online\/wp-json\/wp\/v2\/media?parent=1068"}],"wp:term":[{"taxonomy":"product_brand","embeddable":true,"href":"https:\/\/alizel.de\/online\/wp-json\/wp\/v2\/product_brand?post=1068"},{"taxonomy":"product_cat","embeddable":true,"href":"https:\/\/alizel.de\/online\/wp-json\/wp\/v2\/product_cat?post=1068"},{"taxonomy":"product_tag","embeddable":true,"href":"https:\/\/alizel.de\/online\/wp-json\/wp\/v2\/product_tag?post=1068"},{"taxonomy":"product_brands","embeddable":true,"href":"https:\/\/alizel.de\/online\/wp-json\/wp\/v2\/product_brands?post=1068"}],"curies":[{"name":"wp","href":"https:\/\/api.w.org\/{rel}","templated":true}]}}