{"id":1126,"date":"2026-03-02T07:18:57","date_gmt":"2026-03-02T06:18:57","guid":{"rendered":"https:\/\/alizel.de\/online\/?post_type=product&#038;p=1126"},"modified":"2026-03-05T08:34:24","modified_gmt":"2026-03-05T07:34:24","slug":"4-wochen-innenwelt-reise","status":"publish","type":"product","link":"https:\/\/alizel.de\/online\/produkt\/4-wochen-innenwelt-reise\/","title":{"rendered":"4 Wochen Innenwelt-Reise"},"content":{"rendered":"\n<h2 class=\"wp-block-heading\">Innenwelt-Reise &#8211; In 4 Wochen mit Alice Hastenteufel<\/h2>\n\n\n\n<p>Mach dich frei f\u00fcrs echte Leben \u2013 Mach dir dein Leben wie\u2019s dir gef\u00e4llt. Das wird deine spannendste Reise die es gibt \u2013 die Innenwelt-Reise zur\u00fcck zu dir. Zur\u00fcck zu dem, was du wirklich bist.<\/p>\n\n\n\n<p>Du bekommst die M\u00f6glichkeiten der positiven Lebensver\u00e4nderung &#8211; durch interaktives online Mentoring in einer kleinen Gruppe, mit Bewusstseinsarbeit, Austausch, individueller Begleitung und exklusiven Meditationen.<\/p>\n\n\n\n<p>In den 4 Wochen treffen wir uns w\u00f6chentlich live \u00fcber Zoom f\u00fcr ca. 60 Minuten, f\u00fcr die Impulse, Inspiration und f\u00fcr gemeinsame Bewusstseinsarbeit. Dazwischen gibt es Austausch und Begleitung in der&nbsp;WhatsApp-Gruppe.<\/p>\n\n\n\n<p>Der Weg f\u00fchrt dich, durch w\u00f6chentliche Themen, \u00fcber die Stufen des Bewusstseins von K\u00f6rper, Emotionen und Gedanken bis hin zu deiner innersten Essenz, deiner Seelenkraft.<\/p>\n\n\n\n<h2 class=\"wp-block-heading\">In 4 Wochen 4 Themen<\/h2>\n\n\n\n<p>Ganz gleich, ob du spirituell tief verwurzelt bist, einen festen Glauben hast oder dich als Atheist bezeichnest: Diese Form der Bewusstseinsarbeit und Meditation ist f\u00fcr jeden zug\u00e4nglich. Die Meilensteine deiner Reise:<\/p>\n\n\n\n<ul class=\"wp-block-list\">\n<li>1. Woche: Ich bin ein Sch\u00f6pferwesen \u2013 Erkenne deine Kraft, Realit\u00e4t zu formen.<\/li>\n\n\n\n<li>2. Woche: Ich bin das Universum \u2013 Erfahre die Verbundenheit mit allem, was ist.<\/li>\n\n\n\n<li>3. Woche: Ich bin die Quelle \u2013 Zapfe das unersch\u00f6pfliche Potenzial in dir.<\/li>\n\n\n\n<li>4. Woche: Ich BIN \u2026 \u2013 Die Ankunft in deiner reinen Essenz.<\/li>\n<\/ul>\n\n\n\n<p>In diesen 4 Wochen kannst du dich frei f\u00fcrs echte Leben machen. Egal ob du spirituell, in einem Glauben verankert oder Atheist bist, diese Formen der Bewusstseinsarbeit ist f\u00fcr jeden m\u00f6glich. Es geht nicht um Dogmen, sondern um dein ganz individuelles Erleben. Wenn du dich danach sehnst, mehr in dir selbst anzukommen und deine Sch\u00f6pferkraft f\u00fcr ein freies, echtes Leben zu nutzen, dann ist dieser Raum f\u00fcr dich ge\u00f6ffnet.<\/p>\n\n\n\n<h2 class=\"wp-block-heading\">Bist du dabei?<\/h2>\n\n\n\n<p>Mach dich frei f\u00fcrs echte Leben. Ich freue mich darauf, dich in deine Sch\u00f6pferkraft zu begleiten.<\/p>\n\n\n\n<p>Bis bald,<br>Alice Hastenteufel<\/p>\n","protected":false},"excerpt":{"rendered":"<ul>\n<li>Interaktives online Mentoring.<\/li>\n<li>Mit Austausch und Begleitung.<\/li>\n<li>Jetzt kostenfreies Infogespr\u00e4ch sichern.<\/li>\n<\/ul>\n","protected":false},"featured_media":1127,"comment_status":"closed","ping_status":"closed","template":"","meta":{"_kad_blocks_custom_css":"","_kad_blocks_head_custom_js":"","_kad_blocks_body_custom_js":"","_kad_blocks_footer_custom_js":"","_kad_post_transparent":"","_kad_post_title":"","_kad_post_layout":"","_kad_post_sidebar_id":"","_kad_post_content_style":"","_kad_post_vertical_padding":"","_kad_post_feature":"","_kad_post_feature_position":"","_kad_post_header":false,"_kad_post_footer":false,"_kad_post_classname":""},"product_brand":[],"product_cat":[66,107],"product_tag":[72,80,208,241,36,209,122,168,118,196,84,62,210],"product_brands":[47],"class_list":{"0":"post-1126","1":"product","2":"type-product","3":"status-publish","4":"has-post-thumbnail","6":"product_cat-coaching-mentoring","7":"product_cat-wohlfuehl-tools","8":"product_tag-balance","9":"product_tag-bewusstsein","10":"product_tag-challenge","11":"product_tag-emotionen","12":"product_tag-harmonie","13":"product_tag-impulse","14":"product_tag-innergetic","15":"product_tag-meditation","16":"product_tag-potenzial","17":"product_tag-seele","18":"product_tag-stressabbau","19":"product_tag-transformation","20":"product_tag-veraenderung","21":"product_brands-innerplus","23":"first","24":"instock","25":"taxable","26":"shipping-taxable","27":"product-type-external","28":"entry","29":"content-bg","30":"loop-entry"},"yoast_head":"<!-- This site is optimized with the Yoast SEO plugin v27.5 - https:\/\/yoast.com\/product\/yoast-seo-wordpress\/ -->\n<title>4 Wochen Innenwelt-Reise - ALIZEL Online-Shop<\/title>\n<meta name=\"description\" content=\"In 4 Wochen zur\u00fcck zu dir. Zur\u00fcck zu dem, was du wirklich bist. Sichere dir dein kostenfreies Infogespr\u00e4ch und mach dich auf - auf deine Innenwelt-Reise.\" \/>\n<meta name=\"robots\" content=\"index, follow, max-snippet:-1, max-image-preview:large, max-video-preview:-1\" \/>\n<link rel=\"canonical\" href=\"https:\/\/alizel.de\/online\/produkt\/4-wochen-innenwelt-reise\/\" \/>\n<meta property=\"og:locale\" content=\"de_DE\" \/>\n<meta property=\"og:type\" content=\"article\" \/>\n<meta property=\"og:title\" content=\"4 Wochen Innenwelt-Reise - ALIZEL Online-Shop\" \/>\n<meta property=\"og:description\" content=\"In 4 Wochen zur\u00fcck zu dir. Zur\u00fcck zu dem, was du wirklich bist. Sichere dir dein kostenfreies Infogespr\u00e4ch und mach dich auf - auf deine Innenwelt-Reise.\" \/>\n<meta property=\"og:url\" content=\"https:\/\/alizel.de\/online\/produkt\/4-wochen-innenwelt-reise\/\" \/>\n<meta property=\"og:site_name\" content=\"ALIZEL Online-Shop\" \/>\n<meta property=\"article:modified_time\" content=\"2026-03-05T07:34:24+00:00\" \/>\n<meta property=\"og:image\" content=\"https:\/\/alizel.de\/online\/wp-content\/uploads\/sites\/2\/2026\/03\/meinleben8001.webp\" \/>\n\t<meta property=\"og:image:width\" content=\"800\" \/>\n\t<meta property=\"og:image:height\" content=\"800\" \/>\n\t<meta property=\"og:image:type\" content=\"image\/webp\" \/>\n<meta name=\"twitter:card\" content=\"summary_large_image\" \/>\n<meta name=\"twitter:label1\" content=\"Gesch\u00e4tzte Lesezeit\" \/>\n\t<meta name=\"twitter:data1\" content=\"2\u00a0Minuten\" \/>\n<script type=\"application\/ld+json\" class=\"yoast-schema-graph\">{\"@context\":\"https:\\\/\\\/schema.org\",\"@graph\":[{\"@type\":\"WebPage\",\"@id\":\"https:\\\/\\\/alizel.de\\\/online\\\/produkt\\\/4-wochen-innenwelt-reise\\\/\",\"url\":\"https:\\\/\\\/alizel.de\\\/online\\\/produkt\\\/4-wochen-innenwelt-reise\\\/\",\"name\":\"4 Wochen Innenwelt-Reise - ALIZEL Online-Shop\",\"isPartOf\":{\"@id\":\"https:\\\/\\\/alizel.de\\\/online\\\/#website\"},\"primaryImageOfPage\":{\"@id\":\"https:\\\/\\\/alizel.de\\\/online\\\/produkt\\\/4-wochen-innenwelt-reise\\\/#primaryimage\"},\"image\":{\"@id\":\"https:\\\/\\\/alizel.de\\\/online\\\/produkt\\\/4-wochen-innenwelt-reise\\\/#primaryimage\"},\"thumbnailUrl\":\"https:\\\/\\\/alizel.de\\\/online\\\/wp-content\\\/uploads\\\/sites\\\/2\\\/2026\\\/03\\\/meinleben8001.webp\",\"datePublished\":\"2026-03-02T06:18:57+00:00\",\"dateModified\":\"2026-03-05T07:34:24+00:00\",\"description\":\"In 4 Wochen zur\u00fcck zu dir. Zur\u00fcck zu dem, was du wirklich bist. Sichere dir dein kostenfreies Infogespr\u00e4ch und mach dich auf - auf deine Innenwelt-Reise.\",\"breadcrumb\":{\"@id\":\"https:\\\/\\\/alizel.de\\\/online\\\/produkt\\\/4-wochen-innenwelt-reise\\\/#breadcrumb\"},\"inLanguage\":\"de\",\"potentialAction\":[{\"@type\":\"ReadAction\",\"target\":[\"https:\\\/\\\/alizel.de\\\/online\\\/produkt\\\/4-wochen-innenwelt-reise\\\/\"]}]},{\"@type\":\"ImageObject\",\"inLanguage\":\"de\",\"@id\":\"https:\\\/\\\/alizel.de\\\/online\\\/produkt\\\/4-wochen-innenwelt-reise\\\/#primaryimage\",\"url\":\"https:\\\/\\\/alizel.de\\\/online\\\/wp-content\\\/uploads\\\/sites\\\/2\\\/2026\\\/03\\\/meinleben8001.webp\",\"contentUrl\":\"https:\\\/\\\/alizel.de\\\/online\\\/wp-content\\\/uploads\\\/sites\\\/2\\\/2026\\\/03\\\/meinleben8001.webp\",\"width\":800,\"height\":800,\"caption\":\"Diese 4 Wochen sind ein interaktiver Raum f\u00fcr dein Wachstum.\"},{\"@type\":\"BreadcrumbList\",\"@id\":\"https:\\\/\\\/alizel.de\\\/online\\\/produkt\\\/4-wochen-innenwelt-reise\\\/#breadcrumb\",\"itemListElement\":[{\"@type\":\"ListItem\",\"position\":1,\"name\":\"Startseite\",\"item\":\"https:\\\/\\\/alizel.de\\\/online\\\/\"},{\"@type\":\"ListItem\",\"position\":2,\"name\":\"Shop\",\"item\":\"https:\\\/\\\/alizel.de\\\/online\\\/shop\\\/\"},{\"@type\":\"ListItem\",\"position\":3,\"name\":\"4 Wochen Innenwelt-Reise\"}]},{\"@type\":\"WebSite\",\"@id\":\"https:\\\/\\\/alizel.de\\\/online\\\/#website\",\"url\":\"https:\\\/\\\/alizel.de\\\/online\\\/\",\"name\":\"ALIZEL Shop\",\"description\":\"Online-Shop der ALIZEL Gruppe\",\"publisher\":{\"@id\":\"https:\\\/\\\/alizel.de\\\/online\\\/#organization\"},\"potentialAction\":[{\"@type\":\"SearchAction\",\"target\":{\"@type\":\"EntryPoint\",\"urlTemplate\":\"https:\\\/\\\/alizel.de\\\/online\\\/?s={search_term_string}\"},\"query-input\":{\"@type\":\"PropertyValueSpecification\",\"valueRequired\":true,\"valueName\":\"search_term_string\"}}],\"inLanguage\":\"de\"},{\"@type\":\"Organization\",\"@id\":\"https:\\\/\\\/alizel.de\\\/online\\\/#organization\",\"name\":\"ALIZEL Shop\",\"url\":\"https:\\\/\\\/alizel.de\\\/online\\\/\",\"logo\":{\"@type\":\"ImageObject\",\"inLanguage\":\"de\",\"@id\":\"https:\\\/\\\/alizel.de\\\/online\\\/#\\\/schema\\\/logo\\\/image\\\/\",\"url\":\"https:\\\/\\\/alizel.de\\\/shop\\\/wp-content\\\/uploads\\\/sites\\\/2\\\/2025\\\/08\\\/alizel100.jpg\",\"contentUrl\":\"https:\\\/\\\/alizel.de\\\/shop\\\/wp-content\\\/uploads\\\/sites\\\/2\\\/2025\\\/08\\\/alizel100.jpg\",\"width\":1069,\"height\":600,\"caption\":\"ALIZEL Shop\"},\"image\":{\"@id\":\"https:\\\/\\\/alizel.de\\\/online\\\/#\\\/schema\\\/logo\\\/image\\\/\"}}]}<\/script>\n<!-- \/ Yoast SEO plugin. -->","yoast_head_json":{"title":"4 Wochen Innenwelt-Reise - ALIZEL Online-Shop","description":"In 4 Wochen zur\u00fcck zu dir. Zur\u00fcck zu dem, was du wirklich bist. Sichere dir dein kostenfreies Infogespr\u00e4ch und mach dich auf - auf deine Innenwelt-Reise.","robots":{"index":"index","follow":"follow","max-snippet":"max-snippet:-1","max-image-preview":"max-image-preview:large","max-video-preview":"max-video-preview:-1"},"canonical":"https:\/\/alizel.de\/online\/produkt\/4-wochen-innenwelt-reise\/","og_locale":"de_DE","og_type":"article","og_title":"4 Wochen Innenwelt-Reise - ALIZEL Online-Shop","og_description":"In 4 Wochen zur\u00fcck zu dir. Zur\u00fcck zu dem, was du wirklich bist. Sichere dir dein kostenfreies Infogespr\u00e4ch und mach dich auf - auf deine Innenwelt-Reise.","og_url":"https:\/\/alizel.de\/online\/produkt\/4-wochen-innenwelt-reise\/","og_site_name":"ALIZEL Online-Shop","article_modified_time":"2026-03-05T07:34:24+00:00","og_image":[{"width":800,"height":800,"url":"https:\/\/alizel.de\/online\/wp-content\/uploads\/sites\/2\/2026\/03\/meinleben8001.webp","type":"image\/webp"}],"twitter_card":"summary_large_image","twitter_misc":{"Gesch\u00e4tzte Lesezeit":"2\u00a0Minuten"},"schema":{"@context":"https:\/\/schema.org","@graph":[{"@type":"WebPage","@id":"https:\/\/alizel.de\/online\/produkt\/4-wochen-innenwelt-reise\/","url":"https:\/\/alizel.de\/online\/produkt\/4-wochen-innenwelt-reise\/","name":"4 Wochen Innenwelt-Reise - ALIZEL Online-Shop","isPartOf":{"@id":"https:\/\/alizel.de\/online\/#website"},"primaryImageOfPage":{"@id":"https:\/\/alizel.de\/online\/produkt\/4-wochen-innenwelt-reise\/#primaryimage"},"image":{"@id":"https:\/\/alizel.de\/online\/produkt\/4-wochen-innenwelt-reise\/#primaryimage"},"thumbnailUrl":"https:\/\/alizel.de\/online\/wp-content\/uploads\/sites\/2\/2026\/03\/meinleben8001.webp","datePublished":"2026-03-02T06:18:57+00:00","dateModified":"2026-03-05T07:34:24+00:00","description":"In 4 Wochen zur\u00fcck zu dir. Zur\u00fcck zu dem, was du wirklich bist. Sichere dir dein kostenfreies Infogespr\u00e4ch und mach dich auf - auf deine Innenwelt-Reise.","breadcrumb":{"@id":"https:\/\/alizel.de\/online\/produkt\/4-wochen-innenwelt-reise\/#breadcrumb"},"inLanguage":"de","potentialAction":[{"@type":"ReadAction","target":["https:\/\/alizel.de\/online\/produkt\/4-wochen-innenwelt-reise\/"]}]},{"@type":"ImageObject","inLanguage":"de","@id":"https:\/\/alizel.de\/online\/produkt\/4-wochen-innenwelt-reise\/#primaryimage","url":"https:\/\/alizel.de\/online\/wp-content\/uploads\/sites\/2\/2026\/03\/meinleben8001.webp","contentUrl":"https:\/\/alizel.de\/online\/wp-content\/uploads\/sites\/2\/2026\/03\/meinleben8001.webp","width":800,"height":800,"caption":"Diese 4 Wochen sind ein interaktiver Raum f\u00fcr dein Wachstum."},{"@type":"BreadcrumbList","@id":"https:\/\/alizel.de\/online\/produkt\/4-wochen-innenwelt-reise\/#breadcrumb","itemListElement":[{"@type":"ListItem","position":1,"name":"Startseite","item":"https:\/\/alizel.de\/online\/"},{"@type":"ListItem","position":2,"name":"Shop","item":"https:\/\/alizel.de\/online\/shop\/"},{"@type":"ListItem","position":3,"name":"4 Wochen Innenwelt-Reise"}]},{"@type":"WebSite","@id":"https:\/\/alizel.de\/online\/#website","url":"https:\/\/alizel.de\/online\/","name":"ALIZEL Shop","description":"Online-Shop der ALIZEL Gruppe","publisher":{"@id":"https:\/\/alizel.de\/online\/#organization"},"potentialAction":[{"@type":"SearchAction","target":{"@type":"EntryPoint","urlTemplate":"https:\/\/alizel.de\/online\/?s={search_term_string}"},"query-input":{"@type":"PropertyValueSpecification","valueRequired":true,"valueName":"search_term_string"}}],"inLanguage":"de"},{"@type":"Organization","@id":"https:\/\/alizel.de\/online\/#organization","name":"ALIZEL Shop","url":"https:\/\/alizel.de\/online\/","logo":{"@type":"ImageObject","inLanguage":"de","@id":"https:\/\/alizel.de\/online\/#\/schema\/logo\/image\/","url":"https:\/\/alizel.de\/shop\/wp-content\/uploads\/sites\/2\/2025\/08\/alizel100.jpg","contentUrl":"https:\/\/alizel.de\/shop\/wp-content\/uploads\/sites\/2\/2025\/08\/alizel100.jpg","width":1069,"height":600,"caption":"ALIZEL Shop"},"image":{"@id":"https:\/\/alizel.de\/online\/#\/schema\/logo\/image\/"}}]}},"taxonomy_info":{"product_cat":[{"value":66,"label":"Coaching &amp; Mentoring"},{"value":107,"label":"Wohlf\u00fchl-Tools"}],"product_tag":[{"value":72,"label":"Balance"},{"value":80,"label":"Bewusstsein"},{"value":208,"label":"Challenge"},{"value":241,"label":"Emotionen"},{"value":36,"label":"Harmonie"},{"value":209,"label":"Impulse"},{"value":122,"label":"Innergetic"},{"value":168,"label":"Meditation"},{"value":118,"label":"Potenzial"},{"value":196,"label":"Seele"},{"value":84,"label":"Stressabbau"},{"value":62,"label":"Transformation"},{"value":210,"label":"Ver\u00e4nderung"}],"product_brands":[{"value":47,"label":"InnerPlus"}]},"featured_image_src_large":["https:\/\/alizel.de\/online\/wp-content\/uploads\/sites\/2\/2026\/03\/meinleben8001.webp",800,800,false],"author_info":[],"comment_info":0,"_links":{"self":[{"href":"https:\/\/alizel.de\/online\/wp-json\/wp\/v2\/product\/1126","targetHints":{"allow":["GET"]}}],"collection":[{"href":"https:\/\/alizel.de\/online\/wp-json\/wp\/v2\/product"}],"about":[{"href":"https:\/\/alizel.de\/online\/wp-json\/wp\/v2\/types\/product"}],"replies":[{"embeddable":true,"href":"https:\/\/alizel.de\/online\/wp-json\/wp\/v2\/comments?post=1126"}],"wp:featuredmedia":[{"embeddable":true,"href":"https:\/\/alizel.de\/online\/wp-json\/wp\/v2\/media\/1127"}],"wp:attachment":[{"href":"https:\/\/alizel.de\/online\/wp-json\/wp\/v2\/media?parent=1126"}],"wp:term":[{"taxonomy":"product_brand","embeddable":true,"href":"https:\/\/alizel.de\/online\/wp-json\/wp\/v2\/product_brand?post=1126"},{"taxonomy":"product_cat","embeddable":true,"href":"https:\/\/alizel.de\/online\/wp-json\/wp\/v2\/product_cat?post=1126"},{"taxonomy":"product_tag","embeddable":true,"href":"https:\/\/alizel.de\/online\/wp-json\/wp\/v2\/product_tag?post=1126"},{"taxonomy":"product_brands","embeddable":true,"href":"https:\/\/alizel.de\/online\/wp-json\/wp\/v2\/product_brands?post=1126"}],"curies":[{"name":"wp","href":"https:\/\/api.w.org\/{rel}","templated":true}]}}