{"id":148,"date":"2025-08-23T12:51:13","date_gmt":"2025-08-23T10:51:13","guid":{"rendered":"https:\/\/alizel.de\/online\/?post_type=product&#038;p=148"},"modified":"2025-09-12T12:18:43","modified_gmt":"2025-09-12T10:18:43","slug":"innergetic-card-3er-set","status":"publish","type":"product","link":"https:\/\/alizel.de\/online\/produkt\/innergetic-card-3er-set\/","title":{"rendered":"Innergetic Card 3er Set"},"content":{"rendered":"\n<h2 class=\"wp-block-heading\">Innergetic Card 3er Set<\/h2>\n\n\n\n<p>Das kleine Familien- und Spar-Paket der Innergetic Card. Das Innergetic Card 3er Set ist f\u00fcr kleine Familien oder zum verschenken gut geeignet.<\/p>\n\n\n\n<p>In allem Leben und in der Umwelt, die uns umgibt ist Energie. In uns Menschen nennen wir es Lebensenergie. St\u00f6rungen oder sogar Blockaden der Lebensenergie k\u00f6nnen gravierende Folgen nach sich ziehen und unser Gesundheit und Wohlempfingen st\u00f6ren. Die Innergetic Card wurde entwickelt, um die Lebensenergie im Fluss zu halten und st\u00f6rende Einfl\u00fcsse wie z.B. Elektrosmog auszugleichen.<\/p>\n\n\n\n<h2 class=\"wp-block-heading\">Was die Innergetic Card ausmacht?<\/h2>\n\n\n\n<p>Nutze die Karte mit einer offenen und positiven Einstellung. Es ist wichtig, dass du die Innergetic Card mit positiver Absicht und offenem Geist verwendest. Erlebe ein neues Lebensgef\u00fchl voller Vitalit\u00e4t, Energie, Schutz und Harmonie. Hier die m\u00f6gliche Leistungen in K\u00fcrze:<\/p>\n\n\n\n<ul class=\"wp-block-list\">\n<li>Verst\u00e4rkt den Flow der Lebensenergie<\/li>\n\n\n\n<li>Harmonisiert unerw\u00fcnschte Energiefresser<\/li>\n\n\n\n<li>Vitalisiert Speisen und Getr\u00e4nke<\/li>\n\n\n\n<li>Harmonisiert Umwelteinfl\u00fcsse wie Elektrosmog<\/li>\n\n\n\n<li>F\u00f6rdert die Selbstheilungskr\u00e4fte<\/li>\n\n\n\n<li>St\u00e4rkt das Immunsystem<\/li>\n\n\n\n<li>Bringt K\u00f6rper und Geist in Gleichgewicht<\/li>\n<\/ul>\n\n\n\n<p><strong>Tipp<\/strong>: Lese&nbsp;<a href=\"https:\/\/innergetic.info\/card\/\" target=\"_blank\" rel=\"noopener\">hier die ausf\u00fchrlichen Informationen<\/a>&nbsp;auf der offiziellen Innergetic Card Website.<\/p>\n\n\n\n<h2 class=\"wp-block-heading\">Deine Lebensenergie<\/h2>\n\n\n\n<p>In dir wohnt eine ungeahnte Kraft, eine Quelle der Energie, die dich dazu bef\u00e4higt, ein gesundes, gl\u00fcckliches und erf\u00fclltes Leben zu f\u00fchren. Diese Energie, die als Lebensenergie bezeichnet wird, durchstr\u00f6mt deinen K\u00f6rper und deine Seele. Sie ist die Kraft, die dich antreibt, dich lebendig und gesund h\u00e4lt.<\/p>\n\n\n\n<p>Doch manchmal kann diese Energie blockiert oder geschw\u00e4cht sein. Krankheit, negative Gedanken und ein hektischer Lebensstil k\u00f6nnen dazu f\u00fchren, dass du dich ausgelaugt und leer f\u00fchlst. Die gute Nachricht ist, dass du deine Lebensenergie wiedererwecken, st\u00e4rken und kultivieren kannst. Diese kleine Karte kann dir dabei helfen.<\/p>\n\n\n\n<p><strong>Lesetipp<\/strong>: Mehr \u00fcber die Lebensenergie in unserem Magazin:&nbsp;<a href=\"https:\/\/beledama.de\/blog\/lebensenergie-das-geheimnis-fuer-ein-gesundes-und-erfuelltes-leben\/#was-blockiert-deine-lebensenergie\" target=\"_blank\" rel=\"noopener\">Lebensenergie: Das Geheimnis f\u00fcr ein gesundes und erf\u00fclltes Leben<\/a><\/p>\n\n\n\n<h2 class=\"wp-block-heading\">Details einer Karte<\/h2>\n\n\n\n<ul class=\"wp-block-list\">\n<li>Format: 86 x 54 x 0,66 mm (formatgleich mit Bankkarten)<\/li>\n\n\n\n<li>Gewicht: ca. 6 Gramm<\/li>\n\n\n\n<li>Material: Hart-PVC ohne Weichmacher (unplastifiziertes PVC), 100 % recycelbar<\/li>\n\n\n\n<li>Technische Eigenschaft: stabil, abriebfest und schmutzabweisend<\/li>\n\n\n\n<li>Reinigung: Einfach mit einem feuchten Tuch abwischen<\/li>\n\n\n\n<li>Produkt enth\u00e4lt 3 x\u00a0<a href=\"https:\/\/innergetic.info\/shop\/produkt\/innergetic-card\/\">Innergetic Card<\/a><\/li>\n<\/ul>\n\n\n\n<h2 class=\"wp-block-heading\">Rechtliche Hinweise<\/h2>\n\n\n\n<p>Die Anwendungsbeispiele, Ratschl\u00e4ge und L\u00f6sungsans\u00e4tze basieren auf jahrelanger Erfahrung und Erkenntnissen. Die Karte selbst ist jedoch kein Medizinprodukt und ersetzt nicht die Diagnose oder Behandlung einer Krankheit durch einen Arzt. Dennoch ist die Karte eine wertvolle Unterst\u00fctzung f\u00fcr Gesundheit und Wohlbefinden.<\/p>\n\n\n\n<p><span class=\"kt-adv-heading3159_eda414-a2 wp-block-kadence-advancedheading\" data-kb-block=\"kb-adv-heading3159_eda414-a2\">Artikel-Nr.: 6024103<\/span><\/p>\n\n\n\n<p>Tags: Vitalisierung, Harmonisierung, Energiekarte, Harmony Card, InnergeticCard, Schutzkarte<\/p>\n","protected":false},"excerpt":{"rendered":"<p>Das Spar-Paket f\u00fcr Vitalit\u00e4t, Harmonie, Energie und Schutz.<\/p>\n","protected":false},"featured_media":294,"comment_status":"open","ping_status":"closed","template":"","meta":{"_kad_blocks_custom_css":"","_kad_blocks_head_custom_js":"","_kad_blocks_body_custom_js":"","_kad_blocks_footer_custom_js":"","_kad_post_transparent":"default","_kad_post_title":"","_kad_post_layout":"default","_kad_post_sidebar_id":"","_kad_post_content_style":"default","_kad_post_vertical_padding":"default","_kad_post_feature":"","_kad_post_feature_position":"","_kad_post_header":false,"_kad_post_footer":false,"_kad_post_classname":""},"product_brand":[],"product_cat":[64,120],"product_tag":[35,34,41,36,122,37],"product_brands":[47],"class_list":{"0":"post-148","1":"product","2":"type-product","3":"status-publish","4":"has-post-thumbnail","6":"product_cat-energiekarten","7":"product_cat-vorteilspakete","8":"product_tag-card","9":"product_tag-energie","10":"product_tag-familie","11":"product_tag-harmonie","12":"product_tag-innergetic","13":"product_tag-schutz","14":"product_shipping_class-waren-bis-50-g","15":"product_brands-innerplus","17":"first","18":"instock","19":"sale","20":"taxable","21":"shipping-taxable","22":"purchasable","23":"product-type-simple","24":"entry","25":"content-bg","26":"loop-entry"},"yoast_head":"<!-- This site is optimized with the Yoast SEO plugin v27.5 - https:\/\/yoast.com\/product\/yoast-seo-wordpress\/ -->\n<title>Innergetic Card 3er Set - ALIZEL Online-Shop<\/title>\n<meta name=\"robots\" content=\"index, follow, max-snippet:-1, max-image-preview:large, max-video-preview:-1\" \/>\n<link rel=\"canonical\" href=\"https:\/\/alizel.de\/online\/produkt\/innergetic-card-3er-set\/\" \/>\n<meta property=\"og:locale\" content=\"de_DE\" \/>\n<meta property=\"og:type\" content=\"article\" \/>\n<meta property=\"og:title\" content=\"Innergetic Card 3er Set - ALIZEL Online-Shop\" \/>\n<meta property=\"og:description\" content=\"Das Spar-Paket f\u00fcr Vitalit\u00e4t, Harmonie, Energie und Schutz.\" \/>\n<meta property=\"og:url\" content=\"https:\/\/alizel.de\/online\/produkt\/innergetic-card-3er-set\/\" \/>\n<meta property=\"og:site_name\" content=\"ALIZEL Online-Shop\" \/>\n<meta property=\"article:modified_time\" content=\"2025-09-12T10:18:43+00:00\" \/>\n<meta property=\"og:image\" content=\"https:\/\/alizel.de\/online\/wp-content\/uploads\/sites\/2\/2025\/08\/innergetic-card831-min.jpg\" \/>\n\t<meta property=\"og:image:width\" content=\"800\" \/>\n\t<meta property=\"og:image:height\" content=\"800\" \/>\n\t<meta property=\"og:image:type\" content=\"image\/jpeg\" \/>\n<meta name=\"twitter:card\" content=\"summary_large_image\" \/>\n<meta name=\"twitter:label1\" content=\"Gesch\u00e4tzte Lesezeit\" \/>\n\t<meta name=\"twitter:data1\" content=\"3\u00a0Minuten\" \/>\n<script type=\"application\/ld+json\" class=\"yoast-schema-graph\">{\"@context\":\"https:\\\/\\\/schema.org\",\"@graph\":[{\"@type\":\"WebPage\",\"@id\":\"https:\\\/\\\/alizel.de\\\/online\\\/produkt\\\/innergetic-card-3er-set\\\/\",\"url\":\"https:\\\/\\\/alizel.de\\\/online\\\/produkt\\\/innergetic-card-3er-set\\\/\",\"name\":\"Innergetic Card 3er Set - ALIZEL Online-Shop\",\"isPartOf\":{\"@id\":\"https:\\\/\\\/alizel.de\\\/online\\\/#website\"},\"primaryImageOfPage\":{\"@id\":\"https:\\\/\\\/alizel.de\\\/online\\\/produkt\\\/innergetic-card-3er-set\\\/#primaryimage\"},\"image\":{\"@id\":\"https:\\\/\\\/alizel.de\\\/online\\\/produkt\\\/innergetic-card-3er-set\\\/#primaryimage\"},\"thumbnailUrl\":\"https:\\\/\\\/alizel.de\\\/online\\\/wp-content\\\/uploads\\\/sites\\\/2\\\/2025\\\/08\\\/innergetic-card831-min.jpg\",\"datePublished\":\"2025-08-23T10:51:13+00:00\",\"dateModified\":\"2025-09-12T10:18:43+00:00\",\"breadcrumb\":{\"@id\":\"https:\\\/\\\/alizel.de\\\/online\\\/produkt\\\/innergetic-card-3er-set\\\/#breadcrumb\"},\"inLanguage\":\"de\",\"potentialAction\":[{\"@type\":\"ReadAction\",\"target\":[\"https:\\\/\\\/alizel.de\\\/online\\\/produkt\\\/innergetic-card-3er-set\\\/\"]}]},{\"@type\":\"ImageObject\",\"inLanguage\":\"de\",\"@id\":\"https:\\\/\\\/alizel.de\\\/online\\\/produkt\\\/innergetic-card-3er-set\\\/#primaryimage\",\"url\":\"https:\\\/\\\/alizel.de\\\/online\\\/wp-content\\\/uploads\\\/sites\\\/2\\\/2025\\\/08\\\/innergetic-card831-min.jpg\",\"contentUrl\":\"https:\\\/\\\/alizel.de\\\/online\\\/wp-content\\\/uploads\\\/sites\\\/2\\\/2025\\\/08\\\/innergetic-card831-min.jpg\",\"width\":800,\"height\":800},{\"@type\":\"BreadcrumbList\",\"@id\":\"https:\\\/\\\/alizel.de\\\/online\\\/produkt\\\/innergetic-card-3er-set\\\/#breadcrumb\",\"itemListElement\":[{\"@type\":\"ListItem\",\"position\":1,\"name\":\"Startseite\",\"item\":\"https:\\\/\\\/alizel.de\\\/online\\\/\"},{\"@type\":\"ListItem\",\"position\":2,\"name\":\"Shop\",\"item\":\"https:\\\/\\\/alizel.de\\\/online\\\/shop\\\/\"},{\"@type\":\"ListItem\",\"position\":3,\"name\":\"Innergetic Card 3er Set\"}]},{\"@type\":\"WebSite\",\"@id\":\"https:\\\/\\\/alizel.de\\\/online\\\/#website\",\"url\":\"https:\\\/\\\/alizel.de\\\/online\\\/\",\"name\":\"ALIZEL Shop\",\"description\":\"Online-Shop der ALIZEL Gruppe\",\"publisher\":{\"@id\":\"https:\\\/\\\/alizel.de\\\/online\\\/#organization\"},\"potentialAction\":[{\"@type\":\"SearchAction\",\"target\":{\"@type\":\"EntryPoint\",\"urlTemplate\":\"https:\\\/\\\/alizel.de\\\/online\\\/?s={search_term_string}\"},\"query-input\":{\"@type\":\"PropertyValueSpecification\",\"valueRequired\":true,\"valueName\":\"search_term_string\"}}],\"inLanguage\":\"de\"},{\"@type\":\"Organization\",\"@id\":\"https:\\\/\\\/alizel.de\\\/online\\\/#organization\",\"name\":\"ALIZEL Shop\",\"url\":\"https:\\\/\\\/alizel.de\\\/online\\\/\",\"logo\":{\"@type\":\"ImageObject\",\"inLanguage\":\"de\",\"@id\":\"https:\\\/\\\/alizel.de\\\/online\\\/#\\\/schema\\\/logo\\\/image\\\/\",\"url\":\"https:\\\/\\\/alizel.de\\\/shop\\\/wp-content\\\/uploads\\\/sites\\\/2\\\/2025\\\/08\\\/alizel100.jpg\",\"contentUrl\":\"https:\\\/\\\/alizel.de\\\/shop\\\/wp-content\\\/uploads\\\/sites\\\/2\\\/2025\\\/08\\\/alizel100.jpg\",\"width\":1069,\"height\":600,\"caption\":\"ALIZEL Shop\"},\"image\":{\"@id\":\"https:\\\/\\\/alizel.de\\\/online\\\/#\\\/schema\\\/logo\\\/image\\\/\"}}]}<\/script>\n<!-- \/ Yoast SEO plugin. -->","yoast_head_json":{"title":"Innergetic Card 3er Set - ALIZEL Online-Shop","robots":{"index":"index","follow":"follow","max-snippet":"max-snippet:-1","max-image-preview":"max-image-preview:large","max-video-preview":"max-video-preview:-1"},"canonical":"https:\/\/alizel.de\/online\/produkt\/innergetic-card-3er-set\/","og_locale":"de_DE","og_type":"article","og_title":"Innergetic Card 3er Set - ALIZEL Online-Shop","og_description":"Das Spar-Paket f\u00fcr Vitalit\u00e4t, Harmonie, Energie und Schutz.","og_url":"https:\/\/alizel.de\/online\/produkt\/innergetic-card-3er-set\/","og_site_name":"ALIZEL Online-Shop","article_modified_time":"2025-09-12T10:18:43+00:00","og_image":[{"width":800,"height":800,"url":"https:\/\/alizel.de\/online\/wp-content\/uploads\/sites\/2\/2025\/08\/innergetic-card831-min.jpg","type":"image\/jpeg"}],"twitter_card":"summary_large_image","twitter_misc":{"Gesch\u00e4tzte Lesezeit":"3\u00a0Minuten"},"schema":{"@context":"https:\/\/schema.org","@graph":[{"@type":"WebPage","@id":"https:\/\/alizel.de\/online\/produkt\/innergetic-card-3er-set\/","url":"https:\/\/alizel.de\/online\/produkt\/innergetic-card-3er-set\/","name":"Innergetic Card 3er Set - ALIZEL Online-Shop","isPartOf":{"@id":"https:\/\/alizel.de\/online\/#website"},"primaryImageOfPage":{"@id":"https:\/\/alizel.de\/online\/produkt\/innergetic-card-3er-set\/#primaryimage"},"image":{"@id":"https:\/\/alizel.de\/online\/produkt\/innergetic-card-3er-set\/#primaryimage"},"thumbnailUrl":"https:\/\/alizel.de\/online\/wp-content\/uploads\/sites\/2\/2025\/08\/innergetic-card831-min.jpg","datePublished":"2025-08-23T10:51:13+00:00","dateModified":"2025-09-12T10:18:43+00:00","breadcrumb":{"@id":"https:\/\/alizel.de\/online\/produkt\/innergetic-card-3er-set\/#breadcrumb"},"inLanguage":"de","potentialAction":[{"@type":"ReadAction","target":["https:\/\/alizel.de\/online\/produkt\/innergetic-card-3er-set\/"]}]},{"@type":"ImageObject","inLanguage":"de","@id":"https:\/\/alizel.de\/online\/produkt\/innergetic-card-3er-set\/#primaryimage","url":"https:\/\/alizel.de\/online\/wp-content\/uploads\/sites\/2\/2025\/08\/innergetic-card831-min.jpg","contentUrl":"https:\/\/alizel.de\/online\/wp-content\/uploads\/sites\/2\/2025\/08\/innergetic-card831-min.jpg","width":800,"height":800},{"@type":"BreadcrumbList","@id":"https:\/\/alizel.de\/online\/produkt\/innergetic-card-3er-set\/#breadcrumb","itemListElement":[{"@type":"ListItem","position":1,"name":"Startseite","item":"https:\/\/alizel.de\/online\/"},{"@type":"ListItem","position":2,"name":"Shop","item":"https:\/\/alizel.de\/online\/shop\/"},{"@type":"ListItem","position":3,"name":"Innergetic Card 3er Set"}]},{"@type":"WebSite","@id":"https:\/\/alizel.de\/online\/#website","url":"https:\/\/alizel.de\/online\/","name":"ALIZEL Shop","description":"Online-Shop der ALIZEL Gruppe","publisher":{"@id":"https:\/\/alizel.de\/online\/#organization"},"potentialAction":[{"@type":"SearchAction","target":{"@type":"EntryPoint","urlTemplate":"https:\/\/alizel.de\/online\/?s={search_term_string}"},"query-input":{"@type":"PropertyValueSpecification","valueRequired":true,"valueName":"search_term_string"}}],"inLanguage":"de"},{"@type":"Organization","@id":"https:\/\/alizel.de\/online\/#organization","name":"ALIZEL Shop","url":"https:\/\/alizel.de\/online\/","logo":{"@type":"ImageObject","inLanguage":"de","@id":"https:\/\/alizel.de\/online\/#\/schema\/logo\/image\/","url":"https:\/\/alizel.de\/shop\/wp-content\/uploads\/sites\/2\/2025\/08\/alizel100.jpg","contentUrl":"https:\/\/alizel.de\/shop\/wp-content\/uploads\/sites\/2\/2025\/08\/alizel100.jpg","width":1069,"height":600,"caption":"ALIZEL Shop"},"image":{"@id":"https:\/\/alizel.de\/online\/#\/schema\/logo\/image\/"}}]}},"taxonomy_info":{"product_cat":[{"value":64,"label":"Energiekarten"},{"value":120,"label":"Vorteilspakete"}],"product_tag":[{"value":35,"label":"Card"},{"value":34,"label":"Energie"},{"value":41,"label":"Familie"},{"value":36,"label":"Harmonie"},{"value":122,"label":"Innergetic"},{"value":37,"label":"Schutz"}],"product_brands":[{"value":47,"label":"InnerPlus"}]},"featured_image_src_large":["https:\/\/alizel.de\/online\/wp-content\/uploads\/sites\/2\/2025\/08\/innergetic-card831-min.jpg",800,800,false],"author_info":[],"comment_info":0,"_links":{"self":[{"href":"https:\/\/alizel.de\/online\/wp-json\/wp\/v2\/product\/148","targetHints":{"allow":["GET"]}}],"collection":[{"href":"https:\/\/alizel.de\/online\/wp-json\/wp\/v2\/product"}],"about":[{"href":"https:\/\/alizel.de\/online\/wp-json\/wp\/v2\/types\/product"}],"replies":[{"embeddable":true,"href":"https:\/\/alizel.de\/online\/wp-json\/wp\/v2\/comments?post=148"}],"wp:featuredmedia":[{"embeddable":true,"href":"https:\/\/alizel.de\/online\/wp-json\/wp\/v2\/media\/294"}],"wp:attachment":[{"href":"https:\/\/alizel.de\/online\/wp-json\/wp\/v2\/media?parent=148"}],"wp:term":[{"taxonomy":"product_brand","embeddable":true,"href":"https:\/\/alizel.de\/online\/wp-json\/wp\/v2\/product_brand?post=148"},{"taxonomy":"product_cat","embeddable":true,"href":"https:\/\/alizel.de\/online\/wp-json\/wp\/v2\/product_cat?post=148"},{"taxonomy":"product_tag","embeddable":true,"href":"https:\/\/alizel.de\/online\/wp-json\/wp\/v2\/product_tag?post=148"},{"taxonomy":"product_brands","embeddable":true,"href":"https:\/\/alizel.de\/online\/wp-json\/wp\/v2\/product_brands?post=148"}],"curies":[{"name":"wp","href":"https:\/\/api.w.org\/{rel}","templated":true}]}}