{"id":296,"date":"2025-08-26T11:46:17","date_gmt":"2025-08-26T09:46:17","guid":{"rendered":"https:\/\/alizel.de\/online\/?post_type=product&#038;p=296"},"modified":"2025-10-19T08:45:28","modified_gmt":"2025-10-19T06:45:28","slug":"innergetic-check","status":"publish","type":"product","link":"https:\/\/alizel.de\/online\/produkt\/innergetic-check\/","title":{"rendered":"Innergetic Check"},"content":{"rendered":"\n<h2 class=\"wp-block-heading\">Innergetic Check<\/h2>\n\n\n\n<p>Investiere jetzt in deine Lebensenergie. Mit dem Innergetic Check bekommst du einen genauen \u00dcberblick zu deinem energetischen Zustand, inklusive Auswertung, Optimierungsplan und ca. 30 Min. Beratungsgespr\u00e4ch.<\/p>\n\n\n\n<h2 class=\"wp-block-heading\">Deine Situation<\/h2>\n\n\n\n<p>F\u00fchlst du dich oft m\u00fcde oder ausgelaugt? Hast du Schwierigkeiten, dich zu konzentrieren oder deine Ziele zu erreichen? Das k\u00f6nnte daran liegen, dass der Fluss deiner Lebensenergie geschw\u00e4cht oder blockiert ist und nicht richtig funktioniert.&nbsp;<\/p>\n\n\n\n<p><strong>Die gute Nachricht<\/strong>&nbsp;ist, mit dem Innergetic Check k\u00f6nnen wir diese Fehlfunktionen finden, neutralisieren und in Fluss bringen.<\/p>\n\n\n\n<h2 class=\"wp-block-heading\">Warum ist das wichtig?<\/h2>\n\n\n\n<ul class=\"wp-block-list\">\n<li>Du bekommst einen Einblick auf deine Lebensenergie um Blockaden zu identifizieren und zu l\u00f6sen.<\/li>\n\n\n\n<li>Mehr Gesundheit: Ein ausgeglichener Energiefluss ist wichtig f\u00fcr deine k\u00f6rperliche und geistige Gesundheit.<\/li>\n\n\n\n<li>Mehr Wohlbefinden: Mehr Energie bedeutet mehr Wohlbefinden, Lebensfreude und Leistungsf\u00e4higkeit.<\/li>\n\n\n\n<li>Mehr Potenzial: Durch die Optimierung deiner Energiezentren kannst du dein Potenzial besser entfalten.<\/li>\n<\/ul>\n\n\n\n<h2 class=\"wp-block-heading\">Innergetic Check einfach erkl\u00e4rt<\/h2>\n\n\n\n<p>Stell dir vor, deine Lebensenergie im K\u00f6rper ist wie eine Batterie. Sie ist die Kraft, die dich antreibt, dich lebendig und gesund h\u00e4lt. Doch manchmal kann diese Batterie geschw\u00e4cht sein oder sogar Fehlfunktionen haben.<\/p>\n\n\n\n<p>Hier kommt der Innergetic Check ins Spiel, denn der kann einen tiefen Einblick in deine Batterie erm\u00f6glichen. Wir k\u00f6nnen sehen ob sie gut geladen ist und ob sie optimal funktioniert.<\/p>\n\n\n\n<p><strong>Mein Tipp<\/strong>: Lese unseren Beitrag \u00fcber die&nbsp;<a href=\"https:\/\/beledama.de\/blog\/lebensenergie-das-geheimnis-fuer-ein-gesundes-und-erfuelltes-leben\/\" target=\"_blank\" rel=\"noreferrer noopener\">Lebensenergie: Das Geheimnis f\u00fcr ein gesundes und erf\u00fclltes Leben<\/a>.<\/p>\n\n\n\n<h2 class=\"wp-block-heading\">Sonstiges<\/h2>\n\n\n\n<ul class=\"wp-block-list\">\n<li>Artikel-Nr.: 3090002<\/li>\n\n\n\n<li>Stichw\u00f6rter: Energiebilanz, Potenzialentfaltung, Leistungsentfaltung, Leistungssteigerung<\/li>\n<\/ul>\n","protected":false},"excerpt":{"rendered":"<p>Check-up deines energetischen Zustands inkl. Optimierungsplan und Beratung.<\/p>\n","protected":false},"featured_media":157,"comment_status":"closed","ping_status":"closed","template":"","meta":{"_kad_blocks_custom_css":"","_kad_blocks_head_custom_js":"","_kad_blocks_body_custom_js":"","_kad_blocks_footer_custom_js":"","_kad_post_transparent":"","_kad_post_title":"","_kad_post_layout":"","_kad_post_sidebar_id":"","_kad_post_content_style":"","_kad_post_vertical_padding":"","_kad_post_feature":"","_kad_post_feature_position":"","_kad_post_header":false,"_kad_post_footer":false,"_kad_post_classname":""},"product_brand":[],"product_cat":[117],"product_tag":[58,56,34,36,122,57,118],"product_brands":[47],"class_list":{"0":"post-296","1":"product","2":"type-product","3":"status-publish","4":"has-post-thumbnail","6":"product_cat-dienstleistungen","7":"product_tag-bioenergie","8":"product_tag-blockaden","9":"product_tag-energie","10":"product_tag-harmonie","11":"product_tag-innergetic","12":"product_tag-lebensenergie","13":"product_tag-potenzial","14":"product_shipping_class-dienstleistung","15":"product_brands-innerplus","17":"first","18":"instock","19":"sold-individually","20":"taxable","21":"shipping-taxable","22":"purchasable","23":"product-type-simple","24":"entry","25":"content-bg","26":"loop-entry"},"yoast_head":"<!-- This site is optimized with the Yoast SEO plugin v27.5 - https:\/\/yoast.com\/product\/yoast-seo-wordpress\/ -->\n<title>Innergetic Check - ALIZEL Online-Shop<\/title>\n<meta name=\"description\" content=\"Mit dem Innergetic Check bekommst du einen genauen Einblick auf deine Lebensenergie um Blockaden zu finden, zu neutralisieren und in Fluss bringen.\" \/>\n<meta name=\"robots\" content=\"index, follow, max-snippet:-1, max-image-preview:large, max-video-preview:-1\" \/>\n<link rel=\"canonical\" href=\"https:\/\/alizel.de\/online\/produkt\/innergetic-check\/\" \/>\n<meta property=\"og:locale\" content=\"de_DE\" \/>\n<meta property=\"og:type\" content=\"article\" \/>\n<meta property=\"og:title\" content=\"Innergetic Check - ALIZEL Online-Shop\" \/>\n<meta property=\"og:description\" content=\"Mit dem Innergetic Check bekommst du einen genauen Einblick auf deine Lebensenergie um Blockaden zu finden, zu neutralisieren und in Fluss bringen.\" \/>\n<meta property=\"og:url\" content=\"https:\/\/alizel.de\/online\/produkt\/innergetic-check\/\" \/>\n<meta property=\"og:site_name\" content=\"ALIZEL Online-Shop\" \/>\n<meta property=\"article:modified_time\" content=\"2025-10-19T06:45:28+00:00\" \/>\n<meta property=\"og:image\" content=\"https:\/\/alizel.de\/online\/wp-content\/uploads\/sites\/2\/2025\/08\/innergetic-check801.jpg\" \/>\n\t<meta property=\"og:image:width\" content=\"800\" \/>\n\t<meta property=\"og:image:height\" content=\"800\" \/>\n\t<meta property=\"og:image:type\" content=\"image\/jpeg\" \/>\n<meta name=\"twitter:card\" content=\"summary_large_image\" \/>\n<meta name=\"twitter:label1\" content=\"Gesch\u00e4tzte Lesezeit\" \/>\n\t<meta name=\"twitter:data1\" content=\"2\u00a0Minuten\" \/>\n<script type=\"application\/ld+json\" class=\"yoast-schema-graph\">{\"@context\":\"https:\\\/\\\/schema.org\",\"@graph\":[{\"@type\":\"WebPage\",\"@id\":\"https:\\\/\\\/alizel.de\\\/online\\\/produkt\\\/innergetic-check\\\/\",\"url\":\"https:\\\/\\\/alizel.de\\\/online\\\/produkt\\\/innergetic-check\\\/\",\"name\":\"Innergetic Check - ALIZEL Online-Shop\",\"isPartOf\":{\"@id\":\"https:\\\/\\\/alizel.de\\\/online\\\/#website\"},\"primaryImageOfPage\":{\"@id\":\"https:\\\/\\\/alizel.de\\\/online\\\/produkt\\\/innergetic-check\\\/#primaryimage\"},\"image\":{\"@id\":\"https:\\\/\\\/alizel.de\\\/online\\\/produkt\\\/innergetic-check\\\/#primaryimage\"},\"thumbnailUrl\":\"https:\\\/\\\/alizel.de\\\/online\\\/wp-content\\\/uploads\\\/sites\\\/2\\\/2025\\\/08\\\/innergetic-check801.jpg\",\"datePublished\":\"2025-08-26T09:46:17+00:00\",\"dateModified\":\"2025-10-19T06:45:28+00:00\",\"description\":\"Mit dem Innergetic Check bekommst du einen genauen Einblick auf deine Lebensenergie um Blockaden zu finden, zu neutralisieren und in Fluss bringen.\",\"breadcrumb\":{\"@id\":\"https:\\\/\\\/alizel.de\\\/online\\\/produkt\\\/innergetic-check\\\/#breadcrumb\"},\"inLanguage\":\"de\",\"potentialAction\":[{\"@type\":\"ReadAction\",\"target\":[\"https:\\\/\\\/alizel.de\\\/online\\\/produkt\\\/innergetic-check\\\/\"]}]},{\"@type\":\"ImageObject\",\"inLanguage\":\"de\",\"@id\":\"https:\\\/\\\/alizel.de\\\/online\\\/produkt\\\/innergetic-check\\\/#primaryimage\",\"url\":\"https:\\\/\\\/alizel.de\\\/online\\\/wp-content\\\/uploads\\\/sites\\\/2\\\/2025\\\/08\\\/innergetic-check801.jpg\",\"contentUrl\":\"https:\\\/\\\/alizel.de\\\/online\\\/wp-content\\\/uploads\\\/sites\\\/2\\\/2025\\\/08\\\/innergetic-check801.jpg\",\"width\":800,\"height\":800},{\"@type\":\"BreadcrumbList\",\"@id\":\"https:\\\/\\\/alizel.de\\\/online\\\/produkt\\\/innergetic-check\\\/#breadcrumb\",\"itemListElement\":[{\"@type\":\"ListItem\",\"position\":1,\"name\":\"Startseite\",\"item\":\"https:\\\/\\\/alizel.de\\\/online\\\/\"},{\"@type\":\"ListItem\",\"position\":2,\"name\":\"Shop\",\"item\":\"https:\\\/\\\/alizel.de\\\/online\\\/shop\\\/\"},{\"@type\":\"ListItem\",\"position\":3,\"name\":\"Innergetic Check\"}]},{\"@type\":\"WebSite\",\"@id\":\"https:\\\/\\\/alizel.de\\\/online\\\/#website\",\"url\":\"https:\\\/\\\/alizel.de\\\/online\\\/\",\"name\":\"ALIZEL Shop\",\"description\":\"Online-Shop der ALIZEL Gruppe\",\"publisher\":{\"@id\":\"https:\\\/\\\/alizel.de\\\/online\\\/#organization\"},\"potentialAction\":[{\"@type\":\"SearchAction\",\"target\":{\"@type\":\"EntryPoint\",\"urlTemplate\":\"https:\\\/\\\/alizel.de\\\/online\\\/?s={search_term_string}\"},\"query-input\":{\"@type\":\"PropertyValueSpecification\",\"valueRequired\":true,\"valueName\":\"search_term_string\"}}],\"inLanguage\":\"de\"},{\"@type\":\"Organization\",\"@id\":\"https:\\\/\\\/alizel.de\\\/online\\\/#organization\",\"name\":\"ALIZEL Shop\",\"url\":\"https:\\\/\\\/alizel.de\\\/online\\\/\",\"logo\":{\"@type\":\"ImageObject\",\"inLanguage\":\"de\",\"@id\":\"https:\\\/\\\/alizel.de\\\/online\\\/#\\\/schema\\\/logo\\\/image\\\/\",\"url\":\"https:\\\/\\\/alizel.de\\\/shop\\\/wp-content\\\/uploads\\\/sites\\\/2\\\/2025\\\/08\\\/alizel100.jpg\",\"contentUrl\":\"https:\\\/\\\/alizel.de\\\/shop\\\/wp-content\\\/uploads\\\/sites\\\/2\\\/2025\\\/08\\\/alizel100.jpg\",\"width\":1069,\"height\":600,\"caption\":\"ALIZEL Shop\"},\"image\":{\"@id\":\"https:\\\/\\\/alizel.de\\\/online\\\/#\\\/schema\\\/logo\\\/image\\\/\"}}]}<\/script>\n<!-- \/ Yoast SEO plugin. -->","yoast_head_json":{"title":"Innergetic Check - ALIZEL Online-Shop","description":"Mit dem Innergetic Check bekommst du einen genauen Einblick auf deine Lebensenergie um Blockaden zu finden, zu neutralisieren und in Fluss bringen.","robots":{"index":"index","follow":"follow","max-snippet":"max-snippet:-1","max-image-preview":"max-image-preview:large","max-video-preview":"max-video-preview:-1"},"canonical":"https:\/\/alizel.de\/online\/produkt\/innergetic-check\/","og_locale":"de_DE","og_type":"article","og_title":"Innergetic Check - ALIZEL Online-Shop","og_description":"Mit dem Innergetic Check bekommst du einen genauen Einblick auf deine Lebensenergie um Blockaden zu finden, zu neutralisieren und in Fluss bringen.","og_url":"https:\/\/alizel.de\/online\/produkt\/innergetic-check\/","og_site_name":"ALIZEL Online-Shop","article_modified_time":"2025-10-19T06:45:28+00:00","og_image":[{"width":800,"height":800,"url":"https:\/\/alizel.de\/online\/wp-content\/uploads\/sites\/2\/2025\/08\/innergetic-check801.jpg","type":"image\/jpeg"}],"twitter_card":"summary_large_image","twitter_misc":{"Gesch\u00e4tzte Lesezeit":"2\u00a0Minuten"},"schema":{"@context":"https:\/\/schema.org","@graph":[{"@type":"WebPage","@id":"https:\/\/alizel.de\/online\/produkt\/innergetic-check\/","url":"https:\/\/alizel.de\/online\/produkt\/innergetic-check\/","name":"Innergetic Check - ALIZEL Online-Shop","isPartOf":{"@id":"https:\/\/alizel.de\/online\/#website"},"primaryImageOfPage":{"@id":"https:\/\/alizel.de\/online\/produkt\/innergetic-check\/#primaryimage"},"image":{"@id":"https:\/\/alizel.de\/online\/produkt\/innergetic-check\/#primaryimage"},"thumbnailUrl":"https:\/\/alizel.de\/online\/wp-content\/uploads\/sites\/2\/2025\/08\/innergetic-check801.jpg","datePublished":"2025-08-26T09:46:17+00:00","dateModified":"2025-10-19T06:45:28+00:00","description":"Mit dem Innergetic Check bekommst du einen genauen Einblick auf deine Lebensenergie um Blockaden zu finden, zu neutralisieren und in Fluss bringen.","breadcrumb":{"@id":"https:\/\/alizel.de\/online\/produkt\/innergetic-check\/#breadcrumb"},"inLanguage":"de","potentialAction":[{"@type":"ReadAction","target":["https:\/\/alizel.de\/online\/produkt\/innergetic-check\/"]}]},{"@type":"ImageObject","inLanguage":"de","@id":"https:\/\/alizel.de\/online\/produkt\/innergetic-check\/#primaryimage","url":"https:\/\/alizel.de\/online\/wp-content\/uploads\/sites\/2\/2025\/08\/innergetic-check801.jpg","contentUrl":"https:\/\/alizel.de\/online\/wp-content\/uploads\/sites\/2\/2025\/08\/innergetic-check801.jpg","width":800,"height":800},{"@type":"BreadcrumbList","@id":"https:\/\/alizel.de\/online\/produkt\/innergetic-check\/#breadcrumb","itemListElement":[{"@type":"ListItem","position":1,"name":"Startseite","item":"https:\/\/alizel.de\/online\/"},{"@type":"ListItem","position":2,"name":"Shop","item":"https:\/\/alizel.de\/online\/shop\/"},{"@type":"ListItem","position":3,"name":"Innergetic Check"}]},{"@type":"WebSite","@id":"https:\/\/alizel.de\/online\/#website","url":"https:\/\/alizel.de\/online\/","name":"ALIZEL Shop","description":"Online-Shop der ALIZEL Gruppe","publisher":{"@id":"https:\/\/alizel.de\/online\/#organization"},"potentialAction":[{"@type":"SearchAction","target":{"@type":"EntryPoint","urlTemplate":"https:\/\/alizel.de\/online\/?s={search_term_string}"},"query-input":{"@type":"PropertyValueSpecification","valueRequired":true,"valueName":"search_term_string"}}],"inLanguage":"de"},{"@type":"Organization","@id":"https:\/\/alizel.de\/online\/#organization","name":"ALIZEL Shop","url":"https:\/\/alizel.de\/online\/","logo":{"@type":"ImageObject","inLanguage":"de","@id":"https:\/\/alizel.de\/online\/#\/schema\/logo\/image\/","url":"https:\/\/alizel.de\/shop\/wp-content\/uploads\/sites\/2\/2025\/08\/alizel100.jpg","contentUrl":"https:\/\/alizel.de\/shop\/wp-content\/uploads\/sites\/2\/2025\/08\/alizel100.jpg","width":1069,"height":600,"caption":"ALIZEL Shop"},"image":{"@id":"https:\/\/alizel.de\/online\/#\/schema\/logo\/image\/"}}]}},"taxonomy_info":{"product_cat":[{"value":117,"label":"Dienstleistungen"}],"product_tag":[{"value":58,"label":"Bioenergie"},{"value":56,"label":"Blockaden"},{"value":34,"label":"Energie"},{"value":36,"label":"Harmonie"},{"value":122,"label":"Innergetic"},{"value":57,"label":"Lebensenergie"},{"value":118,"label":"Potenzial"}],"product_brands":[{"value":47,"label":"InnerPlus"}]},"featured_image_src_large":["https:\/\/alizel.de\/online\/wp-content\/uploads\/sites\/2\/2025\/08\/innergetic-check801.jpg",800,800,false],"author_info":[],"comment_info":0,"_links":{"self":[{"href":"https:\/\/alizel.de\/online\/wp-json\/wp\/v2\/product\/296","targetHints":{"allow":["GET"]}}],"collection":[{"href":"https:\/\/alizel.de\/online\/wp-json\/wp\/v2\/product"}],"about":[{"href":"https:\/\/alizel.de\/online\/wp-json\/wp\/v2\/types\/product"}],"replies":[{"embeddable":true,"href":"https:\/\/alizel.de\/online\/wp-json\/wp\/v2\/comments?post=296"}],"wp:featuredmedia":[{"embeddable":true,"href":"https:\/\/alizel.de\/online\/wp-json\/wp\/v2\/media\/157"}],"wp:attachment":[{"href":"https:\/\/alizel.de\/online\/wp-json\/wp\/v2\/media?parent=296"}],"wp:term":[{"taxonomy":"product_brand","embeddable":true,"href":"https:\/\/alizel.de\/online\/wp-json\/wp\/v2\/product_brand?post=296"},{"taxonomy":"product_cat","embeddable":true,"href":"https:\/\/alizel.de\/online\/wp-json\/wp\/v2\/product_cat?post=296"},{"taxonomy":"product_tag","embeddable":true,"href":"https:\/\/alizel.de\/online\/wp-json\/wp\/v2\/product_tag?post=296"},{"taxonomy":"product_brands","embeddable":true,"href":"https:\/\/alizel.de\/online\/wp-json\/wp\/v2\/product_brands?post=296"}],"curies":[{"name":"wp","href":"https:\/\/api.w.org\/{rel}","templated":true}]}}