{"id":393,"date":"2025-09-03T12:19:55","date_gmt":"2025-09-03T10:19:55","guid":{"rendered":"https:\/\/alizel.de\/online\/?post_type=product&#038;p=393"},"modified":"2025-12-16T07:08:50","modified_gmt":"2025-12-16T06:08:50","slug":"kakaoextrakt-bio-primavera-5-ml","status":"publish","type":"product","link":"https:\/\/alizel.de\/online\/produkt\/kakaoextrakt-bio-primavera-5-ml\/","title":{"rendered":"Kakaoextrakt bio PRIMAVERA\u00ae, 5 ml"},"content":{"rendered":"\n<h2 class=\"wp-block-heading\">Kakaoextrakt bio von PRIMAVERA\u00ae<\/h2>\n\n\n\n<p>Kakaoextrakt bio von PRIMAVERA\u00ae. Kakao bezeichnet die Samen des Kakaobaumes, der in Mittelamerika und Afrika kultiviert wird. Kakao ist ein immergr\u00fcner Unterholzbaum, der bis 12 Meter hoch werden kann und das ganze Jahr \u00fcber Fr\u00fcchte tr\u00e4gt; seine ins Fruchtfleisch eingebetteten Samen werden auch Kakaobohnen genannt. Nach der Ernte werden die Fr\u00fcchte aufgeschlagen, die Samen beginnen zu fermentieren und entwickeln den typischen aromatischen Kakaogeruch, danach werden sie getrocknet und zu Kakaomasse oder zu Kakaoextrakt weiterverarbeitet.<\/p>\n\n\n\n<h3 class=\"wp-block-heading\">Kakaoextrakt bio Anwendung<\/h3>\n\n\n\n<p>Das \u00e4therische \u00d6l wirkt beruhigend auf das Gem\u00fct, ist schlaff\u00f6rdernd, als Stimmungsaufheller, hautberuhigend, w\u00e4rmend und als Verst\u00e4rkung anderer \u00d6le. Als Kosmetikum zur Aromapflege der Haut max. 20 Tropfen mit\u00a050 ml PRIMAVERA Mandel\u00f6l bio\u00a0vermischen und auftragen.<\/p>\n\n\n\n<p>Mehr \u00fcber \u00e4therische \u00d6le und der Kraft bew\u00e4hrter Duft- und Heilpflanzen f\u00fcr K\u00f6rper, Geist und Seele findest du in unserem BEWUSST LEBEN \u2013 DAS MAGAZIN\u00a0<a href=\"https:\/\/beledama.de\/blog\/thema\/gesundheit\/aromatherapie\/\" target=\"_blank\" rel=\"noreferrer noopener\">unter Aromatherapie<\/a>.<\/p>\n\n\n\n<h3 class=\"wp-block-heading\">Details zu Kakaoextrakt bio<\/h3>\n\n\n\n<ul class=\"wp-block-list\">\n<li>Duftprofil: s\u00fc\u00df<\/li>\n\n\n\n<li>Duftwirkung: erdend<\/li>\n\n\n\n<li>Duftnote: Herznote<\/li>\n\n\n\n<li>Qualit\u00e4t: Bio, NATRUE Biokosmetik, vegan, IHTN<\/li>\n\n\n\n<li>Hautwirkung: hautberuhigend, w\u00e4rmend<\/li>\n\n\n\n<li>Bed\u00fcrfnis: Ersch\u00f6pfung &amp; Stress, besser schlafen<\/li>\n\n\n\n<li>Anwendung: z.B. als Kosmetikum zur Aromapflege der Haut. Max. 20 Tropfen in 50 ml PRIMAVERA Mandel\u00f6l bio mischen.<\/li>\n\n\n\n<li>Botanische Bezeichnung: Theobroma cacao<\/li>\n\n\n\n<li>Pflanzenteil: Frucht, Bohne<\/li>\n\n\n\n<li>Gewinnung: Alkoholextraktion<\/li>\n\n\n\n<li>Herkunft: Peru<\/li>\n\n\n\n<li>Inhaltsstoffe (INCI): Alcohol* Org, Theobroma Cacao (Cocoa) Seed Extract* Org<\/li>\n<\/ul>\n\n\n\n<p>* aus kontrolliert biologischem Anbau<br>Alle Angaben lt. Hersteller.<\/p>\n\n\n\n<p>Art.-Nr: IP10600<br>Tags: DIY, Raumduft, Badezusatz, Schlafst\u00f6rung, Hautpflege, Stressabbau, Aromatherapie<\/p>\n","protected":false},"excerpt":{"rendered":"<p>5 ml \u00c4therisches \u00d6l f\u00fcr Aromatherapie, Raumduft, Badezusatz oder Hautpflege.<\/p>\n","protected":false},"featured_media":394,"comment_status":"closed","ping_status":"closed","template":"","meta":{"_kad_blocks_custom_css":"","_kad_blocks_head_custom_js":"","_kad_blocks_body_custom_js":"","_kad_blocks_footer_custom_js":"","_kad_post_transparent":"","_kad_post_title":"","_kad_post_layout":"","_kad_post_sidebar_id":"","_kad_post_content_style":"","_kad_post_vertical_padding":"","_kad_post_feature":"","_kad_post_feature_position":"","_kad_post_header":false,"_kad_post_footer":false,"_kad_post_classname":""},"product_brand":[123],"product_cat":[81],"product_tag":[225,82,85,108,83,84,87],"product_brands":[],"class_list":{"0":"post-393","1":"product","2":"type-product","3":"status-publish","4":"has-post-thumbnail","6":"product_brand-primavera","7":"product_cat-wohlfuehl-natur","8":"product_tag-aetherische-oele","9":"product_tag-hautpflege","10":"product_tag-raumduft","11":"product_tag-schlaf","12":"product_tag-stimmung","13":"product_tag-stressabbau","14":"product_tag-wohlbefinden","15":"product_shipping_class-waren-bis-50-g","17":"first","18":"instock","19":"taxable","20":"shipping-taxable","21":"purchasable","22":"product-type-simple","23":"entry","24":"content-bg","25":"loop-entry"},"yoast_head":"<!-- This site is optimized with the Yoast SEO plugin v27.5 - https:\/\/yoast.com\/product\/yoast-seo-wordpress\/ -->\n<title>Kakaoextrakt bio PRIMAVERA\u00ae, 5 ml - ALIZEL Online-Shop<\/title>\n<meta name=\"description\" content=\"Das \u00e4therische \u00d6l Kakaoextrakt bio wirkt beruhigend auf das Gem\u00fct, ist schlaff\u00f6rdernd, als Stimmungsaufheller, hautberuhigend, w\u00e4rmend und als Verst\u00e4rkung.\" \/>\n<meta name=\"robots\" content=\"index, follow, max-snippet:-1, max-image-preview:large, max-video-preview:-1\" \/>\n<link rel=\"canonical\" href=\"https:\/\/alizel.de\/online\/produkt\/kakaoextrakt-bio-primavera-5-ml\/\" \/>\n<meta property=\"og:locale\" content=\"de_DE\" \/>\n<meta property=\"og:type\" content=\"article\" \/>\n<meta property=\"og:title\" content=\"Kakaoextrakt bio PRIMAVERA\u00ae, 5 ml - ALIZEL Online-Shop\" \/>\n<meta property=\"og:description\" content=\"Das \u00e4therische \u00d6l Kakaoextrakt bio wirkt beruhigend auf das Gem\u00fct, ist schlaff\u00f6rdernd, als Stimmungsaufheller, hautberuhigend, w\u00e4rmend und als Verst\u00e4rkung.\" \/>\n<meta property=\"og:url\" content=\"https:\/\/alizel.de\/online\/produkt\/kakaoextrakt-bio-primavera-5-ml\/\" \/>\n<meta property=\"og:site_name\" content=\"ALIZEL Online-Shop\" \/>\n<meta property=\"article:modified_time\" content=\"2025-12-16T06:08:50+00:00\" \/>\n<meta property=\"og:image\" content=\"https:\/\/alizel.de\/online\/wp-content\/uploads\/sites\/2\/2025\/09\/IP10600.jpg\" \/>\n\t<meta property=\"og:image:width\" content=\"800\" \/>\n\t<meta property=\"og:image:height\" content=\"800\" \/>\n\t<meta property=\"og:image:type\" content=\"image\/jpeg\" \/>\n<meta name=\"twitter:card\" content=\"summary_large_image\" \/>\n<meta name=\"twitter:label1\" content=\"Gesch\u00e4tzte Lesezeit\" \/>\n\t<meta name=\"twitter:data1\" content=\"2\u00a0Minuten\" \/>\n<script type=\"application\/ld+json\" class=\"yoast-schema-graph\">{\"@context\":\"https:\\\/\\\/schema.org\",\"@graph\":[{\"@type\":\"WebPage\",\"@id\":\"https:\\\/\\\/alizel.de\\\/online\\\/produkt\\\/kakaoextrakt-bio-primavera-5-ml\\\/\",\"url\":\"https:\\\/\\\/alizel.de\\\/online\\\/produkt\\\/kakaoextrakt-bio-primavera-5-ml\\\/\",\"name\":\"Kakaoextrakt bio PRIMAVERA\u00ae, 5 ml - ALIZEL Online-Shop\",\"isPartOf\":{\"@id\":\"https:\\\/\\\/alizel.de\\\/online\\\/#website\"},\"primaryImageOfPage\":{\"@id\":\"https:\\\/\\\/alizel.de\\\/online\\\/produkt\\\/kakaoextrakt-bio-primavera-5-ml\\\/#primaryimage\"},\"image\":{\"@id\":\"https:\\\/\\\/alizel.de\\\/online\\\/produkt\\\/kakaoextrakt-bio-primavera-5-ml\\\/#primaryimage\"},\"thumbnailUrl\":\"https:\\\/\\\/alizel.de\\\/online\\\/wp-content\\\/uploads\\\/sites\\\/2\\\/2025\\\/09\\\/IP10600.jpg\",\"datePublished\":\"2025-09-03T10:19:55+00:00\",\"dateModified\":\"2025-12-16T06:08:50+00:00\",\"description\":\"Das \u00e4therische \u00d6l Kakaoextrakt bio wirkt beruhigend auf das Gem\u00fct, ist schlaff\u00f6rdernd, als Stimmungsaufheller, hautberuhigend, w\u00e4rmend und als Verst\u00e4rkung.\",\"breadcrumb\":{\"@id\":\"https:\\\/\\\/alizel.de\\\/online\\\/produkt\\\/kakaoextrakt-bio-primavera-5-ml\\\/#breadcrumb\"},\"inLanguage\":\"de\",\"potentialAction\":[{\"@type\":\"ReadAction\",\"target\":[\"https:\\\/\\\/alizel.de\\\/online\\\/produkt\\\/kakaoextrakt-bio-primavera-5-ml\\\/\"]}]},{\"@type\":\"ImageObject\",\"inLanguage\":\"de\",\"@id\":\"https:\\\/\\\/alizel.de\\\/online\\\/produkt\\\/kakaoextrakt-bio-primavera-5-ml\\\/#primaryimage\",\"url\":\"https:\\\/\\\/alizel.de\\\/online\\\/wp-content\\\/uploads\\\/sites\\\/2\\\/2025\\\/09\\\/IP10600.jpg\",\"contentUrl\":\"https:\\\/\\\/alizel.de\\\/online\\\/wp-content\\\/uploads\\\/sites\\\/2\\\/2025\\\/09\\\/IP10600.jpg\",\"width\":800,\"height\":800},{\"@type\":\"BreadcrumbList\",\"@id\":\"https:\\\/\\\/alizel.de\\\/online\\\/produkt\\\/kakaoextrakt-bio-primavera-5-ml\\\/#breadcrumb\",\"itemListElement\":[{\"@type\":\"ListItem\",\"position\":1,\"name\":\"Startseite\",\"item\":\"https:\\\/\\\/alizel.de\\\/online\\\/\"},{\"@type\":\"ListItem\",\"position\":2,\"name\":\"Shop\",\"item\":\"https:\\\/\\\/alizel.de\\\/online\\\/shop\\\/\"},{\"@type\":\"ListItem\",\"position\":3,\"name\":\"Kakaoextrakt bio PRIMAVERA\u00ae, 5 ml\"}]},{\"@type\":\"WebSite\",\"@id\":\"https:\\\/\\\/alizel.de\\\/online\\\/#website\",\"url\":\"https:\\\/\\\/alizel.de\\\/online\\\/\",\"name\":\"ALIZEL Shop\",\"description\":\"Online-Shop der ALIZEL Gruppe\",\"publisher\":{\"@id\":\"https:\\\/\\\/alizel.de\\\/online\\\/#organization\"},\"potentialAction\":[{\"@type\":\"SearchAction\",\"target\":{\"@type\":\"EntryPoint\",\"urlTemplate\":\"https:\\\/\\\/alizel.de\\\/online\\\/?s={search_term_string}\"},\"query-input\":{\"@type\":\"PropertyValueSpecification\",\"valueRequired\":true,\"valueName\":\"search_term_string\"}}],\"inLanguage\":\"de\"},{\"@type\":\"Organization\",\"@id\":\"https:\\\/\\\/alizel.de\\\/online\\\/#organization\",\"name\":\"ALIZEL Shop\",\"url\":\"https:\\\/\\\/alizel.de\\\/online\\\/\",\"logo\":{\"@type\":\"ImageObject\",\"inLanguage\":\"de\",\"@id\":\"https:\\\/\\\/alizel.de\\\/online\\\/#\\\/schema\\\/logo\\\/image\\\/\",\"url\":\"https:\\\/\\\/alizel.de\\\/shop\\\/wp-content\\\/uploads\\\/sites\\\/2\\\/2025\\\/08\\\/alizel100.jpg\",\"contentUrl\":\"https:\\\/\\\/alizel.de\\\/shop\\\/wp-content\\\/uploads\\\/sites\\\/2\\\/2025\\\/08\\\/alizel100.jpg\",\"width\":1069,\"height\":600,\"caption\":\"ALIZEL Shop\"},\"image\":{\"@id\":\"https:\\\/\\\/alizel.de\\\/online\\\/#\\\/schema\\\/logo\\\/image\\\/\"}}]}<\/script>\n<!-- \/ Yoast SEO plugin. -->","yoast_head_json":{"title":"Kakaoextrakt bio PRIMAVERA\u00ae, 5 ml - ALIZEL Online-Shop","description":"Das \u00e4therische \u00d6l Kakaoextrakt bio wirkt beruhigend auf das Gem\u00fct, ist schlaff\u00f6rdernd, als Stimmungsaufheller, hautberuhigend, w\u00e4rmend und als Verst\u00e4rkung.","robots":{"index":"index","follow":"follow","max-snippet":"max-snippet:-1","max-image-preview":"max-image-preview:large","max-video-preview":"max-video-preview:-1"},"canonical":"https:\/\/alizel.de\/online\/produkt\/kakaoextrakt-bio-primavera-5-ml\/","og_locale":"de_DE","og_type":"article","og_title":"Kakaoextrakt bio PRIMAVERA\u00ae, 5 ml - ALIZEL Online-Shop","og_description":"Das \u00e4therische \u00d6l Kakaoextrakt bio wirkt beruhigend auf das Gem\u00fct, ist schlaff\u00f6rdernd, als Stimmungsaufheller, hautberuhigend, w\u00e4rmend und als Verst\u00e4rkung.","og_url":"https:\/\/alizel.de\/online\/produkt\/kakaoextrakt-bio-primavera-5-ml\/","og_site_name":"ALIZEL Online-Shop","article_modified_time":"2025-12-16T06:08:50+00:00","og_image":[{"width":800,"height":800,"url":"https:\/\/alizel.de\/online\/wp-content\/uploads\/sites\/2\/2025\/09\/IP10600.jpg","type":"image\/jpeg"}],"twitter_card":"summary_large_image","twitter_misc":{"Gesch\u00e4tzte Lesezeit":"2\u00a0Minuten"},"schema":{"@context":"https:\/\/schema.org","@graph":[{"@type":"WebPage","@id":"https:\/\/alizel.de\/online\/produkt\/kakaoextrakt-bio-primavera-5-ml\/","url":"https:\/\/alizel.de\/online\/produkt\/kakaoextrakt-bio-primavera-5-ml\/","name":"Kakaoextrakt bio PRIMAVERA\u00ae, 5 ml - ALIZEL Online-Shop","isPartOf":{"@id":"https:\/\/alizel.de\/online\/#website"},"primaryImageOfPage":{"@id":"https:\/\/alizel.de\/online\/produkt\/kakaoextrakt-bio-primavera-5-ml\/#primaryimage"},"image":{"@id":"https:\/\/alizel.de\/online\/produkt\/kakaoextrakt-bio-primavera-5-ml\/#primaryimage"},"thumbnailUrl":"https:\/\/alizel.de\/online\/wp-content\/uploads\/sites\/2\/2025\/09\/IP10600.jpg","datePublished":"2025-09-03T10:19:55+00:00","dateModified":"2025-12-16T06:08:50+00:00","description":"Das \u00e4therische \u00d6l Kakaoextrakt bio wirkt beruhigend auf das Gem\u00fct, ist schlaff\u00f6rdernd, als Stimmungsaufheller, hautberuhigend, w\u00e4rmend und als Verst\u00e4rkung.","breadcrumb":{"@id":"https:\/\/alizel.de\/online\/produkt\/kakaoextrakt-bio-primavera-5-ml\/#breadcrumb"},"inLanguage":"de","potentialAction":[{"@type":"ReadAction","target":["https:\/\/alizel.de\/online\/produkt\/kakaoextrakt-bio-primavera-5-ml\/"]}]},{"@type":"ImageObject","inLanguage":"de","@id":"https:\/\/alizel.de\/online\/produkt\/kakaoextrakt-bio-primavera-5-ml\/#primaryimage","url":"https:\/\/alizel.de\/online\/wp-content\/uploads\/sites\/2\/2025\/09\/IP10600.jpg","contentUrl":"https:\/\/alizel.de\/online\/wp-content\/uploads\/sites\/2\/2025\/09\/IP10600.jpg","width":800,"height":800},{"@type":"BreadcrumbList","@id":"https:\/\/alizel.de\/online\/produkt\/kakaoextrakt-bio-primavera-5-ml\/#breadcrumb","itemListElement":[{"@type":"ListItem","position":1,"name":"Startseite","item":"https:\/\/alizel.de\/online\/"},{"@type":"ListItem","position":2,"name":"Shop","item":"https:\/\/alizel.de\/online\/shop\/"},{"@type":"ListItem","position":3,"name":"Kakaoextrakt bio PRIMAVERA\u00ae, 5 ml"}]},{"@type":"WebSite","@id":"https:\/\/alizel.de\/online\/#website","url":"https:\/\/alizel.de\/online\/","name":"ALIZEL Shop","description":"Online-Shop der ALIZEL Gruppe","publisher":{"@id":"https:\/\/alizel.de\/online\/#organization"},"potentialAction":[{"@type":"SearchAction","target":{"@type":"EntryPoint","urlTemplate":"https:\/\/alizel.de\/online\/?s={search_term_string}"},"query-input":{"@type":"PropertyValueSpecification","valueRequired":true,"valueName":"search_term_string"}}],"inLanguage":"de"},{"@type":"Organization","@id":"https:\/\/alizel.de\/online\/#organization","name":"ALIZEL Shop","url":"https:\/\/alizel.de\/online\/","logo":{"@type":"ImageObject","inLanguage":"de","@id":"https:\/\/alizel.de\/online\/#\/schema\/logo\/image\/","url":"https:\/\/alizel.de\/shop\/wp-content\/uploads\/sites\/2\/2025\/08\/alizel100.jpg","contentUrl":"https:\/\/alizel.de\/shop\/wp-content\/uploads\/sites\/2\/2025\/08\/alizel100.jpg","width":1069,"height":600,"caption":"ALIZEL Shop"},"image":{"@id":"https:\/\/alizel.de\/online\/#\/schema\/logo\/image\/"}}]}},"taxonomy_info":{"product_brand":[{"value":123,"label":"PRIMAVERA\u00ae"}],"product_cat":[{"value":81,"label":"Wohlf\u00fchl-Natur"}],"product_tag":[{"value":225,"label":"\u00c4therische \u00d6le"},{"value":82,"label":"Hautpflege"},{"value":85,"label":"Raumduft"},{"value":108,"label":"Schlaf"},{"value":83,"label":"Stimmung"},{"value":84,"label":"Stressabbau"},{"value":87,"label":"Wohlbefinden"}]},"featured_image_src_large":["https:\/\/alizel.de\/online\/wp-content\/uploads\/sites\/2\/2025\/09\/IP10600.jpg",800,800,false],"author_info":[],"comment_info":0,"_links":{"self":[{"href":"https:\/\/alizel.de\/online\/wp-json\/wp\/v2\/product\/393","targetHints":{"allow":["GET"]}}],"collection":[{"href":"https:\/\/alizel.de\/online\/wp-json\/wp\/v2\/product"}],"about":[{"href":"https:\/\/alizel.de\/online\/wp-json\/wp\/v2\/types\/product"}],"replies":[{"embeddable":true,"href":"https:\/\/alizel.de\/online\/wp-json\/wp\/v2\/comments?post=393"}],"wp:featuredmedia":[{"embeddable":true,"href":"https:\/\/alizel.de\/online\/wp-json\/wp\/v2\/media\/394"}],"wp:attachment":[{"href":"https:\/\/alizel.de\/online\/wp-json\/wp\/v2\/media?parent=393"}],"wp:term":[{"taxonomy":"product_brand","embeddable":true,"href":"https:\/\/alizel.de\/online\/wp-json\/wp\/v2\/product_brand?post=393"},{"taxonomy":"product_cat","embeddable":true,"href":"https:\/\/alizel.de\/online\/wp-json\/wp\/v2\/product_cat?post=393"},{"taxonomy":"product_tag","embeddable":true,"href":"https:\/\/alizel.de\/online\/wp-json\/wp\/v2\/product_tag?post=393"},{"taxonomy":"product_brands","embeddable":true,"href":"https:\/\/alizel.de\/online\/wp-json\/wp\/v2\/product_brands?post=393"}],"curies":[{"name":"wp","href":"https:\/\/api.w.org\/{rel}","templated":true}]}}