{"id":448,"date":"2025-09-05T07:38:29","date_gmt":"2025-09-05T05:38:29","guid":{"rendered":"https:\/\/alizel.de\/online\/?post_type=product&#038;p=448"},"modified":"2025-09-10T09:21:13","modified_gmt":"2025-09-10T07:21:13","slug":"just-for-you-gutschein","status":"publish","type":"product","link":"https:\/\/alizel.de\/online\/produkt\/just-for-you-gutschein\/","title":{"rendered":"Just for you Gutschein"},"content":{"rendered":"\n<h2 class=\"wp-block-heading\">Just for you Gutschein<\/h2>\n\n\n\n<p>Keine Ahnung, was du verschenken sollst? Ein &#8222;Just for you Gutschein&#8220; kommt immer gut an. Mit dem Wertgutschein von ALIZEL kannst du, einfach so, Lebensqualit\u00e4t verschenken. Produkte und Dienstleistungen f\u00fcr k\u00f6rperliche, geistige und seelische St\u00e4rke.<\/p>\n\n\n\n<h3 class=\"wp-block-heading\">Immer das richtige Geschenk<\/h3>\n\n\n\n<p>Geschenkgutscheine im Wert von 10 bis 150 \u20ac. So hast du immer das passende Geschenk, denn unsere Wertgutscheine sind f\u00fcr das gesamte Sortiment der ALIZEL Gruppe online und vor Ort einl\u00f6sbar. Durch die gro\u00dfe Auswahl findet jeder etwas, dass ihm Freude macht.<\/p>\n\n\n\n<h3 class=\"wp-block-heading\">Und so funktioniert es<\/h3>\n\n\n\n<p>Einfach Wert des Gutscheins ausw\u00e4hlen, in den Warenkorb legen und an der Kasse den Kauf abschlie\u00dfen. Nach Zahlungseingang wird dann, in der Regel innerhalb von 24 Stunden, dein Gutschein erstellt und als druckf\u00e4hige PDF-Datei im DIN-A4 Format an deine E-Mail-Adresse versendet. Du kannst den Geschenkgutschein dann ausdrucken, evtl. noch erg\u00e4nzen und verschenken.<\/p>\n\n\n\n<h3 class=\"wp-block-heading\">Wertgutscheine &#8211; Gut zu wissen<\/h3>\n\n\n\n<p>Die Wertgutscheine von ALIZEL sind drei Jahre g\u00fcltig und nicht an einen Mindestbestellwert gebunden.<br>Du kannst den Wertgutschein vollst\u00e4ndig oder teilweise einl\u00f6sen.<\/p>\n\n\n\n<p>Bei der umsatzsteuerlichen Behandlung von Gutscheinen unterscheidet man seit dem 1. Januar 2019 zwischen Mehrzweck-Gutscheinen und Einzweck-Gutscheinen. Wertgutscheine sind Mehrzweck-Gutscheine, da sie beim Einl\u00f6sen 7 % und\/oder 19 % Umsatzsteuer enthalten k\u00f6nnen. Ein Wertgutschein wird also ohne MwSt. verkauft.<\/p>\n\n\n\n<p>Bei einem Wertgutschein handelt es sich rechtlich um ein Inhaberpapier. Jeder, der einen Gutschein vorlegt, kann ihn einl\u00f6sen.<\/p>\n\n\n\n<h2 class=\"wp-block-heading\">Details zum Just for you Gutschein<\/h2>\n\n\n\n<ul class=\"wp-block-list\">\n<li>G\u00fcltigkeit: Einzul\u00f6sen auf ALIZEL.de<\/li>\n\n\n\n<li>Dauer: G\u00fcltig 3 Jahre ab Ausstellungsdatum<\/li>\n\n\n\n<li>Art.-Nr: WGJFY1001<\/li>\n\n\n\n<li>Tags: Geldgutschein, Wert-Gutscheine, Geschenk-Gutschein<\/li>\n<\/ul>\n","protected":false},"excerpt":{"rendered":"<p>Neutraler Geschenkgutschein zum ausdrucken.<\/p>\n","protected":false},"featured_media":449,"comment_status":"closed","ping_status":"closed","template":"","meta":{"_kad_blocks_custom_css":"","_kad_blocks_head_custom_js":"","_kad_blocks_body_custom_js":"","_kad_blocks_footer_custom_js":"","_kad_post_transparent":"","_kad_post_title":"","_kad_post_layout":"","_kad_post_sidebar_id":"","_kad_post_content_style":"","_kad_post_vertical_padding":"","_kad_post_feature":"","_kad_post_feature_position":"","_kad_post_header":false,"_kad_post_footer":false,"_kad_post_classname":""},"product_brand":[],"product_cat":[103],"product_tag":[106,104,105],"product_brands":[125],"class_list":{"0":"post-448","1":"product","2":"type-product","3":"status-publish","4":"has-post-thumbnail","6":"product_cat-gutscheine","7":"product_tag-freude","8":"product_tag-geschenk","9":"product_tag-praesent","10":"product_shipping_class-dienstleistung","11":"product_brands-alizel","13":"first","14":"instock","15":"sold-individually","16":"purchasable","17":"product-type-variable","18":"entry","19":"content-bg","20":"loop-entry"},"yoast_head":"<!-- This site is optimized with the Yoast SEO plugin v27.4 - https:\/\/yoast.com\/product\/yoast-seo-wordpress\/ -->\n<title>Just for you Gutschein - ALIZEL Online-Shop<\/title>\n<meta name=\"description\" content=\"Produkte und Dienstleistungen f\u00fcr k\u00f6rperliche, geistige und seelische St\u00e4rke. Mit dem Just for you Gutschein kannst du Lebensqualit\u00e4t verschenken.\" \/>\n<meta name=\"robots\" content=\"index, follow, max-snippet:-1, max-image-preview:large, max-video-preview:-1\" \/>\n<link rel=\"canonical\" href=\"https:\/\/alizel.de\/online\/produkt\/just-for-you-gutschein\/\" \/>\n<meta property=\"og:locale\" content=\"de_DE\" \/>\n<meta property=\"og:type\" content=\"article\" \/>\n<meta property=\"og:title\" content=\"Just for you Gutschein - ALIZEL Online-Shop\" \/>\n<meta property=\"og:description\" content=\"Produkte und Dienstleistungen f\u00fcr k\u00f6rperliche, geistige und seelische St\u00e4rke. Mit dem Just for you Gutschein kannst du Lebensqualit\u00e4t verschenken.\" \/>\n<meta property=\"og:url\" content=\"https:\/\/alizel.de\/online\/produkt\/just-for-you-gutschein\/\" \/>\n<meta property=\"og:site_name\" content=\"ALIZEL Online-Shop\" \/>\n<meta property=\"article:modified_time\" content=\"2025-09-10T07:21:13+00:00\" \/>\n<meta property=\"og:image\" content=\"https:\/\/alizel.de\/online\/wp-content\/uploads\/sites\/2\/2025\/09\/geschenk-42.jpg\" \/>\n\t<meta property=\"og:image:width\" content=\"800\" \/>\n\t<meta property=\"og:image:height\" content=\"800\" \/>\n\t<meta property=\"og:image:type\" content=\"image\/jpeg\" \/>\n<meta name=\"twitter:card\" content=\"summary_large_image\" \/>\n<meta name=\"twitter:label1\" content=\"Gesch\u00e4tzte Lesezeit\" \/>\n\t<meta name=\"twitter:data1\" content=\"2\u00a0Minuten\" \/>\n<script type=\"application\/ld+json\" class=\"yoast-schema-graph\">{\"@context\":\"https:\\\/\\\/schema.org\",\"@graph\":[{\"@type\":\"WebPage\",\"@id\":\"https:\\\/\\\/alizel.de\\\/online\\\/produkt\\\/just-for-you-gutschein\\\/\",\"url\":\"https:\\\/\\\/alizel.de\\\/online\\\/produkt\\\/just-for-you-gutschein\\\/\",\"name\":\"Just for you Gutschein - ALIZEL Online-Shop\",\"isPartOf\":{\"@id\":\"https:\\\/\\\/alizel.de\\\/online\\\/#website\"},\"primaryImageOfPage\":{\"@id\":\"https:\\\/\\\/alizel.de\\\/online\\\/produkt\\\/just-for-you-gutschein\\\/#primaryimage\"},\"image\":{\"@id\":\"https:\\\/\\\/alizel.de\\\/online\\\/produkt\\\/just-for-you-gutschein\\\/#primaryimage\"},\"thumbnailUrl\":\"https:\\\/\\\/alizel.de\\\/online\\\/wp-content\\\/uploads\\\/sites\\\/2\\\/2025\\\/09\\\/geschenk-42.jpg\",\"datePublished\":\"2025-09-05T05:38:29+00:00\",\"dateModified\":\"2025-09-10T07:21:13+00:00\",\"description\":\"Produkte und Dienstleistungen f\u00fcr k\u00f6rperliche, geistige und seelische St\u00e4rke. Mit dem Just for you Gutschein kannst du Lebensqualit\u00e4t verschenken.\",\"breadcrumb\":{\"@id\":\"https:\\\/\\\/alizel.de\\\/online\\\/produkt\\\/just-for-you-gutschein\\\/#breadcrumb\"},\"inLanguage\":\"de\",\"potentialAction\":[{\"@type\":\"ReadAction\",\"target\":[\"https:\\\/\\\/alizel.de\\\/online\\\/produkt\\\/just-for-you-gutschein\\\/\"]}]},{\"@type\":\"ImageObject\",\"inLanguage\":\"de\",\"@id\":\"https:\\\/\\\/alizel.de\\\/online\\\/produkt\\\/just-for-you-gutschein\\\/#primaryimage\",\"url\":\"https:\\\/\\\/alizel.de\\\/online\\\/wp-content\\\/uploads\\\/sites\\\/2\\\/2025\\\/09\\\/geschenk-42.jpg\",\"contentUrl\":\"https:\\\/\\\/alizel.de\\\/online\\\/wp-content\\\/uploads\\\/sites\\\/2\\\/2025\\\/09\\\/geschenk-42.jpg\",\"width\":800,\"height\":800,\"caption\":\"Just for you Gutschein\"},{\"@type\":\"BreadcrumbList\",\"@id\":\"https:\\\/\\\/alizel.de\\\/online\\\/produkt\\\/just-for-you-gutschein\\\/#breadcrumb\",\"itemListElement\":[{\"@type\":\"ListItem\",\"position\":1,\"name\":\"Startseite\",\"item\":\"https:\\\/\\\/alizel.de\\\/online\\\/\"},{\"@type\":\"ListItem\",\"position\":2,\"name\":\"Shop\",\"item\":\"https:\\\/\\\/alizel.de\\\/online\\\/shop\\\/\"},{\"@type\":\"ListItem\",\"position\":3,\"name\":\"Just for you Gutschein\"}]},{\"@type\":\"WebSite\",\"@id\":\"https:\\\/\\\/alizel.de\\\/online\\\/#website\",\"url\":\"https:\\\/\\\/alizel.de\\\/online\\\/\",\"name\":\"ALIZEL Shop\",\"description\":\"Online-Shop der ALIZEL Gruppe\",\"publisher\":{\"@id\":\"https:\\\/\\\/alizel.de\\\/online\\\/#organization\"},\"potentialAction\":[{\"@type\":\"SearchAction\",\"target\":{\"@type\":\"EntryPoint\",\"urlTemplate\":\"https:\\\/\\\/alizel.de\\\/online\\\/?s={search_term_string}\"},\"query-input\":{\"@type\":\"PropertyValueSpecification\",\"valueRequired\":true,\"valueName\":\"search_term_string\"}}],\"inLanguage\":\"de\"},{\"@type\":\"Organization\",\"@id\":\"https:\\\/\\\/alizel.de\\\/online\\\/#organization\",\"name\":\"ALIZEL Shop\",\"url\":\"https:\\\/\\\/alizel.de\\\/online\\\/\",\"logo\":{\"@type\":\"ImageObject\",\"inLanguage\":\"de\",\"@id\":\"https:\\\/\\\/alizel.de\\\/online\\\/#\\\/schema\\\/logo\\\/image\\\/\",\"url\":\"https:\\\/\\\/alizel.de\\\/shop\\\/wp-content\\\/uploads\\\/sites\\\/2\\\/2025\\\/08\\\/alizel100.jpg\",\"contentUrl\":\"https:\\\/\\\/alizel.de\\\/shop\\\/wp-content\\\/uploads\\\/sites\\\/2\\\/2025\\\/08\\\/alizel100.jpg\",\"width\":1069,\"height\":600,\"caption\":\"ALIZEL Shop\"},\"image\":{\"@id\":\"https:\\\/\\\/alizel.de\\\/online\\\/#\\\/schema\\\/logo\\\/image\\\/\"}}]}<\/script>\n<!-- \/ Yoast SEO plugin. -->","yoast_head_json":{"title":"Just for you Gutschein - ALIZEL Online-Shop","description":"Produkte und Dienstleistungen f\u00fcr k\u00f6rperliche, geistige und seelische St\u00e4rke. Mit dem Just for you Gutschein kannst du Lebensqualit\u00e4t verschenken.","robots":{"index":"index","follow":"follow","max-snippet":"max-snippet:-1","max-image-preview":"max-image-preview:large","max-video-preview":"max-video-preview:-1"},"canonical":"https:\/\/alizel.de\/online\/produkt\/just-for-you-gutschein\/","og_locale":"de_DE","og_type":"article","og_title":"Just for you Gutschein - ALIZEL Online-Shop","og_description":"Produkte und Dienstleistungen f\u00fcr k\u00f6rperliche, geistige und seelische St\u00e4rke. Mit dem Just for you Gutschein kannst du Lebensqualit\u00e4t verschenken.","og_url":"https:\/\/alizel.de\/online\/produkt\/just-for-you-gutschein\/","og_site_name":"ALIZEL Online-Shop","article_modified_time":"2025-09-10T07:21:13+00:00","og_image":[{"width":800,"height":800,"url":"https:\/\/alizel.de\/online\/wp-content\/uploads\/sites\/2\/2025\/09\/geschenk-42.jpg","type":"image\/jpeg"}],"twitter_card":"summary_large_image","twitter_misc":{"Gesch\u00e4tzte Lesezeit":"2\u00a0Minuten"},"schema":{"@context":"https:\/\/schema.org","@graph":[{"@type":"WebPage","@id":"https:\/\/alizel.de\/online\/produkt\/just-for-you-gutschein\/","url":"https:\/\/alizel.de\/online\/produkt\/just-for-you-gutschein\/","name":"Just for you Gutschein - ALIZEL Online-Shop","isPartOf":{"@id":"https:\/\/alizel.de\/online\/#website"},"primaryImageOfPage":{"@id":"https:\/\/alizel.de\/online\/produkt\/just-for-you-gutschein\/#primaryimage"},"image":{"@id":"https:\/\/alizel.de\/online\/produkt\/just-for-you-gutschein\/#primaryimage"},"thumbnailUrl":"https:\/\/alizel.de\/online\/wp-content\/uploads\/sites\/2\/2025\/09\/geschenk-42.jpg","datePublished":"2025-09-05T05:38:29+00:00","dateModified":"2025-09-10T07:21:13+00:00","description":"Produkte und Dienstleistungen f\u00fcr k\u00f6rperliche, geistige und seelische St\u00e4rke. Mit dem Just for you Gutschein kannst du Lebensqualit\u00e4t verschenken.","breadcrumb":{"@id":"https:\/\/alizel.de\/online\/produkt\/just-for-you-gutschein\/#breadcrumb"},"inLanguage":"de","potentialAction":[{"@type":"ReadAction","target":["https:\/\/alizel.de\/online\/produkt\/just-for-you-gutschein\/"]}]},{"@type":"ImageObject","inLanguage":"de","@id":"https:\/\/alizel.de\/online\/produkt\/just-for-you-gutschein\/#primaryimage","url":"https:\/\/alizel.de\/online\/wp-content\/uploads\/sites\/2\/2025\/09\/geschenk-42.jpg","contentUrl":"https:\/\/alizel.de\/online\/wp-content\/uploads\/sites\/2\/2025\/09\/geschenk-42.jpg","width":800,"height":800,"caption":"Just for you Gutschein"},{"@type":"BreadcrumbList","@id":"https:\/\/alizel.de\/online\/produkt\/just-for-you-gutschein\/#breadcrumb","itemListElement":[{"@type":"ListItem","position":1,"name":"Startseite","item":"https:\/\/alizel.de\/online\/"},{"@type":"ListItem","position":2,"name":"Shop","item":"https:\/\/alizel.de\/online\/shop\/"},{"@type":"ListItem","position":3,"name":"Just for you Gutschein"}]},{"@type":"WebSite","@id":"https:\/\/alizel.de\/online\/#website","url":"https:\/\/alizel.de\/online\/","name":"ALIZEL Shop","description":"Online-Shop der ALIZEL Gruppe","publisher":{"@id":"https:\/\/alizel.de\/online\/#organization"},"potentialAction":[{"@type":"SearchAction","target":{"@type":"EntryPoint","urlTemplate":"https:\/\/alizel.de\/online\/?s={search_term_string}"},"query-input":{"@type":"PropertyValueSpecification","valueRequired":true,"valueName":"search_term_string"}}],"inLanguage":"de"},{"@type":"Organization","@id":"https:\/\/alizel.de\/online\/#organization","name":"ALIZEL Shop","url":"https:\/\/alizel.de\/online\/","logo":{"@type":"ImageObject","inLanguage":"de","@id":"https:\/\/alizel.de\/online\/#\/schema\/logo\/image\/","url":"https:\/\/alizel.de\/shop\/wp-content\/uploads\/sites\/2\/2025\/08\/alizel100.jpg","contentUrl":"https:\/\/alizel.de\/shop\/wp-content\/uploads\/sites\/2\/2025\/08\/alizel100.jpg","width":1069,"height":600,"caption":"ALIZEL Shop"},"image":{"@id":"https:\/\/alizel.de\/online\/#\/schema\/logo\/image\/"}}]}},"taxonomy_info":{"product_cat":[{"value":103,"label":"Gutscheine"}],"product_tag":[{"value":106,"label":"Freude"},{"value":104,"label":"Geschenk"},{"value":105,"label":"Pr\u00e4sent"}],"product_brands":[{"value":125,"label":"ALIZEL"}]},"featured_image_src_large":["https:\/\/alizel.de\/online\/wp-content\/uploads\/sites\/2\/2025\/09\/geschenk-42.jpg",800,800,false],"author_info":[],"comment_info":0,"_links":{"self":[{"href":"https:\/\/alizel.de\/online\/wp-json\/wp\/v2\/product\/448","targetHints":{"allow":["GET"]}}],"collection":[{"href":"https:\/\/alizel.de\/online\/wp-json\/wp\/v2\/product"}],"about":[{"href":"https:\/\/alizel.de\/online\/wp-json\/wp\/v2\/types\/product"}],"replies":[{"embeddable":true,"href":"https:\/\/alizel.de\/online\/wp-json\/wp\/v2\/comments?post=448"}],"wp:featuredmedia":[{"embeddable":true,"href":"https:\/\/alizel.de\/online\/wp-json\/wp\/v2\/media\/449"}],"wp:attachment":[{"href":"https:\/\/alizel.de\/online\/wp-json\/wp\/v2\/media?parent=448"}],"wp:term":[{"taxonomy":"product_brand","embeddable":true,"href":"https:\/\/alizel.de\/online\/wp-json\/wp\/v2\/product_brand?post=448"},{"taxonomy":"product_cat","embeddable":true,"href":"https:\/\/alizel.de\/online\/wp-json\/wp\/v2\/product_cat?post=448"},{"taxonomy":"product_tag","embeddable":true,"href":"https:\/\/alizel.de\/online\/wp-json\/wp\/v2\/product_tag?post=448"},{"taxonomy":"product_brands","embeddable":true,"href":"https:\/\/alizel.de\/online\/wp-json\/wp\/v2\/product_brands?post=448"}],"curies":[{"name":"wp","href":"https:\/\/api.w.org\/{rel}","templated":true}]}}