{"id":467,"date":"2025-09-07T07:17:58","date_gmt":"2025-09-07T05:17:58","guid":{"rendered":"https:\/\/alizel.de\/online\/?post_type=product&#038;p=467"},"modified":"2025-11-06T09:06:34","modified_gmt":"2025-11-06T08:06:34","slug":"innergetic-lehrgang-basis","status":"publish","type":"product","link":"https:\/\/alizel.de\/online\/produkt\/innergetic-lehrgang-basis\/","title":{"rendered":"Innergetic Lehrgang Basis"},"content":{"rendered":"\n<h2 class=\"wp-block-heading\">Innergetic Lehrgang Basis<\/h2>\n\n\n\n<p>Du erh\u00e4ltst fundiertes und breites Wissen aus erster Hand um die Innergetic selbstbestimmt, professionell und sicher anwenden zu k\u00f6nnen. Die\u00a0<a href=\"https:\/\/innergetic.info\/\" target=\"_blank\" rel=\"noreferrer noopener\">Innergetic<\/a>\u00a0ist ein effektives und in der Praxis erprobtes Naturheilverfahren, um Gesundheit, Pers\u00f6nlichkeit und Lebensqualit\u00e4t der Menschen zu erhalten oder zu optimieren.<\/p>\n\n\n\n<h3 class=\"wp-block-heading\">Die Zielgruppe<\/h3>\n\n\n\n<p>Dieser exklusive Innergetic Lehrgang richtet sich an alle Menschen mit hoher ethischer Verantwortung, wie z.B. Personen die Coaching anbieten, Personen therapeutischer Berufe, Praktizierende alternativer Heilmethoden, Lehrkr\u00e4fte sowie Interessierte der Informationsmedizin und Quantenbegeisterte aber auch Menschen die selbst f\u00fcr ihre eigene Gesundheit und Lebensqualit\u00e4t Verantwortung nachhaltig \u00fcbernehmen wollen.<\/p>\n\n\n\n<h3 class=\"wp-block-heading\">M\u00f6gliche T\u00e4tigkeitsfelder<\/h3>\n\n\n\n<p>Nach dem Lehrgang bist du in der Lage selbst und eigenverantwortlich als Gesundheitscoach zu arbeiten. Nat\u00fcrlich kann das erworbene Wissen auch f\u00fcr sich selbst genutzt werden.<\/p>\n","protected":false},"excerpt":{"rendered":"<p>14 Tage Pr\u00e4senz-Ausbildung, Heimstudium und Zertifikat.<\/p>\n","protected":false},"featured_media":163,"comment_status":"closed","ping_status":"closed","template":"","meta":{"_kad_blocks_custom_css":"","_kad_blocks_head_custom_js":"","_kad_blocks_body_custom_js":"","_kad_blocks_footer_custom_js":"","_kad_post_transparent":"","_kad_post_title":"","_kad_post_layout":"","_kad_post_sidebar_id":"","_kad_post_content_style":"","_kad_post_vertical_padding":"","_kad_post_feature":"","_kad_post_feature_position":"","_kad_post_header":false,"_kad_post_footer":false,"_kad_post_classname":""},"product_brand":[],"product_cat":[68],"product_tag":[112,122,113],"product_brands":[75],"class_list":{"0":"post-467","1":"product","2":"type-product","3":"status-publish","4":"has-post-thumbnail","6":"product_cat-kurse-workshops","7":"product_tag-ausbildung","8":"product_tag-innergetic","9":"product_tag-weiterbildung","10":"product_brands-viacordis-akademie","12":"first","13":"instock","14":"taxable","15":"shipping-taxable","16":"product-type-external","17":"entry","18":"content-bg","19":"loop-entry"},"yoast_head":"<!-- This site is optimized with the Yoast SEO plugin v27.4 - https:\/\/yoast.com\/product\/yoast-seo-wordpress\/ -->\n<title>Innergetic Lehrgang Basis - ALIZEL Online-Shop<\/title>\n<meta name=\"robots\" content=\"index, follow, max-snippet:-1, max-image-preview:large, max-video-preview:-1\" \/>\n<link rel=\"canonical\" href=\"https:\/\/alizel.de\/online\/produkt\/innergetic-lehrgang-basis\/\" \/>\n<meta property=\"og:locale\" content=\"de_DE\" \/>\n<meta property=\"og:type\" content=\"article\" \/>\n<meta property=\"og:title\" content=\"Innergetic Lehrgang Basis - ALIZEL Online-Shop\" \/>\n<meta property=\"og:description\" content=\"14 Tage Pr\u00e4senz-Ausbildung, Heimstudium und Zertifikat.\" \/>\n<meta property=\"og:url\" content=\"https:\/\/alizel.de\/online\/produkt\/innergetic-lehrgang-basis\/\" \/>\n<meta property=\"og:site_name\" content=\"ALIZEL Online-Shop\" \/>\n<meta property=\"article:modified_time\" content=\"2025-11-06T08:06:34+00:00\" \/>\n<meta property=\"og:image\" content=\"https:\/\/alizel.de\/online\/wp-content\/uploads\/sites\/2\/2025\/08\/innergetic807-min.jpg\" \/>\n\t<meta property=\"og:image:width\" content=\"800\" \/>\n\t<meta property=\"og:image:height\" content=\"800\" \/>\n\t<meta property=\"og:image:type\" content=\"image\/jpeg\" \/>\n<meta name=\"twitter:card\" content=\"summary_large_image\" \/>\n<meta name=\"twitter:label1\" content=\"Gesch\u00e4tzte Lesezeit\" \/>\n\t<meta name=\"twitter:data1\" content=\"1\u00a0Minute\" \/>\n<script type=\"application\/ld+json\" class=\"yoast-schema-graph\">{\"@context\":\"https:\\\/\\\/schema.org\",\"@graph\":[{\"@type\":\"WebPage\",\"@id\":\"https:\\\/\\\/alizel.de\\\/online\\\/produkt\\\/innergetic-lehrgang-basis\\\/\",\"url\":\"https:\\\/\\\/alizel.de\\\/online\\\/produkt\\\/innergetic-lehrgang-basis\\\/\",\"name\":\"Innergetic Lehrgang Basis - ALIZEL Online-Shop\",\"isPartOf\":{\"@id\":\"https:\\\/\\\/alizel.de\\\/online\\\/#website\"},\"primaryImageOfPage\":{\"@id\":\"https:\\\/\\\/alizel.de\\\/online\\\/produkt\\\/innergetic-lehrgang-basis\\\/#primaryimage\"},\"image\":{\"@id\":\"https:\\\/\\\/alizel.de\\\/online\\\/produkt\\\/innergetic-lehrgang-basis\\\/#primaryimage\"},\"thumbnailUrl\":\"https:\\\/\\\/alizel.de\\\/online\\\/wp-content\\\/uploads\\\/sites\\\/2\\\/2025\\\/08\\\/innergetic807-min.jpg\",\"datePublished\":\"2025-09-07T05:17:58+00:00\",\"dateModified\":\"2025-11-06T08:06:34+00:00\",\"breadcrumb\":{\"@id\":\"https:\\\/\\\/alizel.de\\\/online\\\/produkt\\\/innergetic-lehrgang-basis\\\/#breadcrumb\"},\"inLanguage\":\"de\",\"potentialAction\":[{\"@type\":\"ReadAction\",\"target\":[\"https:\\\/\\\/alizel.de\\\/online\\\/produkt\\\/innergetic-lehrgang-basis\\\/\"]}]},{\"@type\":\"ImageObject\",\"inLanguage\":\"de\",\"@id\":\"https:\\\/\\\/alizel.de\\\/online\\\/produkt\\\/innergetic-lehrgang-basis\\\/#primaryimage\",\"url\":\"https:\\\/\\\/alizel.de\\\/online\\\/wp-content\\\/uploads\\\/sites\\\/2\\\/2025\\\/08\\\/innergetic807-min.jpg\",\"contentUrl\":\"https:\\\/\\\/alizel.de\\\/online\\\/wp-content\\\/uploads\\\/sites\\\/2\\\/2025\\\/08\\\/innergetic807-min.jpg\",\"width\":800,\"height\":800},{\"@type\":\"BreadcrumbList\",\"@id\":\"https:\\\/\\\/alizel.de\\\/online\\\/produkt\\\/innergetic-lehrgang-basis\\\/#breadcrumb\",\"itemListElement\":[{\"@type\":\"ListItem\",\"position\":1,\"name\":\"Startseite\",\"item\":\"https:\\\/\\\/alizel.de\\\/online\\\/\"},{\"@type\":\"ListItem\",\"position\":2,\"name\":\"Shop\",\"item\":\"https:\\\/\\\/alizel.de\\\/online\\\/shop\\\/\"},{\"@type\":\"ListItem\",\"position\":3,\"name\":\"Innergetic Lehrgang Basis\"}]},{\"@type\":\"WebSite\",\"@id\":\"https:\\\/\\\/alizel.de\\\/online\\\/#website\",\"url\":\"https:\\\/\\\/alizel.de\\\/online\\\/\",\"name\":\"ALIZEL Shop\",\"description\":\"Online-Shop der ALIZEL Gruppe\",\"publisher\":{\"@id\":\"https:\\\/\\\/alizel.de\\\/online\\\/#organization\"},\"potentialAction\":[{\"@type\":\"SearchAction\",\"target\":{\"@type\":\"EntryPoint\",\"urlTemplate\":\"https:\\\/\\\/alizel.de\\\/online\\\/?s={search_term_string}\"},\"query-input\":{\"@type\":\"PropertyValueSpecification\",\"valueRequired\":true,\"valueName\":\"search_term_string\"}}],\"inLanguage\":\"de\"},{\"@type\":\"Organization\",\"@id\":\"https:\\\/\\\/alizel.de\\\/online\\\/#organization\",\"name\":\"ALIZEL Shop\",\"url\":\"https:\\\/\\\/alizel.de\\\/online\\\/\",\"logo\":{\"@type\":\"ImageObject\",\"inLanguage\":\"de\",\"@id\":\"https:\\\/\\\/alizel.de\\\/online\\\/#\\\/schema\\\/logo\\\/image\\\/\",\"url\":\"https:\\\/\\\/alizel.de\\\/shop\\\/wp-content\\\/uploads\\\/sites\\\/2\\\/2025\\\/08\\\/alizel100.jpg\",\"contentUrl\":\"https:\\\/\\\/alizel.de\\\/shop\\\/wp-content\\\/uploads\\\/sites\\\/2\\\/2025\\\/08\\\/alizel100.jpg\",\"width\":1069,\"height\":600,\"caption\":\"ALIZEL Shop\"},\"image\":{\"@id\":\"https:\\\/\\\/alizel.de\\\/online\\\/#\\\/schema\\\/logo\\\/image\\\/\"}}]}<\/script>\n<!-- \/ Yoast SEO plugin. -->","yoast_head_json":{"title":"Innergetic Lehrgang Basis - ALIZEL Online-Shop","robots":{"index":"index","follow":"follow","max-snippet":"max-snippet:-1","max-image-preview":"max-image-preview:large","max-video-preview":"max-video-preview:-1"},"canonical":"https:\/\/alizel.de\/online\/produkt\/innergetic-lehrgang-basis\/","og_locale":"de_DE","og_type":"article","og_title":"Innergetic Lehrgang Basis - ALIZEL Online-Shop","og_description":"14 Tage Pr\u00e4senz-Ausbildung, Heimstudium und Zertifikat.","og_url":"https:\/\/alizel.de\/online\/produkt\/innergetic-lehrgang-basis\/","og_site_name":"ALIZEL Online-Shop","article_modified_time":"2025-11-06T08:06:34+00:00","og_image":[{"width":800,"height":800,"url":"https:\/\/alizel.de\/online\/wp-content\/uploads\/sites\/2\/2025\/08\/innergetic807-min.jpg","type":"image\/jpeg"}],"twitter_card":"summary_large_image","twitter_misc":{"Gesch\u00e4tzte Lesezeit":"1\u00a0Minute"},"schema":{"@context":"https:\/\/schema.org","@graph":[{"@type":"WebPage","@id":"https:\/\/alizel.de\/online\/produkt\/innergetic-lehrgang-basis\/","url":"https:\/\/alizel.de\/online\/produkt\/innergetic-lehrgang-basis\/","name":"Innergetic Lehrgang Basis - ALIZEL Online-Shop","isPartOf":{"@id":"https:\/\/alizel.de\/online\/#website"},"primaryImageOfPage":{"@id":"https:\/\/alizel.de\/online\/produkt\/innergetic-lehrgang-basis\/#primaryimage"},"image":{"@id":"https:\/\/alizel.de\/online\/produkt\/innergetic-lehrgang-basis\/#primaryimage"},"thumbnailUrl":"https:\/\/alizel.de\/online\/wp-content\/uploads\/sites\/2\/2025\/08\/innergetic807-min.jpg","datePublished":"2025-09-07T05:17:58+00:00","dateModified":"2025-11-06T08:06:34+00:00","breadcrumb":{"@id":"https:\/\/alizel.de\/online\/produkt\/innergetic-lehrgang-basis\/#breadcrumb"},"inLanguage":"de","potentialAction":[{"@type":"ReadAction","target":["https:\/\/alizel.de\/online\/produkt\/innergetic-lehrgang-basis\/"]}]},{"@type":"ImageObject","inLanguage":"de","@id":"https:\/\/alizel.de\/online\/produkt\/innergetic-lehrgang-basis\/#primaryimage","url":"https:\/\/alizel.de\/online\/wp-content\/uploads\/sites\/2\/2025\/08\/innergetic807-min.jpg","contentUrl":"https:\/\/alizel.de\/online\/wp-content\/uploads\/sites\/2\/2025\/08\/innergetic807-min.jpg","width":800,"height":800},{"@type":"BreadcrumbList","@id":"https:\/\/alizel.de\/online\/produkt\/innergetic-lehrgang-basis\/#breadcrumb","itemListElement":[{"@type":"ListItem","position":1,"name":"Startseite","item":"https:\/\/alizel.de\/online\/"},{"@type":"ListItem","position":2,"name":"Shop","item":"https:\/\/alizel.de\/online\/shop\/"},{"@type":"ListItem","position":3,"name":"Innergetic Lehrgang Basis"}]},{"@type":"WebSite","@id":"https:\/\/alizel.de\/online\/#website","url":"https:\/\/alizel.de\/online\/","name":"ALIZEL Shop","description":"Online-Shop der ALIZEL Gruppe","publisher":{"@id":"https:\/\/alizel.de\/online\/#organization"},"potentialAction":[{"@type":"SearchAction","target":{"@type":"EntryPoint","urlTemplate":"https:\/\/alizel.de\/online\/?s={search_term_string}"},"query-input":{"@type":"PropertyValueSpecification","valueRequired":true,"valueName":"search_term_string"}}],"inLanguage":"de"},{"@type":"Organization","@id":"https:\/\/alizel.de\/online\/#organization","name":"ALIZEL Shop","url":"https:\/\/alizel.de\/online\/","logo":{"@type":"ImageObject","inLanguage":"de","@id":"https:\/\/alizel.de\/online\/#\/schema\/logo\/image\/","url":"https:\/\/alizel.de\/shop\/wp-content\/uploads\/sites\/2\/2025\/08\/alizel100.jpg","contentUrl":"https:\/\/alizel.de\/shop\/wp-content\/uploads\/sites\/2\/2025\/08\/alizel100.jpg","width":1069,"height":600,"caption":"ALIZEL Shop"},"image":{"@id":"https:\/\/alizel.de\/online\/#\/schema\/logo\/image\/"}}]}},"taxonomy_info":{"product_cat":[{"value":68,"label":"Kurse &amp; Workshops"}],"product_tag":[{"value":112,"label":"Ausbildung"},{"value":122,"label":"Innergetic"},{"value":113,"label":"Weiterbildung"}],"product_brands":[{"value":75,"label":"ViaCordis Akademie"}]},"featured_image_src_large":["https:\/\/alizel.de\/online\/wp-content\/uploads\/sites\/2\/2025\/08\/innergetic807-min.jpg",800,800,false],"author_info":[],"comment_info":0,"_links":{"self":[{"href":"https:\/\/alizel.de\/online\/wp-json\/wp\/v2\/product\/467","targetHints":{"allow":["GET"]}}],"collection":[{"href":"https:\/\/alizel.de\/online\/wp-json\/wp\/v2\/product"}],"about":[{"href":"https:\/\/alizel.de\/online\/wp-json\/wp\/v2\/types\/product"}],"replies":[{"embeddable":true,"href":"https:\/\/alizel.de\/online\/wp-json\/wp\/v2\/comments?post=467"}],"wp:featuredmedia":[{"embeddable":true,"href":"https:\/\/alizel.de\/online\/wp-json\/wp\/v2\/media\/163"}],"wp:attachment":[{"href":"https:\/\/alizel.de\/online\/wp-json\/wp\/v2\/media?parent=467"}],"wp:term":[{"taxonomy":"product_brand","embeddable":true,"href":"https:\/\/alizel.de\/online\/wp-json\/wp\/v2\/product_brand?post=467"},{"taxonomy":"product_cat","embeddable":true,"href":"https:\/\/alizel.de\/online\/wp-json\/wp\/v2\/product_cat?post=467"},{"taxonomy":"product_tag","embeddable":true,"href":"https:\/\/alizel.de\/online\/wp-json\/wp\/v2\/product_tag?post=467"},{"taxonomy":"product_brands","embeddable":true,"href":"https:\/\/alizel.de\/online\/wp-json\/wp\/v2\/product_brands?post=467"}],"curies":[{"name":"wp","href":"https:\/\/api.w.org\/{rel}","templated":true}]}}