{"id":506,"date":"2025-09-10T07:05:57","date_gmt":"2025-09-10T05:05:57","guid":{"rendered":"https:\/\/alizel.de\/online\/?post_type=product&#038;p=506"},"modified":"2025-11-18T09:41:35","modified_gmt":"2025-11-18T08:41:35","slug":"innergetic-check-plus-innergetic-card","status":"publish","type":"product","link":"https:\/\/alizel.de\/online\/produkt\/innergetic-check-plus-innergetic-card\/","title":{"rendered":"Innergetic Check + Innergetic Card"},"content":{"rendered":"\n<h2 class=\"wp-block-heading\">Innergetic Check + Innergetic Card<\/h2>\n\n\n\n<p>Dein individueller Innergetic Check (Check up deiner Energiebilanz &#8211; Lebensenergie) mit Auswertung, individuellem Optimierungsplan und Beratungsgespr\u00e4ch. Die Innergetic Card wird auf deine Energiebilanz abgestimmt.<\/p>\n\n\n\n<h3 class=\"wp-block-heading\">Kostenloses Erstgespr\u00e4ch<\/h3>\n\n\n\n<p>Vor deiner Bestellung bitte <a href=\"https:\/\/innerplus.de\/infogespraech\/\" target=\"_blank\" rel=\"noreferrer noopener\">hier Termin mit Alice vereinbaren<\/a>.<\/p>\n\n\n\n<h3 class=\"wp-block-heading\">Leistungen in K\u00fcrze<\/h3>\n\n\n\n<ul class=\"wp-block-list\">\n<li>Innergetic Check<\/li>\n\n\n\n<li>Energiebilanz<\/li>\n\n\n\n<li>Auswertung<\/li>\n\n\n\n<li>Optimierungsplan<\/li>\n\n\n\n<li>Beratungsgespr\u00e4ch<\/li>\n\n\n\n<li>Personalisierte Innergetic Card<\/li>\n<\/ul>\n\n\n\n<p>Die Kombination aus dem Innergetic Check, der Optimierung und eine auf dich abgestimmte Innergetic Card machen es m\u00f6glich, Blockaden in deiner Lebensenergie zu l\u00f6sen und ein Plus an Energie, Harmonie und Wohlbefinden nachhaltig zu erlangen.<\/p>\n\n\n\n<h2 class=\"wp-block-heading\">Innergetic Card Plus<\/h2>\n\n\n\n<p>In allem Leben und in der Umwelt, die uns umgibt ist Energie. In uns Menschen nennen wir es Lebensenergie. St\u00f6rungen oder sogar Blockaden der Lebensenergie k\u00f6nnen gravierende Folgen nach sich ziehen und unser Gesundheit und Wohlempfingen st\u00f6ren. Die Innergetic Card ist eine pr\u00e4dominante Sch\u00f6pfung, die speziell entwickelt wurde, um die Lebensenergie im Fluss zu halten und st\u00f6rende Einfl\u00fcsse wie z.B. Elektrosmog auszugleichen.<\/p>\n\n\n\n<p><strong>Mehr Infos<\/strong>&nbsp;hier:&nbsp;<a href=\"https:\/\/innergetic.info\/card\/innergetic-card-plus\/\">https:\/\/innergetic.info\/card\/innergetic-card-plus\/<\/a><\/p>\n\n\n\n<h2 class=\"wp-block-heading\">Rechtliche Hinweise<\/h2>\n\n\n\n<p>Die Anwendungsbeispiele, Ratschl\u00e4ge und L\u00f6sungsans\u00e4tze auf dieser Webseite basieren auf jahrelanger Erfahrung und Erkenntnissen. Die Karte selbst ist jedoch kein Medizinprodukt und ersetzt nicht die Diagnose oder Behandlung einer Krankheit durch einen Arzt. Die Eigenschaften und Wirkungsweise der Orgonenergie sowie die Prinzipien der Bioresonanz sind von der Schulmedizin derzeit nicht anerkannt.<\/p>\n\n\n\n<ul class=\"wp-block-list\">\n<li>Artikel-Nr.: 6024301<\/li>\n\n\n\n<li>Stichw\u00f6rter: Energielevel, InnergeticCheck, Energiebilanz, EnergieCheck, Vitalisierung, Harmonisierung, Energiekarte, HarmonyCard, InnergeticCard, Schutzkarte<\/li>\n<\/ul>\n\n\n\n<p><\/p>\n","protected":false},"excerpt":{"rendered":"<p>Check up deiner Lebensenergie plus personalisierte Innergetic Card.<\/p>\n","protected":false},"featured_media":507,"comment_status":"closed","ping_status":"closed","template":"","meta":{"_kad_blocks_custom_css":"","_kad_blocks_head_custom_js":"","_kad_blocks_body_custom_js":"","_kad_blocks_footer_custom_js":"","_kad_post_transparent":"","_kad_post_title":"","_kad_post_layout":"","_kad_post_sidebar_id":"","_kad_post_content_style":"","_kad_post_vertical_padding":"","_kad_post_feature":"","_kad_post_feature_position":"","_kad_post_header":false,"_kad_post_footer":false,"_kad_post_classname":""},"product_brand":[],"product_cat":[117,64,120],"product_tag":[35,34,122,57,37],"product_brands":[47],"class_list":{"0":"post-506","1":"product","2":"type-product","3":"status-publish","4":"has-post-thumbnail","6":"product_cat-dienstleistungen","7":"product_cat-energiekarten","8":"product_cat-vorteilspakete","9":"product_tag-card","10":"product_tag-energie","11":"product_tag-innergetic","12":"product_tag-lebensenergie","13":"product_tag-schutz","14":"product_shipping_class-waren-bis-50-g","15":"product_brands-innerplus","17":"first","18":"instock","19":"sale","20":"sold-individually","21":"taxable","22":"shipping-taxable","23":"purchasable","24":"product-type-woosb","25":"entry","26":"content-bg","27":"loop-entry"},"yoast_head":"<!-- This site is optimized with the Yoast SEO plugin v27.5 - https:\/\/yoast.com\/product\/yoast-seo-wordpress\/ -->\n<title>Innergetic Check + Innergetic Card - ALIZEL Online-Shop<\/title>\n<meta name=\"robots\" content=\"index, follow, max-snippet:-1, max-image-preview:large, max-video-preview:-1\" \/>\n<link rel=\"canonical\" href=\"https:\/\/alizel.de\/online\/produkt\/innergetic-check-plus-innergetic-card\/\" \/>\n<meta property=\"og:locale\" content=\"de_DE\" \/>\n<meta property=\"og:type\" content=\"article\" \/>\n<meta property=\"og:title\" content=\"Innergetic Check + Innergetic Card - ALIZEL Online-Shop\" \/>\n<meta property=\"og:description\" content=\"Check up deiner Lebensenergie plus personalisierte Innergetic Card.\" \/>\n<meta property=\"og:url\" content=\"https:\/\/alizel.de\/online\/produkt\/innergetic-check-plus-innergetic-card\/\" \/>\n<meta property=\"og:site_name\" content=\"ALIZEL Online-Shop\" \/>\n<meta property=\"article:modified_time\" content=\"2025-11-18T08:41:35+00:00\" \/>\n<meta property=\"og:image\" content=\"https:\/\/alizel.de\/online\/wp-content\/uploads\/sites\/2\/2025\/09\/innergetic-card-plus800-min.jpg\" \/>\n\t<meta property=\"og:image:width\" content=\"800\" \/>\n\t<meta property=\"og:image:height\" content=\"800\" \/>\n\t<meta property=\"og:image:type\" content=\"image\/jpeg\" \/>\n<meta name=\"twitter:card\" content=\"summary_large_image\" \/>\n<meta name=\"twitter:label1\" content=\"Gesch\u00e4tzte Lesezeit\" \/>\n\t<meta name=\"twitter:data1\" content=\"2\u00a0Minuten\" \/>\n<script type=\"application\/ld+json\" class=\"yoast-schema-graph\">{\"@context\":\"https:\\\/\\\/schema.org\",\"@graph\":[{\"@type\":\"WebPage\",\"@id\":\"https:\\\/\\\/alizel.de\\\/online\\\/produkt\\\/innergetic-check-plus-innergetic-card\\\/\",\"url\":\"https:\\\/\\\/alizel.de\\\/online\\\/produkt\\\/innergetic-check-plus-innergetic-card\\\/\",\"name\":\"Innergetic Check + Innergetic Card - ALIZEL Online-Shop\",\"isPartOf\":{\"@id\":\"https:\\\/\\\/alizel.de\\\/online\\\/#website\"},\"primaryImageOfPage\":{\"@id\":\"https:\\\/\\\/alizel.de\\\/online\\\/produkt\\\/innergetic-check-plus-innergetic-card\\\/#primaryimage\"},\"image\":{\"@id\":\"https:\\\/\\\/alizel.de\\\/online\\\/produkt\\\/innergetic-check-plus-innergetic-card\\\/#primaryimage\"},\"thumbnailUrl\":\"https:\\\/\\\/alizel.de\\\/online\\\/wp-content\\\/uploads\\\/sites\\\/2\\\/2025\\\/09\\\/innergetic-card-plus800-min.jpg\",\"datePublished\":\"2025-09-10T05:05:57+00:00\",\"dateModified\":\"2025-11-18T08:41:35+00:00\",\"breadcrumb\":{\"@id\":\"https:\\\/\\\/alizel.de\\\/online\\\/produkt\\\/innergetic-check-plus-innergetic-card\\\/#breadcrumb\"},\"inLanguage\":\"de\",\"potentialAction\":[{\"@type\":\"ReadAction\",\"target\":[\"https:\\\/\\\/alizel.de\\\/online\\\/produkt\\\/innergetic-check-plus-innergetic-card\\\/\"]}]},{\"@type\":\"ImageObject\",\"inLanguage\":\"de\",\"@id\":\"https:\\\/\\\/alizel.de\\\/online\\\/produkt\\\/innergetic-check-plus-innergetic-card\\\/#primaryimage\",\"url\":\"https:\\\/\\\/alizel.de\\\/online\\\/wp-content\\\/uploads\\\/sites\\\/2\\\/2025\\\/09\\\/innergetic-card-plus800-min.jpg\",\"contentUrl\":\"https:\\\/\\\/alizel.de\\\/online\\\/wp-content\\\/uploads\\\/sites\\\/2\\\/2025\\\/09\\\/innergetic-card-plus800-min.jpg\",\"width\":800,\"height\":800},{\"@type\":\"BreadcrumbList\",\"@id\":\"https:\\\/\\\/alizel.de\\\/online\\\/produkt\\\/innergetic-check-plus-innergetic-card\\\/#breadcrumb\",\"itemListElement\":[{\"@type\":\"ListItem\",\"position\":1,\"name\":\"Startseite\",\"item\":\"https:\\\/\\\/alizel.de\\\/online\\\/\"},{\"@type\":\"ListItem\",\"position\":2,\"name\":\"Shop\",\"item\":\"https:\\\/\\\/alizel.de\\\/online\\\/shop\\\/\"},{\"@type\":\"ListItem\",\"position\":3,\"name\":\"Innergetic Check + Innergetic Card\"}]},{\"@type\":\"WebSite\",\"@id\":\"https:\\\/\\\/alizel.de\\\/online\\\/#website\",\"url\":\"https:\\\/\\\/alizel.de\\\/online\\\/\",\"name\":\"ALIZEL Shop\",\"description\":\"Online-Shop der ALIZEL Gruppe\",\"publisher\":{\"@id\":\"https:\\\/\\\/alizel.de\\\/online\\\/#organization\"},\"potentialAction\":[{\"@type\":\"SearchAction\",\"target\":{\"@type\":\"EntryPoint\",\"urlTemplate\":\"https:\\\/\\\/alizel.de\\\/online\\\/?s={search_term_string}\"},\"query-input\":{\"@type\":\"PropertyValueSpecification\",\"valueRequired\":true,\"valueName\":\"search_term_string\"}}],\"inLanguage\":\"de\"},{\"@type\":\"Organization\",\"@id\":\"https:\\\/\\\/alizel.de\\\/online\\\/#organization\",\"name\":\"ALIZEL Shop\",\"url\":\"https:\\\/\\\/alizel.de\\\/online\\\/\",\"logo\":{\"@type\":\"ImageObject\",\"inLanguage\":\"de\",\"@id\":\"https:\\\/\\\/alizel.de\\\/online\\\/#\\\/schema\\\/logo\\\/image\\\/\",\"url\":\"https:\\\/\\\/alizel.de\\\/shop\\\/wp-content\\\/uploads\\\/sites\\\/2\\\/2025\\\/08\\\/alizel100.jpg\",\"contentUrl\":\"https:\\\/\\\/alizel.de\\\/shop\\\/wp-content\\\/uploads\\\/sites\\\/2\\\/2025\\\/08\\\/alizel100.jpg\",\"width\":1069,\"height\":600,\"caption\":\"ALIZEL Shop\"},\"image\":{\"@id\":\"https:\\\/\\\/alizel.de\\\/online\\\/#\\\/schema\\\/logo\\\/image\\\/\"}}]}<\/script>\n<!-- \/ Yoast SEO plugin. -->","yoast_head_json":{"title":"Innergetic Check + Innergetic Card - ALIZEL Online-Shop","robots":{"index":"index","follow":"follow","max-snippet":"max-snippet:-1","max-image-preview":"max-image-preview:large","max-video-preview":"max-video-preview:-1"},"canonical":"https:\/\/alizel.de\/online\/produkt\/innergetic-check-plus-innergetic-card\/","og_locale":"de_DE","og_type":"article","og_title":"Innergetic Check + Innergetic Card - ALIZEL Online-Shop","og_description":"Check up deiner Lebensenergie plus personalisierte Innergetic Card.","og_url":"https:\/\/alizel.de\/online\/produkt\/innergetic-check-plus-innergetic-card\/","og_site_name":"ALIZEL Online-Shop","article_modified_time":"2025-11-18T08:41:35+00:00","og_image":[{"width":800,"height":800,"url":"https:\/\/alizel.de\/online\/wp-content\/uploads\/sites\/2\/2025\/09\/innergetic-card-plus800-min.jpg","type":"image\/jpeg"}],"twitter_card":"summary_large_image","twitter_misc":{"Gesch\u00e4tzte Lesezeit":"2\u00a0Minuten"},"schema":{"@context":"https:\/\/schema.org","@graph":[{"@type":"WebPage","@id":"https:\/\/alizel.de\/online\/produkt\/innergetic-check-plus-innergetic-card\/","url":"https:\/\/alizel.de\/online\/produkt\/innergetic-check-plus-innergetic-card\/","name":"Innergetic Check + Innergetic Card - ALIZEL Online-Shop","isPartOf":{"@id":"https:\/\/alizel.de\/online\/#website"},"primaryImageOfPage":{"@id":"https:\/\/alizel.de\/online\/produkt\/innergetic-check-plus-innergetic-card\/#primaryimage"},"image":{"@id":"https:\/\/alizel.de\/online\/produkt\/innergetic-check-plus-innergetic-card\/#primaryimage"},"thumbnailUrl":"https:\/\/alizel.de\/online\/wp-content\/uploads\/sites\/2\/2025\/09\/innergetic-card-plus800-min.jpg","datePublished":"2025-09-10T05:05:57+00:00","dateModified":"2025-11-18T08:41:35+00:00","breadcrumb":{"@id":"https:\/\/alizel.de\/online\/produkt\/innergetic-check-plus-innergetic-card\/#breadcrumb"},"inLanguage":"de","potentialAction":[{"@type":"ReadAction","target":["https:\/\/alizel.de\/online\/produkt\/innergetic-check-plus-innergetic-card\/"]}]},{"@type":"ImageObject","inLanguage":"de","@id":"https:\/\/alizel.de\/online\/produkt\/innergetic-check-plus-innergetic-card\/#primaryimage","url":"https:\/\/alizel.de\/online\/wp-content\/uploads\/sites\/2\/2025\/09\/innergetic-card-plus800-min.jpg","contentUrl":"https:\/\/alizel.de\/online\/wp-content\/uploads\/sites\/2\/2025\/09\/innergetic-card-plus800-min.jpg","width":800,"height":800},{"@type":"BreadcrumbList","@id":"https:\/\/alizel.de\/online\/produkt\/innergetic-check-plus-innergetic-card\/#breadcrumb","itemListElement":[{"@type":"ListItem","position":1,"name":"Startseite","item":"https:\/\/alizel.de\/online\/"},{"@type":"ListItem","position":2,"name":"Shop","item":"https:\/\/alizel.de\/online\/shop\/"},{"@type":"ListItem","position":3,"name":"Innergetic Check + Innergetic Card"}]},{"@type":"WebSite","@id":"https:\/\/alizel.de\/online\/#website","url":"https:\/\/alizel.de\/online\/","name":"ALIZEL Shop","description":"Online-Shop der ALIZEL Gruppe","publisher":{"@id":"https:\/\/alizel.de\/online\/#organization"},"potentialAction":[{"@type":"SearchAction","target":{"@type":"EntryPoint","urlTemplate":"https:\/\/alizel.de\/online\/?s={search_term_string}"},"query-input":{"@type":"PropertyValueSpecification","valueRequired":true,"valueName":"search_term_string"}}],"inLanguage":"de"},{"@type":"Organization","@id":"https:\/\/alizel.de\/online\/#organization","name":"ALIZEL Shop","url":"https:\/\/alizel.de\/online\/","logo":{"@type":"ImageObject","inLanguage":"de","@id":"https:\/\/alizel.de\/online\/#\/schema\/logo\/image\/","url":"https:\/\/alizel.de\/shop\/wp-content\/uploads\/sites\/2\/2025\/08\/alizel100.jpg","contentUrl":"https:\/\/alizel.de\/shop\/wp-content\/uploads\/sites\/2\/2025\/08\/alizel100.jpg","width":1069,"height":600,"caption":"ALIZEL Shop"},"image":{"@id":"https:\/\/alizel.de\/online\/#\/schema\/logo\/image\/"}}]}},"taxonomy_info":{"product_cat":[{"value":117,"label":"Dienstleistungen"},{"value":64,"label":"Energiekarten"},{"value":120,"label":"Vorteilspakete"}],"product_tag":[{"value":35,"label":"Card"},{"value":34,"label":"Energie"},{"value":122,"label":"Innergetic"},{"value":57,"label":"Lebensenergie"},{"value":37,"label":"Schutz"}],"product_brands":[{"value":47,"label":"InnerPlus"}]},"featured_image_src_large":["https:\/\/alizel.de\/online\/wp-content\/uploads\/sites\/2\/2025\/09\/innergetic-card-plus800-min.jpg",800,800,false],"author_info":[],"comment_info":0,"_links":{"self":[{"href":"https:\/\/alizel.de\/online\/wp-json\/wp\/v2\/product\/506","targetHints":{"allow":["GET"]}}],"collection":[{"href":"https:\/\/alizel.de\/online\/wp-json\/wp\/v2\/product"}],"about":[{"href":"https:\/\/alizel.de\/online\/wp-json\/wp\/v2\/types\/product"}],"replies":[{"embeddable":true,"href":"https:\/\/alizel.de\/online\/wp-json\/wp\/v2\/comments?post=506"}],"wp:featuredmedia":[{"embeddable":true,"href":"https:\/\/alizel.de\/online\/wp-json\/wp\/v2\/media\/507"}],"wp:attachment":[{"href":"https:\/\/alizel.de\/online\/wp-json\/wp\/v2\/media?parent=506"}],"wp:term":[{"taxonomy":"product_brand","embeddable":true,"href":"https:\/\/alizel.de\/online\/wp-json\/wp\/v2\/product_brand?post=506"},{"taxonomy":"product_cat","embeddable":true,"href":"https:\/\/alizel.de\/online\/wp-json\/wp\/v2\/product_cat?post=506"},{"taxonomy":"product_tag","embeddable":true,"href":"https:\/\/alizel.de\/online\/wp-json\/wp\/v2\/product_tag?post=506"},{"taxonomy":"product_brands","embeddable":true,"href":"https:\/\/alizel.de\/online\/wp-json\/wp\/v2\/product_brands?post=506"}],"curies":[{"name":"wp","href":"https:\/\/api.w.org\/{rel}","templated":true}]}}