{"id":585,"date":"2025-09-12T11:21:10","date_gmt":"2025-09-12T09:21:10","guid":{"rendered":"https:\/\/alizel.de\/online\/?post_type=product&#038;p=585"},"modified":"2025-09-12T11:41:05","modified_gmt":"2025-09-12T09:41:05","slug":"78-cm-halskette-haematit-donut","status":"publish","type":"product","link":"https:\/\/alizel.de\/online\/produkt\/78-cm-halskette-haematit-donut\/","title":{"rendered":"78 cm Halskette H\u00e4matit Donut"},"content":{"rendered":"\n<h2 class=\"wp-block-heading\">Halskette H\u00e4matit Donut, 78 cm<\/h2>\n\n\n\n<p>Halskette H\u00e4matit Donut mit einer l\u00e4nge von 78 cm und einer ca. 12 cm langen Quaste. Der ca. 53 mm gro\u00dfe H\u00e4matit Donut ist nicht nur ein Blickfang, er wird gerne als Heil- und Schutzstein angewendet und er geh\u00f6rt im tantrischen Hinduismus zum Wurzelchakra, er soll Ungl\u00fcck und negative Einfl\u00fcsse abwenden und Gl\u00fcck bringen.<\/p>\n\n\n\n<p>Als Heilstein wird er vor allem bei Blutkrankheiten eingesetzt, wo er positive Wirkungen auf das Blut und die Blutbildung haben soll. Allerdings sollte der Stein nicht bei Entz\u00fcndungen angewendet werden. H\u00e4matit ist auch als Blutstein, Roteisenstein, Eisenglanz, Specularit und Roteisenerz bekannt. Wissenschaftliche Belege f\u00fcr die Wirksamkeit liegen nicht vor.<\/p>\n\n\n\n<p>In der spirituellen Welt wird der H\u00e4matit mit St\u00e4rke, Ausdauer, Erdung und Schutz in Verbindung gebracht. Dar\u00fcber hinaus hilft der H\u00e4matit negative Energien zu blockieren und positive Energien anzuziehen.<\/p>\n\n\n\n<p>Die Halskette besteht aus schwarzen H\u00e4matit-Steinen, Kunstperlen und Glasperlen. Lieferung erfolgt im Aufbewahrungsbeutel aus 100 % Baumwolle, ohne Deko.<\/p>\n\n\n\n<ul class=\"wp-block-list\">\n<li>Farbe Halskette: transparent\/schwarz<\/li>\n\n\n\n<li>Verschluss: ohne<\/li>\n\n\n\n<li>L\u00e4nge der Halskette: ca. 78 + 12 cm<\/li>\n\n\n\n<li>Lieferung im Beutel: 100% Baumwolle, Naturell<\/li>\n\n\n\n<li>Artikel-Nr.: 401003<\/li>\n\n\n\n<li>Style: H\u00e4matitschmuck, XL-Collier, Halsschmuck<\/li>\n<\/ul>\n","protected":false},"excerpt":{"rendered":"<p><span style=\"color: #081c15;\">Geschlossene Halskette ohne Verschluss\u00a0<\/span>mit H\u00e4matit-Steinen.<\/p>\n","protected":false},"featured_media":587,"comment_status":"closed","ping_status":"closed","template":"","meta":{"_kad_blocks_custom_css":"","_kad_blocks_head_custom_js":"","_kad_blocks_body_custom_js":"","_kad_blocks_footer_custom_js":"","_kad_post_transparent":"","_kad_post_title":"","_kad_post_layout":"","_kad_post_sidebar_id":"","_kad_post_content_style":"","_kad_post_vertical_padding":"","_kad_post_feature":"","_kad_post_feature_position":"","_kad_post_header":false,"_kad_post_footer":false,"_kad_post_classname":""},"product_brand":[],"product_cat":[74],"product_tag":[126,34,128,78,37,79,127],"product_brands":[],"class_list":{"0":"post-585","1":"product","2":"type-product","3":"status-publish","4":"has-post-thumbnail","6":"product_cat-wohlfuehl-accessoires","7":"product_tag-ausdauer","8":"product_tag-energie","9":"product_tag-erdung","10":"product_tag-heilsteine","11":"product_tag-schutz","12":"product_tag-spirituell","13":"product_tag-staerke","14":"product_shipping_class-paeckchen-bis-2-kg","16":"first","17":"instock","18":"taxable","19":"shipping-taxable","20":"purchasable","21":"product-type-simple","22":"entry","23":"content-bg","24":"loop-entry"},"yoast_head":"<!-- This site is optimized with the Yoast SEO plugin v27.5 - https:\/\/yoast.com\/product\/yoast-seo-wordpress\/ -->\n<title>78 cm Halskette H\u00e4matit Donut - ALIZEL Online-Shop<\/title>\n<meta name=\"robots\" content=\"index, follow, max-snippet:-1, max-image-preview:large, max-video-preview:-1\" \/>\n<link rel=\"canonical\" href=\"https:\/\/alizel.de\/online\/produkt\/78-cm-halskette-haematit-donut\/\" \/>\n<meta property=\"og:locale\" content=\"de_DE\" \/>\n<meta property=\"og:type\" content=\"article\" \/>\n<meta property=\"og:title\" content=\"78 cm Halskette H\u00e4matit Donut - ALIZEL Online-Shop\" \/>\n<meta property=\"og:description\" content=\"Geschlossene Halskette ohne Verschluss\u00a0mit H\u00e4matit-Steinen.\" \/>\n<meta property=\"og:url\" content=\"https:\/\/alizel.de\/online\/produkt\/78-cm-halskette-haematit-donut\/\" \/>\n<meta property=\"og:site_name\" content=\"ALIZEL Online-Shop\" \/>\n<meta property=\"article:modified_time\" content=\"2025-09-12T09:41:05+00:00\" \/>\n<meta property=\"og:image\" content=\"https:\/\/alizel.de\/online\/wp-content\/uploads\/sites\/2\/2025\/09\/401003a.jpg\" \/>\n\t<meta property=\"og:image:width\" content=\"800\" \/>\n\t<meta property=\"og:image:height\" content=\"800\" \/>\n\t<meta property=\"og:image:type\" content=\"image\/jpeg\" \/>\n<meta name=\"twitter:card\" content=\"summary_large_image\" \/>\n<meta name=\"twitter:label1\" content=\"Gesch\u00e4tzte Lesezeit\" \/>\n\t<meta name=\"twitter:data1\" content=\"2\u00a0Minuten\" \/>\n<script type=\"application\/ld+json\" class=\"yoast-schema-graph\">{\"@context\":\"https:\\\/\\\/schema.org\",\"@graph\":[{\"@type\":\"WebPage\",\"@id\":\"https:\\\/\\\/alizel.de\\\/online\\\/produkt\\\/78-cm-halskette-haematit-donut\\\/\",\"url\":\"https:\\\/\\\/alizel.de\\\/online\\\/produkt\\\/78-cm-halskette-haematit-donut\\\/\",\"name\":\"78 cm Halskette H\u00e4matit Donut - ALIZEL Online-Shop\",\"isPartOf\":{\"@id\":\"https:\\\/\\\/alizel.de\\\/online\\\/#website\"},\"primaryImageOfPage\":{\"@id\":\"https:\\\/\\\/alizel.de\\\/online\\\/produkt\\\/78-cm-halskette-haematit-donut\\\/#primaryimage\"},\"image\":{\"@id\":\"https:\\\/\\\/alizel.de\\\/online\\\/produkt\\\/78-cm-halskette-haematit-donut\\\/#primaryimage\"},\"thumbnailUrl\":\"https:\\\/\\\/alizel.de\\\/online\\\/wp-content\\\/uploads\\\/sites\\\/2\\\/2025\\\/09\\\/401003a.jpg\",\"datePublished\":\"2025-09-12T09:21:10+00:00\",\"dateModified\":\"2025-09-12T09:41:05+00:00\",\"breadcrumb\":{\"@id\":\"https:\\\/\\\/alizel.de\\\/online\\\/produkt\\\/78-cm-halskette-haematit-donut\\\/#breadcrumb\"},\"inLanguage\":\"de\",\"potentialAction\":[{\"@type\":\"ReadAction\",\"target\":[\"https:\\\/\\\/alizel.de\\\/online\\\/produkt\\\/78-cm-halskette-haematit-donut\\\/\"]}]},{\"@type\":\"ImageObject\",\"inLanguage\":\"de\",\"@id\":\"https:\\\/\\\/alizel.de\\\/online\\\/produkt\\\/78-cm-halskette-haematit-donut\\\/#primaryimage\",\"url\":\"https:\\\/\\\/alizel.de\\\/online\\\/wp-content\\\/uploads\\\/sites\\\/2\\\/2025\\\/09\\\/401003a.jpg\",\"contentUrl\":\"https:\\\/\\\/alizel.de\\\/online\\\/wp-content\\\/uploads\\\/sites\\\/2\\\/2025\\\/09\\\/401003a.jpg\",\"width\":800,\"height\":800},{\"@type\":\"BreadcrumbList\",\"@id\":\"https:\\\/\\\/alizel.de\\\/online\\\/produkt\\\/78-cm-halskette-haematit-donut\\\/#breadcrumb\",\"itemListElement\":[{\"@type\":\"ListItem\",\"position\":1,\"name\":\"Startseite\",\"item\":\"https:\\\/\\\/alizel.de\\\/online\\\/\"},{\"@type\":\"ListItem\",\"position\":2,\"name\":\"Shop\",\"item\":\"https:\\\/\\\/alizel.de\\\/online\\\/shop\\\/\"},{\"@type\":\"ListItem\",\"position\":3,\"name\":\"78 cm Halskette H\u00e4matit Donut\"}]},{\"@type\":\"WebSite\",\"@id\":\"https:\\\/\\\/alizel.de\\\/online\\\/#website\",\"url\":\"https:\\\/\\\/alizel.de\\\/online\\\/\",\"name\":\"ALIZEL Shop\",\"description\":\"Online-Shop der ALIZEL Gruppe\",\"publisher\":{\"@id\":\"https:\\\/\\\/alizel.de\\\/online\\\/#organization\"},\"potentialAction\":[{\"@type\":\"SearchAction\",\"target\":{\"@type\":\"EntryPoint\",\"urlTemplate\":\"https:\\\/\\\/alizel.de\\\/online\\\/?s={search_term_string}\"},\"query-input\":{\"@type\":\"PropertyValueSpecification\",\"valueRequired\":true,\"valueName\":\"search_term_string\"}}],\"inLanguage\":\"de\"},{\"@type\":\"Organization\",\"@id\":\"https:\\\/\\\/alizel.de\\\/online\\\/#organization\",\"name\":\"ALIZEL Shop\",\"url\":\"https:\\\/\\\/alizel.de\\\/online\\\/\",\"logo\":{\"@type\":\"ImageObject\",\"inLanguage\":\"de\",\"@id\":\"https:\\\/\\\/alizel.de\\\/online\\\/#\\\/schema\\\/logo\\\/image\\\/\",\"url\":\"https:\\\/\\\/alizel.de\\\/shop\\\/wp-content\\\/uploads\\\/sites\\\/2\\\/2025\\\/08\\\/alizel100.jpg\",\"contentUrl\":\"https:\\\/\\\/alizel.de\\\/shop\\\/wp-content\\\/uploads\\\/sites\\\/2\\\/2025\\\/08\\\/alizel100.jpg\",\"width\":1069,\"height\":600,\"caption\":\"ALIZEL Shop\"},\"image\":{\"@id\":\"https:\\\/\\\/alizel.de\\\/online\\\/#\\\/schema\\\/logo\\\/image\\\/\"}}]}<\/script>\n<!-- \/ Yoast SEO plugin. -->","yoast_head_json":{"title":"78 cm Halskette H\u00e4matit Donut - ALIZEL Online-Shop","robots":{"index":"index","follow":"follow","max-snippet":"max-snippet:-1","max-image-preview":"max-image-preview:large","max-video-preview":"max-video-preview:-1"},"canonical":"https:\/\/alizel.de\/online\/produkt\/78-cm-halskette-haematit-donut\/","og_locale":"de_DE","og_type":"article","og_title":"78 cm Halskette H\u00e4matit Donut - ALIZEL Online-Shop","og_description":"Geschlossene Halskette ohne Verschluss\u00a0mit H\u00e4matit-Steinen.","og_url":"https:\/\/alizel.de\/online\/produkt\/78-cm-halskette-haematit-donut\/","og_site_name":"ALIZEL Online-Shop","article_modified_time":"2025-09-12T09:41:05+00:00","og_image":[{"width":800,"height":800,"url":"https:\/\/alizel.de\/online\/wp-content\/uploads\/sites\/2\/2025\/09\/401003a.jpg","type":"image\/jpeg"}],"twitter_card":"summary_large_image","twitter_misc":{"Gesch\u00e4tzte Lesezeit":"2\u00a0Minuten"},"schema":{"@context":"https:\/\/schema.org","@graph":[{"@type":"WebPage","@id":"https:\/\/alizel.de\/online\/produkt\/78-cm-halskette-haematit-donut\/","url":"https:\/\/alizel.de\/online\/produkt\/78-cm-halskette-haematit-donut\/","name":"78 cm Halskette H\u00e4matit Donut - ALIZEL Online-Shop","isPartOf":{"@id":"https:\/\/alizel.de\/online\/#website"},"primaryImageOfPage":{"@id":"https:\/\/alizel.de\/online\/produkt\/78-cm-halskette-haematit-donut\/#primaryimage"},"image":{"@id":"https:\/\/alizel.de\/online\/produkt\/78-cm-halskette-haematit-donut\/#primaryimage"},"thumbnailUrl":"https:\/\/alizel.de\/online\/wp-content\/uploads\/sites\/2\/2025\/09\/401003a.jpg","datePublished":"2025-09-12T09:21:10+00:00","dateModified":"2025-09-12T09:41:05+00:00","breadcrumb":{"@id":"https:\/\/alizel.de\/online\/produkt\/78-cm-halskette-haematit-donut\/#breadcrumb"},"inLanguage":"de","potentialAction":[{"@type":"ReadAction","target":["https:\/\/alizel.de\/online\/produkt\/78-cm-halskette-haematit-donut\/"]}]},{"@type":"ImageObject","inLanguage":"de","@id":"https:\/\/alizel.de\/online\/produkt\/78-cm-halskette-haematit-donut\/#primaryimage","url":"https:\/\/alizel.de\/online\/wp-content\/uploads\/sites\/2\/2025\/09\/401003a.jpg","contentUrl":"https:\/\/alizel.de\/online\/wp-content\/uploads\/sites\/2\/2025\/09\/401003a.jpg","width":800,"height":800},{"@type":"BreadcrumbList","@id":"https:\/\/alizel.de\/online\/produkt\/78-cm-halskette-haematit-donut\/#breadcrumb","itemListElement":[{"@type":"ListItem","position":1,"name":"Startseite","item":"https:\/\/alizel.de\/online\/"},{"@type":"ListItem","position":2,"name":"Shop","item":"https:\/\/alizel.de\/online\/shop\/"},{"@type":"ListItem","position":3,"name":"78 cm Halskette H\u00e4matit Donut"}]},{"@type":"WebSite","@id":"https:\/\/alizel.de\/online\/#website","url":"https:\/\/alizel.de\/online\/","name":"ALIZEL Shop","description":"Online-Shop der ALIZEL Gruppe","publisher":{"@id":"https:\/\/alizel.de\/online\/#organization"},"potentialAction":[{"@type":"SearchAction","target":{"@type":"EntryPoint","urlTemplate":"https:\/\/alizel.de\/online\/?s={search_term_string}"},"query-input":{"@type":"PropertyValueSpecification","valueRequired":true,"valueName":"search_term_string"}}],"inLanguage":"de"},{"@type":"Organization","@id":"https:\/\/alizel.de\/online\/#organization","name":"ALIZEL Shop","url":"https:\/\/alizel.de\/online\/","logo":{"@type":"ImageObject","inLanguage":"de","@id":"https:\/\/alizel.de\/online\/#\/schema\/logo\/image\/","url":"https:\/\/alizel.de\/shop\/wp-content\/uploads\/sites\/2\/2025\/08\/alizel100.jpg","contentUrl":"https:\/\/alizel.de\/shop\/wp-content\/uploads\/sites\/2\/2025\/08\/alizel100.jpg","width":1069,"height":600,"caption":"ALIZEL Shop"},"image":{"@id":"https:\/\/alizel.de\/online\/#\/schema\/logo\/image\/"}}]}},"taxonomy_info":{"product_cat":[{"value":74,"label":"Wohlf\u00fchl-Accessoires"}],"product_tag":[{"value":126,"label":"Ausdauer"},{"value":34,"label":"Energie"},{"value":128,"label":"Erdung"},{"value":78,"label":"Heilsteine"},{"value":37,"label":"Schutz"},{"value":79,"label":"Spirituell"},{"value":127,"label":"St\u00e4rke"}]},"featured_image_src_large":["https:\/\/alizel.de\/online\/wp-content\/uploads\/sites\/2\/2025\/09\/401003a.jpg",800,800,false],"author_info":[],"comment_info":0,"_links":{"self":[{"href":"https:\/\/alizel.de\/online\/wp-json\/wp\/v2\/product\/585","targetHints":{"allow":["GET"]}}],"collection":[{"href":"https:\/\/alizel.de\/online\/wp-json\/wp\/v2\/product"}],"about":[{"href":"https:\/\/alizel.de\/online\/wp-json\/wp\/v2\/types\/product"}],"replies":[{"embeddable":true,"href":"https:\/\/alizel.de\/online\/wp-json\/wp\/v2\/comments?post=585"}],"wp:featuredmedia":[{"embeddable":true,"href":"https:\/\/alizel.de\/online\/wp-json\/wp\/v2\/media\/587"}],"wp:attachment":[{"href":"https:\/\/alizel.de\/online\/wp-json\/wp\/v2\/media?parent=585"}],"wp:term":[{"taxonomy":"product_brand","embeddable":true,"href":"https:\/\/alizel.de\/online\/wp-json\/wp\/v2\/product_brand?post=585"},{"taxonomy":"product_cat","embeddable":true,"href":"https:\/\/alizel.de\/online\/wp-json\/wp\/v2\/product_cat?post=585"},{"taxonomy":"product_tag","embeddable":true,"href":"https:\/\/alizel.de\/online\/wp-json\/wp\/v2\/product_tag?post=585"},{"taxonomy":"product_brands","embeddable":true,"href":"https:\/\/alizel.de\/online\/wp-json\/wp\/v2\/product_brands?post=585"}],"curies":[{"name":"wp","href":"https:\/\/api.w.org\/{rel}","templated":true}]}}