{"id":596,"date":"2025-09-12T12:04:46","date_gmt":"2025-09-12T10:04:46","guid":{"rendered":"https:\/\/alizel.de\/online\/?post_type=product&#038;p=596"},"modified":"2025-10-01T11:42:54","modified_gmt":"2025-10-01T09:42:54","slug":"78-cm-multi-magnetkette-keshi-rose","status":"publish","type":"product","link":"https:\/\/alizel.de\/online\/produkt\/78-cm-multi-magnetkette-keshi-rose\/","title":{"rendered":"78 cm Multi Magnetkette Keshi Ros\u00e9"},"content":{"rendered":"\n<h2 class=\"wp-block-heading\">78 cm Multi Magnetkette Keshi Ros\u00e9<\/h2>\n\n\n\n<p>Multi Magnetkette Keshi Ros\u00e9 in 78 cm L\u00e4nge ist ein Multitalent. Die offene Kette mit Keshi-Perlen und magnetischen H\u00e4matiten kann als Halskette, Y-Kette, Fu\u00dfkette oder Armband verwendet werden. Lieferung im Aufbewahrungsbeutel aus 100 % Baumwolle ohne Deko.<\/p>\n\n\n\n<h3 class=\"wp-block-heading\">Gesundheitliche Wirkung von Magnetschmuck<\/h3>\n\n\n\n<p>Dem Magnetschmuck wird die Verbesserung der Lebensqualit\u00e4t, Anti-Stress-Eigenschaften und sogar heilende Kr\u00e4fte nachgesagt. Die Magnete am K\u00f6rper sollen eine Reihe positiver Effekte bringen. Die m\u00f6gliche Besserung bei Schlaf- und Durchblutungsst\u00f6rungen, Wundheilungsst\u00f6rungen, degenerative Erkrankungen von Knochen und Muskeln sowie Migr\u00e4ne.<\/p>\n\n\n\n<p><strong>Wichtig<\/strong>: Personen mit Herzschrittmacher und Schwangeren wird davon abgeraten Magnetschmuck zu tragen. Im Zweifelsfall frage deinen Arzt.<\/p>\n\n\n\n<p><strong>Tipp<\/strong>: Mehr Infos \u00fcber Magnete, Magnetschmuck und Wirkung findest du in unserem Magazin:&nbsp;<a href=\"https:\/\/beledama.de\/blog\/magnete-und-deine-gesundheit-das-solltest-du-wissen\/\" target=\"_blank\" rel=\"noreferrer noopener\">Magnete und deine Gesundheit: Das solltest du wissen<\/a><\/p>\n\n\n\n<h3 class=\"wp-block-heading\">Details Multi Magnetkette Keshi Ros\u00e9<\/h3>\n\n\n\n<ul class=\"wp-block-list\">\n<li>Farbe Kette: rosa\/schwarz<\/li>\n\n\n\n<li>Material: Schmuckdraht, Keshi-Perlen und magnetischer H\u00e4matit<\/li>\n\n\n\n<li>Verschluss: Kettenstrang offen<\/li>\n\n\n\n<li>L\u00e4nge Kette: ca. 78 cm<\/li>\n\n\n\n<li>Aufbewahrungsbeutel: 100% Baumwolle, Naturell<\/li>\n\n\n\n<li>Artikel-Nr.: 401011<\/li>\n\n\n\n<li>Style: Multi-Kette, Magnet-Schmuck, Halskette, Halsschmuck, Armschmuck, Magnetarmband<\/li>\n<\/ul>\n","protected":false},"excerpt":{"rendered":"<p>Vielseitige Kette mit Magnet-Elementen und Keshi-Perlen.<\/p>\n","protected":false},"featured_media":597,"comment_status":"closed","ping_status":"closed","template":"","meta":{"_kad_blocks_custom_css":"","_kad_blocks_head_custom_js":"","_kad_blocks_body_custom_js":"","_kad_blocks_footer_custom_js":"","_kad_post_transparent":"","_kad_post_title":"","_kad_post_layout":"","_kad_post_sidebar_id":"","_kad_post_content_style":"","_kad_post_vertical_padding":"","_kad_post_feature":"","_kad_post_feature_position":"","_kad_post_header":false,"_kad_post_footer":false,"_kad_post_classname":""},"product_brand":[],"product_cat":[74],"product_tag":[130,132,133,135,134,108,131],"product_brands":[],"class_list":{"0":"post-596","1":"product","2":"type-product","3":"status-publish","4":"has-post-thumbnail","6":"product_cat-wohlfuehl-accessoires","7":"product_tag-durchblutung","8":"product_tag-knochen","9":"product_tag-magnetschmuck","10":"product_tag-migraene","11":"product_tag-muskeln","12":"product_tag-schlaf","13":"product_tag-wundheilung","14":"product_shipping_class-paeckchen-bis-2-kg","16":"first","17":"instock","18":"taxable","19":"shipping-taxable","20":"purchasable","21":"product-type-simple","22":"entry","23":"content-bg","24":"loop-entry"},"yoast_head":"<!-- This site is optimized with the Yoast SEO plugin v27.5 - https:\/\/yoast.com\/product\/yoast-seo-wordpress\/ -->\n<title>78 cm Multi Magnetkette Keshi Ros\u00e9 - ALIZEL Online-Shop<\/title>\n<meta name=\"robots\" content=\"index, follow, max-snippet:-1, max-image-preview:large, max-video-preview:-1\" \/>\n<link rel=\"canonical\" href=\"https:\/\/alizel.de\/online\/produkt\/78-cm-multi-magnetkette-keshi-rose\/\" \/>\n<meta property=\"og:locale\" content=\"de_DE\" \/>\n<meta property=\"og:type\" content=\"article\" \/>\n<meta property=\"og:title\" content=\"78 cm Multi Magnetkette Keshi Ros\u00e9 - ALIZEL Online-Shop\" \/>\n<meta property=\"og:description\" content=\"Vielseitige Kette mit Magnet-Elementen und Keshi-Perlen.\" \/>\n<meta property=\"og:url\" content=\"https:\/\/alizel.de\/online\/produkt\/78-cm-multi-magnetkette-keshi-rose\/\" \/>\n<meta property=\"og:site_name\" content=\"ALIZEL Online-Shop\" \/>\n<meta property=\"article:modified_time\" content=\"2025-10-01T09:42:54+00:00\" \/>\n<meta property=\"og:image\" content=\"https:\/\/alizel.de\/online\/wp-content\/uploads\/sites\/2\/2025\/09\/401011b.jpg\" \/>\n\t<meta property=\"og:image:width\" content=\"800\" \/>\n\t<meta property=\"og:image:height\" content=\"800\" \/>\n\t<meta property=\"og:image:type\" content=\"image\/jpeg\" \/>\n<meta name=\"twitter:card\" content=\"summary_large_image\" \/>\n<meta name=\"twitter:label1\" content=\"Gesch\u00e4tzte Lesezeit\" \/>\n\t<meta name=\"twitter:data1\" content=\"2\u00a0Minuten\" \/>\n<script type=\"application\/ld+json\" class=\"yoast-schema-graph\">{\"@context\":\"https:\\\/\\\/schema.org\",\"@graph\":[{\"@type\":\"WebPage\",\"@id\":\"https:\\\/\\\/alizel.de\\\/online\\\/produkt\\\/78-cm-multi-magnetkette-keshi-rose\\\/\",\"url\":\"https:\\\/\\\/alizel.de\\\/online\\\/produkt\\\/78-cm-multi-magnetkette-keshi-rose\\\/\",\"name\":\"78 cm Multi Magnetkette Keshi Ros\u00e9 - ALIZEL Online-Shop\",\"isPartOf\":{\"@id\":\"https:\\\/\\\/alizel.de\\\/online\\\/#website\"},\"primaryImageOfPage\":{\"@id\":\"https:\\\/\\\/alizel.de\\\/online\\\/produkt\\\/78-cm-multi-magnetkette-keshi-rose\\\/#primaryimage\"},\"image\":{\"@id\":\"https:\\\/\\\/alizel.de\\\/online\\\/produkt\\\/78-cm-multi-magnetkette-keshi-rose\\\/#primaryimage\"},\"thumbnailUrl\":\"https:\\\/\\\/alizel.de\\\/online\\\/wp-content\\\/uploads\\\/sites\\\/2\\\/2025\\\/09\\\/401011b.jpg\",\"datePublished\":\"2025-09-12T10:04:46+00:00\",\"dateModified\":\"2025-10-01T09:42:54+00:00\",\"breadcrumb\":{\"@id\":\"https:\\\/\\\/alizel.de\\\/online\\\/produkt\\\/78-cm-multi-magnetkette-keshi-rose\\\/#breadcrumb\"},\"inLanguage\":\"de\",\"potentialAction\":[{\"@type\":\"ReadAction\",\"target\":[\"https:\\\/\\\/alizel.de\\\/online\\\/produkt\\\/78-cm-multi-magnetkette-keshi-rose\\\/\"]}]},{\"@type\":\"ImageObject\",\"inLanguage\":\"de\",\"@id\":\"https:\\\/\\\/alizel.de\\\/online\\\/produkt\\\/78-cm-multi-magnetkette-keshi-rose\\\/#primaryimage\",\"url\":\"https:\\\/\\\/alizel.de\\\/online\\\/wp-content\\\/uploads\\\/sites\\\/2\\\/2025\\\/09\\\/401011b.jpg\",\"contentUrl\":\"https:\\\/\\\/alizel.de\\\/online\\\/wp-content\\\/uploads\\\/sites\\\/2\\\/2025\\\/09\\\/401011b.jpg\",\"width\":800,\"height\":800},{\"@type\":\"BreadcrumbList\",\"@id\":\"https:\\\/\\\/alizel.de\\\/online\\\/produkt\\\/78-cm-multi-magnetkette-keshi-rose\\\/#breadcrumb\",\"itemListElement\":[{\"@type\":\"ListItem\",\"position\":1,\"name\":\"Startseite\",\"item\":\"https:\\\/\\\/alizel.de\\\/online\\\/\"},{\"@type\":\"ListItem\",\"position\":2,\"name\":\"Shop\",\"item\":\"https:\\\/\\\/alizel.de\\\/online\\\/shop\\\/\"},{\"@type\":\"ListItem\",\"position\":3,\"name\":\"78 cm Multi Magnetkette Keshi Ros\u00e9\"}]},{\"@type\":\"WebSite\",\"@id\":\"https:\\\/\\\/alizel.de\\\/online\\\/#website\",\"url\":\"https:\\\/\\\/alizel.de\\\/online\\\/\",\"name\":\"ALIZEL Shop\",\"description\":\"Online-Shop der ALIZEL Gruppe\",\"publisher\":{\"@id\":\"https:\\\/\\\/alizel.de\\\/online\\\/#organization\"},\"potentialAction\":[{\"@type\":\"SearchAction\",\"target\":{\"@type\":\"EntryPoint\",\"urlTemplate\":\"https:\\\/\\\/alizel.de\\\/online\\\/?s={search_term_string}\"},\"query-input\":{\"@type\":\"PropertyValueSpecification\",\"valueRequired\":true,\"valueName\":\"search_term_string\"}}],\"inLanguage\":\"de\"},{\"@type\":\"Organization\",\"@id\":\"https:\\\/\\\/alizel.de\\\/online\\\/#organization\",\"name\":\"ALIZEL Shop\",\"url\":\"https:\\\/\\\/alizel.de\\\/online\\\/\",\"logo\":{\"@type\":\"ImageObject\",\"inLanguage\":\"de\",\"@id\":\"https:\\\/\\\/alizel.de\\\/online\\\/#\\\/schema\\\/logo\\\/image\\\/\",\"url\":\"https:\\\/\\\/alizel.de\\\/shop\\\/wp-content\\\/uploads\\\/sites\\\/2\\\/2025\\\/08\\\/alizel100.jpg\",\"contentUrl\":\"https:\\\/\\\/alizel.de\\\/shop\\\/wp-content\\\/uploads\\\/sites\\\/2\\\/2025\\\/08\\\/alizel100.jpg\",\"width\":1069,\"height\":600,\"caption\":\"ALIZEL Shop\"},\"image\":{\"@id\":\"https:\\\/\\\/alizel.de\\\/online\\\/#\\\/schema\\\/logo\\\/image\\\/\"}}]}<\/script>\n<!-- \/ Yoast SEO plugin. -->","yoast_head_json":{"title":"78 cm Multi Magnetkette Keshi Ros\u00e9 - ALIZEL Online-Shop","robots":{"index":"index","follow":"follow","max-snippet":"max-snippet:-1","max-image-preview":"max-image-preview:large","max-video-preview":"max-video-preview:-1"},"canonical":"https:\/\/alizel.de\/online\/produkt\/78-cm-multi-magnetkette-keshi-rose\/","og_locale":"de_DE","og_type":"article","og_title":"78 cm Multi Magnetkette Keshi Ros\u00e9 - ALIZEL Online-Shop","og_description":"Vielseitige Kette mit Magnet-Elementen und Keshi-Perlen.","og_url":"https:\/\/alizel.de\/online\/produkt\/78-cm-multi-magnetkette-keshi-rose\/","og_site_name":"ALIZEL Online-Shop","article_modified_time":"2025-10-01T09:42:54+00:00","og_image":[{"width":800,"height":800,"url":"https:\/\/alizel.de\/online\/wp-content\/uploads\/sites\/2\/2025\/09\/401011b.jpg","type":"image\/jpeg"}],"twitter_card":"summary_large_image","twitter_misc":{"Gesch\u00e4tzte Lesezeit":"2\u00a0Minuten"},"schema":{"@context":"https:\/\/schema.org","@graph":[{"@type":"WebPage","@id":"https:\/\/alizel.de\/online\/produkt\/78-cm-multi-magnetkette-keshi-rose\/","url":"https:\/\/alizel.de\/online\/produkt\/78-cm-multi-magnetkette-keshi-rose\/","name":"78 cm Multi Magnetkette Keshi Ros\u00e9 - ALIZEL Online-Shop","isPartOf":{"@id":"https:\/\/alizel.de\/online\/#website"},"primaryImageOfPage":{"@id":"https:\/\/alizel.de\/online\/produkt\/78-cm-multi-magnetkette-keshi-rose\/#primaryimage"},"image":{"@id":"https:\/\/alizel.de\/online\/produkt\/78-cm-multi-magnetkette-keshi-rose\/#primaryimage"},"thumbnailUrl":"https:\/\/alizel.de\/online\/wp-content\/uploads\/sites\/2\/2025\/09\/401011b.jpg","datePublished":"2025-09-12T10:04:46+00:00","dateModified":"2025-10-01T09:42:54+00:00","breadcrumb":{"@id":"https:\/\/alizel.de\/online\/produkt\/78-cm-multi-magnetkette-keshi-rose\/#breadcrumb"},"inLanguage":"de","potentialAction":[{"@type":"ReadAction","target":["https:\/\/alizel.de\/online\/produkt\/78-cm-multi-magnetkette-keshi-rose\/"]}]},{"@type":"ImageObject","inLanguage":"de","@id":"https:\/\/alizel.de\/online\/produkt\/78-cm-multi-magnetkette-keshi-rose\/#primaryimage","url":"https:\/\/alizel.de\/online\/wp-content\/uploads\/sites\/2\/2025\/09\/401011b.jpg","contentUrl":"https:\/\/alizel.de\/online\/wp-content\/uploads\/sites\/2\/2025\/09\/401011b.jpg","width":800,"height":800},{"@type":"BreadcrumbList","@id":"https:\/\/alizel.de\/online\/produkt\/78-cm-multi-magnetkette-keshi-rose\/#breadcrumb","itemListElement":[{"@type":"ListItem","position":1,"name":"Startseite","item":"https:\/\/alizel.de\/online\/"},{"@type":"ListItem","position":2,"name":"Shop","item":"https:\/\/alizel.de\/online\/shop\/"},{"@type":"ListItem","position":3,"name":"78 cm Multi Magnetkette Keshi Ros\u00e9"}]},{"@type":"WebSite","@id":"https:\/\/alizel.de\/online\/#website","url":"https:\/\/alizel.de\/online\/","name":"ALIZEL Shop","description":"Online-Shop der ALIZEL Gruppe","publisher":{"@id":"https:\/\/alizel.de\/online\/#organization"},"potentialAction":[{"@type":"SearchAction","target":{"@type":"EntryPoint","urlTemplate":"https:\/\/alizel.de\/online\/?s={search_term_string}"},"query-input":{"@type":"PropertyValueSpecification","valueRequired":true,"valueName":"search_term_string"}}],"inLanguage":"de"},{"@type":"Organization","@id":"https:\/\/alizel.de\/online\/#organization","name":"ALIZEL Shop","url":"https:\/\/alizel.de\/online\/","logo":{"@type":"ImageObject","inLanguage":"de","@id":"https:\/\/alizel.de\/online\/#\/schema\/logo\/image\/","url":"https:\/\/alizel.de\/shop\/wp-content\/uploads\/sites\/2\/2025\/08\/alizel100.jpg","contentUrl":"https:\/\/alizel.de\/shop\/wp-content\/uploads\/sites\/2\/2025\/08\/alizel100.jpg","width":1069,"height":600,"caption":"ALIZEL Shop"},"image":{"@id":"https:\/\/alizel.de\/online\/#\/schema\/logo\/image\/"}}]}},"taxonomy_info":{"product_cat":[{"value":74,"label":"Wohlf\u00fchl-Accessoires"}],"product_tag":[{"value":130,"label":"Durchblutung"},{"value":132,"label":"Knochen"},{"value":133,"label":"Magnetschmuck"},{"value":135,"label":"Migr\u00e4ne"},{"value":134,"label":"Muskeln"},{"value":108,"label":"Schlaf"},{"value":131,"label":"Wundheilung"}]},"featured_image_src_large":["https:\/\/alizel.de\/online\/wp-content\/uploads\/sites\/2\/2025\/09\/401011b.jpg",800,800,false],"author_info":[],"comment_info":0,"_links":{"self":[{"href":"https:\/\/alizel.de\/online\/wp-json\/wp\/v2\/product\/596","targetHints":{"allow":["GET"]}}],"collection":[{"href":"https:\/\/alizel.de\/online\/wp-json\/wp\/v2\/product"}],"about":[{"href":"https:\/\/alizel.de\/online\/wp-json\/wp\/v2\/types\/product"}],"replies":[{"embeddable":true,"href":"https:\/\/alizel.de\/online\/wp-json\/wp\/v2\/comments?post=596"}],"wp:featuredmedia":[{"embeddable":true,"href":"https:\/\/alizel.de\/online\/wp-json\/wp\/v2\/media\/597"}],"wp:attachment":[{"href":"https:\/\/alizel.de\/online\/wp-json\/wp\/v2\/media?parent=596"}],"wp:term":[{"taxonomy":"product_brand","embeddable":true,"href":"https:\/\/alizel.de\/online\/wp-json\/wp\/v2\/product_brand?post=596"},{"taxonomy":"product_cat","embeddable":true,"href":"https:\/\/alizel.de\/online\/wp-json\/wp\/v2\/product_cat?post=596"},{"taxonomy":"product_tag","embeddable":true,"href":"https:\/\/alizel.de\/online\/wp-json\/wp\/v2\/product_tag?post=596"},{"taxonomy":"product_brands","embeddable":true,"href":"https:\/\/alizel.de\/online\/wp-json\/wp\/v2\/product_brands?post=596"}],"curies":[{"name":"wp","href":"https:\/\/api.w.org\/{rel}","templated":true}]}}