{"id":635,"date":"2025-09-16T11:08:12","date_gmt":"2025-09-16T09:08:12","guid":{"rendered":"https:\/\/alizel.de\/online\/?post_type=product&#038;p=635"},"modified":"2025-11-17T08:27:31","modified_gmt":"2025-11-17T07:27:31","slug":"damen-t-shirt-mit-rollaermeln-neutral","status":"publish","type":"product","link":"https:\/\/alizel.de\/online\/produkt\/damen-t-shirt-mit-rollaermeln-neutral\/","title":{"rendered":"Neutral Damen T-Shirt mit Roll\u00e4rmeln"},"content":{"rendered":"\n<h2 class=\"wp-block-heading\">Neutral Damen T-Shirt mit Roll\u00e4rmeln<\/h2>\n\n\n\n<p>Das Neutral Damen T-Shirt mit Roll\u00e4rmeln von Neutral\u00ae ist ein T-Shirt mit hochgekrempelten \u00c4rmeln, weitem Rundhalsausschnitt mit Elasthan-Ripp und innenliegendem Nackenband.<\/p>\n\n\n\n<p>Die leicht taillierte Passform und der weich geschwungener Saum verspr\u00fchen einen l\u00e4ssig femininen Charme. Der Single-Jersey Stoff ist angenehm weich und mitteldick aus ringgesponnener 155 g\/m\u00b2 gek\u00e4mmter Bio-Fairtrade-Baumwolle.<\/p>\n\n\n\n<ul class=\"wp-block-list\">\n<li>Grammatur: 155 g\/m\u00b2 Single-Jersey<\/li>\n\n\n\n<li>Material: 100% Bio-Fairtrade-Baumwolle<\/li>\n\n\n\n<li>Verf\u00fcgbare Gr\u00f6\u00dfen: XS, S, M, L, XL, XXL<\/li>\n\n\n\n<li>Verf\u00fcgbare Farben: 7, siehe Details<\/li>\n\n\n\n<li>Pflegehinweise: Waschbar bei 40\u00b0C, Trockner geeignet, B\u00fcgeln erlaubt (max. 110\u00b0C)<\/li>\n\n\n\n<li>Zertifikation: Oeko-Tex 100, EU Ecolabel, erneuerbare Energie, GOTS und Fairtrade<\/li>\n<\/ul>\n\n\n\n<p>Artikel-Nr.: NE80012<br>Style: O80012, Neutral\u00ae, T-Shirt, Damen-Shirt, Business-Shirt<\/p>\n","protected":false},"excerpt":{"rendered":"<p>Aus 100% Bio-Fairtrade-Baumwolle in 155 g\/m\u00b2 Single-Jersey Stoff.<\/p>\n","protected":false},"featured_media":636,"comment_status":"closed","ping_status":"closed","template":"","meta":{"_kad_blocks_custom_css":"","_kad_blocks_head_custom_js":"","_kad_blocks_body_custom_js":"","_kad_blocks_footer_custom_js":"","_kad_post_transparent":"","_kad_post_title":"","_kad_post_layout":"","_kad_post_sidebar_id":"","_kad_post_content_style":"","_kad_post_vertical_padding":"","_kad_post_feature":"","_kad_post_feature_position":"","_kad_post_header":false,"_kad_post_footer":false,"_kad_post_classname":""},"product_brand":[144],"product_cat":[143],"product_tag":[145,146],"product_brands":[],"class_list":{"0":"post-635","1":"product","2":"type-product","3":"status-publish","4":"has-post-thumbnail","6":"product_brand-neutral","7":"product_cat-wohlfuehlkleidung","8":"product_tag-bio","9":"product_tag-fairtrade","10":"product_shipping_class-paeckchen-bis-2-kg","11":"pa_farbe-bordeaux","12":"pa_farbe-bottle-green","13":"pa_farbe-indigo-blau","14":"pa_farbe-navy-blau","15":"pa_farbe-rot","16":"pa_farbe-schwarz","17":"pa_farbe-sport-grey","18":"pa_farbe-weiss","19":"pa_groesse-l","20":"pa_groesse-m","21":"pa_groesse-s","22":"pa_groesse-xl","23":"pa_groesse-xs","24":"pa_groesse-xxl","26":"first","27":"instock","28":"taxable","29":"shipping-taxable","30":"purchasable","31":"product-type-variable","32":"entry","33":"content-bg","34":"loop-entry"},"yoast_head":"<!-- This site is optimized with the Yoast SEO plugin v27.5 - https:\/\/yoast.com\/product\/yoast-seo-wordpress\/ -->\n<title>Neutral Damen T-Shirt mit Roll\u00e4rmeln - ALIZEL Online-Shop<\/title>\n<meta name=\"description\" content=\"Aus 100% Bio-Fairtrade-Baumwolle in 155 g\/m\u00b2 Single-Jersey Stoff. Das Neutral Damen T-Shirt mit Roll\u00e4rmeln jetzt hier kaufen.\" \/>\n<meta name=\"robots\" content=\"index, follow, max-snippet:-1, max-image-preview:large, max-video-preview:-1\" \/>\n<link rel=\"canonical\" href=\"https:\/\/alizel.de\/online\/produkt\/damen-t-shirt-mit-rollaermeln-neutral\/\" \/>\n<meta property=\"og:locale\" content=\"de_DE\" \/>\n<meta property=\"og:type\" content=\"article\" \/>\n<meta property=\"og:title\" content=\"Neutral Damen T-Shirt mit Roll\u00e4rmeln - ALIZEL Online-Shop\" \/>\n<meta property=\"og:description\" content=\"Aus 100% Bio-Fairtrade-Baumwolle in 155 g\/m\u00b2 Single-Jersey Stoff. Das Neutral Damen T-Shirt mit Roll\u00e4rmeln jetzt hier kaufen.\" \/>\n<meta property=\"og:url\" content=\"https:\/\/alizel.de\/online\/produkt\/damen-t-shirt-mit-rollaermeln-neutral\/\" \/>\n<meta property=\"og:site_name\" content=\"ALIZEL Online-Shop\" \/>\n<meta property=\"article:modified_time\" content=\"2025-11-17T07:27:31+00:00\" \/>\n<meta property=\"og:image\" content=\"https:\/\/alizel.de\/online\/wp-content\/uploads\/sites\/2\/2025\/09\/NE80012a.jpg\" \/>\n\t<meta property=\"og:image:width\" content=\"800\" \/>\n\t<meta property=\"og:image:height\" content=\"800\" \/>\n\t<meta property=\"og:image:type\" content=\"image\/jpeg\" \/>\n<meta name=\"twitter:card\" content=\"summary_large_image\" \/>\n<meta name=\"twitter:label1\" content=\"Gesch\u00e4tzte Lesezeit\" \/>\n\t<meta name=\"twitter:data1\" content=\"1\u00a0Minute\" \/>\n<script type=\"application\/ld+json\" class=\"yoast-schema-graph\">{\"@context\":\"https:\\\/\\\/schema.org\",\"@graph\":[{\"@type\":\"WebPage\",\"@id\":\"https:\\\/\\\/alizel.de\\\/online\\\/produkt\\\/damen-t-shirt-mit-rollaermeln-neutral\\\/\",\"url\":\"https:\\\/\\\/alizel.de\\\/online\\\/produkt\\\/damen-t-shirt-mit-rollaermeln-neutral\\\/\",\"name\":\"Neutral Damen T-Shirt mit Roll\u00e4rmeln - ALIZEL Online-Shop\",\"isPartOf\":{\"@id\":\"https:\\\/\\\/alizel.de\\\/online\\\/#website\"},\"primaryImageOfPage\":{\"@id\":\"https:\\\/\\\/alizel.de\\\/online\\\/produkt\\\/damen-t-shirt-mit-rollaermeln-neutral\\\/#primaryimage\"},\"image\":{\"@id\":\"https:\\\/\\\/alizel.de\\\/online\\\/produkt\\\/damen-t-shirt-mit-rollaermeln-neutral\\\/#primaryimage\"},\"thumbnailUrl\":\"https:\\\/\\\/alizel.de\\\/online\\\/wp-content\\\/uploads\\\/sites\\\/2\\\/2025\\\/09\\\/NE80012a.jpg\",\"datePublished\":\"2025-09-16T09:08:12+00:00\",\"dateModified\":\"2025-11-17T07:27:31+00:00\",\"description\":\"Aus 100% Bio-Fairtrade-Baumwolle in 155 g\\\/m\u00b2 Single-Jersey Stoff. Das Neutral Damen T-Shirt mit Roll\u00e4rmeln jetzt hier kaufen.\",\"breadcrumb\":{\"@id\":\"https:\\\/\\\/alizel.de\\\/online\\\/produkt\\\/damen-t-shirt-mit-rollaermeln-neutral\\\/#breadcrumb\"},\"inLanguage\":\"de\",\"potentialAction\":[{\"@type\":\"ReadAction\",\"target\":[\"https:\\\/\\\/alizel.de\\\/online\\\/produkt\\\/damen-t-shirt-mit-rollaermeln-neutral\\\/\"]}]},{\"@type\":\"ImageObject\",\"inLanguage\":\"de\",\"@id\":\"https:\\\/\\\/alizel.de\\\/online\\\/produkt\\\/damen-t-shirt-mit-rollaermeln-neutral\\\/#primaryimage\",\"url\":\"https:\\\/\\\/alizel.de\\\/online\\\/wp-content\\\/uploads\\\/sites\\\/2\\\/2025\\\/09\\\/NE80012a.jpg\",\"contentUrl\":\"https:\\\/\\\/alizel.de\\\/online\\\/wp-content\\\/uploads\\\/sites\\\/2\\\/2025\\\/09\\\/NE80012a.jpg\",\"width\":800,\"height\":800},{\"@type\":\"BreadcrumbList\",\"@id\":\"https:\\\/\\\/alizel.de\\\/online\\\/produkt\\\/damen-t-shirt-mit-rollaermeln-neutral\\\/#breadcrumb\",\"itemListElement\":[{\"@type\":\"ListItem\",\"position\":1,\"name\":\"Startseite\",\"item\":\"https:\\\/\\\/alizel.de\\\/online\\\/\"},{\"@type\":\"ListItem\",\"position\":2,\"name\":\"Shop\",\"item\":\"https:\\\/\\\/alizel.de\\\/online\\\/shop\\\/\"},{\"@type\":\"ListItem\",\"position\":3,\"name\":\"Neutral Damen T-Shirt mit Roll\u00e4rmeln\"}]},{\"@type\":\"WebSite\",\"@id\":\"https:\\\/\\\/alizel.de\\\/online\\\/#website\",\"url\":\"https:\\\/\\\/alizel.de\\\/online\\\/\",\"name\":\"ALIZEL Shop\",\"description\":\"Online-Shop der ALIZEL Gruppe\",\"publisher\":{\"@id\":\"https:\\\/\\\/alizel.de\\\/online\\\/#organization\"},\"potentialAction\":[{\"@type\":\"SearchAction\",\"target\":{\"@type\":\"EntryPoint\",\"urlTemplate\":\"https:\\\/\\\/alizel.de\\\/online\\\/?s={search_term_string}\"},\"query-input\":{\"@type\":\"PropertyValueSpecification\",\"valueRequired\":true,\"valueName\":\"search_term_string\"}}],\"inLanguage\":\"de\"},{\"@type\":\"Organization\",\"@id\":\"https:\\\/\\\/alizel.de\\\/online\\\/#organization\",\"name\":\"ALIZEL Shop\",\"url\":\"https:\\\/\\\/alizel.de\\\/online\\\/\",\"logo\":{\"@type\":\"ImageObject\",\"inLanguage\":\"de\",\"@id\":\"https:\\\/\\\/alizel.de\\\/online\\\/#\\\/schema\\\/logo\\\/image\\\/\",\"url\":\"https:\\\/\\\/alizel.de\\\/shop\\\/wp-content\\\/uploads\\\/sites\\\/2\\\/2025\\\/08\\\/alizel100.jpg\",\"contentUrl\":\"https:\\\/\\\/alizel.de\\\/shop\\\/wp-content\\\/uploads\\\/sites\\\/2\\\/2025\\\/08\\\/alizel100.jpg\",\"width\":1069,\"height\":600,\"caption\":\"ALIZEL Shop\"},\"image\":{\"@id\":\"https:\\\/\\\/alizel.de\\\/online\\\/#\\\/schema\\\/logo\\\/image\\\/\"}}]}<\/script>\n<!-- \/ Yoast SEO plugin. -->","yoast_head_json":{"title":"Neutral Damen T-Shirt mit Roll\u00e4rmeln - ALIZEL Online-Shop","description":"Aus 100% Bio-Fairtrade-Baumwolle in 155 g\/m\u00b2 Single-Jersey Stoff. Das Neutral Damen T-Shirt mit Roll\u00e4rmeln jetzt hier kaufen.","robots":{"index":"index","follow":"follow","max-snippet":"max-snippet:-1","max-image-preview":"max-image-preview:large","max-video-preview":"max-video-preview:-1"},"canonical":"https:\/\/alizel.de\/online\/produkt\/damen-t-shirt-mit-rollaermeln-neutral\/","og_locale":"de_DE","og_type":"article","og_title":"Neutral Damen T-Shirt mit Roll\u00e4rmeln - ALIZEL Online-Shop","og_description":"Aus 100% Bio-Fairtrade-Baumwolle in 155 g\/m\u00b2 Single-Jersey Stoff. Das Neutral Damen T-Shirt mit Roll\u00e4rmeln jetzt hier kaufen.","og_url":"https:\/\/alizel.de\/online\/produkt\/damen-t-shirt-mit-rollaermeln-neutral\/","og_site_name":"ALIZEL Online-Shop","article_modified_time":"2025-11-17T07:27:31+00:00","og_image":[{"width":800,"height":800,"url":"https:\/\/alizel.de\/online\/wp-content\/uploads\/sites\/2\/2025\/09\/NE80012a.jpg","type":"image\/jpeg"}],"twitter_card":"summary_large_image","twitter_misc":{"Gesch\u00e4tzte Lesezeit":"1\u00a0Minute"},"schema":{"@context":"https:\/\/schema.org","@graph":[{"@type":"WebPage","@id":"https:\/\/alizel.de\/online\/produkt\/damen-t-shirt-mit-rollaermeln-neutral\/","url":"https:\/\/alizel.de\/online\/produkt\/damen-t-shirt-mit-rollaermeln-neutral\/","name":"Neutral Damen T-Shirt mit Roll\u00e4rmeln - ALIZEL Online-Shop","isPartOf":{"@id":"https:\/\/alizel.de\/online\/#website"},"primaryImageOfPage":{"@id":"https:\/\/alizel.de\/online\/produkt\/damen-t-shirt-mit-rollaermeln-neutral\/#primaryimage"},"image":{"@id":"https:\/\/alizel.de\/online\/produkt\/damen-t-shirt-mit-rollaermeln-neutral\/#primaryimage"},"thumbnailUrl":"https:\/\/alizel.de\/online\/wp-content\/uploads\/sites\/2\/2025\/09\/NE80012a.jpg","datePublished":"2025-09-16T09:08:12+00:00","dateModified":"2025-11-17T07:27:31+00:00","description":"Aus 100% Bio-Fairtrade-Baumwolle in 155 g\/m\u00b2 Single-Jersey Stoff. Das Neutral Damen T-Shirt mit Roll\u00e4rmeln jetzt hier kaufen.","breadcrumb":{"@id":"https:\/\/alizel.de\/online\/produkt\/damen-t-shirt-mit-rollaermeln-neutral\/#breadcrumb"},"inLanguage":"de","potentialAction":[{"@type":"ReadAction","target":["https:\/\/alizel.de\/online\/produkt\/damen-t-shirt-mit-rollaermeln-neutral\/"]}]},{"@type":"ImageObject","inLanguage":"de","@id":"https:\/\/alizel.de\/online\/produkt\/damen-t-shirt-mit-rollaermeln-neutral\/#primaryimage","url":"https:\/\/alizel.de\/online\/wp-content\/uploads\/sites\/2\/2025\/09\/NE80012a.jpg","contentUrl":"https:\/\/alizel.de\/online\/wp-content\/uploads\/sites\/2\/2025\/09\/NE80012a.jpg","width":800,"height":800},{"@type":"BreadcrumbList","@id":"https:\/\/alizel.de\/online\/produkt\/damen-t-shirt-mit-rollaermeln-neutral\/#breadcrumb","itemListElement":[{"@type":"ListItem","position":1,"name":"Startseite","item":"https:\/\/alizel.de\/online\/"},{"@type":"ListItem","position":2,"name":"Shop","item":"https:\/\/alizel.de\/online\/shop\/"},{"@type":"ListItem","position":3,"name":"Neutral Damen T-Shirt mit Roll\u00e4rmeln"}]},{"@type":"WebSite","@id":"https:\/\/alizel.de\/online\/#website","url":"https:\/\/alizel.de\/online\/","name":"ALIZEL Shop","description":"Online-Shop der ALIZEL Gruppe","publisher":{"@id":"https:\/\/alizel.de\/online\/#organization"},"potentialAction":[{"@type":"SearchAction","target":{"@type":"EntryPoint","urlTemplate":"https:\/\/alizel.de\/online\/?s={search_term_string}"},"query-input":{"@type":"PropertyValueSpecification","valueRequired":true,"valueName":"search_term_string"}}],"inLanguage":"de"},{"@type":"Organization","@id":"https:\/\/alizel.de\/online\/#organization","name":"ALIZEL Shop","url":"https:\/\/alizel.de\/online\/","logo":{"@type":"ImageObject","inLanguage":"de","@id":"https:\/\/alizel.de\/online\/#\/schema\/logo\/image\/","url":"https:\/\/alizel.de\/shop\/wp-content\/uploads\/sites\/2\/2025\/08\/alizel100.jpg","contentUrl":"https:\/\/alizel.de\/shop\/wp-content\/uploads\/sites\/2\/2025\/08\/alizel100.jpg","width":1069,"height":600,"caption":"ALIZEL Shop"},"image":{"@id":"https:\/\/alizel.de\/online\/#\/schema\/logo\/image\/"}}]}},"taxonomy_info":{"product_brand":[{"value":144,"label":"Neutral\u00ae"}],"product_cat":[{"value":143,"label":"Wohlf\u00fchlkleidung"}],"product_tag":[{"value":145,"label":"BIO"},{"value":146,"label":"Fairtrade"}],"pa_farbe":[{"value":215,"label":"bordeaux"},{"value":214,"label":"bottle green"},{"value":213,"label":"indigo blau"},{"value":218,"label":"navy blau"},{"value":216,"label":"rot"},{"value":159,"label":"schwarz"},{"value":217,"label":"sport grey"},{"value":156,"label":"wei\u00df"}],"pa_groesse":[{"value":165,"label":"L"},{"value":164,"label":"M"},{"value":163,"label":"S"},{"value":166,"label":"XL"},{"value":162,"label":"XS"},{"value":167,"label":"XXL"}]},"featured_image_src_large":["https:\/\/alizel.de\/online\/wp-content\/uploads\/sites\/2\/2025\/09\/NE80012a.jpg",800,800,false],"author_info":[],"comment_info":0,"_links":{"self":[{"href":"https:\/\/alizel.de\/online\/wp-json\/wp\/v2\/product\/635","targetHints":{"allow":["GET"]}}],"collection":[{"href":"https:\/\/alizel.de\/online\/wp-json\/wp\/v2\/product"}],"about":[{"href":"https:\/\/alizel.de\/online\/wp-json\/wp\/v2\/types\/product"}],"replies":[{"embeddable":true,"href":"https:\/\/alizel.de\/online\/wp-json\/wp\/v2\/comments?post=635"}],"wp:featuredmedia":[{"embeddable":true,"href":"https:\/\/alizel.de\/online\/wp-json\/wp\/v2\/media\/636"}],"wp:attachment":[{"href":"https:\/\/alizel.de\/online\/wp-json\/wp\/v2\/media?parent=635"}],"wp:term":[{"taxonomy":"product_brand","embeddable":true,"href":"https:\/\/alizel.de\/online\/wp-json\/wp\/v2\/product_brand?post=635"},{"taxonomy":"product_cat","embeddable":true,"href":"https:\/\/alizel.de\/online\/wp-json\/wp\/v2\/product_cat?post=635"},{"taxonomy":"product_tag","embeddable":true,"href":"https:\/\/alizel.de\/online\/wp-json\/wp\/v2\/product_tag?post=635"},{"taxonomy":"product_brands","embeddable":true,"href":"https:\/\/alizel.de\/online\/wp-json\/wp\/v2\/product_brands?post=635"}],"curies":[{"name":"wp","href":"https:\/\/api.w.org\/{rel}","templated":true}]}}