{"id":672,"date":"2025-09-17T10:35:29","date_gmt":"2025-09-17T08:35:29","guid":{"rendered":"https:\/\/alizel.de\/online\/?post_type=product&#038;p=672"},"modified":"2025-09-18T07:12:02","modified_gmt":"2025-09-18T05:12:02","slug":"damen-wellness-hose-promodoro","status":"publish","type":"product","link":"https:\/\/alizel.de\/online\/produkt\/damen-wellness-hose-promodoro\/","title":{"rendered":"Damen Wellness-Hose Promodoro"},"content":{"rendered":"\n<p>Die Wellness-Hose von Promodoro ist eine leichte premium Freizeit- und Sport-Hose f\u00fcr Frauen mit Ges\u00e4\u00dftasche und breiten Bund mit Kordelzug. Weite und gerade Bein-Form sowie offener Beinabschluss.<\/p>\n\n\n\n<p>Super bequeme und locker geschnittene Hose aus weichen, atmungsaktiven Materialien, die f\u00fcr maximale Entspannung und Bewegungsfreiheit konzipiert. Sie kombiniert Komfort und Stil und ist ideal f\u00fcr Zuhause, Yoga, Meditation, Freizeit oder als Teil eines Wellness-Outfits.<\/p>\n\n\n\n<ul class=\"wp-block-list\">\n<li>Material: 95% Baumwolle \/ 5% Elastan<\/li>\n\n\n\n<li>Grammatur: 210 g\/m\u00b2<\/li>\n\n\n\n<li>Verf\u00fcgbare Gr\u00f6\u00dfen:\n<ul class=\"wp-block-list\">\n<li>Small (S): Taillenumfang: ca. 72 cm, Schrittl\u00e4nge: ca. 82 cm, Gesamtl\u00e4nge: ca. 106 cm<\/li>\n\n\n\n<li>Medium (M): Taillenumfang: ca. 76 cm, Schrittl\u00e4nge: ca. 84 cm, Gesamtl\u00e4nge: ca. 108 cm<\/li>\n<\/ul>\n<\/li>\n\n\n\n<li>Verf\u00fcgbare Farben: wei\u00df und pink (blassrosa)<\/li>\n\n\n\n<li>Pflegehinweise: Waschbar bei 40\u00b0C<\/li>\n\n\n\n<li>Zertifikation: Oeko-Tex\u00ae<\/li>\n\n\n\n<li>Artikel-Nr.: E3390<\/li>\n\n\n\n<li>Style: Promodoro 3390F, Women\u00b4s Pants, Damenhose, Jogginghose, Trainingshose, Wohlf\u00fchlhose, Relaxhose, Freizeithose, Yogahose, Sporthose<\/li>\n<\/ul>\n","protected":false},"excerpt":{"rendered":"<p>Wellness-, Freizeit- und Sport-Hose f\u00fcr Frauen.<\/p>\n","protected":false},"featured_media":673,"comment_status":"closed","ping_status":"closed","template":"","meta":{"_kad_blocks_custom_css":"","_kad_blocks_head_custom_js":"","_kad_blocks_body_custom_js":"","_kad_blocks_footer_custom_js":"","_kad_post_transparent":"","_kad_post_title":"","_kad_post_layout":"","_kad_post_sidebar_id":"","_kad_post_content_style":"","_kad_post_vertical_padding":"","_kad_post_feature":"","_kad_post_feature_position":"","_kad_post_header":false,"_kad_post_footer":false,"_kad_post_classname":""},"product_brand":[153],"product_cat":[143],"product_tag":[155,90,154],"product_brands":[],"class_list":{"0":"post-672","1":"product","2":"type-product","3":"status-publish","4":"has-post-thumbnail","6":"product_brand-promodoro","7":"product_cat-wohlfuehlkleidung","8":"product_tag-relax","9":"product_tag-wellness","10":"product_tag-yoga","11":"product_shipping_class-paeckchen-bis-2-kg","12":"pa_farbe-weiss","13":"pa_farbe-zartrosa","14":"pa_groesse-m","15":"pa_groesse-s","17":"first","18":"instock","19":"taxable","20":"shipping-taxable","21":"purchasable","22":"product-type-variable","23":"entry","24":"content-bg","25":"loop-entry"},"yoast_head":"<!-- This site is optimized with the Yoast SEO plugin v27.5 - https:\/\/yoast.com\/product\/yoast-seo-wordpress\/ -->\n<title>Damen Wellness-Hose Promodoro - ALIZEL Online-Shop<\/title>\n<meta name=\"robots\" content=\"index, follow, max-snippet:-1, max-image-preview:large, max-video-preview:-1\" \/>\n<link rel=\"canonical\" href=\"https:\/\/alizel.de\/online\/produkt\/damen-wellness-hose-promodoro\/\" \/>\n<meta property=\"og:locale\" content=\"de_DE\" \/>\n<meta property=\"og:type\" content=\"article\" \/>\n<meta property=\"og:title\" content=\"Damen Wellness-Hose Promodoro - ALIZEL Online-Shop\" \/>\n<meta property=\"og:description\" content=\"Wellness-, Freizeit- und Sport-Hose f\u00fcr Frauen.\" \/>\n<meta property=\"og:url\" content=\"https:\/\/alizel.de\/online\/produkt\/damen-wellness-hose-promodoro\/\" \/>\n<meta property=\"og:site_name\" content=\"ALIZEL Online-Shop\" \/>\n<meta property=\"article:modified_time\" content=\"2025-09-18T05:12:02+00:00\" \/>\n<meta property=\"og:image\" content=\"https:\/\/alizel.de\/online\/wp-content\/uploads\/sites\/2\/2025\/09\/E3390-white.jpg\" \/>\n\t<meta property=\"og:image:width\" content=\"600\" \/>\n\t<meta property=\"og:image:height\" content=\"600\" \/>\n\t<meta property=\"og:image:type\" content=\"image\/jpeg\" \/>\n<meta name=\"twitter:card\" content=\"summary_large_image\" \/>\n<meta name=\"twitter:label1\" content=\"Gesch\u00e4tzte Lesezeit\" \/>\n\t<meta name=\"twitter:data1\" content=\"1\u00a0Minute\" \/>\n<script type=\"application\/ld+json\" class=\"yoast-schema-graph\">{\"@context\":\"https:\\\/\\\/schema.org\",\"@graph\":[{\"@type\":\"WebPage\",\"@id\":\"https:\\\/\\\/alizel.de\\\/online\\\/produkt\\\/damen-wellness-hose-promodoro\\\/\",\"url\":\"https:\\\/\\\/alizel.de\\\/online\\\/produkt\\\/damen-wellness-hose-promodoro\\\/\",\"name\":\"Damen Wellness-Hose Promodoro - ALIZEL Online-Shop\",\"isPartOf\":{\"@id\":\"https:\\\/\\\/alizel.de\\\/online\\\/#website\"},\"primaryImageOfPage\":{\"@id\":\"https:\\\/\\\/alizel.de\\\/online\\\/produkt\\\/damen-wellness-hose-promodoro\\\/#primaryimage\"},\"image\":{\"@id\":\"https:\\\/\\\/alizel.de\\\/online\\\/produkt\\\/damen-wellness-hose-promodoro\\\/#primaryimage\"},\"thumbnailUrl\":\"https:\\\/\\\/alizel.de\\\/online\\\/wp-content\\\/uploads\\\/sites\\\/2\\\/2025\\\/09\\\/E3390-white.jpg\",\"datePublished\":\"2025-09-17T08:35:29+00:00\",\"dateModified\":\"2025-09-18T05:12:02+00:00\",\"breadcrumb\":{\"@id\":\"https:\\\/\\\/alizel.de\\\/online\\\/produkt\\\/damen-wellness-hose-promodoro\\\/#breadcrumb\"},\"inLanguage\":\"de\",\"potentialAction\":[{\"@type\":\"ReadAction\",\"target\":[\"https:\\\/\\\/alizel.de\\\/online\\\/produkt\\\/damen-wellness-hose-promodoro\\\/\"]}]},{\"@type\":\"ImageObject\",\"inLanguage\":\"de\",\"@id\":\"https:\\\/\\\/alizel.de\\\/online\\\/produkt\\\/damen-wellness-hose-promodoro\\\/#primaryimage\",\"url\":\"https:\\\/\\\/alizel.de\\\/online\\\/wp-content\\\/uploads\\\/sites\\\/2\\\/2025\\\/09\\\/E3390-white.jpg\",\"contentUrl\":\"https:\\\/\\\/alizel.de\\\/online\\\/wp-content\\\/uploads\\\/sites\\\/2\\\/2025\\\/09\\\/E3390-white.jpg\",\"width\":600,\"height\":600},{\"@type\":\"BreadcrumbList\",\"@id\":\"https:\\\/\\\/alizel.de\\\/online\\\/produkt\\\/damen-wellness-hose-promodoro\\\/#breadcrumb\",\"itemListElement\":[{\"@type\":\"ListItem\",\"position\":1,\"name\":\"Startseite\",\"item\":\"https:\\\/\\\/alizel.de\\\/online\\\/\"},{\"@type\":\"ListItem\",\"position\":2,\"name\":\"Shop\",\"item\":\"https:\\\/\\\/alizel.de\\\/online\\\/shop\\\/\"},{\"@type\":\"ListItem\",\"position\":3,\"name\":\"Damen Wellness-Hose Promodoro\"}]},{\"@type\":\"WebSite\",\"@id\":\"https:\\\/\\\/alizel.de\\\/online\\\/#website\",\"url\":\"https:\\\/\\\/alizel.de\\\/online\\\/\",\"name\":\"ALIZEL Shop\",\"description\":\"Online-Shop der ALIZEL Gruppe\",\"publisher\":{\"@id\":\"https:\\\/\\\/alizel.de\\\/online\\\/#organization\"},\"potentialAction\":[{\"@type\":\"SearchAction\",\"target\":{\"@type\":\"EntryPoint\",\"urlTemplate\":\"https:\\\/\\\/alizel.de\\\/online\\\/?s={search_term_string}\"},\"query-input\":{\"@type\":\"PropertyValueSpecification\",\"valueRequired\":true,\"valueName\":\"search_term_string\"}}],\"inLanguage\":\"de\"},{\"@type\":\"Organization\",\"@id\":\"https:\\\/\\\/alizel.de\\\/online\\\/#organization\",\"name\":\"ALIZEL Shop\",\"url\":\"https:\\\/\\\/alizel.de\\\/online\\\/\",\"logo\":{\"@type\":\"ImageObject\",\"inLanguage\":\"de\",\"@id\":\"https:\\\/\\\/alizel.de\\\/online\\\/#\\\/schema\\\/logo\\\/image\\\/\",\"url\":\"https:\\\/\\\/alizel.de\\\/shop\\\/wp-content\\\/uploads\\\/sites\\\/2\\\/2025\\\/08\\\/alizel100.jpg\",\"contentUrl\":\"https:\\\/\\\/alizel.de\\\/shop\\\/wp-content\\\/uploads\\\/sites\\\/2\\\/2025\\\/08\\\/alizel100.jpg\",\"width\":1069,\"height\":600,\"caption\":\"ALIZEL Shop\"},\"image\":{\"@id\":\"https:\\\/\\\/alizel.de\\\/online\\\/#\\\/schema\\\/logo\\\/image\\\/\"}}]}<\/script>\n<!-- \/ Yoast SEO plugin. -->","yoast_head_json":{"title":"Damen Wellness-Hose Promodoro - ALIZEL Online-Shop","robots":{"index":"index","follow":"follow","max-snippet":"max-snippet:-1","max-image-preview":"max-image-preview:large","max-video-preview":"max-video-preview:-1"},"canonical":"https:\/\/alizel.de\/online\/produkt\/damen-wellness-hose-promodoro\/","og_locale":"de_DE","og_type":"article","og_title":"Damen Wellness-Hose Promodoro - ALIZEL Online-Shop","og_description":"Wellness-, Freizeit- und Sport-Hose f\u00fcr Frauen.","og_url":"https:\/\/alizel.de\/online\/produkt\/damen-wellness-hose-promodoro\/","og_site_name":"ALIZEL Online-Shop","article_modified_time":"2025-09-18T05:12:02+00:00","og_image":[{"width":600,"height":600,"url":"https:\/\/alizel.de\/online\/wp-content\/uploads\/sites\/2\/2025\/09\/E3390-white.jpg","type":"image\/jpeg"}],"twitter_card":"summary_large_image","twitter_misc":{"Gesch\u00e4tzte Lesezeit":"1\u00a0Minute"},"schema":{"@context":"https:\/\/schema.org","@graph":[{"@type":"WebPage","@id":"https:\/\/alizel.de\/online\/produkt\/damen-wellness-hose-promodoro\/","url":"https:\/\/alizel.de\/online\/produkt\/damen-wellness-hose-promodoro\/","name":"Damen Wellness-Hose Promodoro - ALIZEL Online-Shop","isPartOf":{"@id":"https:\/\/alizel.de\/online\/#website"},"primaryImageOfPage":{"@id":"https:\/\/alizel.de\/online\/produkt\/damen-wellness-hose-promodoro\/#primaryimage"},"image":{"@id":"https:\/\/alizel.de\/online\/produkt\/damen-wellness-hose-promodoro\/#primaryimage"},"thumbnailUrl":"https:\/\/alizel.de\/online\/wp-content\/uploads\/sites\/2\/2025\/09\/E3390-white.jpg","datePublished":"2025-09-17T08:35:29+00:00","dateModified":"2025-09-18T05:12:02+00:00","breadcrumb":{"@id":"https:\/\/alizel.de\/online\/produkt\/damen-wellness-hose-promodoro\/#breadcrumb"},"inLanguage":"de","potentialAction":[{"@type":"ReadAction","target":["https:\/\/alizel.de\/online\/produkt\/damen-wellness-hose-promodoro\/"]}]},{"@type":"ImageObject","inLanguage":"de","@id":"https:\/\/alizel.de\/online\/produkt\/damen-wellness-hose-promodoro\/#primaryimage","url":"https:\/\/alizel.de\/online\/wp-content\/uploads\/sites\/2\/2025\/09\/E3390-white.jpg","contentUrl":"https:\/\/alizel.de\/online\/wp-content\/uploads\/sites\/2\/2025\/09\/E3390-white.jpg","width":600,"height":600},{"@type":"BreadcrumbList","@id":"https:\/\/alizel.de\/online\/produkt\/damen-wellness-hose-promodoro\/#breadcrumb","itemListElement":[{"@type":"ListItem","position":1,"name":"Startseite","item":"https:\/\/alizel.de\/online\/"},{"@type":"ListItem","position":2,"name":"Shop","item":"https:\/\/alizel.de\/online\/shop\/"},{"@type":"ListItem","position":3,"name":"Damen Wellness-Hose Promodoro"}]},{"@type":"WebSite","@id":"https:\/\/alizel.de\/online\/#website","url":"https:\/\/alizel.de\/online\/","name":"ALIZEL Shop","description":"Online-Shop der ALIZEL Gruppe","publisher":{"@id":"https:\/\/alizel.de\/online\/#organization"},"potentialAction":[{"@type":"SearchAction","target":{"@type":"EntryPoint","urlTemplate":"https:\/\/alizel.de\/online\/?s={search_term_string}"},"query-input":{"@type":"PropertyValueSpecification","valueRequired":true,"valueName":"search_term_string"}}],"inLanguage":"de"},{"@type":"Organization","@id":"https:\/\/alizel.de\/online\/#organization","name":"ALIZEL Shop","url":"https:\/\/alizel.de\/online\/","logo":{"@type":"ImageObject","inLanguage":"de","@id":"https:\/\/alizel.de\/online\/#\/schema\/logo\/image\/","url":"https:\/\/alizel.de\/shop\/wp-content\/uploads\/sites\/2\/2025\/08\/alizel100.jpg","contentUrl":"https:\/\/alizel.de\/shop\/wp-content\/uploads\/sites\/2\/2025\/08\/alizel100.jpg","width":1069,"height":600,"caption":"ALIZEL Shop"},"image":{"@id":"https:\/\/alizel.de\/online\/#\/schema\/logo\/image\/"}}]}},"taxonomy_info":{"product_brand":[{"value":153,"label":"promodoro\u00ae"}],"product_cat":[{"value":143,"label":"Wohlf\u00fchlkleidung"}],"product_tag":[{"value":155,"label":"Relax"},{"value":90,"label":"Wellness"},{"value":154,"label":"Yoga"}],"pa_farbe":[{"value":156,"label":"wei\u00df"},{"value":157,"label":"zartrosa"}],"pa_groesse":[{"value":164,"label":"M"},{"value":163,"label":"S"}]},"featured_image_src_large":["https:\/\/alizel.de\/online\/wp-content\/uploads\/sites\/2\/2025\/09\/E3390-white.jpg",600,600,false],"author_info":[],"comment_info":0,"_links":{"self":[{"href":"https:\/\/alizel.de\/online\/wp-json\/wp\/v2\/product\/672","targetHints":{"allow":["GET"]}}],"collection":[{"href":"https:\/\/alizel.de\/online\/wp-json\/wp\/v2\/product"}],"about":[{"href":"https:\/\/alizel.de\/online\/wp-json\/wp\/v2\/types\/product"}],"replies":[{"embeddable":true,"href":"https:\/\/alizel.de\/online\/wp-json\/wp\/v2\/comments?post=672"}],"wp:featuredmedia":[{"embeddable":true,"href":"https:\/\/alizel.de\/online\/wp-json\/wp\/v2\/media\/673"}],"wp:attachment":[{"href":"https:\/\/alizel.de\/online\/wp-json\/wp\/v2\/media?parent=672"}],"wp:term":[{"taxonomy":"product_brand","embeddable":true,"href":"https:\/\/alizel.de\/online\/wp-json\/wp\/v2\/product_brand?post=672"},{"taxonomy":"product_cat","embeddable":true,"href":"https:\/\/alizel.de\/online\/wp-json\/wp\/v2\/product_cat?post=672"},{"taxonomy":"product_tag","embeddable":true,"href":"https:\/\/alizel.de\/online\/wp-json\/wp\/v2\/product_tag?post=672"},{"taxonomy":"product_brands","embeddable":true,"href":"https:\/\/alizel.de\/online\/wp-json\/wp\/v2\/product_brands?post=672"}],"curies":[{"name":"wp","href":"https:\/\/api.w.org\/{rel}","templated":true}]}}