{"id":683,"date":"2025-09-18T07:08:00","date_gmt":"2025-09-18T05:08:00","guid":{"rendered":"https:\/\/alizel.de\/online\/?post_type=product&#038;p=683"},"modified":"2025-09-18T08:30:35","modified_gmt":"2025-09-18T06:30:35","slug":"damen-wellness-hoody-jacke-promodoro","status":"publish","type":"product","link":"https:\/\/alizel.de\/online\/produkt\/damen-wellness-hoody-jacke-promodoro\/","title":{"rendered":"Damen Wellness-Hoody Jacke Promodoro"},"content":{"rendered":"\n<h2 class=\"wp-block-heading\">Wellness Hoody Jacke<\/h2>\n\n\n\n<p>Die Wellness Hoody Jacke von Promodoro ist eine leichte premium Kapuzenjacke f\u00fcr Frauen, mit Rei\u00dfverschluss und Einschubtaschen. Verdeckter Rei\u00dfverschluss und Raglannaht sowie Ziern\u00e4hte und Kordelzug an der Kapuze.<\/p>\n\n\n\n<p>Eine Wellness Hoody Jacke aus hochwertigem Single Jersey.<\/p>\n\n\n\n<ul class=\"wp-block-list\">\n<li>Material: 95% Baumwolle \/ 5% Elastan<\/li>\n\n\n\n<li>Grammatur: 210 g\/m\u00b2<\/li>\n\n\n\n<li>Verf\u00fcgbare Gr\u00f6\u00dfen: M, 1\/2 Oberweite: ca. 48 cm, L\u00e4nge: ca. 62 cm, \u00c4rmell\u00e4nge: ca. 72 cm<\/li>\n\n\n\n<li>Verf\u00fcgbare Farben: Wei\u00df<\/li>\n\n\n\n<li>Pflegehinweise: Waschbar bei 40\u00b0C<\/li>\n\n\n\n<li>Zertifikation: Oeko-Tex\u00ae<\/li>\n\n\n\n<li>Artikel-Nr.: E3380-WM<\/li>\n\n\n\n<li>Style: 3380F, Promodoro, Hoodie, Zip-Hoodie, Zip-Hoody<\/li>\n<\/ul>\n","protected":false},"excerpt":{"rendered":"<p>Nur noch in Gr\u00f6\u00dfe: M, 1\/2 Oberweite: ca. 48 cm, L\u00e4nge: ca. 62 cm, \u00c4rmell\u00e4nge: ca. 72 cm<\/p>\n","protected":false},"featured_media":684,"comment_status":"closed","ping_status":"closed","template":"","meta":{"_kad_blocks_custom_css":"","_kad_blocks_head_custom_js":"","_kad_blocks_body_custom_js":"","_kad_blocks_footer_custom_js":"","_kad_post_transparent":"","_kad_post_title":"","_kad_post_layout":"","_kad_post_sidebar_id":"","_kad_post_content_style":"","_kad_post_vertical_padding":"","_kad_post_feature":"","_kad_post_feature_position":"","_kad_post_header":false,"_kad_post_footer":false,"_kad_post_classname":""},"product_brand":[153],"product_cat":[143],"product_tag":[155,90,154],"product_brands":[],"class_list":{"0":"post-683","1":"product","2":"type-product","3":"status-publish","4":"has-post-thumbnail","6":"product_brand-promodoro","7":"product_cat-wohlfuehlkleidung","8":"product_tag-relax","9":"product_tag-wellness","10":"product_tag-yoga","11":"product_shipping_class-paeckchen-bis-2-kg","13":"first","14":"instock","15":"taxable","16":"shipping-taxable","17":"purchasable","18":"product-type-simple","19":"entry","20":"content-bg","21":"loop-entry"},"yoast_head":"<!-- This site is optimized with the Yoast SEO plugin v27.5 - https:\/\/yoast.com\/product\/yoast-seo-wordpress\/ -->\n<title>Damen Wellness-Hoody Jacke Promodoro - ALIZEL Online-Shop<\/title>\n<meta name=\"robots\" content=\"index, follow, max-snippet:-1, max-image-preview:large, max-video-preview:-1\" \/>\n<link rel=\"canonical\" href=\"https:\/\/alizel.de\/online\/produkt\/damen-wellness-hoody-jacke-promodoro\/\" \/>\n<meta property=\"og:locale\" content=\"de_DE\" \/>\n<meta property=\"og:type\" content=\"article\" \/>\n<meta property=\"og:title\" content=\"Damen Wellness-Hoody Jacke Promodoro - ALIZEL Online-Shop\" \/>\n<meta property=\"og:description\" content=\"Nur noch in Gr\u00f6\u00dfe: M, 1\/2 Oberweite: ca. 48 cm, L\u00e4nge: ca. 62 cm, \u00c4rmell\u00e4nge: ca. 72 cm\" \/>\n<meta property=\"og:url\" content=\"https:\/\/alizel.de\/online\/produkt\/damen-wellness-hoody-jacke-promodoro\/\" \/>\n<meta property=\"og:site_name\" content=\"ALIZEL Online-Shop\" \/>\n<meta property=\"article:modified_time\" content=\"2025-09-18T06:30:35+00:00\" \/>\n<meta property=\"og:image\" content=\"https:\/\/alizel.de\/online\/wp-content\/uploads\/sites\/2\/2025\/09\/E3380a.jpg\" \/>\n\t<meta property=\"og:image:width\" content=\"800\" \/>\n\t<meta property=\"og:image:height\" content=\"800\" \/>\n\t<meta property=\"og:image:type\" content=\"image\/jpeg\" \/>\n<meta name=\"twitter:card\" content=\"summary_large_image\" \/>\n<meta name=\"twitter:label1\" content=\"Gesch\u00e4tzte Lesezeit\" \/>\n\t<meta name=\"twitter:data1\" content=\"1\u00a0Minute\" \/>\n<script type=\"application\/ld+json\" class=\"yoast-schema-graph\">{\"@context\":\"https:\\\/\\\/schema.org\",\"@graph\":[{\"@type\":\"WebPage\",\"@id\":\"https:\\\/\\\/alizel.de\\\/online\\\/produkt\\\/damen-wellness-hoody-jacke-promodoro\\\/\",\"url\":\"https:\\\/\\\/alizel.de\\\/online\\\/produkt\\\/damen-wellness-hoody-jacke-promodoro\\\/\",\"name\":\"Damen Wellness-Hoody Jacke Promodoro - ALIZEL Online-Shop\",\"isPartOf\":{\"@id\":\"https:\\\/\\\/alizel.de\\\/online\\\/#website\"},\"primaryImageOfPage\":{\"@id\":\"https:\\\/\\\/alizel.de\\\/online\\\/produkt\\\/damen-wellness-hoody-jacke-promodoro\\\/#primaryimage\"},\"image\":{\"@id\":\"https:\\\/\\\/alizel.de\\\/online\\\/produkt\\\/damen-wellness-hoody-jacke-promodoro\\\/#primaryimage\"},\"thumbnailUrl\":\"https:\\\/\\\/alizel.de\\\/online\\\/wp-content\\\/uploads\\\/sites\\\/2\\\/2025\\\/09\\\/E3380a.jpg\",\"datePublished\":\"2025-09-18T05:08:00+00:00\",\"dateModified\":\"2025-09-18T06:30:35+00:00\",\"breadcrumb\":{\"@id\":\"https:\\\/\\\/alizel.de\\\/online\\\/produkt\\\/damen-wellness-hoody-jacke-promodoro\\\/#breadcrumb\"},\"inLanguage\":\"de\",\"potentialAction\":[{\"@type\":\"ReadAction\",\"target\":[\"https:\\\/\\\/alizel.de\\\/online\\\/produkt\\\/damen-wellness-hoody-jacke-promodoro\\\/\"]}]},{\"@type\":\"ImageObject\",\"inLanguage\":\"de\",\"@id\":\"https:\\\/\\\/alizel.de\\\/online\\\/produkt\\\/damen-wellness-hoody-jacke-promodoro\\\/#primaryimage\",\"url\":\"https:\\\/\\\/alizel.de\\\/online\\\/wp-content\\\/uploads\\\/sites\\\/2\\\/2025\\\/09\\\/E3380a.jpg\",\"contentUrl\":\"https:\\\/\\\/alizel.de\\\/online\\\/wp-content\\\/uploads\\\/sites\\\/2\\\/2025\\\/09\\\/E3380a.jpg\",\"width\":800,\"height\":800},{\"@type\":\"BreadcrumbList\",\"@id\":\"https:\\\/\\\/alizel.de\\\/online\\\/produkt\\\/damen-wellness-hoody-jacke-promodoro\\\/#breadcrumb\",\"itemListElement\":[{\"@type\":\"ListItem\",\"position\":1,\"name\":\"Startseite\",\"item\":\"https:\\\/\\\/alizel.de\\\/online\\\/\"},{\"@type\":\"ListItem\",\"position\":2,\"name\":\"Shop\",\"item\":\"https:\\\/\\\/alizel.de\\\/online\\\/shop\\\/\"},{\"@type\":\"ListItem\",\"position\":3,\"name\":\"Damen Wellness-Hoody Jacke Promodoro\"}]},{\"@type\":\"WebSite\",\"@id\":\"https:\\\/\\\/alizel.de\\\/online\\\/#website\",\"url\":\"https:\\\/\\\/alizel.de\\\/online\\\/\",\"name\":\"ALIZEL Shop\",\"description\":\"Online-Shop der ALIZEL Gruppe\",\"publisher\":{\"@id\":\"https:\\\/\\\/alizel.de\\\/online\\\/#organization\"},\"potentialAction\":[{\"@type\":\"SearchAction\",\"target\":{\"@type\":\"EntryPoint\",\"urlTemplate\":\"https:\\\/\\\/alizel.de\\\/online\\\/?s={search_term_string}\"},\"query-input\":{\"@type\":\"PropertyValueSpecification\",\"valueRequired\":true,\"valueName\":\"search_term_string\"}}],\"inLanguage\":\"de\"},{\"@type\":\"Organization\",\"@id\":\"https:\\\/\\\/alizel.de\\\/online\\\/#organization\",\"name\":\"ALIZEL Shop\",\"url\":\"https:\\\/\\\/alizel.de\\\/online\\\/\",\"logo\":{\"@type\":\"ImageObject\",\"inLanguage\":\"de\",\"@id\":\"https:\\\/\\\/alizel.de\\\/online\\\/#\\\/schema\\\/logo\\\/image\\\/\",\"url\":\"https:\\\/\\\/alizel.de\\\/shop\\\/wp-content\\\/uploads\\\/sites\\\/2\\\/2025\\\/08\\\/alizel100.jpg\",\"contentUrl\":\"https:\\\/\\\/alizel.de\\\/shop\\\/wp-content\\\/uploads\\\/sites\\\/2\\\/2025\\\/08\\\/alizel100.jpg\",\"width\":1069,\"height\":600,\"caption\":\"ALIZEL Shop\"},\"image\":{\"@id\":\"https:\\\/\\\/alizel.de\\\/online\\\/#\\\/schema\\\/logo\\\/image\\\/\"}}]}<\/script>\n<!-- \/ Yoast SEO plugin. -->","yoast_head_json":{"title":"Damen Wellness-Hoody Jacke Promodoro - ALIZEL Online-Shop","robots":{"index":"index","follow":"follow","max-snippet":"max-snippet:-1","max-image-preview":"max-image-preview:large","max-video-preview":"max-video-preview:-1"},"canonical":"https:\/\/alizel.de\/online\/produkt\/damen-wellness-hoody-jacke-promodoro\/","og_locale":"de_DE","og_type":"article","og_title":"Damen Wellness-Hoody Jacke Promodoro - ALIZEL Online-Shop","og_description":"Nur noch in Gr\u00f6\u00dfe: M, 1\/2 Oberweite: ca. 48 cm, L\u00e4nge: ca. 62 cm, \u00c4rmell\u00e4nge: ca. 72 cm","og_url":"https:\/\/alizel.de\/online\/produkt\/damen-wellness-hoody-jacke-promodoro\/","og_site_name":"ALIZEL Online-Shop","article_modified_time":"2025-09-18T06:30:35+00:00","og_image":[{"width":800,"height":800,"url":"https:\/\/alizel.de\/online\/wp-content\/uploads\/sites\/2\/2025\/09\/E3380a.jpg","type":"image\/jpeg"}],"twitter_card":"summary_large_image","twitter_misc":{"Gesch\u00e4tzte Lesezeit":"1\u00a0Minute"},"schema":{"@context":"https:\/\/schema.org","@graph":[{"@type":"WebPage","@id":"https:\/\/alizel.de\/online\/produkt\/damen-wellness-hoody-jacke-promodoro\/","url":"https:\/\/alizel.de\/online\/produkt\/damen-wellness-hoody-jacke-promodoro\/","name":"Damen Wellness-Hoody Jacke Promodoro - ALIZEL Online-Shop","isPartOf":{"@id":"https:\/\/alizel.de\/online\/#website"},"primaryImageOfPage":{"@id":"https:\/\/alizel.de\/online\/produkt\/damen-wellness-hoody-jacke-promodoro\/#primaryimage"},"image":{"@id":"https:\/\/alizel.de\/online\/produkt\/damen-wellness-hoody-jacke-promodoro\/#primaryimage"},"thumbnailUrl":"https:\/\/alizel.de\/online\/wp-content\/uploads\/sites\/2\/2025\/09\/E3380a.jpg","datePublished":"2025-09-18T05:08:00+00:00","dateModified":"2025-09-18T06:30:35+00:00","breadcrumb":{"@id":"https:\/\/alizel.de\/online\/produkt\/damen-wellness-hoody-jacke-promodoro\/#breadcrumb"},"inLanguage":"de","potentialAction":[{"@type":"ReadAction","target":["https:\/\/alizel.de\/online\/produkt\/damen-wellness-hoody-jacke-promodoro\/"]}]},{"@type":"ImageObject","inLanguage":"de","@id":"https:\/\/alizel.de\/online\/produkt\/damen-wellness-hoody-jacke-promodoro\/#primaryimage","url":"https:\/\/alizel.de\/online\/wp-content\/uploads\/sites\/2\/2025\/09\/E3380a.jpg","contentUrl":"https:\/\/alizel.de\/online\/wp-content\/uploads\/sites\/2\/2025\/09\/E3380a.jpg","width":800,"height":800},{"@type":"BreadcrumbList","@id":"https:\/\/alizel.de\/online\/produkt\/damen-wellness-hoody-jacke-promodoro\/#breadcrumb","itemListElement":[{"@type":"ListItem","position":1,"name":"Startseite","item":"https:\/\/alizel.de\/online\/"},{"@type":"ListItem","position":2,"name":"Shop","item":"https:\/\/alizel.de\/online\/shop\/"},{"@type":"ListItem","position":3,"name":"Damen Wellness-Hoody Jacke Promodoro"}]},{"@type":"WebSite","@id":"https:\/\/alizel.de\/online\/#website","url":"https:\/\/alizel.de\/online\/","name":"ALIZEL Shop","description":"Online-Shop der ALIZEL Gruppe","publisher":{"@id":"https:\/\/alizel.de\/online\/#organization"},"potentialAction":[{"@type":"SearchAction","target":{"@type":"EntryPoint","urlTemplate":"https:\/\/alizel.de\/online\/?s={search_term_string}"},"query-input":{"@type":"PropertyValueSpecification","valueRequired":true,"valueName":"search_term_string"}}],"inLanguage":"de"},{"@type":"Organization","@id":"https:\/\/alizel.de\/online\/#organization","name":"ALIZEL Shop","url":"https:\/\/alizel.de\/online\/","logo":{"@type":"ImageObject","inLanguage":"de","@id":"https:\/\/alizel.de\/online\/#\/schema\/logo\/image\/","url":"https:\/\/alizel.de\/shop\/wp-content\/uploads\/sites\/2\/2025\/08\/alizel100.jpg","contentUrl":"https:\/\/alizel.de\/shop\/wp-content\/uploads\/sites\/2\/2025\/08\/alizel100.jpg","width":1069,"height":600,"caption":"ALIZEL Shop"},"image":{"@id":"https:\/\/alizel.de\/online\/#\/schema\/logo\/image\/"}}]}},"taxonomy_info":{"product_brand":[{"value":153,"label":"promodoro\u00ae"}],"product_cat":[{"value":143,"label":"Wohlf\u00fchlkleidung"}],"product_tag":[{"value":155,"label":"Relax"},{"value":90,"label":"Wellness"},{"value":154,"label":"Yoga"}]},"featured_image_src_large":["https:\/\/alizel.de\/online\/wp-content\/uploads\/sites\/2\/2025\/09\/E3380a.jpg",800,800,false],"author_info":[],"comment_info":0,"_links":{"self":[{"href":"https:\/\/alizel.de\/online\/wp-json\/wp\/v2\/product\/683","targetHints":{"allow":["GET"]}}],"collection":[{"href":"https:\/\/alizel.de\/online\/wp-json\/wp\/v2\/product"}],"about":[{"href":"https:\/\/alizel.de\/online\/wp-json\/wp\/v2\/types\/product"}],"replies":[{"embeddable":true,"href":"https:\/\/alizel.de\/online\/wp-json\/wp\/v2\/comments?post=683"}],"wp:featuredmedia":[{"embeddable":true,"href":"https:\/\/alizel.de\/online\/wp-json\/wp\/v2\/media\/684"}],"wp:attachment":[{"href":"https:\/\/alizel.de\/online\/wp-json\/wp\/v2\/media?parent=683"}],"wp:term":[{"taxonomy":"product_brand","embeddable":true,"href":"https:\/\/alizel.de\/online\/wp-json\/wp\/v2\/product_brand?post=683"},{"taxonomy":"product_cat","embeddable":true,"href":"https:\/\/alizel.de\/online\/wp-json\/wp\/v2\/product_cat?post=683"},{"taxonomy":"product_tag","embeddable":true,"href":"https:\/\/alizel.de\/online\/wp-json\/wp\/v2\/product_tag?post=683"},{"taxonomy":"product_brands","embeddable":true,"href":"https:\/\/alizel.de\/online\/wp-json\/wp\/v2\/product_brands?post=683"}],"curies":[{"name":"wp","href":"https:\/\/api.w.org\/{rel}","templated":true}]}}