{"id":687,"date":"2025-09-18T07:30:48","date_gmt":"2025-09-18T05:30:48","guid":{"rendered":"https:\/\/alizel.de\/online\/?post_type=product&#038;p=687"},"modified":"2025-09-18T07:33:48","modified_gmt":"2025-09-18T05:33:48","slug":"touri-bert-anti-stress-knautschi","status":"publish","type":"product","link":"https:\/\/alizel.de\/online\/produkt\/touri-bert-anti-stress-knautschi\/","title":{"rendered":"Touri Bert\u00ae Anti-Stress Knautschi"},"content":{"rendered":"\n<h2 class=\"wp-block-heading\">Touri Bert\u00ae Anti-Stress Knautschi<\/h2>\n\n\n\n<p>Touri Bert\u00ae Anti-Stress Knautschi ist bestens geeignet f\u00fcr Stressbew\u00e4ltigung, Training der Motorik, gute Laune, als Handtrainer und als Geschenkidee.<\/p>\n\n\n\n<p>Herr Bert\u00ae als Tourist \u2013 in Sandalen, Fischerhut und Sonnenbrille ist er perfekt ausger\u00fcstet, um alle h\u00fcbschen Pl\u00e4tzchen im Schwarzwald zu erkunden und dir dabei zu weniger Stress zu verhelfen! Immer dabei hat er nat\u00fcrlich auch seine Kamera f\u00fcr die sch\u00f6nsten Urlaubsschnappsch\u00fcsse. Wer k\u00f6nnte bei so viel Urlaubsfeeling noch gestresst sein? SQUEEZIES\u00ae Touri Bert\u00ae zum Abbau von Stress einfach \u201ezusammenknautschen\u201c. Durch die Materialbeschaffenheit nimmt das Produkt die Ursprungsform wieder ein.<\/p>\n\n\n\n<ul class=\"wp-block-list\">\n<li>Gr\u00f6\u00dfe: ca. 10 cm<\/li>\n\n\n\n<li>Gewicht: ca. 35 g<\/li>\n\n\n\n<li>Material: Polyurethanschaum<\/li>\n\n\n\n<li>Nicht geeignet f\u00fcr Kinder unter drei Jahren<\/li>\n<\/ul>\n\n\n\n<p>Art.Nr.:\u00a0MBW24248<br>Style:\u00a0SQUEEZIES\u00ae Herr Bert\u00ae, Knautschi, Tourist, Luftschnapper, Anti-Stress-Handtrainer, Anti-Stress Knautschfigur<\/p>\n","protected":false},"excerpt":{"rendered":"<p>Anti-Stress Knautschfigur als Tourist.<\/p>\n","protected":false},"featured_media":688,"comment_status":"closed","ping_status":"closed","template":"","meta":{"_kad_blocks_custom_css":"","_kad_blocks_head_custom_js":"","_kad_blocks_body_custom_js":"","_kad_blocks_footer_custom_js":"","_kad_post_transparent":"","_kad_post_title":"","_kad_post_layout":"","_kad_post_sidebar_id":"","_kad_post_content_style":"","_kad_post_vertical_padding":"","_kad_post_feature":"","_kad_post_feature_position":"","_kad_post_header":false,"_kad_post_footer":false,"_kad_post_classname":""},"product_brand":[124],"product_cat":[107],"product_tag":[148,93,149,152,84,90],"product_brands":[],"class_list":{"0":"post-687","1":"product","2":"type-product","3":"status-publish","4":"has-post-thumbnail","6":"product_brand-mbw","7":"product_cat-wohlfuehl-tools","8":"product_tag-entspannung","9":"product_tag-handtrainer","10":"product_tag-knautschfigur","11":"product_tag-laune","12":"product_tag-stressabbau","13":"product_tag-wellness","14":"product_shipping_class-paeckchen-bis-2-kg","16":"first","17":"instock","18":"taxable","19":"shipping-taxable","20":"purchasable","21":"product-type-simple","22":"entry","23":"content-bg","24":"loop-entry"},"yoast_head":"<!-- This site is optimized with the Yoast SEO plugin v27.4 - https:\/\/yoast.com\/product\/yoast-seo-wordpress\/ -->\n<title>Touri Bert\u00ae Anti-Stress Knautschi - ALIZEL Online-Shop<\/title>\n<meta name=\"robots\" content=\"index, follow, max-snippet:-1, max-image-preview:large, max-video-preview:-1\" \/>\n<link rel=\"canonical\" href=\"https:\/\/alizel.de\/online\/produkt\/touri-bert-anti-stress-knautschi\/\" \/>\n<meta property=\"og:locale\" content=\"de_DE\" \/>\n<meta property=\"og:type\" content=\"article\" \/>\n<meta property=\"og:title\" content=\"Touri Bert\u00ae Anti-Stress Knautschi - ALIZEL Online-Shop\" \/>\n<meta property=\"og:description\" content=\"Anti-Stress Knautschfigur als Tourist.\" \/>\n<meta property=\"og:url\" content=\"https:\/\/alizel.de\/online\/produkt\/touri-bert-anti-stress-knautschi\/\" \/>\n<meta property=\"og:site_name\" content=\"ALIZEL Online-Shop\" \/>\n<meta property=\"article:modified_time\" content=\"2025-09-18T05:33:48+00:00\" \/>\n<meta property=\"og:image\" content=\"https:\/\/alizel.de\/online\/wp-content\/uploads\/sites\/2\/2025\/09\/MBW24248.jpg\" \/>\n\t<meta property=\"og:image:width\" content=\"800\" \/>\n\t<meta property=\"og:image:height\" content=\"800\" \/>\n\t<meta property=\"og:image:type\" content=\"image\/jpeg\" \/>\n<meta name=\"twitter:card\" content=\"summary_large_image\" \/>\n<meta name=\"twitter:label1\" content=\"Gesch\u00e4tzte Lesezeit\" \/>\n\t<meta name=\"twitter:data1\" content=\"1\u00a0Minute\" \/>\n<script type=\"application\/ld+json\" class=\"yoast-schema-graph\">{\"@context\":\"https:\\\/\\\/schema.org\",\"@graph\":[{\"@type\":\"WebPage\",\"@id\":\"https:\\\/\\\/alizel.de\\\/online\\\/produkt\\\/touri-bert-anti-stress-knautschi\\\/\",\"url\":\"https:\\\/\\\/alizel.de\\\/online\\\/produkt\\\/touri-bert-anti-stress-knautschi\\\/\",\"name\":\"Touri Bert\u00ae Anti-Stress Knautschi - ALIZEL Online-Shop\",\"isPartOf\":{\"@id\":\"https:\\\/\\\/alizel.de\\\/online\\\/#website\"},\"primaryImageOfPage\":{\"@id\":\"https:\\\/\\\/alizel.de\\\/online\\\/produkt\\\/touri-bert-anti-stress-knautschi\\\/#primaryimage\"},\"image\":{\"@id\":\"https:\\\/\\\/alizel.de\\\/online\\\/produkt\\\/touri-bert-anti-stress-knautschi\\\/#primaryimage\"},\"thumbnailUrl\":\"https:\\\/\\\/alizel.de\\\/online\\\/wp-content\\\/uploads\\\/sites\\\/2\\\/2025\\\/09\\\/MBW24248.jpg\",\"datePublished\":\"2025-09-18T05:30:48+00:00\",\"dateModified\":\"2025-09-18T05:33:48+00:00\",\"breadcrumb\":{\"@id\":\"https:\\\/\\\/alizel.de\\\/online\\\/produkt\\\/touri-bert-anti-stress-knautschi\\\/#breadcrumb\"},\"inLanguage\":\"de\",\"potentialAction\":[{\"@type\":\"ReadAction\",\"target\":[\"https:\\\/\\\/alizel.de\\\/online\\\/produkt\\\/touri-bert-anti-stress-knautschi\\\/\"]}]},{\"@type\":\"ImageObject\",\"inLanguage\":\"de\",\"@id\":\"https:\\\/\\\/alizel.de\\\/online\\\/produkt\\\/touri-bert-anti-stress-knautschi\\\/#primaryimage\",\"url\":\"https:\\\/\\\/alizel.de\\\/online\\\/wp-content\\\/uploads\\\/sites\\\/2\\\/2025\\\/09\\\/MBW24248.jpg\",\"contentUrl\":\"https:\\\/\\\/alizel.de\\\/online\\\/wp-content\\\/uploads\\\/sites\\\/2\\\/2025\\\/09\\\/MBW24248.jpg\",\"width\":800,\"height\":800},{\"@type\":\"BreadcrumbList\",\"@id\":\"https:\\\/\\\/alizel.de\\\/online\\\/produkt\\\/touri-bert-anti-stress-knautschi\\\/#breadcrumb\",\"itemListElement\":[{\"@type\":\"ListItem\",\"position\":1,\"name\":\"Startseite\",\"item\":\"https:\\\/\\\/alizel.de\\\/online\\\/\"},{\"@type\":\"ListItem\",\"position\":2,\"name\":\"Shop\",\"item\":\"https:\\\/\\\/alizel.de\\\/online\\\/shop\\\/\"},{\"@type\":\"ListItem\",\"position\":3,\"name\":\"Touri Bert\u00ae Anti-Stress Knautschi\"}]},{\"@type\":\"WebSite\",\"@id\":\"https:\\\/\\\/alizel.de\\\/online\\\/#website\",\"url\":\"https:\\\/\\\/alizel.de\\\/online\\\/\",\"name\":\"ALIZEL Shop\",\"description\":\"Online-Shop der ALIZEL Gruppe\",\"publisher\":{\"@id\":\"https:\\\/\\\/alizel.de\\\/online\\\/#organization\"},\"potentialAction\":[{\"@type\":\"SearchAction\",\"target\":{\"@type\":\"EntryPoint\",\"urlTemplate\":\"https:\\\/\\\/alizel.de\\\/online\\\/?s={search_term_string}\"},\"query-input\":{\"@type\":\"PropertyValueSpecification\",\"valueRequired\":true,\"valueName\":\"search_term_string\"}}],\"inLanguage\":\"de\"},{\"@type\":\"Organization\",\"@id\":\"https:\\\/\\\/alizel.de\\\/online\\\/#organization\",\"name\":\"ALIZEL Shop\",\"url\":\"https:\\\/\\\/alizel.de\\\/online\\\/\",\"logo\":{\"@type\":\"ImageObject\",\"inLanguage\":\"de\",\"@id\":\"https:\\\/\\\/alizel.de\\\/online\\\/#\\\/schema\\\/logo\\\/image\\\/\",\"url\":\"https:\\\/\\\/alizel.de\\\/shop\\\/wp-content\\\/uploads\\\/sites\\\/2\\\/2025\\\/08\\\/alizel100.jpg\",\"contentUrl\":\"https:\\\/\\\/alizel.de\\\/shop\\\/wp-content\\\/uploads\\\/sites\\\/2\\\/2025\\\/08\\\/alizel100.jpg\",\"width\":1069,\"height\":600,\"caption\":\"ALIZEL Shop\"},\"image\":{\"@id\":\"https:\\\/\\\/alizel.de\\\/online\\\/#\\\/schema\\\/logo\\\/image\\\/\"}}]}<\/script>\n<!-- \/ Yoast SEO plugin. -->","yoast_head_json":{"title":"Touri Bert\u00ae Anti-Stress Knautschi - ALIZEL Online-Shop","robots":{"index":"index","follow":"follow","max-snippet":"max-snippet:-1","max-image-preview":"max-image-preview:large","max-video-preview":"max-video-preview:-1"},"canonical":"https:\/\/alizel.de\/online\/produkt\/touri-bert-anti-stress-knautschi\/","og_locale":"de_DE","og_type":"article","og_title":"Touri Bert\u00ae Anti-Stress Knautschi - ALIZEL Online-Shop","og_description":"Anti-Stress Knautschfigur als Tourist.","og_url":"https:\/\/alizel.de\/online\/produkt\/touri-bert-anti-stress-knautschi\/","og_site_name":"ALIZEL Online-Shop","article_modified_time":"2025-09-18T05:33:48+00:00","og_image":[{"width":800,"height":800,"url":"https:\/\/alizel.de\/online\/wp-content\/uploads\/sites\/2\/2025\/09\/MBW24248.jpg","type":"image\/jpeg"}],"twitter_card":"summary_large_image","twitter_misc":{"Gesch\u00e4tzte Lesezeit":"1\u00a0Minute"},"schema":{"@context":"https:\/\/schema.org","@graph":[{"@type":"WebPage","@id":"https:\/\/alizel.de\/online\/produkt\/touri-bert-anti-stress-knautschi\/","url":"https:\/\/alizel.de\/online\/produkt\/touri-bert-anti-stress-knautschi\/","name":"Touri Bert\u00ae Anti-Stress Knautschi - ALIZEL Online-Shop","isPartOf":{"@id":"https:\/\/alizel.de\/online\/#website"},"primaryImageOfPage":{"@id":"https:\/\/alizel.de\/online\/produkt\/touri-bert-anti-stress-knautschi\/#primaryimage"},"image":{"@id":"https:\/\/alizel.de\/online\/produkt\/touri-bert-anti-stress-knautschi\/#primaryimage"},"thumbnailUrl":"https:\/\/alizel.de\/online\/wp-content\/uploads\/sites\/2\/2025\/09\/MBW24248.jpg","datePublished":"2025-09-18T05:30:48+00:00","dateModified":"2025-09-18T05:33:48+00:00","breadcrumb":{"@id":"https:\/\/alizel.de\/online\/produkt\/touri-bert-anti-stress-knautschi\/#breadcrumb"},"inLanguage":"de","potentialAction":[{"@type":"ReadAction","target":["https:\/\/alizel.de\/online\/produkt\/touri-bert-anti-stress-knautschi\/"]}]},{"@type":"ImageObject","inLanguage":"de","@id":"https:\/\/alizel.de\/online\/produkt\/touri-bert-anti-stress-knautschi\/#primaryimage","url":"https:\/\/alizel.de\/online\/wp-content\/uploads\/sites\/2\/2025\/09\/MBW24248.jpg","contentUrl":"https:\/\/alizel.de\/online\/wp-content\/uploads\/sites\/2\/2025\/09\/MBW24248.jpg","width":800,"height":800},{"@type":"BreadcrumbList","@id":"https:\/\/alizel.de\/online\/produkt\/touri-bert-anti-stress-knautschi\/#breadcrumb","itemListElement":[{"@type":"ListItem","position":1,"name":"Startseite","item":"https:\/\/alizel.de\/online\/"},{"@type":"ListItem","position":2,"name":"Shop","item":"https:\/\/alizel.de\/online\/shop\/"},{"@type":"ListItem","position":3,"name":"Touri Bert\u00ae Anti-Stress Knautschi"}]},{"@type":"WebSite","@id":"https:\/\/alizel.de\/online\/#website","url":"https:\/\/alizel.de\/online\/","name":"ALIZEL Shop","description":"Online-Shop der ALIZEL Gruppe","publisher":{"@id":"https:\/\/alizel.de\/online\/#organization"},"potentialAction":[{"@type":"SearchAction","target":{"@type":"EntryPoint","urlTemplate":"https:\/\/alizel.de\/online\/?s={search_term_string}"},"query-input":{"@type":"PropertyValueSpecification","valueRequired":true,"valueName":"search_term_string"}}],"inLanguage":"de"},{"@type":"Organization","@id":"https:\/\/alizel.de\/online\/#organization","name":"ALIZEL Shop","url":"https:\/\/alizel.de\/online\/","logo":{"@type":"ImageObject","inLanguage":"de","@id":"https:\/\/alizel.de\/online\/#\/schema\/logo\/image\/","url":"https:\/\/alizel.de\/shop\/wp-content\/uploads\/sites\/2\/2025\/08\/alizel100.jpg","contentUrl":"https:\/\/alizel.de\/shop\/wp-content\/uploads\/sites\/2\/2025\/08\/alizel100.jpg","width":1069,"height":600,"caption":"ALIZEL Shop"},"image":{"@id":"https:\/\/alizel.de\/online\/#\/schema\/logo\/image\/"}}]}},"taxonomy_info":{"product_brand":[{"value":124,"label":"mbw\u00ae"}],"product_cat":[{"value":107,"label":"Wohlf\u00fchl-Tools"}],"product_tag":[{"value":148,"label":"Entspannung"},{"value":93,"label":"Handtrainer"},{"value":149,"label":"Knautschfigur"},{"value":152,"label":"Laune"},{"value":84,"label":"Stressabbau"},{"value":90,"label":"Wellness"}]},"featured_image_src_large":["https:\/\/alizel.de\/online\/wp-content\/uploads\/sites\/2\/2025\/09\/MBW24248.jpg",800,800,false],"author_info":[],"comment_info":0,"_links":{"self":[{"href":"https:\/\/alizel.de\/online\/wp-json\/wp\/v2\/product\/687","targetHints":{"allow":["GET"]}}],"collection":[{"href":"https:\/\/alizel.de\/online\/wp-json\/wp\/v2\/product"}],"about":[{"href":"https:\/\/alizel.de\/online\/wp-json\/wp\/v2\/types\/product"}],"replies":[{"embeddable":true,"href":"https:\/\/alizel.de\/online\/wp-json\/wp\/v2\/comments?post=687"}],"wp:featuredmedia":[{"embeddable":true,"href":"https:\/\/alizel.de\/online\/wp-json\/wp\/v2\/media\/688"}],"wp:attachment":[{"href":"https:\/\/alizel.de\/online\/wp-json\/wp\/v2\/media?parent=687"}],"wp:term":[{"taxonomy":"product_brand","embeddable":true,"href":"https:\/\/alizel.de\/online\/wp-json\/wp\/v2\/product_brand?post=687"},{"taxonomy":"product_cat","embeddable":true,"href":"https:\/\/alizel.de\/online\/wp-json\/wp\/v2\/product_cat?post=687"},{"taxonomy":"product_tag","embeddable":true,"href":"https:\/\/alizel.de\/online\/wp-json\/wp\/v2\/product_tag?post=687"},{"taxonomy":"product_brands","embeddable":true,"href":"https:\/\/alizel.de\/online\/wp-json\/wp\/v2\/product_brands?post=687"}],"curies":[{"name":"wp","href":"https:\/\/api.w.org\/{rel}","templated":true}]}}