{"id":697,"date":"2025-09-25T06:39:15","date_gmt":"2025-09-25T04:39:15","guid":{"rendered":"https:\/\/alizel.de\/online\/?post_type=product&#038;p=697"},"modified":"2025-10-19T08:03:47","modified_gmt":"2025-10-19T06:03:47","slug":"klarsichtiger-prospekthalter-fuer-din-lang","status":"publish","type":"product","link":"https:\/\/alizel.de\/online\/produkt\/klarsichtiger-prospekthalter-fuer-din-lang\/","title":{"rendered":"Klarsichtiger Prospekthalter f\u00fcr DIN Lang"},"content":{"rendered":"\n<h2 class=\"wp-block-heading\">Klarsichtiger Prospekthalter f\u00fcr DIN Lang<\/h2>\n\n\n\n<p>Geh\u00f6rt in jede Praxis. Hochwertiger und klarsichtiger Prospekthalter von taymar\u00ae. Optimal f\u00fcr DIN Lang Werbetr\u00e4ger wie z.B. Flyer hochkant 105 mm x 210 mm. In besonders stabiler und eleganter Ausf\u00fchrung aus ca. 3 mm glasklarem Polystyrol. Durch die leichte Schr\u00e4ge des St\u00e4nders werden deine Flyer oder Prospekte wirksam in Szene gesetzt. Als Verkaufshilfe unerl\u00e4sslich.<\/p>\n\n\n\n<p>Im Laden, auf der Messe oder am Empfang, dieser Prospekthalter eignet sich bestens als Promotion-Helfer zur wirksamen Pr\u00e4sentation von deinen Werbetr\u00e4gern. Kann freistehend auf Tisch oder Theke aufgestellt werden. Durch die bereits vorhandenen L\u00f6cher im Boden kann dieser mit Schrauben leicht befestigt werden.<\/p>\n\n\n\n<ul class=\"wp-block-list\">\n<li>Material: Polystyrol (PS), klar<\/li>\n\n\n\n<li>Format: DIN Lang<\/li>\n\n\n\n<li>Farbe: Transparent<\/li>\n\n\n\n<li>Gesamth\u00f6he: 180 mm<\/li>\n\n\n\n<li>Tiefe Innen: 32 mm<\/li>\n\n\n\n<li>Gesamt Tiefe: 65 mm<\/li>\n\n\n\n<li>Breite Innen: 110 mm<\/li>\n<\/ul>\n\n\n\n<p>Der Prospekthalter f\u00fcr entnehmbare Informationen l\u00e4sst sich ideal auf einem Empfangstresen, Ladentheke, Messetheke oder einem Tisch platzsparend aufstellen. Dieser Halter ist nicht direkt mit anderen kombinierbar und nicht f\u00fcr die Wandmontage geeignet.<\/p>\n\n\n\n<p>Art.-Nr.: AM201711<\/p>\n\n\n\n<p>Flyerhalter, Flyerst\u00e4nder, Messezubeh\u00f6r, Prospekthalter, Prospektst\u00e4nder, Tischaufsteller, Thekenaufsteller, Werbeaufsteller<\/p>\n","protected":false},"excerpt":{"rendered":"<p>F\u00fcr DIN Lang Flyer, Freistehend, mit Befestigungsl\u00f6chern im Boden.<\/p>\n","protected":false},"featured_media":698,"comment_status":"closed","ping_status":"closed","template":"","meta":{"_kad_blocks_custom_css":"","_kad_blocks_head_custom_js":"","_kad_blocks_body_custom_js":"","_kad_blocks_footer_custom_js":"","_kad_post_transparent":"","_kad_post_title":"","_kad_post_layout":"","_kad_post_sidebar_id":"","_kad_post_content_style":"","_kad_post_vertical_padding":"","_kad_post_feature":"","_kad_post_feature_position":"","_kad_post_header":false,"_kad_post_footer":false,"_kad_post_classname":""},"product_brand":[172],"product_cat":[206],"product_tag":[174,173,175],"product_brands":[],"class_list":{"0":"post-697","1":"product","2":"type-product","3":"status-publish","4":"has-post-thumbnail","6":"product_brand-taymar","7":"product_cat-hilfsmittel-zubehoer","8":"product_tag-empfang","9":"product_tag-praesentation","10":"product_tag-werbung","11":"product_shipping_class-paeckchen-bis-2-kg","13":"first","14":"instock","15":"taxable","16":"shipping-taxable","17":"purchasable","18":"product-type-simple","19":"entry","20":"content-bg","21":"loop-entry"},"yoast_head":"<!-- This site is optimized with the Yoast SEO plugin v27.4 - https:\/\/yoast.com\/product\/yoast-seo-wordpress\/ -->\n<title>Klarsichtiger Prospekthalter f\u00fcr DIN Lang - ALIZEL Online-Shop<\/title>\n<meta name=\"description\" content=\"Im Laden, auf der Messe oder am Empfang, dieser klarsichtiger Prospekthalter ist dein Promotion-Helfer zur wirksamen Pr\u00e4sentation von deinen Angeboten.\" \/>\n<meta name=\"robots\" content=\"index, follow, max-snippet:-1, max-image-preview:large, max-video-preview:-1\" \/>\n<link rel=\"canonical\" href=\"https:\/\/alizel.de\/online\/produkt\/klarsichtiger-prospekthalter-fuer-din-lang\/\" \/>\n<meta property=\"og:locale\" content=\"de_DE\" \/>\n<meta property=\"og:type\" content=\"article\" \/>\n<meta property=\"og:title\" content=\"Klarsichtiger Prospekthalter f\u00fcr DIN Lang - ALIZEL Online-Shop\" \/>\n<meta property=\"og:description\" content=\"Im Laden, auf der Messe oder am Empfang, dieser klarsichtiger Prospekthalter ist dein Promotion-Helfer zur wirksamen Pr\u00e4sentation von deinen Angeboten.\" \/>\n<meta property=\"og:url\" content=\"https:\/\/alizel.de\/online\/produkt\/klarsichtiger-prospekthalter-fuer-din-lang\/\" \/>\n<meta property=\"og:site_name\" content=\"ALIZEL Online-Shop\" \/>\n<meta property=\"article:modified_time\" content=\"2025-10-19T06:03:47+00:00\" \/>\n<meta property=\"og:image\" content=\"https:\/\/alizel.de\/online\/wp-content\/uploads\/sites\/2\/2025\/09\/AM201711.jpg\" \/>\n\t<meta property=\"og:image:width\" content=\"800\" \/>\n\t<meta property=\"og:image:height\" content=\"800\" \/>\n\t<meta property=\"og:image:type\" content=\"image\/jpeg\" \/>\n<meta name=\"twitter:card\" content=\"summary_large_image\" \/>\n<meta name=\"twitter:label1\" content=\"Gesch\u00e4tzte Lesezeit\" \/>\n\t<meta name=\"twitter:data1\" content=\"2\u00a0Minuten\" \/>\n<script type=\"application\/ld+json\" class=\"yoast-schema-graph\">{\"@context\":\"https:\\\/\\\/schema.org\",\"@graph\":[{\"@type\":\"WebPage\",\"@id\":\"https:\\\/\\\/alizel.de\\\/online\\\/produkt\\\/klarsichtiger-prospekthalter-fuer-din-lang\\\/\",\"url\":\"https:\\\/\\\/alizel.de\\\/online\\\/produkt\\\/klarsichtiger-prospekthalter-fuer-din-lang\\\/\",\"name\":\"Klarsichtiger Prospekthalter f\u00fcr DIN Lang - ALIZEL Online-Shop\",\"isPartOf\":{\"@id\":\"https:\\\/\\\/alizel.de\\\/online\\\/#website\"},\"primaryImageOfPage\":{\"@id\":\"https:\\\/\\\/alizel.de\\\/online\\\/produkt\\\/klarsichtiger-prospekthalter-fuer-din-lang\\\/#primaryimage\"},\"image\":{\"@id\":\"https:\\\/\\\/alizel.de\\\/online\\\/produkt\\\/klarsichtiger-prospekthalter-fuer-din-lang\\\/#primaryimage\"},\"thumbnailUrl\":\"https:\\\/\\\/alizel.de\\\/online\\\/wp-content\\\/uploads\\\/sites\\\/2\\\/2025\\\/09\\\/AM201711.jpg\",\"datePublished\":\"2025-09-25T04:39:15+00:00\",\"dateModified\":\"2025-10-19T06:03:47+00:00\",\"description\":\"Im Laden, auf der Messe oder am Empfang, dieser klarsichtiger Prospekthalter ist dein Promotion-Helfer zur wirksamen Pr\u00e4sentation von deinen Angeboten.\",\"breadcrumb\":{\"@id\":\"https:\\\/\\\/alizel.de\\\/online\\\/produkt\\\/klarsichtiger-prospekthalter-fuer-din-lang\\\/#breadcrumb\"},\"inLanguage\":\"de\",\"potentialAction\":[{\"@type\":\"ReadAction\",\"target\":[\"https:\\\/\\\/alizel.de\\\/online\\\/produkt\\\/klarsichtiger-prospekthalter-fuer-din-lang\\\/\"]}]},{\"@type\":\"ImageObject\",\"inLanguage\":\"de\",\"@id\":\"https:\\\/\\\/alizel.de\\\/online\\\/produkt\\\/klarsichtiger-prospekthalter-fuer-din-lang\\\/#primaryimage\",\"url\":\"https:\\\/\\\/alizel.de\\\/online\\\/wp-content\\\/uploads\\\/sites\\\/2\\\/2025\\\/09\\\/AM201711.jpg\",\"contentUrl\":\"https:\\\/\\\/alizel.de\\\/online\\\/wp-content\\\/uploads\\\/sites\\\/2\\\/2025\\\/09\\\/AM201711.jpg\",\"width\":800,\"height\":800,\"caption\":\"Klarsichtiger Prospekthalter f\u00fcr DIN Lang von taymar\u00ae\"},{\"@type\":\"BreadcrumbList\",\"@id\":\"https:\\\/\\\/alizel.de\\\/online\\\/produkt\\\/klarsichtiger-prospekthalter-fuer-din-lang\\\/#breadcrumb\",\"itemListElement\":[{\"@type\":\"ListItem\",\"position\":1,\"name\":\"Startseite\",\"item\":\"https:\\\/\\\/alizel.de\\\/online\\\/\"},{\"@type\":\"ListItem\",\"position\":2,\"name\":\"Shop\",\"item\":\"https:\\\/\\\/alizel.de\\\/online\\\/shop\\\/\"},{\"@type\":\"ListItem\",\"position\":3,\"name\":\"Klarsichtiger Prospekthalter f\u00fcr DIN Lang\"}]},{\"@type\":\"WebSite\",\"@id\":\"https:\\\/\\\/alizel.de\\\/online\\\/#website\",\"url\":\"https:\\\/\\\/alizel.de\\\/online\\\/\",\"name\":\"ALIZEL Shop\",\"description\":\"Online-Shop der ALIZEL Gruppe\",\"publisher\":{\"@id\":\"https:\\\/\\\/alizel.de\\\/online\\\/#organization\"},\"potentialAction\":[{\"@type\":\"SearchAction\",\"target\":{\"@type\":\"EntryPoint\",\"urlTemplate\":\"https:\\\/\\\/alizel.de\\\/online\\\/?s={search_term_string}\"},\"query-input\":{\"@type\":\"PropertyValueSpecification\",\"valueRequired\":true,\"valueName\":\"search_term_string\"}}],\"inLanguage\":\"de\"},{\"@type\":\"Organization\",\"@id\":\"https:\\\/\\\/alizel.de\\\/online\\\/#organization\",\"name\":\"ALIZEL Shop\",\"url\":\"https:\\\/\\\/alizel.de\\\/online\\\/\",\"logo\":{\"@type\":\"ImageObject\",\"inLanguage\":\"de\",\"@id\":\"https:\\\/\\\/alizel.de\\\/online\\\/#\\\/schema\\\/logo\\\/image\\\/\",\"url\":\"https:\\\/\\\/alizel.de\\\/shop\\\/wp-content\\\/uploads\\\/sites\\\/2\\\/2025\\\/08\\\/alizel100.jpg\",\"contentUrl\":\"https:\\\/\\\/alizel.de\\\/shop\\\/wp-content\\\/uploads\\\/sites\\\/2\\\/2025\\\/08\\\/alizel100.jpg\",\"width\":1069,\"height\":600,\"caption\":\"ALIZEL Shop\"},\"image\":{\"@id\":\"https:\\\/\\\/alizel.de\\\/online\\\/#\\\/schema\\\/logo\\\/image\\\/\"}}]}<\/script>\n<!-- \/ Yoast SEO plugin. -->","yoast_head_json":{"title":"Klarsichtiger Prospekthalter f\u00fcr DIN Lang - ALIZEL Online-Shop","description":"Im Laden, auf der Messe oder am Empfang, dieser klarsichtiger Prospekthalter ist dein Promotion-Helfer zur wirksamen Pr\u00e4sentation von deinen Angeboten.","robots":{"index":"index","follow":"follow","max-snippet":"max-snippet:-1","max-image-preview":"max-image-preview:large","max-video-preview":"max-video-preview:-1"},"canonical":"https:\/\/alizel.de\/online\/produkt\/klarsichtiger-prospekthalter-fuer-din-lang\/","og_locale":"de_DE","og_type":"article","og_title":"Klarsichtiger Prospekthalter f\u00fcr DIN Lang - ALIZEL Online-Shop","og_description":"Im Laden, auf der Messe oder am Empfang, dieser klarsichtiger Prospekthalter ist dein Promotion-Helfer zur wirksamen Pr\u00e4sentation von deinen Angeboten.","og_url":"https:\/\/alizel.de\/online\/produkt\/klarsichtiger-prospekthalter-fuer-din-lang\/","og_site_name":"ALIZEL Online-Shop","article_modified_time":"2025-10-19T06:03:47+00:00","og_image":[{"width":800,"height":800,"url":"https:\/\/alizel.de\/online\/wp-content\/uploads\/sites\/2\/2025\/09\/AM201711.jpg","type":"image\/jpeg"}],"twitter_card":"summary_large_image","twitter_misc":{"Gesch\u00e4tzte Lesezeit":"2\u00a0Minuten"},"schema":{"@context":"https:\/\/schema.org","@graph":[{"@type":"WebPage","@id":"https:\/\/alizel.de\/online\/produkt\/klarsichtiger-prospekthalter-fuer-din-lang\/","url":"https:\/\/alizel.de\/online\/produkt\/klarsichtiger-prospekthalter-fuer-din-lang\/","name":"Klarsichtiger Prospekthalter f\u00fcr DIN Lang - ALIZEL Online-Shop","isPartOf":{"@id":"https:\/\/alizel.de\/online\/#website"},"primaryImageOfPage":{"@id":"https:\/\/alizel.de\/online\/produkt\/klarsichtiger-prospekthalter-fuer-din-lang\/#primaryimage"},"image":{"@id":"https:\/\/alizel.de\/online\/produkt\/klarsichtiger-prospekthalter-fuer-din-lang\/#primaryimage"},"thumbnailUrl":"https:\/\/alizel.de\/online\/wp-content\/uploads\/sites\/2\/2025\/09\/AM201711.jpg","datePublished":"2025-09-25T04:39:15+00:00","dateModified":"2025-10-19T06:03:47+00:00","description":"Im Laden, auf der Messe oder am Empfang, dieser klarsichtiger Prospekthalter ist dein Promotion-Helfer zur wirksamen Pr\u00e4sentation von deinen Angeboten.","breadcrumb":{"@id":"https:\/\/alizel.de\/online\/produkt\/klarsichtiger-prospekthalter-fuer-din-lang\/#breadcrumb"},"inLanguage":"de","potentialAction":[{"@type":"ReadAction","target":["https:\/\/alizel.de\/online\/produkt\/klarsichtiger-prospekthalter-fuer-din-lang\/"]}]},{"@type":"ImageObject","inLanguage":"de","@id":"https:\/\/alizel.de\/online\/produkt\/klarsichtiger-prospekthalter-fuer-din-lang\/#primaryimage","url":"https:\/\/alizel.de\/online\/wp-content\/uploads\/sites\/2\/2025\/09\/AM201711.jpg","contentUrl":"https:\/\/alizel.de\/online\/wp-content\/uploads\/sites\/2\/2025\/09\/AM201711.jpg","width":800,"height":800,"caption":"Klarsichtiger Prospekthalter f\u00fcr DIN Lang von taymar\u00ae"},{"@type":"BreadcrumbList","@id":"https:\/\/alizel.de\/online\/produkt\/klarsichtiger-prospekthalter-fuer-din-lang\/#breadcrumb","itemListElement":[{"@type":"ListItem","position":1,"name":"Startseite","item":"https:\/\/alizel.de\/online\/"},{"@type":"ListItem","position":2,"name":"Shop","item":"https:\/\/alizel.de\/online\/shop\/"},{"@type":"ListItem","position":3,"name":"Klarsichtiger Prospekthalter f\u00fcr DIN Lang"}]},{"@type":"WebSite","@id":"https:\/\/alizel.de\/online\/#website","url":"https:\/\/alizel.de\/online\/","name":"ALIZEL Shop","description":"Online-Shop der ALIZEL Gruppe","publisher":{"@id":"https:\/\/alizel.de\/online\/#organization"},"potentialAction":[{"@type":"SearchAction","target":{"@type":"EntryPoint","urlTemplate":"https:\/\/alizel.de\/online\/?s={search_term_string}"},"query-input":{"@type":"PropertyValueSpecification","valueRequired":true,"valueName":"search_term_string"}}],"inLanguage":"de"},{"@type":"Organization","@id":"https:\/\/alizel.de\/online\/#organization","name":"ALIZEL Shop","url":"https:\/\/alizel.de\/online\/","logo":{"@type":"ImageObject","inLanguage":"de","@id":"https:\/\/alizel.de\/online\/#\/schema\/logo\/image\/","url":"https:\/\/alizel.de\/shop\/wp-content\/uploads\/sites\/2\/2025\/08\/alizel100.jpg","contentUrl":"https:\/\/alizel.de\/shop\/wp-content\/uploads\/sites\/2\/2025\/08\/alizel100.jpg","width":1069,"height":600,"caption":"ALIZEL Shop"},"image":{"@id":"https:\/\/alizel.de\/online\/#\/schema\/logo\/image\/"}}]}},"taxonomy_info":{"product_brand":[{"value":172,"label":"taymar\u00ae"}],"product_cat":[{"value":206,"label":"Hilfsmittel &amp; Zubeh\u00f6r"}],"product_tag":[{"value":174,"label":"Empfang"},{"value":173,"label":"Pr\u00e4sentation"},{"value":175,"label":"Werbung"}]},"featured_image_src_large":["https:\/\/alizel.de\/online\/wp-content\/uploads\/sites\/2\/2025\/09\/AM201711.jpg",800,800,false],"author_info":[],"comment_info":0,"_links":{"self":[{"href":"https:\/\/alizel.de\/online\/wp-json\/wp\/v2\/product\/697","targetHints":{"allow":["GET"]}}],"collection":[{"href":"https:\/\/alizel.de\/online\/wp-json\/wp\/v2\/product"}],"about":[{"href":"https:\/\/alizel.de\/online\/wp-json\/wp\/v2\/types\/product"}],"replies":[{"embeddable":true,"href":"https:\/\/alizel.de\/online\/wp-json\/wp\/v2\/comments?post=697"}],"wp:featuredmedia":[{"embeddable":true,"href":"https:\/\/alizel.de\/online\/wp-json\/wp\/v2\/media\/698"}],"wp:attachment":[{"href":"https:\/\/alizel.de\/online\/wp-json\/wp\/v2\/media?parent=697"}],"wp:term":[{"taxonomy":"product_brand","embeddable":true,"href":"https:\/\/alizel.de\/online\/wp-json\/wp\/v2\/product_brand?post=697"},{"taxonomy":"product_cat","embeddable":true,"href":"https:\/\/alizel.de\/online\/wp-json\/wp\/v2\/product_cat?post=697"},{"taxonomy":"product_tag","embeddable":true,"href":"https:\/\/alizel.de\/online\/wp-json\/wp\/v2\/product_tag?post=697"},{"taxonomy":"product_brands","embeddable":true,"href":"https:\/\/alizel.de\/online\/wp-json\/wp\/v2\/product_brands?post=697"}],"curies":[{"name":"wp","href":"https:\/\/api.w.org\/{rel}","templated":true}]}}