{"id":710,"date":"2025-09-25T10:28:40","date_gmt":"2025-09-25T08:28:40","guid":{"rendered":"https:\/\/alizel.de\/online\/?post_type=product&#038;p=710"},"modified":"2025-12-16T07:05:37","modified_gmt":"2025-12-16T06:05:37","slug":"latschenkiefer-bio-primavera-5-ml","status":"publish","type":"product","link":"https:\/\/alizel.de\/online\/produkt\/latschenkiefer-bio-primavera-5-ml\/","title":{"rendered":"Latschenkiefer bio PRIMAVERA\u00ae, 5 ml"},"content":{"rendered":"\n<h2 class=\"wp-block-heading\">Latschenkiefer bio PRIMAVERA\u00ae, 5 ml<\/h2>\n\n\n\n<p>\u00c4therisches \u00d6l Latschenkiefer bio von PRIMAVERA\u00ae. Latschenkiefer finden in der Naturheilkunde Anwendung bei Erk\u00e4ltungsbeschwerden, in Einreibungen bei Muskel- und Gelenkbeschwerden sowie zur Raumluftverbesserung.<\/p>\n\n\n\n<p>Latschenkiefer, auch Latsche oder Legf\u00f6hre genannt, ist ein immergr\u00fcner strauchartiger Nadelholzbaum, der zwischen 1000 und 2700 Meter gedeiht. Latschenkiefern werden bis zu 3 Meter hoch und haben einen krummen Wuchs. <\/p>\n\n\n\n<h3 class=\"wp-block-heading\">Details Lavendel fein bio<\/h3>\n\n\n\n<ul class=\"wp-block-list\">\n<li>Duftprofil: frisch, holzig<\/li>\n\n\n\n<li>Duftwirkung: vitalisierend, lindernd<\/li>\n\n\n\n<li>Duftnote: Kopf-Herz-Note<\/li>\n\n\n\n<li>Qualit\u00e4t: Bio, NATRUE Biokosmetik, vegan, Leaping Bunny<\/li>\n\n\n\n<li>Hautwirkung: lindernd<\/li>\n\n\n\n<li>Bed\u00fcrfnis: entkrampfend, Muskeln &amp; Gelenke, Kalte Jahreszeit, Ersch\u00f6pfung &amp; Stress, Haus- &amp; Reiseapotheke<\/li>\n\n\n\n<li>Anwendung: Kosmetikum zur Aromapflege der Haut. Max. 10 Tropfen in 50 ml PRIMAVERA Mandel\u00f6l bio.<\/li>\n\n\n\n<li>Botanische Bezeichnung: Pinus mugo<\/li>\n\n\n\n<li>Inhaltsstoffe (INCI): Pinus Mugo Leaf Oil* Org, Limonene**<\/li>\n<\/ul>\n\n\n\n<p>* aus kontrolliert biologischem Anbau<br>** nat\u00fcrliche Bestandteile des \u00e4therischen \u00d6ls<br>Alle Angaben lt. Hersteller.<\/p>\n\n\n\n<p>Art.-Nr: IP10539<br>Tags: DIY, Raumduft, Massage<\/p>\n","protected":false},"excerpt":{"rendered":"<p>5 ml \u00c4therisches Latschenkiefer\u00f6l f\u00fcr viele Anwendungsm\u00f6glichkeiten.<\/p>\n","protected":false},"featured_media":711,"comment_status":"closed","ping_status":"closed","template":"","meta":{"_kad_blocks_custom_css":"","_kad_blocks_head_custom_js":"","_kad_blocks_body_custom_js":"","_kad_blocks_footer_custom_js":"","_kad_post_transparent":"","_kad_post_title":"","_kad_post_layout":"","_kad_post_sidebar_id":"","_kad_post_content_style":"","_kad_post_vertical_padding":"","_kad_post_feature":"","_kad_post_feature_position":"","_kad_post_header":false,"_kad_post_footer":false,"_kad_post_classname":""},"product_brand":[123],"product_cat":[81],"product_tag":[225,148,183,184,134,85,84],"product_brands":[],"class_list":{"0":"post-710","1":"product","2":"type-product","3":"status-publish","4":"has-post-thumbnail","6":"product_brand-primavera","7":"product_cat-wohlfuehl-natur","8":"product_tag-aetherische-oele","9":"product_tag-entspannung","10":"product_tag-erkaeltung","11":"product_tag-gelenke","12":"product_tag-muskeln","13":"product_tag-raumduft","14":"product_tag-stressabbau","15":"product_shipping_class-waren-bis-50-g","17":"first","18":"instock","19":"taxable","20":"shipping-taxable","21":"purchasable","22":"product-type-simple","23":"entry","24":"content-bg","25":"loop-entry"},"yoast_head":"<!-- This site is optimized with the Yoast SEO plugin v27.4 - https:\/\/yoast.com\/product\/yoast-seo-wordpress\/ -->\n<title>Latschenkiefer bio PRIMAVERA\u00ae, 5 ml - ALIZEL Online-Shop<\/title>\n<meta name=\"description\" content=\"\u00c4therisches \u00d6l Latschenkiefer bio von PRIMAVERA\u00ae. Findet Anwendung bei Erk\u00e4ltung, bei Muskel- und Gelenkbeschwerden sowie zur Raumluftverbesserung.\" \/>\n<meta name=\"robots\" content=\"index, follow, max-snippet:-1, max-image-preview:large, max-video-preview:-1\" \/>\n<link rel=\"canonical\" href=\"https:\/\/alizel.de\/online\/produkt\/latschenkiefer-bio-primavera-5-ml\/\" \/>\n<meta property=\"og:locale\" content=\"de_DE\" \/>\n<meta property=\"og:type\" content=\"article\" \/>\n<meta property=\"og:title\" content=\"Latschenkiefer bio PRIMAVERA\u00ae, 5 ml - ALIZEL Online-Shop\" \/>\n<meta property=\"og:description\" content=\"\u00c4therisches \u00d6l Latschenkiefer bio von PRIMAVERA\u00ae. Findet Anwendung bei Erk\u00e4ltung, bei Muskel- und Gelenkbeschwerden sowie zur Raumluftverbesserung.\" \/>\n<meta property=\"og:url\" content=\"https:\/\/alizel.de\/online\/produkt\/latschenkiefer-bio-primavera-5-ml\/\" \/>\n<meta property=\"og:site_name\" content=\"ALIZEL Online-Shop\" \/>\n<meta property=\"article:modified_time\" content=\"2025-12-16T06:05:37+00:00\" \/>\n<meta property=\"og:image\" content=\"https:\/\/alizel.de\/online\/wp-content\/uploads\/sites\/2\/2025\/09\/IP10539.jpg\" \/>\n\t<meta property=\"og:image:width\" content=\"800\" \/>\n\t<meta property=\"og:image:height\" content=\"800\" \/>\n\t<meta property=\"og:image:type\" content=\"image\/jpeg\" \/>\n<meta name=\"twitter:card\" content=\"summary_large_image\" \/>\n<meta name=\"twitter:label1\" content=\"Gesch\u00e4tzte Lesezeit\" \/>\n\t<meta name=\"twitter:data1\" content=\"1\u00a0Minute\" \/>\n<script type=\"application\/ld+json\" class=\"yoast-schema-graph\">{\"@context\":\"https:\\\/\\\/schema.org\",\"@graph\":[{\"@type\":\"WebPage\",\"@id\":\"https:\\\/\\\/alizel.de\\\/online\\\/produkt\\\/latschenkiefer-bio-primavera-5-ml\\\/\",\"url\":\"https:\\\/\\\/alizel.de\\\/online\\\/produkt\\\/latschenkiefer-bio-primavera-5-ml\\\/\",\"name\":\"Latschenkiefer bio PRIMAVERA\u00ae, 5 ml - ALIZEL Online-Shop\",\"isPartOf\":{\"@id\":\"https:\\\/\\\/alizel.de\\\/online\\\/#website\"},\"primaryImageOfPage\":{\"@id\":\"https:\\\/\\\/alizel.de\\\/online\\\/produkt\\\/latschenkiefer-bio-primavera-5-ml\\\/#primaryimage\"},\"image\":{\"@id\":\"https:\\\/\\\/alizel.de\\\/online\\\/produkt\\\/latschenkiefer-bio-primavera-5-ml\\\/#primaryimage\"},\"thumbnailUrl\":\"https:\\\/\\\/alizel.de\\\/online\\\/wp-content\\\/uploads\\\/sites\\\/2\\\/2025\\\/09\\\/IP10539.jpg\",\"datePublished\":\"2025-09-25T08:28:40+00:00\",\"dateModified\":\"2025-12-16T06:05:37+00:00\",\"description\":\"\u00c4therisches \u00d6l Latschenkiefer bio von PRIMAVERA\u00ae. Findet Anwendung bei Erk\u00e4ltung, bei Muskel- und Gelenkbeschwerden sowie zur Raumluftverbesserung.\",\"breadcrumb\":{\"@id\":\"https:\\\/\\\/alizel.de\\\/online\\\/produkt\\\/latschenkiefer-bio-primavera-5-ml\\\/#breadcrumb\"},\"inLanguage\":\"de\",\"potentialAction\":[{\"@type\":\"ReadAction\",\"target\":[\"https:\\\/\\\/alizel.de\\\/online\\\/produkt\\\/latschenkiefer-bio-primavera-5-ml\\\/\"]}]},{\"@type\":\"ImageObject\",\"inLanguage\":\"de\",\"@id\":\"https:\\\/\\\/alizel.de\\\/online\\\/produkt\\\/latschenkiefer-bio-primavera-5-ml\\\/#primaryimage\",\"url\":\"https:\\\/\\\/alizel.de\\\/online\\\/wp-content\\\/uploads\\\/sites\\\/2\\\/2025\\\/09\\\/IP10539.jpg\",\"contentUrl\":\"https:\\\/\\\/alizel.de\\\/online\\\/wp-content\\\/uploads\\\/sites\\\/2\\\/2025\\\/09\\\/IP10539.jpg\",\"width\":800,\"height\":800},{\"@type\":\"BreadcrumbList\",\"@id\":\"https:\\\/\\\/alizel.de\\\/online\\\/produkt\\\/latschenkiefer-bio-primavera-5-ml\\\/#breadcrumb\",\"itemListElement\":[{\"@type\":\"ListItem\",\"position\":1,\"name\":\"Startseite\",\"item\":\"https:\\\/\\\/alizel.de\\\/online\\\/\"},{\"@type\":\"ListItem\",\"position\":2,\"name\":\"Shop\",\"item\":\"https:\\\/\\\/alizel.de\\\/online\\\/shop\\\/\"},{\"@type\":\"ListItem\",\"position\":3,\"name\":\"Latschenkiefer bio PRIMAVERA\u00ae, 5 ml\"}]},{\"@type\":\"WebSite\",\"@id\":\"https:\\\/\\\/alizel.de\\\/online\\\/#website\",\"url\":\"https:\\\/\\\/alizel.de\\\/online\\\/\",\"name\":\"ALIZEL Shop\",\"description\":\"Online-Shop der ALIZEL Gruppe\",\"publisher\":{\"@id\":\"https:\\\/\\\/alizel.de\\\/online\\\/#organization\"},\"potentialAction\":[{\"@type\":\"SearchAction\",\"target\":{\"@type\":\"EntryPoint\",\"urlTemplate\":\"https:\\\/\\\/alizel.de\\\/online\\\/?s={search_term_string}\"},\"query-input\":{\"@type\":\"PropertyValueSpecification\",\"valueRequired\":true,\"valueName\":\"search_term_string\"}}],\"inLanguage\":\"de\"},{\"@type\":\"Organization\",\"@id\":\"https:\\\/\\\/alizel.de\\\/online\\\/#organization\",\"name\":\"ALIZEL Shop\",\"url\":\"https:\\\/\\\/alizel.de\\\/online\\\/\",\"logo\":{\"@type\":\"ImageObject\",\"inLanguage\":\"de\",\"@id\":\"https:\\\/\\\/alizel.de\\\/online\\\/#\\\/schema\\\/logo\\\/image\\\/\",\"url\":\"https:\\\/\\\/alizel.de\\\/shop\\\/wp-content\\\/uploads\\\/sites\\\/2\\\/2025\\\/08\\\/alizel100.jpg\",\"contentUrl\":\"https:\\\/\\\/alizel.de\\\/shop\\\/wp-content\\\/uploads\\\/sites\\\/2\\\/2025\\\/08\\\/alizel100.jpg\",\"width\":1069,\"height\":600,\"caption\":\"ALIZEL Shop\"},\"image\":{\"@id\":\"https:\\\/\\\/alizel.de\\\/online\\\/#\\\/schema\\\/logo\\\/image\\\/\"}}]}<\/script>\n<!-- \/ Yoast SEO plugin. -->","yoast_head_json":{"title":"Latschenkiefer bio PRIMAVERA\u00ae, 5 ml - ALIZEL Online-Shop","description":"\u00c4therisches \u00d6l Latschenkiefer bio von PRIMAVERA\u00ae. Findet Anwendung bei Erk\u00e4ltung, bei Muskel- und Gelenkbeschwerden sowie zur Raumluftverbesserung.","robots":{"index":"index","follow":"follow","max-snippet":"max-snippet:-1","max-image-preview":"max-image-preview:large","max-video-preview":"max-video-preview:-1"},"canonical":"https:\/\/alizel.de\/online\/produkt\/latschenkiefer-bio-primavera-5-ml\/","og_locale":"de_DE","og_type":"article","og_title":"Latschenkiefer bio PRIMAVERA\u00ae, 5 ml - ALIZEL Online-Shop","og_description":"\u00c4therisches \u00d6l Latschenkiefer bio von PRIMAVERA\u00ae. Findet Anwendung bei Erk\u00e4ltung, bei Muskel- und Gelenkbeschwerden sowie zur Raumluftverbesserung.","og_url":"https:\/\/alizel.de\/online\/produkt\/latschenkiefer-bio-primavera-5-ml\/","og_site_name":"ALIZEL Online-Shop","article_modified_time":"2025-12-16T06:05:37+00:00","og_image":[{"width":800,"height":800,"url":"https:\/\/alizel.de\/online\/wp-content\/uploads\/sites\/2\/2025\/09\/IP10539.jpg","type":"image\/jpeg"}],"twitter_card":"summary_large_image","twitter_misc":{"Gesch\u00e4tzte Lesezeit":"1\u00a0Minute"},"schema":{"@context":"https:\/\/schema.org","@graph":[{"@type":"WebPage","@id":"https:\/\/alizel.de\/online\/produkt\/latschenkiefer-bio-primavera-5-ml\/","url":"https:\/\/alizel.de\/online\/produkt\/latschenkiefer-bio-primavera-5-ml\/","name":"Latschenkiefer bio PRIMAVERA\u00ae, 5 ml - ALIZEL Online-Shop","isPartOf":{"@id":"https:\/\/alizel.de\/online\/#website"},"primaryImageOfPage":{"@id":"https:\/\/alizel.de\/online\/produkt\/latschenkiefer-bio-primavera-5-ml\/#primaryimage"},"image":{"@id":"https:\/\/alizel.de\/online\/produkt\/latschenkiefer-bio-primavera-5-ml\/#primaryimage"},"thumbnailUrl":"https:\/\/alizel.de\/online\/wp-content\/uploads\/sites\/2\/2025\/09\/IP10539.jpg","datePublished":"2025-09-25T08:28:40+00:00","dateModified":"2025-12-16T06:05:37+00:00","description":"\u00c4therisches \u00d6l Latschenkiefer bio von PRIMAVERA\u00ae. Findet Anwendung bei Erk\u00e4ltung, bei Muskel- und Gelenkbeschwerden sowie zur Raumluftverbesserung.","breadcrumb":{"@id":"https:\/\/alizel.de\/online\/produkt\/latschenkiefer-bio-primavera-5-ml\/#breadcrumb"},"inLanguage":"de","potentialAction":[{"@type":"ReadAction","target":["https:\/\/alizel.de\/online\/produkt\/latschenkiefer-bio-primavera-5-ml\/"]}]},{"@type":"ImageObject","inLanguage":"de","@id":"https:\/\/alizel.de\/online\/produkt\/latschenkiefer-bio-primavera-5-ml\/#primaryimage","url":"https:\/\/alizel.de\/online\/wp-content\/uploads\/sites\/2\/2025\/09\/IP10539.jpg","contentUrl":"https:\/\/alizel.de\/online\/wp-content\/uploads\/sites\/2\/2025\/09\/IP10539.jpg","width":800,"height":800},{"@type":"BreadcrumbList","@id":"https:\/\/alizel.de\/online\/produkt\/latschenkiefer-bio-primavera-5-ml\/#breadcrumb","itemListElement":[{"@type":"ListItem","position":1,"name":"Startseite","item":"https:\/\/alizel.de\/online\/"},{"@type":"ListItem","position":2,"name":"Shop","item":"https:\/\/alizel.de\/online\/shop\/"},{"@type":"ListItem","position":3,"name":"Latschenkiefer bio PRIMAVERA\u00ae, 5 ml"}]},{"@type":"WebSite","@id":"https:\/\/alizel.de\/online\/#website","url":"https:\/\/alizel.de\/online\/","name":"ALIZEL Shop","description":"Online-Shop der ALIZEL Gruppe","publisher":{"@id":"https:\/\/alizel.de\/online\/#organization"},"potentialAction":[{"@type":"SearchAction","target":{"@type":"EntryPoint","urlTemplate":"https:\/\/alizel.de\/online\/?s={search_term_string}"},"query-input":{"@type":"PropertyValueSpecification","valueRequired":true,"valueName":"search_term_string"}}],"inLanguage":"de"},{"@type":"Organization","@id":"https:\/\/alizel.de\/online\/#organization","name":"ALIZEL Shop","url":"https:\/\/alizel.de\/online\/","logo":{"@type":"ImageObject","inLanguage":"de","@id":"https:\/\/alizel.de\/online\/#\/schema\/logo\/image\/","url":"https:\/\/alizel.de\/shop\/wp-content\/uploads\/sites\/2\/2025\/08\/alizel100.jpg","contentUrl":"https:\/\/alizel.de\/shop\/wp-content\/uploads\/sites\/2\/2025\/08\/alizel100.jpg","width":1069,"height":600,"caption":"ALIZEL Shop"},"image":{"@id":"https:\/\/alizel.de\/online\/#\/schema\/logo\/image\/"}}]}},"taxonomy_info":{"product_brand":[{"value":123,"label":"PRIMAVERA\u00ae"}],"product_cat":[{"value":81,"label":"Wohlf\u00fchl-Natur"}],"product_tag":[{"value":225,"label":"\u00c4therische \u00d6le"},{"value":148,"label":"Entspannung"},{"value":183,"label":"Erk\u00e4ltung"},{"value":184,"label":"Gelenke"},{"value":134,"label":"Muskeln"},{"value":85,"label":"Raumduft"},{"value":84,"label":"Stressabbau"}]},"featured_image_src_large":["https:\/\/alizel.de\/online\/wp-content\/uploads\/sites\/2\/2025\/09\/IP10539.jpg",800,800,false],"author_info":[],"comment_info":0,"_links":{"self":[{"href":"https:\/\/alizel.de\/online\/wp-json\/wp\/v2\/product\/710","targetHints":{"allow":["GET"]}}],"collection":[{"href":"https:\/\/alizel.de\/online\/wp-json\/wp\/v2\/product"}],"about":[{"href":"https:\/\/alizel.de\/online\/wp-json\/wp\/v2\/types\/product"}],"replies":[{"embeddable":true,"href":"https:\/\/alizel.de\/online\/wp-json\/wp\/v2\/comments?post=710"}],"wp:featuredmedia":[{"embeddable":true,"href":"https:\/\/alizel.de\/online\/wp-json\/wp\/v2\/media\/711"}],"wp:attachment":[{"href":"https:\/\/alizel.de\/online\/wp-json\/wp\/v2\/media?parent=710"}],"wp:term":[{"taxonomy":"product_brand","embeddable":true,"href":"https:\/\/alizel.de\/online\/wp-json\/wp\/v2\/product_brand?post=710"},{"taxonomy":"product_cat","embeddable":true,"href":"https:\/\/alizel.de\/online\/wp-json\/wp\/v2\/product_cat?post=710"},{"taxonomy":"product_tag","embeddable":true,"href":"https:\/\/alizel.de\/online\/wp-json\/wp\/v2\/product_tag?post=710"},{"taxonomy":"product_brands","embeddable":true,"href":"https:\/\/alizel.de\/online\/wp-json\/wp\/v2\/product_brands?post=710"}],"curies":[{"name":"wp","href":"https:\/\/api.w.org\/{rel}","templated":true}]}}