{"id":719,"date":"2025-09-26T06:04:12","date_gmt":"2025-09-26T04:04:12","guid":{"rendered":"https:\/\/alizel.de\/online\/?post_type=product&#038;p=719"},"modified":"2025-12-16T07:04:23","modified_gmt":"2025-12-16T06:04:23","slug":"zitrone-bio-primavera-5-ml","status":"publish","type":"product","link":"https:\/\/alizel.de\/online\/produkt\/zitrone-bio-primavera-5-ml\/","title":{"rendered":"Zitrone bio PRIMAVERA\u00ae, 5 ml"},"content":{"rendered":"\n<h2 class=\"wp-block-heading\">Zitrone bio PRIMAVERA\u00ae, 5 ml<\/h2>\n\n\n\n<p>Zitrone bio \u00c4therisches \u00d6l von PRIMAVERA\u00ae. Zitrone ist ein immergr\u00fcner Zitrusbaum mit gelben oder gr\u00fcngelben Fr\u00fcchten, der im Mittelmeerraum und subtropischen Regionen gedeiht. Zitronen werden als Zierpflanzen (in Orangerien) und als Lebensmittel kultiviert. Aus der Zitrone gewinnt man Saft, die aromatische Zitronenschale sowie das \u00d6l der Schalen, das in der Parf\u00fcmerie und Lebensmittel-Aromatisierung Verwendung findet.<\/p>\n\n\n\n<p>Der Duft des \u00e4therischen \u00d6ls der Zitrone kann bei Schwangerschafts\u00fcbelkeit und Appetitlosigkeit lindernd wirken.<\/p>\n\n\n\n<h4 class=\"wp-block-heading\">\u00c4therisches \u00d6l Zitrone bio<\/h4>\n\n\n\n<ul class=\"wp-block-list\">\n<li>Duftprofil: frisch<\/li>\n\n\n\n<li>Duftwirkung: erheiternd<\/li>\n\n\n\n<li>Duftnote: Kopfnote<\/li>\n\n\n\n<li>Qualit\u00e4t: Bio, NATRUE Biokosmetik, vegan, IHTN<\/li>\n\n\n\n<li>Hautwirkung: Akne, \u00f6lige Haut, entz\u00fcndungshemmend, k\u00fchlend<\/li>\n\n\n\n<li>Bed\u00fcrfnis: Kalte Jahreszeit, Haus- &amp; Reiseapotheke<\/li>\n\n\n\n<li>Botanische Bezeichnung: Citrus limon<\/li>\n\n\n\n<li>Inhaltsstoffe (INCI): Citrus limon (Lemon) Peel Oil* Org, Citral**, Limonene**, Linalool**<\/li>\n<\/ul>\n\n\n\n<p>* aus kontrolliert biologischem Anbau<br>** nat\u00fcrliche Bestandteile des \u00e4therischen \u00d6ls<br>Alle Angaben lt. Hersteller.<\/p>\n\n\n\n<p>Art.-Nr: IP10599<br>Tags: DIY, Raumduft<\/p>\n","protected":false},"excerpt":{"rendered":"<p>5 ml nat\u00fcrliches \u00e4therisches Zitronen\u00f6l.<\/p>\n","protected":false},"featured_media":720,"comment_status":"closed","ping_status":"closed","template":"","meta":{"_kad_blocks_custom_css":"","_kad_blocks_head_custom_js":"","_kad_blocks_body_custom_js":"","_kad_blocks_footer_custom_js":"","_kad_post_transparent":"","_kad_post_title":"","_kad_post_layout":"","_kad_post_sidebar_id":"","_kad_post_content_style":"","_kad_post_vertical_padding":"","_kad_post_feature":"","_kad_post_feature_position":"","_kad_post_header":false,"_kad_post_footer":false,"_kad_post_classname":""},"product_brand":[123],"product_cat":[81],"product_tag":[186,225,82,85,187],"product_brands":[],"class_list":{"0":"post-719","1":"product","2":"type-product","3":"status-publish","4":"has-post-thumbnail","6":"product_brand-primavera","7":"product_cat-wohlfuehl-natur","8":"product_tag-appetit","9":"product_tag-aetherische-oele","10":"product_tag-hautpflege","11":"product_tag-raumduft","12":"product_tag-schwangerschaft","13":"product_shipping_class-waren-bis-50-g","15":"first","16":"instock","17":"taxable","18":"shipping-taxable","19":"purchasable","20":"product-type-simple","21":"entry","22":"content-bg","23":"loop-entry"},"yoast_head":"<!-- This site is optimized with the Yoast SEO plugin v27.5 - https:\/\/yoast.com\/product\/yoast-seo-wordpress\/ -->\n<title>Zitrone bio PRIMAVERA\u00ae, 5 ml - ALIZEL Online-Shop<\/title>\n<meta name=\"robots\" content=\"index, follow, max-snippet:-1, max-image-preview:large, max-video-preview:-1\" \/>\n<link rel=\"canonical\" href=\"https:\/\/alizel.de\/online\/produkt\/zitrone-bio-primavera-5-ml\/\" \/>\n<meta property=\"og:locale\" content=\"de_DE\" \/>\n<meta property=\"og:type\" content=\"article\" \/>\n<meta property=\"og:title\" content=\"Zitrone bio PRIMAVERA\u00ae, 5 ml - ALIZEL Online-Shop\" \/>\n<meta property=\"og:description\" content=\"5 ml nat\u00fcrliches \u00e4therisches Zitronen\u00f6l.\" \/>\n<meta property=\"og:url\" content=\"https:\/\/alizel.de\/online\/produkt\/zitrone-bio-primavera-5-ml\/\" \/>\n<meta property=\"og:site_name\" content=\"ALIZEL Online-Shop\" \/>\n<meta property=\"article:modified_time\" content=\"2025-12-16T06:04:23+00:00\" \/>\n<meta property=\"og:image\" content=\"https:\/\/alizel.de\/online\/wp-content\/uploads\/sites\/2\/2025\/09\/IP10599.jpg\" \/>\n\t<meta property=\"og:image:width\" content=\"800\" \/>\n\t<meta property=\"og:image:height\" content=\"800\" \/>\n\t<meta property=\"og:image:type\" content=\"image\/jpeg\" \/>\n<meta name=\"twitter:card\" content=\"summary_large_image\" \/>\n<meta name=\"twitter:label1\" content=\"Gesch\u00e4tzte Lesezeit\" \/>\n\t<meta name=\"twitter:data1\" content=\"1\u00a0Minute\" \/>\n<script type=\"application\/ld+json\" class=\"yoast-schema-graph\">{\"@context\":\"https:\\\/\\\/schema.org\",\"@graph\":[{\"@type\":\"WebPage\",\"@id\":\"https:\\\/\\\/alizel.de\\\/online\\\/produkt\\\/zitrone-bio-primavera-5-ml\\\/\",\"url\":\"https:\\\/\\\/alizel.de\\\/online\\\/produkt\\\/zitrone-bio-primavera-5-ml\\\/\",\"name\":\"Zitrone bio PRIMAVERA\u00ae, 5 ml - ALIZEL Online-Shop\",\"isPartOf\":{\"@id\":\"https:\\\/\\\/alizel.de\\\/online\\\/#website\"},\"primaryImageOfPage\":{\"@id\":\"https:\\\/\\\/alizel.de\\\/online\\\/produkt\\\/zitrone-bio-primavera-5-ml\\\/#primaryimage\"},\"image\":{\"@id\":\"https:\\\/\\\/alizel.de\\\/online\\\/produkt\\\/zitrone-bio-primavera-5-ml\\\/#primaryimage\"},\"thumbnailUrl\":\"https:\\\/\\\/alizel.de\\\/online\\\/wp-content\\\/uploads\\\/sites\\\/2\\\/2025\\\/09\\\/IP10599.jpg\",\"datePublished\":\"2025-09-26T04:04:12+00:00\",\"dateModified\":\"2025-12-16T06:04:23+00:00\",\"breadcrumb\":{\"@id\":\"https:\\\/\\\/alizel.de\\\/online\\\/produkt\\\/zitrone-bio-primavera-5-ml\\\/#breadcrumb\"},\"inLanguage\":\"de\",\"potentialAction\":[{\"@type\":\"ReadAction\",\"target\":[\"https:\\\/\\\/alizel.de\\\/online\\\/produkt\\\/zitrone-bio-primavera-5-ml\\\/\"]}]},{\"@type\":\"ImageObject\",\"inLanguage\":\"de\",\"@id\":\"https:\\\/\\\/alizel.de\\\/online\\\/produkt\\\/zitrone-bio-primavera-5-ml\\\/#primaryimage\",\"url\":\"https:\\\/\\\/alizel.de\\\/online\\\/wp-content\\\/uploads\\\/sites\\\/2\\\/2025\\\/09\\\/IP10599.jpg\",\"contentUrl\":\"https:\\\/\\\/alizel.de\\\/online\\\/wp-content\\\/uploads\\\/sites\\\/2\\\/2025\\\/09\\\/IP10599.jpg\",\"width\":800,\"height\":800,\"caption\":\"Zitrone bio\"},{\"@type\":\"BreadcrumbList\",\"@id\":\"https:\\\/\\\/alizel.de\\\/online\\\/produkt\\\/zitrone-bio-primavera-5-ml\\\/#breadcrumb\",\"itemListElement\":[{\"@type\":\"ListItem\",\"position\":1,\"name\":\"Startseite\",\"item\":\"https:\\\/\\\/alizel.de\\\/online\\\/\"},{\"@type\":\"ListItem\",\"position\":2,\"name\":\"Shop\",\"item\":\"https:\\\/\\\/alizel.de\\\/online\\\/shop\\\/\"},{\"@type\":\"ListItem\",\"position\":3,\"name\":\"Zitrone bio PRIMAVERA\u00ae, 5 ml\"}]},{\"@type\":\"WebSite\",\"@id\":\"https:\\\/\\\/alizel.de\\\/online\\\/#website\",\"url\":\"https:\\\/\\\/alizel.de\\\/online\\\/\",\"name\":\"ALIZEL Shop\",\"description\":\"Online-Shop der ALIZEL Gruppe\",\"publisher\":{\"@id\":\"https:\\\/\\\/alizel.de\\\/online\\\/#organization\"},\"potentialAction\":[{\"@type\":\"SearchAction\",\"target\":{\"@type\":\"EntryPoint\",\"urlTemplate\":\"https:\\\/\\\/alizel.de\\\/online\\\/?s={search_term_string}\"},\"query-input\":{\"@type\":\"PropertyValueSpecification\",\"valueRequired\":true,\"valueName\":\"search_term_string\"}}],\"inLanguage\":\"de\"},{\"@type\":\"Organization\",\"@id\":\"https:\\\/\\\/alizel.de\\\/online\\\/#organization\",\"name\":\"ALIZEL Shop\",\"url\":\"https:\\\/\\\/alizel.de\\\/online\\\/\",\"logo\":{\"@type\":\"ImageObject\",\"inLanguage\":\"de\",\"@id\":\"https:\\\/\\\/alizel.de\\\/online\\\/#\\\/schema\\\/logo\\\/image\\\/\",\"url\":\"https:\\\/\\\/alizel.de\\\/shop\\\/wp-content\\\/uploads\\\/sites\\\/2\\\/2025\\\/08\\\/alizel100.jpg\",\"contentUrl\":\"https:\\\/\\\/alizel.de\\\/shop\\\/wp-content\\\/uploads\\\/sites\\\/2\\\/2025\\\/08\\\/alizel100.jpg\",\"width\":1069,\"height\":600,\"caption\":\"ALIZEL Shop\"},\"image\":{\"@id\":\"https:\\\/\\\/alizel.de\\\/online\\\/#\\\/schema\\\/logo\\\/image\\\/\"}}]}<\/script>\n<!-- \/ Yoast SEO plugin. -->","yoast_head_json":{"title":"Zitrone bio PRIMAVERA\u00ae, 5 ml - ALIZEL Online-Shop","robots":{"index":"index","follow":"follow","max-snippet":"max-snippet:-1","max-image-preview":"max-image-preview:large","max-video-preview":"max-video-preview:-1"},"canonical":"https:\/\/alizel.de\/online\/produkt\/zitrone-bio-primavera-5-ml\/","og_locale":"de_DE","og_type":"article","og_title":"Zitrone bio PRIMAVERA\u00ae, 5 ml - ALIZEL Online-Shop","og_description":"5 ml nat\u00fcrliches \u00e4therisches Zitronen\u00f6l.","og_url":"https:\/\/alizel.de\/online\/produkt\/zitrone-bio-primavera-5-ml\/","og_site_name":"ALIZEL Online-Shop","article_modified_time":"2025-12-16T06:04:23+00:00","og_image":[{"width":800,"height":800,"url":"https:\/\/alizel.de\/online\/wp-content\/uploads\/sites\/2\/2025\/09\/IP10599.jpg","type":"image\/jpeg"}],"twitter_card":"summary_large_image","twitter_misc":{"Gesch\u00e4tzte Lesezeit":"1\u00a0Minute"},"schema":{"@context":"https:\/\/schema.org","@graph":[{"@type":"WebPage","@id":"https:\/\/alizel.de\/online\/produkt\/zitrone-bio-primavera-5-ml\/","url":"https:\/\/alizel.de\/online\/produkt\/zitrone-bio-primavera-5-ml\/","name":"Zitrone bio PRIMAVERA\u00ae, 5 ml - ALIZEL Online-Shop","isPartOf":{"@id":"https:\/\/alizel.de\/online\/#website"},"primaryImageOfPage":{"@id":"https:\/\/alizel.de\/online\/produkt\/zitrone-bio-primavera-5-ml\/#primaryimage"},"image":{"@id":"https:\/\/alizel.de\/online\/produkt\/zitrone-bio-primavera-5-ml\/#primaryimage"},"thumbnailUrl":"https:\/\/alizel.de\/online\/wp-content\/uploads\/sites\/2\/2025\/09\/IP10599.jpg","datePublished":"2025-09-26T04:04:12+00:00","dateModified":"2025-12-16T06:04:23+00:00","breadcrumb":{"@id":"https:\/\/alizel.de\/online\/produkt\/zitrone-bio-primavera-5-ml\/#breadcrumb"},"inLanguage":"de","potentialAction":[{"@type":"ReadAction","target":["https:\/\/alizel.de\/online\/produkt\/zitrone-bio-primavera-5-ml\/"]}]},{"@type":"ImageObject","inLanguage":"de","@id":"https:\/\/alizel.de\/online\/produkt\/zitrone-bio-primavera-5-ml\/#primaryimage","url":"https:\/\/alizel.de\/online\/wp-content\/uploads\/sites\/2\/2025\/09\/IP10599.jpg","contentUrl":"https:\/\/alizel.de\/online\/wp-content\/uploads\/sites\/2\/2025\/09\/IP10599.jpg","width":800,"height":800,"caption":"Zitrone bio"},{"@type":"BreadcrumbList","@id":"https:\/\/alizel.de\/online\/produkt\/zitrone-bio-primavera-5-ml\/#breadcrumb","itemListElement":[{"@type":"ListItem","position":1,"name":"Startseite","item":"https:\/\/alizel.de\/online\/"},{"@type":"ListItem","position":2,"name":"Shop","item":"https:\/\/alizel.de\/online\/shop\/"},{"@type":"ListItem","position":3,"name":"Zitrone bio PRIMAVERA\u00ae, 5 ml"}]},{"@type":"WebSite","@id":"https:\/\/alizel.de\/online\/#website","url":"https:\/\/alizel.de\/online\/","name":"ALIZEL Shop","description":"Online-Shop der ALIZEL Gruppe","publisher":{"@id":"https:\/\/alizel.de\/online\/#organization"},"potentialAction":[{"@type":"SearchAction","target":{"@type":"EntryPoint","urlTemplate":"https:\/\/alizel.de\/online\/?s={search_term_string}"},"query-input":{"@type":"PropertyValueSpecification","valueRequired":true,"valueName":"search_term_string"}}],"inLanguage":"de"},{"@type":"Organization","@id":"https:\/\/alizel.de\/online\/#organization","name":"ALIZEL Shop","url":"https:\/\/alizel.de\/online\/","logo":{"@type":"ImageObject","inLanguage":"de","@id":"https:\/\/alizel.de\/online\/#\/schema\/logo\/image\/","url":"https:\/\/alizel.de\/shop\/wp-content\/uploads\/sites\/2\/2025\/08\/alizel100.jpg","contentUrl":"https:\/\/alizel.de\/shop\/wp-content\/uploads\/sites\/2\/2025\/08\/alizel100.jpg","width":1069,"height":600,"caption":"ALIZEL Shop"},"image":{"@id":"https:\/\/alizel.de\/online\/#\/schema\/logo\/image\/"}}]}},"taxonomy_info":{"product_brand":[{"value":123,"label":"PRIMAVERA\u00ae"}],"product_cat":[{"value":81,"label":"Wohlf\u00fchl-Natur"}],"product_tag":[{"value":186,"label":"Appetit"},{"value":225,"label":"\u00c4therische \u00d6le"},{"value":82,"label":"Hautpflege"},{"value":85,"label":"Raumduft"},{"value":187,"label":"Schwangerschaft"}]},"featured_image_src_large":["https:\/\/alizel.de\/online\/wp-content\/uploads\/sites\/2\/2025\/09\/IP10599.jpg",800,800,false],"author_info":[],"comment_info":0,"_links":{"self":[{"href":"https:\/\/alizel.de\/online\/wp-json\/wp\/v2\/product\/719","targetHints":{"allow":["GET"]}}],"collection":[{"href":"https:\/\/alizel.de\/online\/wp-json\/wp\/v2\/product"}],"about":[{"href":"https:\/\/alizel.de\/online\/wp-json\/wp\/v2\/types\/product"}],"replies":[{"embeddable":true,"href":"https:\/\/alizel.de\/online\/wp-json\/wp\/v2\/comments?post=719"}],"wp:featuredmedia":[{"embeddable":true,"href":"https:\/\/alizel.de\/online\/wp-json\/wp\/v2\/media\/720"}],"wp:attachment":[{"href":"https:\/\/alizel.de\/online\/wp-json\/wp\/v2\/media?parent=719"}],"wp:term":[{"taxonomy":"product_brand","embeddable":true,"href":"https:\/\/alizel.de\/online\/wp-json\/wp\/v2\/product_brand?post=719"},{"taxonomy":"product_cat","embeddable":true,"href":"https:\/\/alizel.de\/online\/wp-json\/wp\/v2\/product_cat?post=719"},{"taxonomy":"product_tag","embeddable":true,"href":"https:\/\/alizel.de\/online\/wp-json\/wp\/v2\/product_tag?post=719"},{"taxonomy":"product_brands","embeddable":true,"href":"https:\/\/alizel.de\/online\/wp-json\/wp\/v2\/product_brands?post=719"}],"curies":[{"name":"wp","href":"https:\/\/api.w.org\/{rel}","templated":true}]}}