{"id":784,"date":"2025-09-28T06:40:30","date_gmt":"2025-09-28T04:40:30","guid":{"rendered":"https:\/\/alizel.de\/online\/?post_type=product&#038;p=784"},"modified":"2025-09-28T07:04:47","modified_gmt":"2025-09-28T05:04:47","slug":"140-cm-halskette-tuerkis-mit-perlmutt","status":"publish","type":"product","link":"https:\/\/alizel.de\/online\/produkt\/140-cm-halskette-tuerkis-mit-perlmutt\/","title":{"rendered":"140 cm Halskette T\u00fcrkis mit Perlmutt"},"content":{"rendered":"\n<h2 class=\"wp-block-heading\">140 cm Halskette T\u00fcrkis mit Perlmutt<\/h2>\n\n\n\n<p>Die 140 cm lange Halskette T\u00fcrkis mit Perlmutt ist eine in sich geschlossene Halskette mit Perlmutt-Nuggets, Perlmutt-Pl\u00e4ttchen und T\u00fcrkis-Splitter auf Schmuckdraht aufgef\u00e4delt. Lieferung im Aufbewahrungsbeutel aus 100 % Baumwolle ohne Deko.<\/p>\n\n\n\n<p>Perlmutt wird nachgesagt, dass es das Selbstbewusstsein st\u00e4rkt, emotionale Blockaden l\u00f6st und Harmonie im Leben f\u00f6rdert.<\/p>\n\n\n\n<p>T\u00fcrkis wird seit Jahrhunderten als Schutzstein verwendet und wird in der Meditation eingesetzt, um Ruhe, Gelassenheit und eine tiefere Verbindung zu finden. Er kann dabei unterst\u00fctzen, Altes loszulassen, neue Erfahrungen zuzulassen und das pers\u00f6nliche Wachstum und die Selbstentfaltung zu f\u00f6rdern.<\/p>\n\n\n\n<h3 class=\"wp-block-heading\">Details zu Halskette T\u00fcrkis mit Perlmutt<\/h3>\n\n\n\n<ul class=\"wp-block-list\">\n<li>Farbe Halskette: T\u00fcrkis<\/li>\n\n\n\n<li>L\u00e4nge Halskette: ca. 140 cm<\/li>\n\n\n\n<li>Verschluss: Geschlossene Kette ohne Verschluss<\/li>\n\n\n\n<li>Aufbewahrungsbeutel: 100% Baumwolle, Naturell<\/li>\n\n\n\n<li>Style: Fashion Jewelry, Modeschmuck, XL-Collier, Perlmuttschmuck, Halsschmuck, Statement-Kette<\/li>\n\n\n\n<li>Artikel-Nr.: 401024<\/li>\n<\/ul>\n","protected":false},"excerpt":{"rendered":"<p>Halskette mit Perlmutt und T\u00fcrkis<\/p>\n","protected":false},"featured_media":785,"comment_status":"closed","ping_status":"closed","template":"","meta":{"_kad_blocks_custom_css":"","_kad_blocks_head_custom_js":"","_kad_blocks_body_custom_js":"","_kad_blocks_footer_custom_js":"","_kad_post_transparent":"","_kad_post_title":"","_kad_post_layout":"","_kad_post_sidebar_id":"","_kad_post_content_style":"","_kad_post_vertical_padding":"","_kad_post_feature":"","_kad_post_feature_position":"","_kad_post_header":false,"_kad_post_footer":false,"_kad_post_classname":""},"product_brand":[],"product_cat":[74],"product_tag":[72,56,148,36,168,77,37,193,192],"product_brands":[],"class_list":{"0":"post-784","1":"product","2":"type-product","3":"status-publish","4":"has-post-thumbnail","6":"product_cat-wohlfuehl-accessoires","7":"product_tag-balance","8":"product_tag-blockaden","9":"product_tag-entspannung","10":"product_tag-harmonie","11":"product_tag-meditation","12":"product_tag-schmuck","13":"product_tag-schutz","14":"product_tag-selbstbewusstsein","15":"product_tag-statement","16":"product_shipping_class-paeckchen-bis-2-kg","18":"first","19":"instock","20":"taxable","21":"shipping-taxable","22":"purchasable","23":"product-type-simple","24":"entry","25":"content-bg","26":"loop-entry"},"yoast_head":"<!-- This site is optimized with the Yoast SEO plugin v27.5 - https:\/\/yoast.com\/product\/yoast-seo-wordpress\/ -->\n<title>140 cm Halskette T\u00fcrkis mit Perlmutt - ALIZEL Online-Shop<\/title>\n<meta name=\"description\" content=\"Halskette T\u00fcrkis mit Perlmutt ist eine in sich geschlossene Halskette mit Perlmutt-Nuggets, Perlmutt-Pl\u00e4ttchen und T\u00fcrkis-Splitter auf Schmuckdraht.\" \/>\n<meta name=\"robots\" content=\"index, follow, max-snippet:-1, max-image-preview:large, max-video-preview:-1\" \/>\n<link rel=\"canonical\" href=\"https:\/\/alizel.de\/online\/produkt\/140-cm-halskette-tuerkis-mit-perlmutt\/\" \/>\n<meta property=\"og:locale\" content=\"de_DE\" \/>\n<meta property=\"og:type\" content=\"article\" \/>\n<meta property=\"og:title\" content=\"140 cm Halskette T\u00fcrkis mit Perlmutt - ALIZEL Online-Shop\" \/>\n<meta property=\"og:description\" content=\"Halskette T\u00fcrkis mit Perlmutt ist eine in sich geschlossene Halskette mit Perlmutt-Nuggets, Perlmutt-Pl\u00e4ttchen und T\u00fcrkis-Splitter auf Schmuckdraht.\" \/>\n<meta property=\"og:url\" content=\"https:\/\/alizel.de\/online\/produkt\/140-cm-halskette-tuerkis-mit-perlmutt\/\" \/>\n<meta property=\"og:site_name\" content=\"ALIZEL Online-Shop\" \/>\n<meta property=\"article:modified_time\" content=\"2025-09-28T05:04:47+00:00\" \/>\n<meta property=\"og:image\" content=\"https:\/\/alizel.de\/online\/wp-content\/uploads\/sites\/2\/2025\/09\/401024a.jpg\" \/>\n\t<meta property=\"og:image:width\" content=\"800\" \/>\n\t<meta property=\"og:image:height\" content=\"800\" \/>\n\t<meta property=\"og:image:type\" content=\"image\/jpeg\" \/>\n<meta name=\"twitter:card\" content=\"summary_large_image\" \/>\n<meta name=\"twitter:label1\" content=\"Gesch\u00e4tzte Lesezeit\" \/>\n\t<meta name=\"twitter:data1\" content=\"1\u00a0Minute\" \/>\n<script type=\"application\/ld+json\" class=\"yoast-schema-graph\">{\"@context\":\"https:\\\/\\\/schema.org\",\"@graph\":[{\"@type\":\"WebPage\",\"@id\":\"https:\\\/\\\/alizel.de\\\/online\\\/produkt\\\/140-cm-halskette-tuerkis-mit-perlmutt\\\/\",\"url\":\"https:\\\/\\\/alizel.de\\\/online\\\/produkt\\\/140-cm-halskette-tuerkis-mit-perlmutt\\\/\",\"name\":\"140 cm Halskette T\u00fcrkis mit Perlmutt - ALIZEL Online-Shop\",\"isPartOf\":{\"@id\":\"https:\\\/\\\/alizel.de\\\/online\\\/#website\"},\"primaryImageOfPage\":{\"@id\":\"https:\\\/\\\/alizel.de\\\/online\\\/produkt\\\/140-cm-halskette-tuerkis-mit-perlmutt\\\/#primaryimage\"},\"image\":{\"@id\":\"https:\\\/\\\/alizel.de\\\/online\\\/produkt\\\/140-cm-halskette-tuerkis-mit-perlmutt\\\/#primaryimage\"},\"thumbnailUrl\":\"https:\\\/\\\/alizel.de\\\/online\\\/wp-content\\\/uploads\\\/sites\\\/2\\\/2025\\\/09\\\/401024a.jpg\",\"datePublished\":\"2025-09-28T04:40:30+00:00\",\"dateModified\":\"2025-09-28T05:04:47+00:00\",\"description\":\"Halskette T\u00fcrkis mit Perlmutt ist eine in sich geschlossene Halskette mit Perlmutt-Nuggets, Perlmutt-Pl\u00e4ttchen und T\u00fcrkis-Splitter auf Schmuckdraht.\",\"breadcrumb\":{\"@id\":\"https:\\\/\\\/alizel.de\\\/online\\\/produkt\\\/140-cm-halskette-tuerkis-mit-perlmutt\\\/#breadcrumb\"},\"inLanguage\":\"de\",\"potentialAction\":[{\"@type\":\"ReadAction\",\"target\":[\"https:\\\/\\\/alizel.de\\\/online\\\/produkt\\\/140-cm-halskette-tuerkis-mit-perlmutt\\\/\"]}]},{\"@type\":\"ImageObject\",\"inLanguage\":\"de\",\"@id\":\"https:\\\/\\\/alizel.de\\\/online\\\/produkt\\\/140-cm-halskette-tuerkis-mit-perlmutt\\\/#primaryimage\",\"url\":\"https:\\\/\\\/alizel.de\\\/online\\\/wp-content\\\/uploads\\\/sites\\\/2\\\/2025\\\/09\\\/401024a.jpg\",\"contentUrl\":\"https:\\\/\\\/alizel.de\\\/online\\\/wp-content\\\/uploads\\\/sites\\\/2\\\/2025\\\/09\\\/401024a.jpg\",\"width\":800,\"height\":800,\"caption\":\"Halskette T\u00fcrkis mit Perlmutt\"},{\"@type\":\"BreadcrumbList\",\"@id\":\"https:\\\/\\\/alizel.de\\\/online\\\/produkt\\\/140-cm-halskette-tuerkis-mit-perlmutt\\\/#breadcrumb\",\"itemListElement\":[{\"@type\":\"ListItem\",\"position\":1,\"name\":\"Startseite\",\"item\":\"https:\\\/\\\/alizel.de\\\/online\\\/\"},{\"@type\":\"ListItem\",\"position\":2,\"name\":\"Shop\",\"item\":\"https:\\\/\\\/alizel.de\\\/online\\\/shop\\\/\"},{\"@type\":\"ListItem\",\"position\":3,\"name\":\"140 cm Halskette T\u00fcrkis mit Perlmutt\"}]},{\"@type\":\"WebSite\",\"@id\":\"https:\\\/\\\/alizel.de\\\/online\\\/#website\",\"url\":\"https:\\\/\\\/alizel.de\\\/online\\\/\",\"name\":\"ALIZEL Shop\",\"description\":\"Online-Shop der ALIZEL Gruppe\",\"publisher\":{\"@id\":\"https:\\\/\\\/alizel.de\\\/online\\\/#organization\"},\"potentialAction\":[{\"@type\":\"SearchAction\",\"target\":{\"@type\":\"EntryPoint\",\"urlTemplate\":\"https:\\\/\\\/alizel.de\\\/online\\\/?s={search_term_string}\"},\"query-input\":{\"@type\":\"PropertyValueSpecification\",\"valueRequired\":true,\"valueName\":\"search_term_string\"}}],\"inLanguage\":\"de\"},{\"@type\":\"Organization\",\"@id\":\"https:\\\/\\\/alizel.de\\\/online\\\/#organization\",\"name\":\"ALIZEL Shop\",\"url\":\"https:\\\/\\\/alizel.de\\\/online\\\/\",\"logo\":{\"@type\":\"ImageObject\",\"inLanguage\":\"de\",\"@id\":\"https:\\\/\\\/alizel.de\\\/online\\\/#\\\/schema\\\/logo\\\/image\\\/\",\"url\":\"https:\\\/\\\/alizel.de\\\/shop\\\/wp-content\\\/uploads\\\/sites\\\/2\\\/2025\\\/08\\\/alizel100.jpg\",\"contentUrl\":\"https:\\\/\\\/alizel.de\\\/shop\\\/wp-content\\\/uploads\\\/sites\\\/2\\\/2025\\\/08\\\/alizel100.jpg\",\"width\":1069,\"height\":600,\"caption\":\"ALIZEL Shop\"},\"image\":{\"@id\":\"https:\\\/\\\/alizel.de\\\/online\\\/#\\\/schema\\\/logo\\\/image\\\/\"}}]}<\/script>\n<!-- \/ Yoast SEO plugin. -->","yoast_head_json":{"title":"140 cm Halskette T\u00fcrkis mit Perlmutt - ALIZEL Online-Shop","description":"Halskette T\u00fcrkis mit Perlmutt ist eine in sich geschlossene Halskette mit Perlmutt-Nuggets, Perlmutt-Pl\u00e4ttchen und T\u00fcrkis-Splitter auf Schmuckdraht.","robots":{"index":"index","follow":"follow","max-snippet":"max-snippet:-1","max-image-preview":"max-image-preview:large","max-video-preview":"max-video-preview:-1"},"canonical":"https:\/\/alizel.de\/online\/produkt\/140-cm-halskette-tuerkis-mit-perlmutt\/","og_locale":"de_DE","og_type":"article","og_title":"140 cm Halskette T\u00fcrkis mit Perlmutt - ALIZEL Online-Shop","og_description":"Halskette T\u00fcrkis mit Perlmutt ist eine in sich geschlossene Halskette mit Perlmutt-Nuggets, Perlmutt-Pl\u00e4ttchen und T\u00fcrkis-Splitter auf Schmuckdraht.","og_url":"https:\/\/alizel.de\/online\/produkt\/140-cm-halskette-tuerkis-mit-perlmutt\/","og_site_name":"ALIZEL Online-Shop","article_modified_time":"2025-09-28T05:04:47+00:00","og_image":[{"width":800,"height":800,"url":"https:\/\/alizel.de\/online\/wp-content\/uploads\/sites\/2\/2025\/09\/401024a.jpg","type":"image\/jpeg"}],"twitter_card":"summary_large_image","twitter_misc":{"Gesch\u00e4tzte Lesezeit":"1\u00a0Minute"},"schema":{"@context":"https:\/\/schema.org","@graph":[{"@type":"WebPage","@id":"https:\/\/alizel.de\/online\/produkt\/140-cm-halskette-tuerkis-mit-perlmutt\/","url":"https:\/\/alizel.de\/online\/produkt\/140-cm-halskette-tuerkis-mit-perlmutt\/","name":"140 cm Halskette T\u00fcrkis mit Perlmutt - ALIZEL Online-Shop","isPartOf":{"@id":"https:\/\/alizel.de\/online\/#website"},"primaryImageOfPage":{"@id":"https:\/\/alizel.de\/online\/produkt\/140-cm-halskette-tuerkis-mit-perlmutt\/#primaryimage"},"image":{"@id":"https:\/\/alizel.de\/online\/produkt\/140-cm-halskette-tuerkis-mit-perlmutt\/#primaryimage"},"thumbnailUrl":"https:\/\/alizel.de\/online\/wp-content\/uploads\/sites\/2\/2025\/09\/401024a.jpg","datePublished":"2025-09-28T04:40:30+00:00","dateModified":"2025-09-28T05:04:47+00:00","description":"Halskette T\u00fcrkis mit Perlmutt ist eine in sich geschlossene Halskette mit Perlmutt-Nuggets, Perlmutt-Pl\u00e4ttchen und T\u00fcrkis-Splitter auf Schmuckdraht.","breadcrumb":{"@id":"https:\/\/alizel.de\/online\/produkt\/140-cm-halskette-tuerkis-mit-perlmutt\/#breadcrumb"},"inLanguage":"de","potentialAction":[{"@type":"ReadAction","target":["https:\/\/alizel.de\/online\/produkt\/140-cm-halskette-tuerkis-mit-perlmutt\/"]}]},{"@type":"ImageObject","inLanguage":"de","@id":"https:\/\/alizel.de\/online\/produkt\/140-cm-halskette-tuerkis-mit-perlmutt\/#primaryimage","url":"https:\/\/alizel.de\/online\/wp-content\/uploads\/sites\/2\/2025\/09\/401024a.jpg","contentUrl":"https:\/\/alizel.de\/online\/wp-content\/uploads\/sites\/2\/2025\/09\/401024a.jpg","width":800,"height":800,"caption":"Halskette T\u00fcrkis mit Perlmutt"},{"@type":"BreadcrumbList","@id":"https:\/\/alizel.de\/online\/produkt\/140-cm-halskette-tuerkis-mit-perlmutt\/#breadcrumb","itemListElement":[{"@type":"ListItem","position":1,"name":"Startseite","item":"https:\/\/alizel.de\/online\/"},{"@type":"ListItem","position":2,"name":"Shop","item":"https:\/\/alizel.de\/online\/shop\/"},{"@type":"ListItem","position":3,"name":"140 cm Halskette T\u00fcrkis mit Perlmutt"}]},{"@type":"WebSite","@id":"https:\/\/alizel.de\/online\/#website","url":"https:\/\/alizel.de\/online\/","name":"ALIZEL Shop","description":"Online-Shop der ALIZEL Gruppe","publisher":{"@id":"https:\/\/alizel.de\/online\/#organization"},"potentialAction":[{"@type":"SearchAction","target":{"@type":"EntryPoint","urlTemplate":"https:\/\/alizel.de\/online\/?s={search_term_string}"},"query-input":{"@type":"PropertyValueSpecification","valueRequired":true,"valueName":"search_term_string"}}],"inLanguage":"de"},{"@type":"Organization","@id":"https:\/\/alizel.de\/online\/#organization","name":"ALIZEL Shop","url":"https:\/\/alizel.de\/online\/","logo":{"@type":"ImageObject","inLanguage":"de","@id":"https:\/\/alizel.de\/online\/#\/schema\/logo\/image\/","url":"https:\/\/alizel.de\/shop\/wp-content\/uploads\/sites\/2\/2025\/08\/alizel100.jpg","contentUrl":"https:\/\/alizel.de\/shop\/wp-content\/uploads\/sites\/2\/2025\/08\/alizel100.jpg","width":1069,"height":600,"caption":"ALIZEL Shop"},"image":{"@id":"https:\/\/alizel.de\/online\/#\/schema\/logo\/image\/"}}]}},"taxonomy_info":{"product_cat":[{"value":74,"label":"Wohlf\u00fchl-Accessoires"}],"product_tag":[{"value":72,"label":"Balance"},{"value":56,"label":"Blockaden"},{"value":148,"label":"Entspannung"},{"value":36,"label":"Harmonie"},{"value":168,"label":"Meditation"},{"value":77,"label":"Schmuck"},{"value":37,"label":"Schutz"},{"value":193,"label":"Selbstbewusstsein"},{"value":192,"label":"Statement"}]},"featured_image_src_large":["https:\/\/alizel.de\/online\/wp-content\/uploads\/sites\/2\/2025\/09\/401024a.jpg",800,800,false],"author_info":[],"comment_info":0,"_links":{"self":[{"href":"https:\/\/alizel.de\/online\/wp-json\/wp\/v2\/product\/784","targetHints":{"allow":["GET"]}}],"collection":[{"href":"https:\/\/alizel.de\/online\/wp-json\/wp\/v2\/product"}],"about":[{"href":"https:\/\/alizel.de\/online\/wp-json\/wp\/v2\/types\/product"}],"replies":[{"embeddable":true,"href":"https:\/\/alizel.de\/online\/wp-json\/wp\/v2\/comments?post=784"}],"wp:featuredmedia":[{"embeddable":true,"href":"https:\/\/alizel.de\/online\/wp-json\/wp\/v2\/media\/785"}],"wp:attachment":[{"href":"https:\/\/alizel.de\/online\/wp-json\/wp\/v2\/media?parent=784"}],"wp:term":[{"taxonomy":"product_brand","embeddable":true,"href":"https:\/\/alizel.de\/online\/wp-json\/wp\/v2\/product_brand?post=784"},{"taxonomy":"product_cat","embeddable":true,"href":"https:\/\/alizel.de\/online\/wp-json\/wp\/v2\/product_cat?post=784"},{"taxonomy":"product_tag","embeddable":true,"href":"https:\/\/alizel.de\/online\/wp-json\/wp\/v2\/product_tag?post=784"},{"taxonomy":"product_brands","embeddable":true,"href":"https:\/\/alizel.de\/online\/wp-json\/wp\/v2\/product_brands?post=784"}],"curies":[{"name":"wp","href":"https:\/\/api.w.org\/{rel}","templated":true}]}}