{"id":82,"date":"2025-08-23T07:48:39","date_gmt":"2025-08-23T05:48:39","guid":{"rendered":"https:\/\/alizel.de\/online\/?post_type=product&#038;p=82"},"modified":"2026-04-14T15:24:23","modified_gmt":"2026-04-14T13:24:23","slug":"innergetic-card","status":"publish","type":"product","link":"https:\/\/alizel.de\/online\/produkt\/innergetic-card\/","title":{"rendered":"Innergetic Card"},"content":{"rendered":"\n<h2 class=\"wp-block-heading\">Innergetic Card<\/h2>\n\n\n\n<p>In allem Leben und in der Umwelt, die uns umgibt ist Energie. In uns Menschen nennen wir es Lebensenergie. St\u00f6rungen oder sogar Blockaden der Lebensenergie k\u00f6nnen gravierende Folgen nach sich ziehen und unser Gesundheit und Wohlbefinden st\u00f6ren. Die Innergetic Card ist eine pr\u00e4dominante Sch\u00f6pfung, die speziell entwickelt wurde, um die Lebensenergie im Fluss zu halten und st\u00f6rende Einfl\u00fcsse wie z.B. Elektrosmog auszugleichen.<\/p>\n\n\n\n<h2 class=\"wp-block-heading\">Was die Innergetic Card ausmacht?<\/h2>\n\n\n\n<p>Nutze die Karte mit einer offenen und positiven Einstellung. Es ist wichtig, dass du die Innergetic Card mit positiver Absicht und offenem Geist verwendest. Erlebe ein neues Lebensgef\u00fchl voller Energie, Schutz und Harmonie. Hier die m\u00f6gliche Leistungen in K\u00fcrze:<\/p>\n\n\n\n<ul class=\"wp-block-list\">\n<li>Verst\u00e4rkt den Flow der Lebensenergie<\/li>\n\n\n\n<li>Harmonisiert unerw\u00fcnschte Energiefresser<\/li>\n\n\n\n<li>Vitalisiert Speisen und Getr\u00e4nke<\/li>\n\n\n\n<li>Harmonisiert Umwelteinfl\u00fcsse wie Elektrosmog<\/li>\n\n\n\n<li>F\u00f6rdert die Selbstheilungskr\u00e4fte<\/li>\n\n\n\n<li>St\u00e4rkt das Immunsystem<\/li>\n\n\n\n<li>Bringt K\u00f6rper und Geist in Gleichgewicht<\/li>\n<\/ul>\n\n\n\n<p><strong>Tipp<\/strong>: Lese&nbsp;<a href=\"https:\/\/innergetic.info\/card\/\" target=\"_blank\" rel=\"noopener\">hier die ausf\u00fchrlichen Informationen<\/a>&nbsp;auf der offiziellen Innergetic Card Website.<\/p>\n\n\n\n<h2 class=\"wp-block-heading\">Deine Lebensenergie<\/h2>\n\n\n\n<p>In dir wohnt eine ungeahnte Kraft, eine Quelle der Energie, die dich dazu bef\u00e4higt, ein gesundes, gl\u00fcckliches und erf\u00fclltes Leben zu f\u00fchren. Diese Energie, die als Lebensenergie bezeichnet wird, durchstr\u00f6mt deinen K\u00f6rper und deine Seele. Sie ist die Kraft, die dich antreibt, dich lebendig und gesund h\u00e4lt.<\/p>\n\n\n\n<p>Doch manchmal kann diese Energie blockiert oder geschw\u00e4cht sein. Krankheit, negative Gedanken und ein hektischer Lebensstil k\u00f6nnen dazu f\u00fchren, dass du dich ausgelaugt und leer f\u00fchlst. Die gute Nachricht ist, dass du deine Lebensenergie wiedererwecken, st\u00e4rken und kultivieren kannst. Diese kleine Karte kann dir dabei helfen.<\/p>\n\n\n\n<p><strong>Lesetipp<\/strong>: Mehr \u00fcber die Lebensenergie in unserem Magazin:&nbsp;<a href=\"https:\/\/beledama.de\/blog\/lebensenergie-das-geheimnis-fuer-ein-gesundes-und-erfuelltes-leben\/#was-blockiert-deine-lebensenergie\" target=\"_blank\" rel=\"noopener\">Lebensenergie: Das Geheimnis f\u00fcr ein gesundes und erf\u00fclltes Leben<\/a><\/p>\n\n\n\n<h2 class=\"wp-block-heading\">Details der Karte<\/h2>\n\n\n\n<ul class=\"wp-block-list\">\n<li>Format: 86 x 54 x 0,66 mm (formatgleich mit Bankkarten)<\/li>\n\n\n\n<li>Gewicht: ca. 6 Gramm<\/li>\n\n\n\n<li>Material: Hart-PVC ohne Weichmacher (unplastifiziertes PVC), 100 % recycelbar<\/li>\n\n\n\n<li>Technische Eigenschaft: stabil, abriebfest und schmutzabweisend<\/li>\n\n\n\n<li>Reinigung: Einfach mit einem feuchten Tuch abwischen<\/li>\n<\/ul>\n\n\n\n<h2 class=\"wp-block-heading\">Rechtliche Hinweise<\/h2>\n\n\n\n<p>Die Anwendungsbeispiele, Ratschl\u00e4ge und L\u00f6sungsans\u00e4tze basieren auf jahrelanger Erfahrung und Erkenntnissen. Die Karte selbst ist jedoch kein Medizinprodukt und ersetzt nicht die Diagnose oder Behandlung einer Krankheit durch einen Arzt. Die Eigenschaften und Wirkungsweise der Orgonenergie sowie die Prinzipien der Bioresonanz sind von der Schulmedizin derzeit nicht anerkannt.<\/p>\n\n\n\n<p>Artikel-Nr.: 6024101<br>Tags: Vitalisierung, Harmonisierung, Energiekarte, Harmony Card, InnergeticCard<\/p>\n","protected":false},"excerpt":{"rendered":"<p>Karte f\u00fcr Energie, Schutz und Harmonie.<\/p>\n","protected":false},"featured_media":156,"comment_status":"open","ping_status":"closed","template":"","meta":{"_kad_blocks_custom_css":"","_kad_blocks_head_custom_js":"","_kad_blocks_body_custom_js":"","_kad_blocks_footer_custom_js":"","_kad_post_transparent":"default","_kad_post_title":"","_kad_post_layout":"default","_kad_post_sidebar_id":"","_kad_post_content_style":"default","_kad_post_vertical_padding":"default","_kad_post_feature":"","_kad_post_feature_position":"","_kad_post_header":false,"_kad_post_footer":false,"_kad_post_classname":""},"product_brand":[],"product_cat":[64],"product_tag":[72,35,71,34,36,122,57,37,84,70],"product_brands":[47],"class_list":{"0":"post-82","1":"product","2":"type-product","3":"status-publish","4":"has-post-thumbnail","6":"product_cat-energiekarten","7":"product_tag-balance","8":"product_tag-card","9":"product_tag-elektrosmog","10":"product_tag-energie","11":"product_tag-harmonie","12":"product_tag-innergetic","13":"product_tag-lebensenergie","14":"product_tag-schutz","15":"product_tag-stressabbau","16":"product_tag-vital","17":"product_shipping_class-waren-bis-50-g","18":"product_brands-innerplus","20":"first","21":"instock","22":"taxable","23":"shipping-taxable","24":"purchasable","25":"product-type-simple","26":"entry","27":"content-bg","28":"loop-entry"},"yoast_head":"<!-- This site is optimized with the Yoast SEO plugin v27.5 - https:\/\/yoast.com\/product\/yoast-seo-wordpress\/ -->\n<title>Innergetic Card - ALIZEL Online-Shop<\/title>\n<meta name=\"description\" content=\"Entwickelt, um die Lebensenergie im Fluss zu halten, st\u00f6rende Umwelteinflusse zu harmonisieren und vieles mehr. Hier die original Innergetic Card kaufen.\" \/>\n<meta name=\"robots\" content=\"index, follow, max-snippet:-1, max-image-preview:large, max-video-preview:-1\" \/>\n<link rel=\"canonical\" href=\"https:\/\/alizel.de\/online\/produkt\/innergetic-card\/\" \/>\n<meta property=\"og:locale\" content=\"de_DE\" \/>\n<meta property=\"og:type\" content=\"article\" \/>\n<meta property=\"og:title\" content=\"Innergetic Card - ALIZEL Online-Shop\" \/>\n<meta property=\"og:description\" content=\"Entwickelt, um die Lebensenergie im Fluss zu halten, st\u00f6rende Umwelteinflusse zu harmonisieren und vieles mehr. Hier die original Innergetic Card kaufen.\" \/>\n<meta property=\"og:url\" content=\"https:\/\/alizel.de\/online\/produkt\/innergetic-card\/\" \/>\n<meta property=\"og:site_name\" content=\"ALIZEL Online-Shop\" \/>\n<meta property=\"article:modified_time\" content=\"2026-04-14T13:24:23+00:00\" \/>\n<meta property=\"og:image\" content=\"https:\/\/alizel.de\/online\/wp-content\/uploads\/sites\/2\/2025\/08\/innergetic-card821-min.jpg\" \/>\n\t<meta property=\"og:image:width\" content=\"800\" \/>\n\t<meta property=\"og:image:height\" content=\"800\" \/>\n\t<meta property=\"og:image:type\" content=\"image\/jpeg\" \/>\n<meta name=\"twitter:card\" content=\"summary_large_image\" \/>\n<meta name=\"twitter:label1\" content=\"Gesch\u00e4tzte Lesezeit\" \/>\n\t<meta name=\"twitter:data1\" content=\"3\u00a0Minuten\" \/>\n<script type=\"application\/ld+json\" class=\"yoast-schema-graph\">{\"@context\":\"https:\\\/\\\/schema.org\",\"@graph\":[{\"@type\":\"WebPage\",\"@id\":\"https:\\\/\\\/alizel.de\\\/online\\\/produkt\\\/innergetic-card\\\/\",\"url\":\"https:\\\/\\\/alizel.de\\\/online\\\/produkt\\\/innergetic-card\\\/\",\"name\":\"Innergetic Card - ALIZEL Online-Shop\",\"isPartOf\":{\"@id\":\"https:\\\/\\\/alizel.de\\\/online\\\/#website\"},\"primaryImageOfPage\":{\"@id\":\"https:\\\/\\\/alizel.de\\\/online\\\/produkt\\\/innergetic-card\\\/#primaryimage\"},\"image\":{\"@id\":\"https:\\\/\\\/alizel.de\\\/online\\\/produkt\\\/innergetic-card\\\/#primaryimage\"},\"thumbnailUrl\":\"https:\\\/\\\/alizel.de\\\/online\\\/wp-content\\\/uploads\\\/sites\\\/2\\\/2025\\\/08\\\/innergetic-card821-min.jpg\",\"datePublished\":\"2025-08-23T05:48:39+00:00\",\"dateModified\":\"2026-04-14T13:24:23+00:00\",\"description\":\"Entwickelt, um die Lebensenergie im Fluss zu halten, st\u00f6rende Umwelteinflusse zu harmonisieren und vieles mehr. Hier die original Innergetic Card kaufen.\",\"breadcrumb\":{\"@id\":\"https:\\\/\\\/alizel.de\\\/online\\\/produkt\\\/innergetic-card\\\/#breadcrumb\"},\"inLanguage\":\"de\",\"potentialAction\":[{\"@type\":\"ReadAction\",\"target\":[\"https:\\\/\\\/alizel.de\\\/online\\\/produkt\\\/innergetic-card\\\/\"]}]},{\"@type\":\"ImageObject\",\"inLanguage\":\"de\",\"@id\":\"https:\\\/\\\/alizel.de\\\/online\\\/produkt\\\/innergetic-card\\\/#primaryimage\",\"url\":\"https:\\\/\\\/alizel.de\\\/online\\\/wp-content\\\/uploads\\\/sites\\\/2\\\/2025\\\/08\\\/innergetic-card821-min.jpg\",\"contentUrl\":\"https:\\\/\\\/alizel.de\\\/online\\\/wp-content\\\/uploads\\\/sites\\\/2\\\/2025\\\/08\\\/innergetic-card821-min.jpg\",\"width\":800,\"height\":800,\"caption\":\"Innergetic Card\"},{\"@type\":\"BreadcrumbList\",\"@id\":\"https:\\\/\\\/alizel.de\\\/online\\\/produkt\\\/innergetic-card\\\/#breadcrumb\",\"itemListElement\":[{\"@type\":\"ListItem\",\"position\":1,\"name\":\"Startseite\",\"item\":\"https:\\\/\\\/alizel.de\\\/online\\\/\"},{\"@type\":\"ListItem\",\"position\":2,\"name\":\"Shop\",\"item\":\"https:\\\/\\\/alizel.de\\\/online\\\/shop\\\/\"},{\"@type\":\"ListItem\",\"position\":3,\"name\":\"Innergetic Card\"}]},{\"@type\":\"WebSite\",\"@id\":\"https:\\\/\\\/alizel.de\\\/online\\\/#website\",\"url\":\"https:\\\/\\\/alizel.de\\\/online\\\/\",\"name\":\"ALIZEL Shop\",\"description\":\"Online-Shop der ALIZEL Gruppe\",\"publisher\":{\"@id\":\"https:\\\/\\\/alizel.de\\\/online\\\/#organization\"},\"potentialAction\":[{\"@type\":\"SearchAction\",\"target\":{\"@type\":\"EntryPoint\",\"urlTemplate\":\"https:\\\/\\\/alizel.de\\\/online\\\/?s={search_term_string}\"},\"query-input\":{\"@type\":\"PropertyValueSpecification\",\"valueRequired\":true,\"valueName\":\"search_term_string\"}}],\"inLanguage\":\"de\"},{\"@type\":\"Organization\",\"@id\":\"https:\\\/\\\/alizel.de\\\/online\\\/#organization\",\"name\":\"ALIZEL Shop\",\"url\":\"https:\\\/\\\/alizel.de\\\/online\\\/\",\"logo\":{\"@type\":\"ImageObject\",\"inLanguage\":\"de\",\"@id\":\"https:\\\/\\\/alizel.de\\\/online\\\/#\\\/schema\\\/logo\\\/image\\\/\",\"url\":\"https:\\\/\\\/alizel.de\\\/shop\\\/wp-content\\\/uploads\\\/sites\\\/2\\\/2025\\\/08\\\/alizel100.jpg\",\"contentUrl\":\"https:\\\/\\\/alizel.de\\\/shop\\\/wp-content\\\/uploads\\\/sites\\\/2\\\/2025\\\/08\\\/alizel100.jpg\",\"width\":1069,\"height\":600,\"caption\":\"ALIZEL Shop\"},\"image\":{\"@id\":\"https:\\\/\\\/alizel.de\\\/online\\\/#\\\/schema\\\/logo\\\/image\\\/\"}}]}<\/script>\n<!-- \/ Yoast SEO plugin. -->","yoast_head_json":{"title":"Innergetic Card - ALIZEL Online-Shop","description":"Entwickelt, um die Lebensenergie im Fluss zu halten, st\u00f6rende Umwelteinflusse zu harmonisieren und vieles mehr. Hier die original Innergetic Card kaufen.","robots":{"index":"index","follow":"follow","max-snippet":"max-snippet:-1","max-image-preview":"max-image-preview:large","max-video-preview":"max-video-preview:-1"},"canonical":"https:\/\/alizel.de\/online\/produkt\/innergetic-card\/","og_locale":"de_DE","og_type":"article","og_title":"Innergetic Card - ALIZEL Online-Shop","og_description":"Entwickelt, um die Lebensenergie im Fluss zu halten, st\u00f6rende Umwelteinflusse zu harmonisieren und vieles mehr. Hier die original Innergetic Card kaufen.","og_url":"https:\/\/alizel.de\/online\/produkt\/innergetic-card\/","og_site_name":"ALIZEL Online-Shop","article_modified_time":"2026-04-14T13:24:23+00:00","og_image":[{"width":800,"height":800,"url":"https:\/\/alizel.de\/online\/wp-content\/uploads\/sites\/2\/2025\/08\/innergetic-card821-min.jpg","type":"image\/jpeg"}],"twitter_card":"summary_large_image","twitter_misc":{"Gesch\u00e4tzte Lesezeit":"3\u00a0Minuten"},"schema":{"@context":"https:\/\/schema.org","@graph":[{"@type":"WebPage","@id":"https:\/\/alizel.de\/online\/produkt\/innergetic-card\/","url":"https:\/\/alizel.de\/online\/produkt\/innergetic-card\/","name":"Innergetic Card - ALIZEL Online-Shop","isPartOf":{"@id":"https:\/\/alizel.de\/online\/#website"},"primaryImageOfPage":{"@id":"https:\/\/alizel.de\/online\/produkt\/innergetic-card\/#primaryimage"},"image":{"@id":"https:\/\/alizel.de\/online\/produkt\/innergetic-card\/#primaryimage"},"thumbnailUrl":"https:\/\/alizel.de\/online\/wp-content\/uploads\/sites\/2\/2025\/08\/innergetic-card821-min.jpg","datePublished":"2025-08-23T05:48:39+00:00","dateModified":"2026-04-14T13:24:23+00:00","description":"Entwickelt, um die Lebensenergie im Fluss zu halten, st\u00f6rende Umwelteinflusse zu harmonisieren und vieles mehr. Hier die original Innergetic Card kaufen.","breadcrumb":{"@id":"https:\/\/alizel.de\/online\/produkt\/innergetic-card\/#breadcrumb"},"inLanguage":"de","potentialAction":[{"@type":"ReadAction","target":["https:\/\/alizel.de\/online\/produkt\/innergetic-card\/"]}]},{"@type":"ImageObject","inLanguage":"de","@id":"https:\/\/alizel.de\/online\/produkt\/innergetic-card\/#primaryimage","url":"https:\/\/alizel.de\/online\/wp-content\/uploads\/sites\/2\/2025\/08\/innergetic-card821-min.jpg","contentUrl":"https:\/\/alizel.de\/online\/wp-content\/uploads\/sites\/2\/2025\/08\/innergetic-card821-min.jpg","width":800,"height":800,"caption":"Innergetic Card"},{"@type":"BreadcrumbList","@id":"https:\/\/alizel.de\/online\/produkt\/innergetic-card\/#breadcrumb","itemListElement":[{"@type":"ListItem","position":1,"name":"Startseite","item":"https:\/\/alizel.de\/online\/"},{"@type":"ListItem","position":2,"name":"Shop","item":"https:\/\/alizel.de\/online\/shop\/"},{"@type":"ListItem","position":3,"name":"Innergetic Card"}]},{"@type":"WebSite","@id":"https:\/\/alizel.de\/online\/#website","url":"https:\/\/alizel.de\/online\/","name":"ALIZEL Shop","description":"Online-Shop der ALIZEL Gruppe","publisher":{"@id":"https:\/\/alizel.de\/online\/#organization"},"potentialAction":[{"@type":"SearchAction","target":{"@type":"EntryPoint","urlTemplate":"https:\/\/alizel.de\/online\/?s={search_term_string}"},"query-input":{"@type":"PropertyValueSpecification","valueRequired":true,"valueName":"search_term_string"}}],"inLanguage":"de"},{"@type":"Organization","@id":"https:\/\/alizel.de\/online\/#organization","name":"ALIZEL Shop","url":"https:\/\/alizel.de\/online\/","logo":{"@type":"ImageObject","inLanguage":"de","@id":"https:\/\/alizel.de\/online\/#\/schema\/logo\/image\/","url":"https:\/\/alizel.de\/shop\/wp-content\/uploads\/sites\/2\/2025\/08\/alizel100.jpg","contentUrl":"https:\/\/alizel.de\/shop\/wp-content\/uploads\/sites\/2\/2025\/08\/alizel100.jpg","width":1069,"height":600,"caption":"ALIZEL Shop"},"image":{"@id":"https:\/\/alizel.de\/online\/#\/schema\/logo\/image\/"}}]}},"taxonomy_info":{"product_cat":[{"value":64,"label":"Energiekarten"}],"product_tag":[{"value":72,"label":"Balance"},{"value":35,"label":"Card"},{"value":71,"label":"Elektrosmog"},{"value":34,"label":"Energie"},{"value":36,"label":"Harmonie"},{"value":122,"label":"Innergetic"},{"value":57,"label":"Lebensenergie"},{"value":37,"label":"Schutz"},{"value":84,"label":"Stressabbau"},{"value":70,"label":"Vital"}],"product_brands":[{"value":47,"label":"InnerPlus"}]},"featured_image_src_large":["https:\/\/alizel.de\/online\/wp-content\/uploads\/sites\/2\/2025\/08\/innergetic-card821-min.jpg",800,800,false],"author_info":[],"comment_info":0,"_links":{"self":[{"href":"https:\/\/alizel.de\/online\/wp-json\/wp\/v2\/product\/82","targetHints":{"allow":["GET"]}}],"collection":[{"href":"https:\/\/alizel.de\/online\/wp-json\/wp\/v2\/product"}],"about":[{"href":"https:\/\/alizel.de\/online\/wp-json\/wp\/v2\/types\/product"}],"replies":[{"embeddable":true,"href":"https:\/\/alizel.de\/online\/wp-json\/wp\/v2\/comments?post=82"}],"wp:featuredmedia":[{"embeddable":true,"href":"https:\/\/alizel.de\/online\/wp-json\/wp\/v2\/media\/156"}],"wp:attachment":[{"href":"https:\/\/alizel.de\/online\/wp-json\/wp\/v2\/media?parent=82"}],"wp:term":[{"taxonomy":"product_brand","embeddable":true,"href":"https:\/\/alizel.de\/online\/wp-json\/wp\/v2\/product_brand?post=82"},{"taxonomy":"product_cat","embeddable":true,"href":"https:\/\/alizel.de\/online\/wp-json\/wp\/v2\/product_cat?post=82"},{"taxonomy":"product_tag","embeddable":true,"href":"https:\/\/alizel.de\/online\/wp-json\/wp\/v2\/product_tag?post=82"},{"taxonomy":"product_brands","embeddable":true,"href":"https:\/\/alizel.de\/online\/wp-json\/wp\/v2\/product_brands?post=82"}],"curies":[{"name":"wp","href":"https:\/\/api.w.org\/{rel}","templated":true}]}}