{"id":879,"date":"2025-10-01T09:05:33","date_gmt":"2025-10-01T07:05:33","guid":{"rendered":"https:\/\/alizel.de\/online\/?post_type=product&#038;p=879"},"modified":"2025-10-01T09:20:30","modified_gmt":"2025-10-01T07:20:30","slug":"90-cm-halskette-black-onyx-stone","status":"publish","type":"product","link":"https:\/\/alizel.de\/online\/produkt\/90-cm-halskette-black-onyx-stone\/","title":{"rendered":"90 cm Halskette Black Onyx Stone"},"content":{"rendered":"<style>.wp-block-kadence-advancedheading.kt-adv-heading879_f28ef1-75, .wp-block-kadence-advancedheading.kt-adv-heading879_f28ef1-75[data-kb-block=\"kb-adv-heading879_f28ef1-75\"]{font-style:normal;}.wp-block-kadence-advancedheading.kt-adv-heading879_f28ef1-75 mark.kt-highlight, .wp-block-kadence-advancedheading.kt-adv-heading879_f28ef1-75[data-kb-block=\"kb-adv-heading879_f28ef1-75\"] mark.kt-highlight{font-style:normal;color:#f76a0c;-webkit-box-decoration-break:clone;box-decoration-break:clone;padding-top:0px;padding-right:0px;padding-bottom:0px;padding-left:0px;}.wp-block-kadence-advancedheading.kt-adv-heading879_f28ef1-75 img.kb-inline-image, .wp-block-kadence-advancedheading.kt-adv-heading879_f28ef1-75[data-kb-block=\"kb-adv-heading879_f28ef1-75\"] img.kb-inline-image{width:150px;vertical-align:baseline;}<\/style>\n<h2 class=\"kt-adv-heading879_f28ef1-75 wp-block-kadence-advancedheading\" data-kb-block=\"kb-adv-heading879_f28ef1-75\">90 cm Halskette Black Onyx Stone<\/h2>\n\n\n\n<p>Halskette Black Onyx Stone mit einer l\u00e4nge von 90 cm und einer ca. 12 cm langen Quaste. Der 30 x 42 mm ovale Onyx Stein ist nicht nur ein Blickfang, ihm werden positive Auswirkungen auf Haut, Magen, Milz, Herz, Augen, N\u00e4gel und Haare nachgesagt. Au\u00dferdem soll er das&nbsp;Immunsystem st\u00e4rken und sich positiv auf Seele und Psyche auswirken. Wissenschaftliche Belege f\u00fcr die Wirksamkeit liegen nicht vor.<\/p>\n\n\n\n<p>Die Kette besteht aus schwarzen Onyx-Steinen, Kunstperlen und Glasperlen. Lieferung im Aufbewahrungsbeutel aus 100 % Baumwolle, ohne Deko.<\/p>\n\n\n\n<ul class=\"wp-block-list\">\n<li>Farbe Halskette: transparent\/schwarz<\/li>\n\n\n\n<li>Verschluss: Geschlossene Kette ohne Verschluss<\/li>\n\n\n\n<li>L\u00e4nge Halskette: ca. 90 + 12 cm Quast<\/li>\n\n\n\n<li>Beutel: 100% Baumwolle, Naturell<\/li>\n<\/ul>\n\n\n\n<ul class=\"wp-block-list\">\n<li>Artikel-Nr.: 401002<\/li>\n\n\n\n<li>Style: Onyxschmuck, XL-Collier, Halsschmuck<\/li>\n<\/ul>\n","protected":false},"excerpt":{"rendered":"<p>Halskette mit Onyx Stein und Quast-Anh\u00e4nger<\/p>\n","protected":false},"featured_media":880,"comment_status":"closed","ping_status":"closed","template":"","meta":{"_kad_blocks_custom_css":"","_kad_blocks_head_custom_js":"","_kad_blocks_body_custom_js":"","_kad_blocks_footer_custom_js":"","_kad_post_transparent":"","_kad_post_title":"","_kad_post_layout":"","_kad_post_sidebar_id":"","_kad_post_content_style":"","_kad_post_vertical_padding":"","_kad_post_feature":"","_kad_post_feature_position":"","_kad_post_header":false,"_kad_post_footer":false,"_kad_post_classname":""},"product_brand":[],"product_cat":[74],"product_tag":[198,197,196],"product_brands":[],"class_list":{"0":"post-879","1":"product","2":"type-product","3":"status-publish","4":"has-post-thumbnail","6":"product_cat-wohlfuehl-accessoires","7":"product_tag-immunsystem","8":"product_tag-psyche","9":"product_tag-seele","10":"product_shipping_class-paeckchen-bis-2-kg","12":"first","13":"instock","14":"taxable","15":"shipping-taxable","16":"purchasable","17":"product-type-simple","18":"entry","19":"content-bg","20":"loop-entry"},"yoast_head":"<!-- This site is optimized with the Yoast SEO plugin v27.4 - https:\/\/yoast.com\/product\/yoast-seo-wordpress\/ -->\n<title>90 cm Halskette Black Onyx Stone - ALIZEL Online-Shop<\/title>\n<meta name=\"robots\" content=\"index, follow, max-snippet:-1, max-image-preview:large, max-video-preview:-1\" \/>\n<link rel=\"canonical\" href=\"https:\/\/alizel.de\/online\/produkt\/90-cm-halskette-black-onyx-stone\/\" \/>\n<meta property=\"og:locale\" content=\"de_DE\" \/>\n<meta property=\"og:type\" content=\"article\" \/>\n<meta property=\"og:title\" content=\"90 cm Halskette Black Onyx Stone - ALIZEL Online-Shop\" \/>\n<meta property=\"og:description\" content=\"Halskette mit Onyx Stein und Quast-Anh\u00e4nger\" \/>\n<meta property=\"og:url\" content=\"https:\/\/alizel.de\/online\/produkt\/90-cm-halskette-black-onyx-stone\/\" \/>\n<meta property=\"og:site_name\" content=\"ALIZEL Online-Shop\" \/>\n<meta property=\"article:modified_time\" content=\"2025-10-01T07:20:30+00:00\" \/>\n<meta property=\"og:image\" content=\"https:\/\/alizel.de\/online\/wp-content\/uploads\/sites\/2\/2025\/10\/401002a.jpg\" \/>\n\t<meta property=\"og:image:width\" content=\"800\" \/>\n\t<meta property=\"og:image:height\" content=\"800\" \/>\n\t<meta property=\"og:image:type\" content=\"image\/jpeg\" \/>\n<meta name=\"twitter:card\" content=\"summary_large_image\" \/>\n<meta name=\"twitter:label1\" content=\"Gesch\u00e4tzte Lesezeit\" \/>\n\t<meta name=\"twitter:data1\" content=\"1\u00a0Minute\" \/>\n<script type=\"application\/ld+json\" class=\"yoast-schema-graph\">{\"@context\":\"https:\\\/\\\/schema.org\",\"@graph\":[{\"@type\":\"WebPage\",\"@id\":\"https:\\\/\\\/alizel.de\\\/online\\\/produkt\\\/90-cm-halskette-black-onyx-stone\\\/\",\"url\":\"https:\\\/\\\/alizel.de\\\/online\\\/produkt\\\/90-cm-halskette-black-onyx-stone\\\/\",\"name\":\"90 cm Halskette Black Onyx Stone - ALIZEL Online-Shop\",\"isPartOf\":{\"@id\":\"https:\\\/\\\/alizel.de\\\/online\\\/#website\"},\"primaryImageOfPage\":{\"@id\":\"https:\\\/\\\/alizel.de\\\/online\\\/produkt\\\/90-cm-halskette-black-onyx-stone\\\/#primaryimage\"},\"image\":{\"@id\":\"https:\\\/\\\/alizel.de\\\/online\\\/produkt\\\/90-cm-halskette-black-onyx-stone\\\/#primaryimage\"},\"thumbnailUrl\":\"https:\\\/\\\/alizel.de\\\/online\\\/wp-content\\\/uploads\\\/sites\\\/2\\\/2025\\\/10\\\/401002a.jpg\",\"datePublished\":\"2025-10-01T07:05:33+00:00\",\"dateModified\":\"2025-10-01T07:20:30+00:00\",\"breadcrumb\":{\"@id\":\"https:\\\/\\\/alizel.de\\\/online\\\/produkt\\\/90-cm-halskette-black-onyx-stone\\\/#breadcrumb\"},\"inLanguage\":\"de\",\"potentialAction\":[{\"@type\":\"ReadAction\",\"target\":[\"https:\\\/\\\/alizel.de\\\/online\\\/produkt\\\/90-cm-halskette-black-onyx-stone\\\/\"]}]},{\"@type\":\"ImageObject\",\"inLanguage\":\"de\",\"@id\":\"https:\\\/\\\/alizel.de\\\/online\\\/produkt\\\/90-cm-halskette-black-onyx-stone\\\/#primaryimage\",\"url\":\"https:\\\/\\\/alizel.de\\\/online\\\/wp-content\\\/uploads\\\/sites\\\/2\\\/2025\\\/10\\\/401002a.jpg\",\"contentUrl\":\"https:\\\/\\\/alizel.de\\\/online\\\/wp-content\\\/uploads\\\/sites\\\/2\\\/2025\\\/10\\\/401002a.jpg\",\"width\":800,\"height\":800},{\"@type\":\"BreadcrumbList\",\"@id\":\"https:\\\/\\\/alizel.de\\\/online\\\/produkt\\\/90-cm-halskette-black-onyx-stone\\\/#breadcrumb\",\"itemListElement\":[{\"@type\":\"ListItem\",\"position\":1,\"name\":\"Startseite\",\"item\":\"https:\\\/\\\/alizel.de\\\/online\\\/\"},{\"@type\":\"ListItem\",\"position\":2,\"name\":\"Shop\",\"item\":\"https:\\\/\\\/alizel.de\\\/online\\\/shop\\\/\"},{\"@type\":\"ListItem\",\"position\":3,\"name\":\"90 cm Halskette Black Onyx Stone\"}]},{\"@type\":\"WebSite\",\"@id\":\"https:\\\/\\\/alizel.de\\\/online\\\/#website\",\"url\":\"https:\\\/\\\/alizel.de\\\/online\\\/\",\"name\":\"ALIZEL Shop\",\"description\":\"Online-Shop der ALIZEL Gruppe\",\"publisher\":{\"@id\":\"https:\\\/\\\/alizel.de\\\/online\\\/#organization\"},\"potentialAction\":[{\"@type\":\"SearchAction\",\"target\":{\"@type\":\"EntryPoint\",\"urlTemplate\":\"https:\\\/\\\/alizel.de\\\/online\\\/?s={search_term_string}\"},\"query-input\":{\"@type\":\"PropertyValueSpecification\",\"valueRequired\":true,\"valueName\":\"search_term_string\"}}],\"inLanguage\":\"de\"},{\"@type\":\"Organization\",\"@id\":\"https:\\\/\\\/alizel.de\\\/online\\\/#organization\",\"name\":\"ALIZEL Shop\",\"url\":\"https:\\\/\\\/alizel.de\\\/online\\\/\",\"logo\":{\"@type\":\"ImageObject\",\"inLanguage\":\"de\",\"@id\":\"https:\\\/\\\/alizel.de\\\/online\\\/#\\\/schema\\\/logo\\\/image\\\/\",\"url\":\"https:\\\/\\\/alizel.de\\\/shop\\\/wp-content\\\/uploads\\\/sites\\\/2\\\/2025\\\/08\\\/alizel100.jpg\",\"contentUrl\":\"https:\\\/\\\/alizel.de\\\/shop\\\/wp-content\\\/uploads\\\/sites\\\/2\\\/2025\\\/08\\\/alizel100.jpg\",\"width\":1069,\"height\":600,\"caption\":\"ALIZEL Shop\"},\"image\":{\"@id\":\"https:\\\/\\\/alizel.de\\\/online\\\/#\\\/schema\\\/logo\\\/image\\\/\"}}]}<\/script>\n<!-- \/ Yoast SEO plugin. -->","yoast_head_json":{"title":"90 cm Halskette Black Onyx Stone - ALIZEL Online-Shop","robots":{"index":"index","follow":"follow","max-snippet":"max-snippet:-1","max-image-preview":"max-image-preview:large","max-video-preview":"max-video-preview:-1"},"canonical":"https:\/\/alizel.de\/online\/produkt\/90-cm-halskette-black-onyx-stone\/","og_locale":"de_DE","og_type":"article","og_title":"90 cm Halskette Black Onyx Stone - ALIZEL Online-Shop","og_description":"Halskette mit Onyx Stein und Quast-Anh\u00e4nger","og_url":"https:\/\/alizel.de\/online\/produkt\/90-cm-halskette-black-onyx-stone\/","og_site_name":"ALIZEL Online-Shop","article_modified_time":"2025-10-01T07:20:30+00:00","og_image":[{"width":800,"height":800,"url":"https:\/\/alizel.de\/online\/wp-content\/uploads\/sites\/2\/2025\/10\/401002a.jpg","type":"image\/jpeg"}],"twitter_card":"summary_large_image","twitter_misc":{"Gesch\u00e4tzte Lesezeit":"1\u00a0Minute"},"schema":{"@context":"https:\/\/schema.org","@graph":[{"@type":"WebPage","@id":"https:\/\/alizel.de\/online\/produkt\/90-cm-halskette-black-onyx-stone\/","url":"https:\/\/alizel.de\/online\/produkt\/90-cm-halskette-black-onyx-stone\/","name":"90 cm Halskette Black Onyx Stone - ALIZEL Online-Shop","isPartOf":{"@id":"https:\/\/alizel.de\/online\/#website"},"primaryImageOfPage":{"@id":"https:\/\/alizel.de\/online\/produkt\/90-cm-halskette-black-onyx-stone\/#primaryimage"},"image":{"@id":"https:\/\/alizel.de\/online\/produkt\/90-cm-halskette-black-onyx-stone\/#primaryimage"},"thumbnailUrl":"https:\/\/alizel.de\/online\/wp-content\/uploads\/sites\/2\/2025\/10\/401002a.jpg","datePublished":"2025-10-01T07:05:33+00:00","dateModified":"2025-10-01T07:20:30+00:00","breadcrumb":{"@id":"https:\/\/alizel.de\/online\/produkt\/90-cm-halskette-black-onyx-stone\/#breadcrumb"},"inLanguage":"de","potentialAction":[{"@type":"ReadAction","target":["https:\/\/alizel.de\/online\/produkt\/90-cm-halskette-black-onyx-stone\/"]}]},{"@type":"ImageObject","inLanguage":"de","@id":"https:\/\/alizel.de\/online\/produkt\/90-cm-halskette-black-onyx-stone\/#primaryimage","url":"https:\/\/alizel.de\/online\/wp-content\/uploads\/sites\/2\/2025\/10\/401002a.jpg","contentUrl":"https:\/\/alizel.de\/online\/wp-content\/uploads\/sites\/2\/2025\/10\/401002a.jpg","width":800,"height":800},{"@type":"BreadcrumbList","@id":"https:\/\/alizel.de\/online\/produkt\/90-cm-halskette-black-onyx-stone\/#breadcrumb","itemListElement":[{"@type":"ListItem","position":1,"name":"Startseite","item":"https:\/\/alizel.de\/online\/"},{"@type":"ListItem","position":2,"name":"Shop","item":"https:\/\/alizel.de\/online\/shop\/"},{"@type":"ListItem","position":3,"name":"90 cm Halskette Black Onyx Stone"}]},{"@type":"WebSite","@id":"https:\/\/alizel.de\/online\/#website","url":"https:\/\/alizel.de\/online\/","name":"ALIZEL Shop","description":"Online-Shop der ALIZEL Gruppe","publisher":{"@id":"https:\/\/alizel.de\/online\/#organization"},"potentialAction":[{"@type":"SearchAction","target":{"@type":"EntryPoint","urlTemplate":"https:\/\/alizel.de\/online\/?s={search_term_string}"},"query-input":{"@type":"PropertyValueSpecification","valueRequired":true,"valueName":"search_term_string"}}],"inLanguage":"de"},{"@type":"Organization","@id":"https:\/\/alizel.de\/online\/#organization","name":"ALIZEL Shop","url":"https:\/\/alizel.de\/online\/","logo":{"@type":"ImageObject","inLanguage":"de","@id":"https:\/\/alizel.de\/online\/#\/schema\/logo\/image\/","url":"https:\/\/alizel.de\/shop\/wp-content\/uploads\/sites\/2\/2025\/08\/alizel100.jpg","contentUrl":"https:\/\/alizel.de\/shop\/wp-content\/uploads\/sites\/2\/2025\/08\/alizel100.jpg","width":1069,"height":600,"caption":"ALIZEL Shop"},"image":{"@id":"https:\/\/alizel.de\/online\/#\/schema\/logo\/image\/"}}]}},"taxonomy_info":{"product_cat":[{"value":74,"label":"Wohlf\u00fchl-Accessoires"}],"product_tag":[{"value":198,"label":"Immunsystem"},{"value":197,"label":"Psyche"},{"value":196,"label":"Seele"}]},"featured_image_src_large":["https:\/\/alizel.de\/online\/wp-content\/uploads\/sites\/2\/2025\/10\/401002a.jpg",800,800,false],"author_info":[],"comment_info":0,"_links":{"self":[{"href":"https:\/\/alizel.de\/online\/wp-json\/wp\/v2\/product\/879","targetHints":{"allow":["GET"]}}],"collection":[{"href":"https:\/\/alizel.de\/online\/wp-json\/wp\/v2\/product"}],"about":[{"href":"https:\/\/alizel.de\/online\/wp-json\/wp\/v2\/types\/product"}],"replies":[{"embeddable":true,"href":"https:\/\/alizel.de\/online\/wp-json\/wp\/v2\/comments?post=879"}],"wp:featuredmedia":[{"embeddable":true,"href":"https:\/\/alizel.de\/online\/wp-json\/wp\/v2\/media\/880"}],"wp:attachment":[{"href":"https:\/\/alizel.de\/online\/wp-json\/wp\/v2\/media?parent=879"}],"wp:term":[{"taxonomy":"product_brand","embeddable":true,"href":"https:\/\/alizel.de\/online\/wp-json\/wp\/v2\/product_brand?post=879"},{"taxonomy":"product_cat","embeddable":true,"href":"https:\/\/alizel.de\/online\/wp-json\/wp\/v2\/product_cat?post=879"},{"taxonomy":"product_tag","embeddable":true,"href":"https:\/\/alizel.de\/online\/wp-json\/wp\/v2\/product_tag?post=879"},{"taxonomy":"product_brands","embeddable":true,"href":"https:\/\/alizel.de\/online\/wp-json\/wp\/v2\/product_brands?post=879"}],"curies":[{"name":"wp","href":"https:\/\/api.w.org\/{rel}","templated":true}]}}