{"id":928,"date":"2025-10-19T07:46:58","date_gmt":"2025-10-19T05:46:58","guid":{"rendered":"https:\/\/alizel.de\/online\/?post_type=product&#038;p=928"},"modified":"2025-10-19T09:32:11","modified_gmt":"2025-10-19T07:32:11","slug":"ganzheitliche-website-fire","status":"publish","type":"product","link":"https:\/\/alizel.de\/online\/produkt\/ganzheitliche-website-fire\/","title":{"rendered":"Ganzheitliche Website Fire"},"content":{"rendered":"\n<h2 class=\"wp-block-heading\">Ganzheitliche Website Fire Paket<\/h2>\n\n\n\n<p>Das Paket Ganzheitliche Website Fire ist optimal f\u00fcr ein umfangreiches Online-Angebot. Individuell und flie\u00dfend mit der Konzentration deine Zielgruppe \u00e4sthetisch intuitiv anzusprechen. Vom Desktop bis zum Smartphone, optimal anpasst.<\/p>\n\n\n\n<p>Dieses Angebot richtet sich ausschlie\u00dflich an Selbstst\u00e4ndige und Unternehmen, die ganzheitlich mit Bewusstsein, Gesundheit, Heilung und pers\u00f6nlicher Entwicklung arbeiten. Wie zum Beispiel:<\/p>\n\n\n\n<ul class=\"wp-block-list\">\n<li>Coaches &amp; Mentoren<\/li>\n\n\n\n<li>Therapeuten &amp; Heilpraktiker<\/li>\n\n\n\n<li>Yoga- &amp; Meditationslehrer<\/li>\n\n\n\n<li>Ern\u00e4hrungsberater<\/li>\n\n\n\n<li>Anbieter von Retreats<\/li>\n\n\n\n<li>Anbieter von Energiearbeit<\/li>\n\n\n\n<li>usw.<\/li>\n<\/ul>\n\n\n\n<h2 class=\"wp-block-heading\">Was ist im Ganzheitliche Website Fire Paket enthalten<\/h2>\n\n\n\n<ul class=\"wp-block-list\">\n<li>Individuelle Beratung<\/li>\n\n\n\n<li>Individuelles Corporate Design<\/li>\n\n\n\n<li>Responsives Design<\/li>\n\n\n\n<li>Barrierefreies Webdesign<\/li>\n\n\n\n<li>Schnelle Ladezeiten<\/li>\n\n\n\n<li>Homepage + 9 Unterseiten<\/li>\n\n\n\n<li>Integriertes Tool f\u00fcr Terminbuchung<\/li>\n\n\n\n<li>Integriertes Blog-System<\/li>\n\n\n\n<li>SEO-Basis<\/li>\n\n\n\n<li>Cookie Content Banner<\/li>\n\n\n\n<li>Eigene Bearbeitung m\u00f6glich<\/li>\n\n\n\n<li>Erweiterungsf\u00e4hig<\/li>\n<\/ul>\n\n\n\n<p>Art.Nr.: 9040310<\/p>\n","protected":false},"excerpt":{"rendered":"<p>Corporate Website f\u00fcr ein umfangreiches Online-Angebot mit Blog-System und Terminbuchung.<\/p>\n","protected":false},"featured_media":920,"comment_status":"closed","ping_status":"closed","template":"","meta":{"_kad_blocks_custom_css":"","_kad_blocks_head_custom_js":"","_kad_blocks_body_custom_js":"","_kad_blocks_footer_custom_js":"","_kad_post_transparent":"","_kad_post_title":"","_kad_post_layout":"","_kad_post_sidebar_id":"","_kad_post_content_style":"","_kad_post_vertical_padding":"","_kad_post_feature":"","_kad_post_feature_position":"","_kad_post_header":false,"_kad_post_footer":false,"_kad_post_classname":""},"product_brand":[],"product_cat":[67],"product_tag":[205],"product_brands":[76],"class_list":{"0":"post-928","1":"product","2":"type-product","3":"status-publish","4":"has-post-thumbnail","6":"product_cat-marketing-webdesign","7":"product_tag-website","8":"product_shipping_class-dienstleistung","9":"product_brands-alimedia","11":"first","12":"instock","13":"sold-individually","14":"taxable","15":"shipping-taxable","16":"product-type-external","17":"entry","18":"content-bg","19":"loop-entry"},"yoast_head":"<!-- This site is optimized with the Yoast SEO plugin v27.4 - https:\/\/yoast.com\/product\/yoast-seo-wordpress\/ -->\n<title>Ganzheitliche Website Fire - ALIZEL Online-Shop<\/title>\n<meta name=\"description\" content=\"One Pager Website\" \/>\n<meta name=\"robots\" content=\"index, follow, max-snippet:-1, max-image-preview:large, max-video-preview:-1\" \/>\n<link rel=\"canonical\" href=\"https:\/\/alizel.de\/online\/produkt\/ganzheitliche-website-fire\/\" \/>\n<meta property=\"og:locale\" content=\"de_DE\" \/>\n<meta property=\"og:type\" content=\"article\" \/>\n<meta property=\"og:title\" content=\"Ganzheitliche Website Fire - ALIZEL Online-Shop\" \/>\n<meta property=\"og:description\" content=\"One Pager Website\" \/>\n<meta property=\"og:url\" content=\"https:\/\/alizel.de\/online\/produkt\/ganzheitliche-website-fire\/\" \/>\n<meta property=\"og:site_name\" content=\"ALIZEL Online-Shop\" \/>\n<meta property=\"article:modified_time\" content=\"2025-10-19T07:32:11+00:00\" \/>\n<meta property=\"og:image\" content=\"https:\/\/alizel.de\/online\/wp-content\/uploads\/sites\/2\/2025\/10\/webdesign106.webp\" \/>\n\t<meta property=\"og:image:width\" content=\"800\" \/>\n\t<meta property=\"og:image:height\" content=\"800\" \/>\n\t<meta property=\"og:image:type\" content=\"image\/webp\" \/>\n<meta name=\"twitter:card\" content=\"summary_large_image\" \/>\n<meta name=\"twitter:label1\" content=\"Gesch\u00e4tzte Lesezeit\" \/>\n\t<meta name=\"twitter:data1\" content=\"1\u00a0Minute\" \/>\n<script type=\"application\/ld+json\" class=\"yoast-schema-graph\">{\"@context\":\"https:\\\/\\\/schema.org\",\"@graph\":[{\"@type\":\"WebPage\",\"@id\":\"https:\\\/\\\/alizel.de\\\/online\\\/produkt\\\/ganzheitliche-website-fire\\\/\",\"url\":\"https:\\\/\\\/alizel.de\\\/online\\\/produkt\\\/ganzheitliche-website-fire\\\/\",\"name\":\"Ganzheitliche Website Fire - ALIZEL Online-Shop\",\"isPartOf\":{\"@id\":\"https:\\\/\\\/alizel.de\\\/online\\\/#website\"},\"primaryImageOfPage\":{\"@id\":\"https:\\\/\\\/alizel.de\\\/online\\\/produkt\\\/ganzheitliche-website-fire\\\/#primaryimage\"},\"image\":{\"@id\":\"https:\\\/\\\/alizel.de\\\/online\\\/produkt\\\/ganzheitliche-website-fire\\\/#primaryimage\"},\"thumbnailUrl\":\"https:\\\/\\\/alizel.de\\\/online\\\/wp-content\\\/uploads\\\/sites\\\/2\\\/2025\\\/10\\\/webdesign106.webp\",\"datePublished\":\"2025-10-19T05:46:58+00:00\",\"dateModified\":\"2025-10-19T07:32:11+00:00\",\"description\":\"One Pager Website\",\"breadcrumb\":{\"@id\":\"https:\\\/\\\/alizel.de\\\/online\\\/produkt\\\/ganzheitliche-website-fire\\\/#breadcrumb\"},\"inLanguage\":\"de\",\"potentialAction\":[{\"@type\":\"ReadAction\",\"target\":[\"https:\\\/\\\/alizel.de\\\/online\\\/produkt\\\/ganzheitliche-website-fire\\\/\"]}]},{\"@type\":\"ImageObject\",\"inLanguage\":\"de\",\"@id\":\"https:\\\/\\\/alizel.de\\\/online\\\/produkt\\\/ganzheitliche-website-fire\\\/#primaryimage\",\"url\":\"https:\\\/\\\/alizel.de\\\/online\\\/wp-content\\\/uploads\\\/sites\\\/2\\\/2025\\\/10\\\/webdesign106.webp\",\"contentUrl\":\"https:\\\/\\\/alizel.de\\\/online\\\/wp-content\\\/uploads\\\/sites\\\/2\\\/2025\\\/10\\\/webdesign106.webp\",\"width\":800,\"height\":800,\"caption\":\"Ganzheitliche Website Fire\"},{\"@type\":\"BreadcrumbList\",\"@id\":\"https:\\\/\\\/alizel.de\\\/online\\\/produkt\\\/ganzheitliche-website-fire\\\/#breadcrumb\",\"itemListElement\":[{\"@type\":\"ListItem\",\"position\":1,\"name\":\"Startseite\",\"item\":\"https:\\\/\\\/alizel.de\\\/online\\\/\"},{\"@type\":\"ListItem\",\"position\":2,\"name\":\"Shop\",\"item\":\"https:\\\/\\\/alizel.de\\\/online\\\/shop\\\/\"},{\"@type\":\"ListItem\",\"position\":3,\"name\":\"Ganzheitliche Website Fire\"}]},{\"@type\":\"WebSite\",\"@id\":\"https:\\\/\\\/alizel.de\\\/online\\\/#website\",\"url\":\"https:\\\/\\\/alizel.de\\\/online\\\/\",\"name\":\"ALIZEL Shop\",\"description\":\"Online-Shop der ALIZEL Gruppe\",\"publisher\":{\"@id\":\"https:\\\/\\\/alizel.de\\\/online\\\/#organization\"},\"potentialAction\":[{\"@type\":\"SearchAction\",\"target\":{\"@type\":\"EntryPoint\",\"urlTemplate\":\"https:\\\/\\\/alizel.de\\\/online\\\/?s={search_term_string}\"},\"query-input\":{\"@type\":\"PropertyValueSpecification\",\"valueRequired\":true,\"valueName\":\"search_term_string\"}}],\"inLanguage\":\"de\"},{\"@type\":\"Organization\",\"@id\":\"https:\\\/\\\/alizel.de\\\/online\\\/#organization\",\"name\":\"ALIZEL Shop\",\"url\":\"https:\\\/\\\/alizel.de\\\/online\\\/\",\"logo\":{\"@type\":\"ImageObject\",\"inLanguage\":\"de\",\"@id\":\"https:\\\/\\\/alizel.de\\\/online\\\/#\\\/schema\\\/logo\\\/image\\\/\",\"url\":\"https:\\\/\\\/alizel.de\\\/shop\\\/wp-content\\\/uploads\\\/sites\\\/2\\\/2025\\\/08\\\/alizel100.jpg\",\"contentUrl\":\"https:\\\/\\\/alizel.de\\\/shop\\\/wp-content\\\/uploads\\\/sites\\\/2\\\/2025\\\/08\\\/alizel100.jpg\",\"width\":1069,\"height\":600,\"caption\":\"ALIZEL Shop\"},\"image\":{\"@id\":\"https:\\\/\\\/alizel.de\\\/online\\\/#\\\/schema\\\/logo\\\/image\\\/\"}}]}<\/script>\n<!-- \/ Yoast SEO plugin. -->","yoast_head_json":{"title":"Ganzheitliche Website Fire - ALIZEL Online-Shop","description":"One Pager Website","robots":{"index":"index","follow":"follow","max-snippet":"max-snippet:-1","max-image-preview":"max-image-preview:large","max-video-preview":"max-video-preview:-1"},"canonical":"https:\/\/alizel.de\/online\/produkt\/ganzheitliche-website-fire\/","og_locale":"de_DE","og_type":"article","og_title":"Ganzheitliche Website Fire - ALIZEL Online-Shop","og_description":"One Pager Website","og_url":"https:\/\/alizel.de\/online\/produkt\/ganzheitliche-website-fire\/","og_site_name":"ALIZEL Online-Shop","article_modified_time":"2025-10-19T07:32:11+00:00","og_image":[{"width":800,"height":800,"url":"https:\/\/alizel.de\/online\/wp-content\/uploads\/sites\/2\/2025\/10\/webdesign106.webp","type":"image\/webp"}],"twitter_card":"summary_large_image","twitter_misc":{"Gesch\u00e4tzte Lesezeit":"1\u00a0Minute"},"schema":{"@context":"https:\/\/schema.org","@graph":[{"@type":"WebPage","@id":"https:\/\/alizel.de\/online\/produkt\/ganzheitliche-website-fire\/","url":"https:\/\/alizel.de\/online\/produkt\/ganzheitliche-website-fire\/","name":"Ganzheitliche Website Fire - ALIZEL Online-Shop","isPartOf":{"@id":"https:\/\/alizel.de\/online\/#website"},"primaryImageOfPage":{"@id":"https:\/\/alizel.de\/online\/produkt\/ganzheitliche-website-fire\/#primaryimage"},"image":{"@id":"https:\/\/alizel.de\/online\/produkt\/ganzheitliche-website-fire\/#primaryimage"},"thumbnailUrl":"https:\/\/alizel.de\/online\/wp-content\/uploads\/sites\/2\/2025\/10\/webdesign106.webp","datePublished":"2025-10-19T05:46:58+00:00","dateModified":"2025-10-19T07:32:11+00:00","description":"One Pager Website","breadcrumb":{"@id":"https:\/\/alizel.de\/online\/produkt\/ganzheitliche-website-fire\/#breadcrumb"},"inLanguage":"de","potentialAction":[{"@type":"ReadAction","target":["https:\/\/alizel.de\/online\/produkt\/ganzheitliche-website-fire\/"]}]},{"@type":"ImageObject","inLanguage":"de","@id":"https:\/\/alizel.de\/online\/produkt\/ganzheitliche-website-fire\/#primaryimage","url":"https:\/\/alizel.de\/online\/wp-content\/uploads\/sites\/2\/2025\/10\/webdesign106.webp","contentUrl":"https:\/\/alizel.de\/online\/wp-content\/uploads\/sites\/2\/2025\/10\/webdesign106.webp","width":800,"height":800,"caption":"Ganzheitliche Website Fire"},{"@type":"BreadcrumbList","@id":"https:\/\/alizel.de\/online\/produkt\/ganzheitliche-website-fire\/#breadcrumb","itemListElement":[{"@type":"ListItem","position":1,"name":"Startseite","item":"https:\/\/alizel.de\/online\/"},{"@type":"ListItem","position":2,"name":"Shop","item":"https:\/\/alizel.de\/online\/shop\/"},{"@type":"ListItem","position":3,"name":"Ganzheitliche Website Fire"}]},{"@type":"WebSite","@id":"https:\/\/alizel.de\/online\/#website","url":"https:\/\/alizel.de\/online\/","name":"ALIZEL Shop","description":"Online-Shop der ALIZEL Gruppe","publisher":{"@id":"https:\/\/alizel.de\/online\/#organization"},"potentialAction":[{"@type":"SearchAction","target":{"@type":"EntryPoint","urlTemplate":"https:\/\/alizel.de\/online\/?s={search_term_string}"},"query-input":{"@type":"PropertyValueSpecification","valueRequired":true,"valueName":"search_term_string"}}],"inLanguage":"de"},{"@type":"Organization","@id":"https:\/\/alizel.de\/online\/#organization","name":"ALIZEL Shop","url":"https:\/\/alizel.de\/online\/","logo":{"@type":"ImageObject","inLanguage":"de","@id":"https:\/\/alizel.de\/online\/#\/schema\/logo\/image\/","url":"https:\/\/alizel.de\/shop\/wp-content\/uploads\/sites\/2\/2025\/08\/alizel100.jpg","contentUrl":"https:\/\/alizel.de\/shop\/wp-content\/uploads\/sites\/2\/2025\/08\/alizel100.jpg","width":1069,"height":600,"caption":"ALIZEL Shop"},"image":{"@id":"https:\/\/alizel.de\/online\/#\/schema\/logo\/image\/"}}]}},"taxonomy_info":{"product_cat":[{"value":67,"label":"Marketing &amp; Webdesign"}],"product_tag":[{"value":205,"label":"Website"}],"product_brands":[{"value":76,"label":"ALIMEDIA"}]},"featured_image_src_large":["https:\/\/alizel.de\/online\/wp-content\/uploads\/sites\/2\/2025\/10\/webdesign106.webp",800,800,false],"author_info":[],"comment_info":0,"_links":{"self":[{"href":"https:\/\/alizel.de\/online\/wp-json\/wp\/v2\/product\/928","targetHints":{"allow":["GET"]}}],"collection":[{"href":"https:\/\/alizel.de\/online\/wp-json\/wp\/v2\/product"}],"about":[{"href":"https:\/\/alizel.de\/online\/wp-json\/wp\/v2\/types\/product"}],"replies":[{"embeddable":true,"href":"https:\/\/alizel.de\/online\/wp-json\/wp\/v2\/comments?post=928"}],"wp:featuredmedia":[{"embeddable":true,"href":"https:\/\/alizel.de\/online\/wp-json\/wp\/v2\/media\/920"}],"wp:attachment":[{"href":"https:\/\/alizel.de\/online\/wp-json\/wp\/v2\/media?parent=928"}],"wp:term":[{"taxonomy":"product_brand","embeddable":true,"href":"https:\/\/alizel.de\/online\/wp-json\/wp\/v2\/product_brand?post=928"},{"taxonomy":"product_cat","embeddable":true,"href":"https:\/\/alizel.de\/online\/wp-json\/wp\/v2\/product_cat?post=928"},{"taxonomy":"product_tag","embeddable":true,"href":"https:\/\/alizel.de\/online\/wp-json\/wp\/v2\/product_tag?post=928"},{"taxonomy":"product_brands","embeddable":true,"href":"https:\/\/alizel.de\/online\/wp-json\/wp\/v2\/product_brands?post=928"}],"curies":[{"name":"wp","href":"https:\/\/api.w.org\/{rel}","templated":true}]}}