{"id":991,"date":"2025-11-06T07:38:26","date_gmt":"2025-11-06T06:38:26","guid":{"rendered":"https:\/\/alizel.de\/online\/?post_type=product&#038;p=991"},"modified":"2025-11-06T08:15:42","modified_gmt":"2025-11-06T07:15:42","slug":"serotonin-meditation-spielerische-leichtigkeit","status":"publish","type":"product","link":"https:\/\/alizel.de\/online\/produkt\/serotonin-meditation-spielerische-leichtigkeit\/","title":{"rendered":"Serotonin Meditation: Spielerische Leichtigkeit"},"content":{"rendered":"\n<h2 class=\"wp-block-heading\">Serotonin Meditation: Spielerische Leichtigkeit<\/h2>\n\n\n\n<p>Serotonin Meditation: Spielerische Leichtigkeit ist eine gesprochene Meditation von und mit&nbsp;<a href=\"https:\/\/alizel.com\/innerplus\/\" target=\"_blank\" rel=\"noreferrer noopener\">Alice Hastenteufel<\/a>. Mit dieser Meditation kannst du dein&nbsp;<strong>Serotoninspiegel optimieren<\/strong>. Einfach durch inneres mitgehen in dieser Reise in deine lichte Innenwelt.<\/p>\n\n\n\n<p>Wie w\u00fcrdest du es finden, wenn du deinen Hormoncocktail so zusammen stellen k\u00f6nntest, dass da viele&nbsp;<strong>Gl\u00fcckshormone<\/strong>&nbsp;statt Depri-Hormone drin sind? Denn unser Hormoncocktail im K\u00f6rper hat damit zu tun, wie wir uns f\u00fchlen. Weitere Informationen \u00fcber das Gl\u00fcckshormon Serotonin kannst du in unserem Artikel nachlesen:&nbsp;<a href=\"https:\/\/beledama.de\/blog\/serotonin-ein-glueckshormon-und-transmitter-in-unserem-koerper\/\" target=\"_blank\" rel=\"noreferrer noopener\">Serotonin: Ein Gl\u00fcckshormon und Transmitter in unserem K\u00f6rper<\/a><\/p>\n\n\n\n<h2 class=\"wp-block-heading\">Was kann die Serotonin Meditation?<\/h2>\n\n\n\n<p>Die Serotonin Meditation kann das \u201e<strong>gl\u00fccklich sein<\/strong>\u201c ohne ersichtlichen Grund, in dir kreieren. Dein Leben wird damit intensiver und bewusster. Ganz bewusst entstehen nebenbei weitere Vorteile, darunter:<\/p>\n\n\n\n<ul class=\"wp-block-list\">\n<li>Deine Gelassenheit, inneren Ruhe und Zufriedenheit wachsen<\/li>\n\n\n\n<li>Deine Willenskraft nimmt zu und deine Lebensfreude wird gr\u00f6\u00dfer<\/li>\n\n\n\n<li>Dein Schlaf kann tiefer und erholsamer werden<\/li>\n\n\n\n<li>Dein Stresslevel sinkt<\/li>\n\n\n\n<li>Dein Gef\u00fchl f\u00fcr Angst wird weniger<\/li>\n\n\n\n<li>Geborgenheit entsteht<\/li>\n\n\n\n<li>Du f\u00fchlst k\u00f6rperliche und geistige Entspannung<\/li>\n\n\n\n<li>Dein Nervensystem kann sich leichter regulieren<\/li>\n\n\n\n<li>Deine K\u00f6rpertemperatur kann sich besser regulieren<\/li>\n\n\n\n<li>Dein Immunsystem wird gest\u00e4rkt<\/li>\n\n\n\n<li>Deine Lebenserwartung kann sich erh\u00f6hen<\/li>\n\n\n\n<li>Du bist erf\u00fcllter und pr\u00e4senter im Alltag<\/li>\n\n\n\n<li>Deine innere Ausgeglichenheit w\u00e4chst<\/li>\n<\/ul>\n\n\n\n<p>Diese positiven Eigenschaften kannst du in dir aktivieren. Mit regelm\u00e4\u00dfigem Anh\u00f6ren dieser Meditation (2 \u2013 3 x pro Woche), wirst auch du bald die Wirkungen sp\u00fcren. G\u00f6nn dir diese Wohltat, mach sie zu deinem Verw\u00f6hn-Programm. Weitere hilfreiche Artikel zu dem&nbsp;<a href=\"https:\/\/beledama.de\/blog\/stichwort\/glueck\/\" target=\"_blank\" rel=\"noreferrer noopener\">Thema Gl\u00fccklich sein<\/a>&nbsp;findest du in unserem Magazin.<\/p>\n\n\n\n<h2 class=\"wp-block-heading\">Anleitung zur Meditation<\/h2>\n\n\n\n<p>Bevor du dir die meditative \u00dcbung anh\u00f6rst, um den gr\u00f6\u00dftm\u00f6glichen Nutzen f\u00fcr sich zu haben, empfehle ich dir folgende Vorbereitungen:<\/p>\n\n\n\n<ul class=\"wp-block-list\">\n<li>Ziehe dich an einen ruhigen und ungest\u00f6rten Ort zur\u00fcck.<\/li>\n\n\n\n<li>Setze dich bequem hin, der Oberk\u00f6rper sollte aufrecht sein und der R\u00fccken gerade.<\/li>\n\n\n\n<li>Schlie\u00dfe sanft deine Augen.<\/li>\n\n\n\n<li>Atme dreimal tief durch und entspanne dich.<\/li>\n\n\n\n<li>und dann geht es los,<\/li>\n\n\n\n<li>Meditation einschalten, zuh\u00f6ren und innerlich mit gehen.<\/li>\n\n\n\n<li>Wiederhole diese Meditation, so oft du kannst.<\/li>\n<\/ul>\n\n\n\n<p>Dabei w\u00fcnsche ich dir viel Freude.<\/p>\n\n\n\n<h2 class=\"wp-block-heading\">Die Kraft der Meditation<\/h2>\n\n\n\n<p>Meditation aktiviert unter anderem die Selbstheilungskr\u00e4fte und wirkt bei regelm\u00e4\u00dfiger Anwendung so, als w\u00fcrde sich unser Geist ausdehnen. Wissenschaftliche Studien belegen, dass regelm\u00e4\u00dfige Meditation unsere Gesundheit unterst\u00fctzt und Seele, Geist und K\u00f6rper in Einklang bringt. Dadurch sind wir resistenter gegen Stress und Krankheiten im Allgemeinen. Meditation aktiviert auch unsere Gl\u00fcckshormone. Unsere Lebensqualit\u00e4t verbessert sich. In unserem BEWUSST LEBEN \u2013 DAS MAGAZIN findest du weitere hilfreiche Artikel zu dem&nbsp;<a href=\"https:\/\/beledama.de\/blog\/thema\/lifestyle\/meditation\/\" target=\"_blank\" rel=\"noreferrer noopener\">Thema Meditation<\/a>.<\/p>\n\n\n\n<h2 class=\"wp-block-heading\">Dein Feedback<\/h2>\n\n\n\n<p>Ich lade dich dazu ein, mir deine Erfahrungen mit dieser meditativen \u00dcbung mitzuteilen und mir zu verraten, was sich dadurch evtl. in deinem Leben ver\u00e4ndert hat. Falls du Fragen hast, z\u00f6gere nicht, mich zu kontaktieren. (Telefon: 07654 80 88 988)<\/p>\n\n\n\n<p>Herzlichst, deine Alice Hastenteufel (Innerlogin, Gesundheits- und Life-Coach)<\/p>\n\n\n\n<h2 class=\"wp-block-heading\">Details des Downloads<\/h2>\n\n\n\n<ul class=\"wp-block-list\">\n<li>Gesprochene Meditation: Spieldauer ca. 19 Minuten<\/li>\n\n\n\n<li>Untertitel: Gl\u00fcckshormon Serotonin<\/li>\n\n\n\n<li>Digitaler Download: MP3 Audio-Format ca. 17,6 MB<\/li>\n\n\n\n<li>Copyright:\u00a0Alice Hastenteufel, alle Rechte vorbehalten<\/li>\n\n\n\n<li>Art.Nr.: IP202102<\/li>\n\n\n\n<li>Themen: InnerPlus, Gl\u00fcck, Stimmung, Hormone<\/li>\n<\/ul>\n","protected":false},"excerpt":{"rendered":"<p>MP3-Download, gesprochene Meditation ohne Hintergrundmusik.<\/p>\n","protected":false},"featured_media":992,"comment_status":"closed","ping_status":"closed","template":"","meta":{"_kad_blocks_custom_css":"","_kad_blocks_head_custom_js":"","_kad_blocks_body_custom_js":"","_kad_blocks_footer_custom_js":"","_kad_post_transparent":"","_kad_post_title":"","_kad_post_layout":"","_kad_post_sidebar_id":"","_kad_post_content_style":"","_kad_post_vertical_padding":"","_kad_post_feature":"","_kad_post_feature_position":"","_kad_post_header":false,"_kad_post_footer":false,"_kad_post_classname":""},"product_brand":[],"product_cat":[107],"product_tag":[72,212,110,111,168,109,108,95,83,84],"product_brands":[47],"class_list":{"0":"post-991","1":"product","2":"type-product","3":"status-publish","4":"has-post-thumbnail","6":"product_cat-wohlfuehl-tools","7":"product_tag-balance","8":"product_tag-downloads","9":"product_tag-gluecklich","10":"product_tag-hormone","11":"product_tag-meditation","12":"product_tag-motivation","13":"product_tag-schlaf","14":"product_tag-selbstfuersorge","15":"product_tag-stimmung","16":"product_tag-stressabbau","17":"product_brands-innerplus","19":"first","20":"instock","21":"downloadable","22":"virtual","23":"sold-individually","24":"taxable","25":"purchasable","26":"product-type-simple","27":"entry","28":"content-bg","29":"loop-entry"},"yoast_head":"<!-- This site is optimized with the Yoast SEO plugin v27.4 - https:\/\/yoast.com\/product\/yoast-seo-wordpress\/ -->\n<title>Serotonin Meditation: Spielerische Leichtigkeit - ALIZEL Online-Shop<\/title>\n<meta name=\"description\" content=\"Mit dieser gesprochenen Meditation kannst du dein Dopaminspiegel im Gleichgewicht halten. Dopamin Meditation f\u00fcr Gl\u00fcck &amp; Motivation von Alice Hastenteufel.\" \/>\n<meta name=\"robots\" content=\"index, follow, max-snippet:-1, max-image-preview:large, max-video-preview:-1\" \/>\n<link rel=\"canonical\" href=\"https:\/\/alizel.de\/online\/produkt\/serotonin-meditation-spielerische-leichtigkeit\/\" \/>\n<meta property=\"og:locale\" content=\"de_DE\" \/>\n<meta property=\"og:type\" content=\"article\" \/>\n<meta property=\"og:title\" content=\"Serotonin Meditation: Spielerische Leichtigkeit - ALIZEL Online-Shop\" \/>\n<meta property=\"og:description\" content=\"Mit dieser gesprochenen Meditation kannst du dein Dopaminspiegel im Gleichgewicht halten. Dopamin Meditation f\u00fcr Gl\u00fcck &amp; Motivation von Alice Hastenteufel.\" \/>\n<meta property=\"og:url\" content=\"https:\/\/alizel.de\/online\/produkt\/serotonin-meditation-spielerische-leichtigkeit\/\" \/>\n<meta property=\"og:site_name\" content=\"ALIZEL Online-Shop\" \/>\n<meta property=\"article:modified_time\" content=\"2025-11-06T07:15:42+00:00\" \/>\n<meta property=\"og:image\" content=\"https:\/\/alizel.de\/online\/wp-content\/uploads\/sites\/2\/2025\/11\/serotonin811.jpg\" \/>\n\t<meta property=\"og:image:width\" content=\"800\" \/>\n\t<meta property=\"og:image:height\" content=\"800\" \/>\n\t<meta property=\"og:image:type\" content=\"image\/jpeg\" \/>\n<meta name=\"twitter:card\" content=\"summary_large_image\" \/>\n<meta name=\"twitter:label1\" content=\"Gesch\u00e4tzte Lesezeit\" \/>\n\t<meta name=\"twitter:data1\" content=\"3\u00a0Minuten\" \/>\n<script type=\"application\/ld+json\" class=\"yoast-schema-graph\">{\"@context\":\"https:\\\/\\\/schema.org\",\"@graph\":[{\"@type\":\"WebPage\",\"@id\":\"https:\\\/\\\/alizel.de\\\/online\\\/produkt\\\/serotonin-meditation-spielerische-leichtigkeit\\\/\",\"url\":\"https:\\\/\\\/alizel.de\\\/online\\\/produkt\\\/serotonin-meditation-spielerische-leichtigkeit\\\/\",\"name\":\"Serotonin Meditation: Spielerische Leichtigkeit - ALIZEL Online-Shop\",\"isPartOf\":{\"@id\":\"https:\\\/\\\/alizel.de\\\/online\\\/#website\"},\"primaryImageOfPage\":{\"@id\":\"https:\\\/\\\/alizel.de\\\/online\\\/produkt\\\/serotonin-meditation-spielerische-leichtigkeit\\\/#primaryimage\"},\"image\":{\"@id\":\"https:\\\/\\\/alizel.de\\\/online\\\/produkt\\\/serotonin-meditation-spielerische-leichtigkeit\\\/#primaryimage\"},\"thumbnailUrl\":\"https:\\\/\\\/alizel.de\\\/online\\\/wp-content\\\/uploads\\\/sites\\\/2\\\/2025\\\/11\\\/serotonin811.jpg\",\"datePublished\":\"2025-11-06T06:38:26+00:00\",\"dateModified\":\"2025-11-06T07:15:42+00:00\",\"description\":\"Mit dieser gesprochenen Meditation kannst du dein Dopaminspiegel im Gleichgewicht halten. Dopamin Meditation f\u00fcr Gl\u00fcck & Motivation von Alice Hastenteufel.\",\"breadcrumb\":{\"@id\":\"https:\\\/\\\/alizel.de\\\/online\\\/produkt\\\/serotonin-meditation-spielerische-leichtigkeit\\\/#breadcrumb\"},\"inLanguage\":\"de\",\"potentialAction\":[{\"@type\":\"ReadAction\",\"target\":[\"https:\\\/\\\/alizel.de\\\/online\\\/produkt\\\/serotonin-meditation-spielerische-leichtigkeit\\\/\"]}]},{\"@type\":\"ImageObject\",\"inLanguage\":\"de\",\"@id\":\"https:\\\/\\\/alizel.de\\\/online\\\/produkt\\\/serotonin-meditation-spielerische-leichtigkeit\\\/#primaryimage\",\"url\":\"https:\\\/\\\/alizel.de\\\/online\\\/wp-content\\\/uploads\\\/sites\\\/2\\\/2025\\\/11\\\/serotonin811.jpg\",\"contentUrl\":\"https:\\\/\\\/alizel.de\\\/online\\\/wp-content\\\/uploads\\\/sites\\\/2\\\/2025\\\/11\\\/serotonin811.jpg\",\"width\":800,\"height\":800},{\"@type\":\"BreadcrumbList\",\"@id\":\"https:\\\/\\\/alizel.de\\\/online\\\/produkt\\\/serotonin-meditation-spielerische-leichtigkeit\\\/#breadcrumb\",\"itemListElement\":[{\"@type\":\"ListItem\",\"position\":1,\"name\":\"Startseite\",\"item\":\"https:\\\/\\\/alizel.de\\\/online\\\/\"},{\"@type\":\"ListItem\",\"position\":2,\"name\":\"Shop\",\"item\":\"https:\\\/\\\/alizel.de\\\/online\\\/shop\\\/\"},{\"@type\":\"ListItem\",\"position\":3,\"name\":\"Serotonin Meditation: Spielerische Leichtigkeit\"}]},{\"@type\":\"WebSite\",\"@id\":\"https:\\\/\\\/alizel.de\\\/online\\\/#website\",\"url\":\"https:\\\/\\\/alizel.de\\\/online\\\/\",\"name\":\"ALIZEL Shop\",\"description\":\"Online-Shop der ALIZEL Gruppe\",\"publisher\":{\"@id\":\"https:\\\/\\\/alizel.de\\\/online\\\/#organization\"},\"potentialAction\":[{\"@type\":\"SearchAction\",\"target\":{\"@type\":\"EntryPoint\",\"urlTemplate\":\"https:\\\/\\\/alizel.de\\\/online\\\/?s={search_term_string}\"},\"query-input\":{\"@type\":\"PropertyValueSpecification\",\"valueRequired\":true,\"valueName\":\"search_term_string\"}}],\"inLanguage\":\"de\"},{\"@type\":\"Organization\",\"@id\":\"https:\\\/\\\/alizel.de\\\/online\\\/#organization\",\"name\":\"ALIZEL Shop\",\"url\":\"https:\\\/\\\/alizel.de\\\/online\\\/\",\"logo\":{\"@type\":\"ImageObject\",\"inLanguage\":\"de\",\"@id\":\"https:\\\/\\\/alizel.de\\\/online\\\/#\\\/schema\\\/logo\\\/image\\\/\",\"url\":\"https:\\\/\\\/alizel.de\\\/shop\\\/wp-content\\\/uploads\\\/sites\\\/2\\\/2025\\\/08\\\/alizel100.jpg\",\"contentUrl\":\"https:\\\/\\\/alizel.de\\\/shop\\\/wp-content\\\/uploads\\\/sites\\\/2\\\/2025\\\/08\\\/alizel100.jpg\",\"width\":1069,\"height\":600,\"caption\":\"ALIZEL Shop\"},\"image\":{\"@id\":\"https:\\\/\\\/alizel.de\\\/online\\\/#\\\/schema\\\/logo\\\/image\\\/\"}}]}<\/script>\n<!-- \/ Yoast SEO plugin. -->","yoast_head_json":{"title":"Serotonin Meditation: Spielerische Leichtigkeit - ALIZEL Online-Shop","description":"Mit dieser gesprochenen Meditation kannst du dein Dopaminspiegel im Gleichgewicht halten. Dopamin Meditation f\u00fcr Gl\u00fcck & Motivation von Alice Hastenteufel.","robots":{"index":"index","follow":"follow","max-snippet":"max-snippet:-1","max-image-preview":"max-image-preview:large","max-video-preview":"max-video-preview:-1"},"canonical":"https:\/\/alizel.de\/online\/produkt\/serotonin-meditation-spielerische-leichtigkeit\/","og_locale":"de_DE","og_type":"article","og_title":"Serotonin Meditation: Spielerische Leichtigkeit - ALIZEL Online-Shop","og_description":"Mit dieser gesprochenen Meditation kannst du dein Dopaminspiegel im Gleichgewicht halten. Dopamin Meditation f\u00fcr Gl\u00fcck & Motivation von Alice Hastenteufel.","og_url":"https:\/\/alizel.de\/online\/produkt\/serotonin-meditation-spielerische-leichtigkeit\/","og_site_name":"ALIZEL Online-Shop","article_modified_time":"2025-11-06T07:15:42+00:00","og_image":[{"width":800,"height":800,"url":"https:\/\/alizel.de\/online\/wp-content\/uploads\/sites\/2\/2025\/11\/serotonin811.jpg","type":"image\/jpeg"}],"twitter_card":"summary_large_image","twitter_misc":{"Gesch\u00e4tzte Lesezeit":"3\u00a0Minuten"},"schema":{"@context":"https:\/\/schema.org","@graph":[{"@type":"WebPage","@id":"https:\/\/alizel.de\/online\/produkt\/serotonin-meditation-spielerische-leichtigkeit\/","url":"https:\/\/alizel.de\/online\/produkt\/serotonin-meditation-spielerische-leichtigkeit\/","name":"Serotonin Meditation: Spielerische Leichtigkeit - ALIZEL Online-Shop","isPartOf":{"@id":"https:\/\/alizel.de\/online\/#website"},"primaryImageOfPage":{"@id":"https:\/\/alizel.de\/online\/produkt\/serotonin-meditation-spielerische-leichtigkeit\/#primaryimage"},"image":{"@id":"https:\/\/alizel.de\/online\/produkt\/serotonin-meditation-spielerische-leichtigkeit\/#primaryimage"},"thumbnailUrl":"https:\/\/alizel.de\/online\/wp-content\/uploads\/sites\/2\/2025\/11\/serotonin811.jpg","datePublished":"2025-11-06T06:38:26+00:00","dateModified":"2025-11-06T07:15:42+00:00","description":"Mit dieser gesprochenen Meditation kannst du dein Dopaminspiegel im Gleichgewicht halten. Dopamin Meditation f\u00fcr Gl\u00fcck & Motivation von Alice Hastenteufel.","breadcrumb":{"@id":"https:\/\/alizel.de\/online\/produkt\/serotonin-meditation-spielerische-leichtigkeit\/#breadcrumb"},"inLanguage":"de","potentialAction":[{"@type":"ReadAction","target":["https:\/\/alizel.de\/online\/produkt\/serotonin-meditation-spielerische-leichtigkeit\/"]}]},{"@type":"ImageObject","inLanguage":"de","@id":"https:\/\/alizel.de\/online\/produkt\/serotonin-meditation-spielerische-leichtigkeit\/#primaryimage","url":"https:\/\/alizel.de\/online\/wp-content\/uploads\/sites\/2\/2025\/11\/serotonin811.jpg","contentUrl":"https:\/\/alizel.de\/online\/wp-content\/uploads\/sites\/2\/2025\/11\/serotonin811.jpg","width":800,"height":800},{"@type":"BreadcrumbList","@id":"https:\/\/alizel.de\/online\/produkt\/serotonin-meditation-spielerische-leichtigkeit\/#breadcrumb","itemListElement":[{"@type":"ListItem","position":1,"name":"Startseite","item":"https:\/\/alizel.de\/online\/"},{"@type":"ListItem","position":2,"name":"Shop","item":"https:\/\/alizel.de\/online\/shop\/"},{"@type":"ListItem","position":3,"name":"Serotonin Meditation: Spielerische Leichtigkeit"}]},{"@type":"WebSite","@id":"https:\/\/alizel.de\/online\/#website","url":"https:\/\/alizel.de\/online\/","name":"ALIZEL Shop","description":"Online-Shop der ALIZEL Gruppe","publisher":{"@id":"https:\/\/alizel.de\/online\/#organization"},"potentialAction":[{"@type":"SearchAction","target":{"@type":"EntryPoint","urlTemplate":"https:\/\/alizel.de\/online\/?s={search_term_string}"},"query-input":{"@type":"PropertyValueSpecification","valueRequired":true,"valueName":"search_term_string"}}],"inLanguage":"de"},{"@type":"Organization","@id":"https:\/\/alizel.de\/online\/#organization","name":"ALIZEL Shop","url":"https:\/\/alizel.de\/online\/","logo":{"@type":"ImageObject","inLanguage":"de","@id":"https:\/\/alizel.de\/online\/#\/schema\/logo\/image\/","url":"https:\/\/alizel.de\/shop\/wp-content\/uploads\/sites\/2\/2025\/08\/alizel100.jpg","contentUrl":"https:\/\/alizel.de\/shop\/wp-content\/uploads\/sites\/2\/2025\/08\/alizel100.jpg","width":1069,"height":600,"caption":"ALIZEL Shop"},"image":{"@id":"https:\/\/alizel.de\/online\/#\/schema\/logo\/image\/"}}]}},"taxonomy_info":{"product_cat":[{"value":107,"label":"Wohlf\u00fchl-Tools"}],"product_tag":[{"value":72,"label":"Balance"},{"value":212,"label":"Downloads"},{"value":110,"label":"Gl\u00fccklich"},{"value":111,"label":"Hormone"},{"value":168,"label":"Meditation"},{"value":109,"label":"Motivation"},{"value":108,"label":"Schlaf"},{"value":95,"label":"Selbstf\u00fcrsorge"},{"value":83,"label":"Stimmung"},{"value":84,"label":"Stressabbau"}],"product_brands":[{"value":47,"label":"InnerPlus"}]},"featured_image_src_large":["https:\/\/alizel.de\/online\/wp-content\/uploads\/sites\/2\/2025\/11\/serotonin811.jpg",800,800,false],"author_info":[],"comment_info":0,"_links":{"self":[{"href":"https:\/\/alizel.de\/online\/wp-json\/wp\/v2\/product\/991","targetHints":{"allow":["GET"]}}],"collection":[{"href":"https:\/\/alizel.de\/online\/wp-json\/wp\/v2\/product"}],"about":[{"href":"https:\/\/alizel.de\/online\/wp-json\/wp\/v2\/types\/product"}],"replies":[{"embeddable":true,"href":"https:\/\/alizel.de\/online\/wp-json\/wp\/v2\/comments?post=991"}],"wp:featuredmedia":[{"embeddable":true,"href":"https:\/\/alizel.de\/online\/wp-json\/wp\/v2\/media\/992"}],"wp:attachment":[{"href":"https:\/\/alizel.de\/online\/wp-json\/wp\/v2\/media?parent=991"}],"wp:term":[{"taxonomy":"product_brand","embeddable":true,"href":"https:\/\/alizel.de\/online\/wp-json\/wp\/v2\/product_brand?post=991"},{"taxonomy":"product_cat","embeddable":true,"href":"https:\/\/alizel.de\/online\/wp-json\/wp\/v2\/product_cat?post=991"},{"taxonomy":"product_tag","embeddable":true,"href":"https:\/\/alizel.de\/online\/wp-json\/wp\/v2\/product_tag?post=991"},{"taxonomy":"product_brands","embeddable":true,"href":"https:\/\/alizel.de\/online\/wp-json\/wp\/v2\/product_brands?post=991"}],"curies":[{"name":"wp","href":"https:\/\/api.w.org\/{rel}","templated":true}]}}